{"id":8338,"date":"2023-05-26T12:29:55","date_gmt":"2023-05-26T10:29:55","guid":{"rendered":"https:\/\/www.paradine.at\/eclass-2\/"},"modified":"2023-05-26T12:35:07","modified_gmt":"2023-05-26T10:35:07","slug":"eclass-2","status":"publish","type":"page","link":"https:\/\/www.paradine.at\/de\/eclass-2\/","title":{"rendered":"ECLASS"},"content":{"rendered":"<p>[vc_section][vc_row][vc_column width=&#8221;1\/2&#8243;][vc_column_text]<\/p>\n<p style=\"text-align: center;\"><span style=\"font-size: 36px;\">Paradine ist ECLASS preferred Partner Platinum<\/span><\/p>\n<p>[\/vc_column_text][\/vc_column][vc_column width=&#8221;1\/2&#8243;][vc_single_image image=&#8221;8076&#8243; img_size=&#8221;&#8221; alignment=&#8221;center&#8221;][\/vc_column][\/vc_row][\/vc_section][vc_row full_width=&#8221;stretch_row&#8221; parallax=&#8221;content-moving&#8221; css=&#8221;.vc_custom_1685090662286{padding-top: 100px !important;padding-bottom: 100px !important;background-color: #eaeaea !important;background-position: center;background-repeat: no-repeat !important;background-size: cover !important;}&#8221;][vc_column width=&#8221;1\/2&#8243;][vc_empty_space][vc_empty_space][vc_column_text]<span style=\"font-size: 48px; color: #000033;\">Was ist ECLASS?<\/span>[\/vc_column_text][\/vc_column][vc_column width=&#8221;1\/2&#8243;][vc_column_text]ECLASS ist der weltweite, branchen\u00fcbergreifende Standard f\u00fcr die Klassifizierung und eindeutige Beschreibung von Produkten und Dienstleistungen.<\/p>\n<p>Standardisierte Stammdaten sind entscheidend f\u00fcr unternehmensweite Verbesserungen. ECLASS etabliert den semantischen Standard, der Industrie 4.0 erm\u00f6glicht und das <em>Internet der Dinge<\/em> Realit\u00e4t werden l\u00e4sst. Er wird als offener Standard kontinuierlich weiterentwickelt und erm\u00f6glicht die Anpassung an individuelle Nutzerbed\u00fcrfnisse.<\/p>\n<p>\u00dcber 4.000 Unternehmen profitieren bereits von ECLASS, und immer mehr machen es zu einem verpflichtenden Standard f\u00fcr Gesch\u00e4ftspartner.[\/vc_column_text][\/vc_column][\/vc_row][vc_row][vc_column][vc_empty_space][\/vc_column][\/vc_row][vc_row css=&#8221;.vc_custom_1685090900139{padding-top: 150px !important;padding-bottom: 150px !important;background-image: url(https:\/\/www.paradine.at\/wp-content\/uploads\/2023\/05\/dots-g84350802a_1280.jpg?id=8312) !important;background-position: center !important;background-repeat: no-repeat !important;background-size: cover !important;}&#8221;][vc_column][vc_custom_heading text=&#8221;Globaler, branchen\u00fcbergreifender Standard f\u00fcr Produkte und Dienstleistungen&#8221; font_container=&#8221;tag:h1|font_size:50|text_align:center|color:%23ffffff|line_height:1%2C5&#8243; use_theme_fonts=&#8221;yes&#8221; css=&#8221;.vc_custom_1685091440201{padding-bottom: 25px !important;}&#8221;][\/vc_column][\/vc_row][vc_row gap=&#8221;10&#8243; equal_height=&#8221;yes&#8221; content_placement=&#8221;middle&#8221; css=&#8221;.vc_custom_1478004250379{margin-top: 10px !important;}&#8221;][vc_column width=&#8221;1\/3&#8243; css=&#8221;.vc_custom_1685091480575{padding-top: 100px !important;padding-bottom: 100px !important;background-color: #040030 !important;background-position: center !important;background-repeat: no-repeat !important;background-size: cover !important;}&#8221;][vc_icon icon_fontawesome=&#8221;fas fa-cubes&#8221; color=&#8221;custom&#8221; size=&#8221;xl&#8221; align=&#8221;center&#8221; custom_color=&#8221;#eaeaea&#8221;][vc_custom_heading text=&#8221;45.000+ Klassen&#8221; font_container=&#8221;tag:h2|font_size:30|text_align:center|color:%23ffffff|line_height:1&#8243; use_theme_fonts=&#8221;yes&#8221; css=&#8221;.vc_custom_1685090492982{padding-bottom: 25px !important;}&#8221;][\/vc_column][vc_column width=&#8221;1\/3&#8243; css=&#8221;.vc_custom_1685091517580{padding-top: 100px !important;padding-bottom: 100px !important;background-color: #040030 !important;background-position: center !important;background-repeat: no-repeat !important;background-size: cover !important;}&#8221;][vc_icon icon_fontawesome=&#8221;fas fa-cubes&#8221; color=&#8221;custom&#8221; size=&#8221;xl&#8221; align=&#8221;center&#8221; custom_color=&#8221;#eaeaea&#8221;][vc_custom_heading text=&#8221;20.000+ Merkmale&#8221; font_container=&#8221;tag:h2|font_size:30|text_align:center|color:%23ffffff|line_height:1&#8243; use_theme_fonts=&#8221;yes&#8221; css=&#8221;.vc_custom_1685090551053{padding-bottom: 25px !important;}&#8221;][\/vc_column][vc_column width=&#8221;1\/3&#8243; css=&#8221;.vc_custom_1685091528452{padding-top: 100px !important;padding-bottom: 100px !important;background-color: #040030 !important;background-position: center !important;background-repeat: no-repeat !important;background-size: cover !important;}&#8221;][vc_icon icon_fontawesome=&#8221;fas fa-cubes&#8221; color=&#8221;custom&#8221; size=&#8221;xl&#8221; align=&#8221;center&#8221; custom_color=&#8221;#eaeaea&#8221;][vc_custom_heading text=&#8221;17 Sprachen&#8221; font_container=&#8221;tag:h2|font_size:30|text_align:center|color:%23ffffff|line_height:1&#8243; use_theme_fonts=&#8221;yes&#8221; css=&#8221;.vc_custom_1685090583910{padding-bottom: 25px !important;}&#8221;][\/vc_column][\/vc_row][vc_row][vc_column][vc_empty_space][\/vc_column][\/vc_row][vc_row][vc_column][vc_video link=&#8221;https:\/\/www.youtube.com\/watch?v=eJTI8HckJSs&amp;t=59s&#8221; align=&#8221;center&#8221;][\/vc_column][\/vc_row][vc_row][vc_column][vc_empty_space][\/vc_column][\/vc_row][vc_row full_width=&#8221;stretch_row&#8221; css=&#8221;.vc_custom_1685092996239{padding-top: 100px !important;padding-bottom: 100px !important;background-image: url(https:\/\/www.paradine.at\/wp-content\/uploads\/2023\/05\/pexels-tom-fisk-1427107-scaled.jpg?id=8322) !important;background-position: center !important;background-repeat: no-repeat !important;background-size: cover !important;}&#8221;][vc_column width=&#8221;1\/2&#8243;][vc_custom_heading text=&#8221;Vorteile f\u00fcr die gesamte Wertsch\u00f6pfungskette&#8221; font_container=&#8221;tag:h1|font_size:60|text_align:left|color:%23ffffff&#8221; google_fonts=&#8221;font_family:Lato%3A100%2C100italic%2C300%2C300italic%2Cregular%2Citalic%2C700%2C700italic%2C900%2C900italic|font_style:400%20regular%3A400%3Anormal&#8221; css=&#8221;.vc_custom_1685093666545{margin-bottom: 15px !important;}&#8221;][\/vc_column][vc_column width=&#8221;1\/2&#8243;][\/vc_column][\/vc_row][vc_row][vc_column width=&#8221;1\/4&#8243;][vc_icon type=&#8221;material&#8221; icon_material=&#8221;vc-material vc-material-euro_symbol&#8221; color=&#8221;custom&#8221; align=&#8221;center&#8221; custom_color=&#8221;#000033&#8243;][vc_custom_heading text=&#8221;Kostenreduzierung durch B\u00fcndelung von Einkaufsvolumina&#8221; font_container=&#8221;tag:h2|text_align:center|color:%23000033&#8243; use_theme_fonts=&#8221;yes&#8221; css=&#8221;.vc_custom_1685094272536{margin-top: 0px !important;}&#8221;][\/vc_column][vc_column width=&#8221;1\/4&#8243;][vc_icon icon_fontawesome=&#8221;fas fa-globe-americas&#8221; color=&#8221;custom&#8221; align=&#8221;center&#8221; custom_color=&#8221;#000033&#8243;][vc_custom_heading text=&#8221;Erschlie\u00dfung internationaler Absatzm\u00e4rkte&#8221; font_container=&#8221;tag:h2|text_align:center|color:%23000033&#8243; use_theme_fonts=&#8221;yes&#8221; css=&#8221;.vc_custom_1685094281732{margin-top: 0px !important;}&#8221;][\/vc_column][vc_column width=&#8221;1\/4&#8243;][vc_icon icon_fontawesome=&#8221;fas fa-cogs&#8221; color=&#8221;custom&#8221; align=&#8221;center&#8221; custom_color=&#8221;#000033&#8243;][vc_custom_heading text=&#8221;Optimierung von Prozessen&#8221; font_container=&#8221;tag:h2|text_align:center|color:%23000033&#8243; use_theme_fonts=&#8221;yes&#8221; css=&#8221;.vc_custom_1685094291386{margin-top: 0px !important;}&#8221;][\/vc_column][vc_column width=&#8221;1\/4&#8243;][vc_icon icon_fontawesome=&#8221;fas fa-check&#8221; color=&#8221;custom&#8221; align=&#8221;center&#8221; custom_color=&#8221;#000033&#8243;][vc_custom_heading text=&#8221;Sicherstellung einer hohen Datenqualit\u00e4t&#8221; font_container=&#8221;tag:h2|text_align:center|color:%23000033&#8243; use_theme_fonts=&#8221;yes&#8221; css=&#8221;.vc_custom_1685094299654{margin-top: 0px !important;}&#8221;][\/vc_column][\/vc_row][vc_row][vc_column][vc_empty_space][\/vc_column][\/vc_row][vc_row css=&#8221;.vc_custom_1685094384814{background-color: #000033 !important;}&#8221;][vc_column][vc_column_text]<\/p>\n<p style=\"text-align: center;\"><span style=\"font-size: 24px; color: #ffffff;\">Setzen Sie sich mit uns in Verbindung, wenn Sie mehr \u00fcber ECLASS erfahren m\u00f6chten. Unsere Berater stehen Ihnen f\u00fcr Ihre Fragen zur Verf\u00fcgung!<\/span><\/p>\n<p>[\/vc_column_text][\/vc_column][\/vc_row][vc_row][vc_column]\n<div class=\"wpcf7 no-js\" id=\"wpcf7-f2292-o1\" lang=\"en-US\" dir=\"ltr\">\n<div class=\"screen-reader-response\"><p role=\"status\" aria-live=\"polite\" aria-atomic=\"true\"><\/p> <ul><\/ul><\/div>\n<form action=\"\/de\/wp-json\/wp\/v2\/pages\/8338#wpcf7-f2292-o1\" method=\"post\" class=\"wpcf7-form init\" aria-label=\"Contact form\" novalidate=\"novalidate\" data-status=\"init\">\n<div style=\"display: none;\">\n<input type=\"hidden\" name=\"_wpcf7\" value=\"2292\" \/>\n<input type=\"hidden\" name=\"_wpcf7_version\" value=\"5.9.8\" \/>\n<input type=\"hidden\" name=\"_wpcf7_locale\" value=\"en_US\" \/>\n<input type=\"hidden\" name=\"_wpcf7_unit_tag\" value=\"wpcf7-f2292-o1\" \/>\n<input type=\"hidden\" name=\"_wpcf7_container_post\" value=\"0\" \/>\n<input type=\"hidden\" name=\"_wpcf7_posted_data_hash\" value=\"\" \/>\n<input type=\"hidden\" name=\"_wpcf7_recaptcha_response\" value=\"\" \/>\n<\/div>\n<p><label> Your Name (required)<br \/>\n<span class=\"wpcf7-form-control-wrap\" data-name=\"your-name\"><input size=\"40\" maxlength=\"400\" class=\"wpcf7-form-control wpcf7-text wpcf7-validates-as-required\" aria-required=\"true\" aria-invalid=\"false\" value=\"\" type=\"text\" name=\"your-name\" \/><\/span> <\/label>\n<\/p>\n<p><label> Your Email (required)<br \/>\n<span class=\"wpcf7-form-control-wrap\" data-name=\"your-email\"><input size=\"40\" maxlength=\"400\" class=\"wpcf7-form-control wpcf7-email wpcf7-validates-as-required wpcf7-text wpcf7-validates-as-email\" aria-required=\"true\" aria-invalid=\"false\" value=\"\" type=\"email\" name=\"your-email\" \/><\/span> <\/label>\n<\/p>\n<p><label> Company<br \/>\n<span class=\"wpcf7-form-control-wrap\" data-name=\"your-company\"><input size=\"40\" maxlength=\"400\" class=\"wpcf7-form-control wpcf7-text wpcf7-validates-as-required\" aria-required=\"true\" aria-invalid=\"false\" value=\"\" type=\"text\" name=\"your-company\" \/><\/span> <\/label>\n<\/p>\n<p><label> Subject<br \/>\n<span class=\"wpcf7-form-control-wrap\" data-name=\"your-subject\"><input size=\"40\" maxlength=\"400\" class=\"wpcf7-form-control wpcf7-text\" aria-invalid=\"false\" value=\"\" type=\"text\" name=\"your-subject\" \/><\/span> <\/label>\n<\/p>\n<p><label> Your Message<br \/>\n<span class=\"wpcf7-form-control-wrap\" data-name=\"your-message\"><textarea cols=\"40\" rows=\"10\" maxlength=\"2000\" class=\"wpcf7-form-control wpcf7-textarea\" aria-invalid=\"false\" name=\"your-message\"><\/textarea><\/span> <\/label>\n<\/p>\n\n<p><input class=\"wpcf7-form-control wpcf7-submit has-spinner\" type=\"submit\" value=\"Send\" \/>\n<\/p><div class=\"wpcf7-response-output\" aria-hidden=\"true\"><\/div>\n<\/form>\n<\/div>\n[\/vc_column][\/vc_row]<\/p>\n","protected":false},"excerpt":{"rendered":"<p>[vc_section][vc_row][vc_column width=&#8221;1\/2&#8243;][vc_column_text] Paradine ist ECLASS preferred Partner Platinum [\/vc_column_text][\/vc_column][vc_column width=&#8221;1\/2&#8243;][vc_single_image image=&#8221;8076&#8243; img_size=&#8221;&#8221; alignment=&#8221;center&#8221;][\/vc_column][\/vc_row][\/vc_section][vc_row full_width=&#8221;stretch_row&#8221; parallax=&#8221;content-moving&#8221; css=&#8221;.vc_custom_1685090662286{padding-top: 100px !important;padding-bottom: 100px !important;background-color: #eaeaea !important;background-position: center;background-repeat: no-repeat !important;background-size: cover !important;}&#8221;][vc_column width=&#8221;1\/2&#8243;][vc_empty_space][vc_empty_space][vc_column_text]Was ist ECLASS?[\/vc_column_text][\/vc_column][vc_column width=&#8221;1\/2&#8243;][vc_column_text]ECLASS ist der weltweite, branchen\u00fcbergreifende Standard f\u00fcr die Klassifizierung und eindeutige Beschreibung von Produkten und Dienstleistungen. Standardisierte Stammdaten sind entscheidend f\u00fcr unternehmensweite Verbesserungen. ECLASS etabliert&#8230;<\/p>\n","protected":false},"author":147,"featured_media":8317,"parent":0,"menu_order":0,"comment_status":"closed","ping_status":"closed","template":"","meta":{"_acf_changed":false,"footnotes":""},"class_list":["post-8338","page","type-page","status-publish","has-post-thumbnail","hentry"],"acf":[],"yoast_head":"<!-- This site is optimized with the Yoast SEO plugin v23.4 - https:\/\/yoast.com\/wordpress\/plugins\/seo\/ -->\n<title>ECLASS &#8226; Paradine<\/title>\n<meta name=\"robots\" content=\"index, follow, max-snippet:-1, max-image-preview:large, max-video-preview:-1\" \/>\n<link rel=\"canonical\" href=\"https:\/\/www.paradine.at\/de\/eclass-2\/\" \/>\n<meta property=\"og:locale\" content=\"de_DE\" \/>\n<meta property=\"og:type\" content=\"article\" \/>\n<meta property=\"og:title\" content=\"ECLASS &#8226; Paradine\" \/>\n<meta property=\"og:description\" content=\"[vc_section][vc_row][vc_column width=&#8221;1\/2&#8243;][vc_column_text] Paradine ist ECLASS preferred Partner Platinum [\/vc_column_text][\/vc_column][vc_column width=&#8221;1\/2&#8243;][vc_single_image image=&#8221;8076&#8243; img_size=&#8221;&#8221; alignment=&#8221;center&#8221;][\/vc_column][\/vc_row][\/vc_section][vc_row full_width=&#8221;stretch_row&#8221; parallax=&#8221;content-moving&#8221; css=&#8221;.vc_custom_1685090662286{padding-top: 100px !important;padding-bottom: 100px !important;background-color: #eaeaea !important;background-position: center;background-repeat: no-repeat !important;background-size: cover !important;}&#8221;][vc_column width=&#8221;1\/2&#8243;][vc_empty_space][vc_empty_space][vc_column_text]Was ist ECLASS?[\/vc_column_text][\/vc_column][vc_column width=&#8221;1\/2&#8243;][vc_column_text]ECLASS ist der weltweite, branchen\u00fcbergreifende Standard f\u00fcr die Klassifizierung und eindeutige Beschreibung von Produkten und Dienstleistungen. Standardisierte Stammdaten sind entscheidend f\u00fcr unternehmensweite Verbesserungen. ECLASS etabliert...\" \/>\n<meta property=\"og:url\" content=\"https:\/\/www.paradine.at\/de\/eclass-2\/\" \/>\n<meta property=\"og:site_name\" content=\"Paradine\" \/>\n<meta property=\"article:publisher\" content=\"https:\/\/www.facebook.com\/paradinegmbh\/\" \/>\n<meta property=\"article:modified_time\" content=\"2023-05-26T10:35:07+00:00\" \/>\n<meta property=\"og:image\" content=\"https:\/\/www.paradine.at\/wp-content\/uploads\/2023\/05\/background-gce4236483_1280.jpg\" \/>\n\t<meta property=\"og:image:width\" content=\"1280\" \/>\n\t<meta property=\"og:image:height\" content=\"853\" \/>\n\t<meta property=\"og:image:type\" content=\"image\/jpeg\" \/>\n<meta name=\"twitter:card\" content=\"summary_large_image\" \/>\n<meta name=\"twitter:site\" content=\"@ParadineGmbH\" \/>\n<meta name=\"twitter:label1\" content=\"Gesch\u00e4tzte Lesezeit\" \/>\n\t<meta name=\"twitter:data1\" content=\"2\u00a0Minuten\" \/>\n<script type=\"application\/ld+json\" class=\"yoast-schema-graph\">{\"@context\":\"https:\/\/schema.org\",\"@graph\":[{\"@type\":\"WebPage\",\"@id\":\"https:\/\/www.paradine.at\/de\/eclass-2\/\",\"url\":\"https:\/\/www.paradine.at\/de\/eclass-2\/\",\"name\":\"ECLASS &#8226; Paradine\",\"isPartOf\":{\"@id\":\"https:\/\/www.paradine.at\/de\/#website\"},\"primaryImageOfPage\":{\"@id\":\"https:\/\/www.paradine.at\/de\/eclass-2\/#primaryimage\"},\"image\":{\"@id\":\"https:\/\/www.paradine.at\/de\/eclass-2\/#primaryimage\"},\"thumbnailUrl\":\"https:\/\/www.paradine.at\/wp-content\/uploads\/2023\/05\/background-gce4236483_1280.jpg\",\"datePublished\":\"2023-05-26T10:29:55+00:00\",\"dateModified\":\"2023-05-26T10:35:07+00:00\",\"breadcrumb\":{\"@id\":\"https:\/\/www.paradine.at\/de\/eclass-2\/#breadcrumb\"},\"inLanguage\":\"de\",\"potentialAction\":[{\"@type\":\"ReadAction\",\"target\":[\"https:\/\/www.paradine.at\/de\/eclass-2\/\"]}]},{\"@type\":\"ImageObject\",\"inLanguage\":\"de\",\"@id\":\"https:\/\/www.paradine.at\/de\/eclass-2\/#primaryimage\",\"url\":\"https:\/\/www.paradine.at\/wp-content\/uploads\/2023\/05\/background-gce4236483_1280.jpg\",\"contentUrl\":\"https:\/\/www.paradine.at\/wp-content\/uploads\/2023\/05\/background-gce4236483_1280.jpg\",\"width\":1280,\"height\":853},{\"@type\":\"BreadcrumbList\",\"@id\":\"https:\/\/www.paradine.at\/de\/eclass-2\/#breadcrumb\",\"itemListElement\":[{\"@type\":\"ListItem\",\"position\":1,\"name\":\"Home\",\"item\":\"https:\/\/www.paradine.at\/de\/\"},{\"@type\":\"ListItem\",\"position\":2,\"name\":\"ECLASS\"}]},{\"@type\":\"WebSite\",\"@id\":\"https:\/\/www.paradine.at\/de\/#website\",\"url\":\"https:\/\/www.paradine.at\/de\/\",\"name\":\"Paradine\",\"description\":\"Master Data Management\",\"publisher\":{\"@id\":\"https:\/\/www.paradine.at\/de\/#organization\"},\"potentialAction\":[{\"@type\":\"SearchAction\",\"target\":{\"@type\":\"EntryPoint\",\"urlTemplate\":\"https:\/\/www.paradine.at\/de\/?s={search_term_string}\"},\"query-input\":{\"@type\":\"PropertyValueSpecification\",\"valueRequired\":true,\"valueName\":\"search_term_string\"}}],\"inLanguage\":\"de\"},{\"@type\":\"Organization\",\"@id\":\"https:\/\/www.paradine.at\/de\/#organization\",\"name\":\"Paradine GmbH\",\"url\":\"https:\/\/www.paradine.at\/de\/\",\"logo\":{\"@type\":\"ImageObject\",\"inLanguage\":\"de\",\"@id\":\"https:\/\/www.paradine.at\/de\/#\/schema\/logo\/image\/\",\"url\":\"https:\/\/www.paradine.at\/wp-content\/uploads\/2019\/04\/Paradine-Logo-RGB-png-3200px.png\",\"contentUrl\":\"https:\/\/www.paradine.at\/wp-content\/uploads\/2019\/04\/Paradine-Logo-RGB-png-3200px.png\",\"width\":1920,\"height\":317,\"caption\":\"Paradine GmbH\"},\"image\":{\"@id\":\"https:\/\/www.paradine.at\/de\/#\/schema\/logo\/image\/\"},\"sameAs\":[\"https:\/\/www.facebook.com\/paradinegmbh\/\",\"https:\/\/x.com\/ParadineGmbH\",\"https:\/\/www.instagram.com\/paradinegmbh\/\",\"https:\/\/www.linkedin.com\/company\/paradinegmbh\/\",\"http:\/\/wiki.eclass.eu\/wiki\/PARADINE_GmbH\"]}]}<\/script>\n<!-- \/ Yoast SEO plugin. -->","yoast_head_json":{"title":"ECLASS &#8226; Paradine","robots":{"index":"index","follow":"follow","max-snippet":"max-snippet:-1","max-image-preview":"max-image-preview:large","max-video-preview":"max-video-preview:-1"},"canonical":"https:\/\/www.paradine.at\/de\/eclass-2\/","og_locale":"de_DE","og_type":"article","og_title":"ECLASS &#8226; Paradine","og_description":"[vc_section][vc_row][vc_column width=&#8221;1\/2&#8243;][vc_column_text] Paradine ist ECLASS preferred Partner Platinum [\/vc_column_text][\/vc_column][vc_column width=&#8221;1\/2&#8243;][vc_single_image image=&#8221;8076&#8243; img_size=&#8221;&#8221; alignment=&#8221;center&#8221;][\/vc_column][\/vc_row][\/vc_section][vc_row full_width=&#8221;stretch_row&#8221; parallax=&#8221;content-moving&#8221; css=&#8221;.vc_custom_1685090662286{padding-top: 100px !important;padding-bottom: 100px !important;background-color: #eaeaea !important;background-position: center;background-repeat: no-repeat !important;background-size: cover !important;}&#8221;][vc_column width=&#8221;1\/2&#8243;][vc_empty_space][vc_empty_space][vc_column_text]Was ist ECLASS?[\/vc_column_text][\/vc_column][vc_column width=&#8221;1\/2&#8243;][vc_column_text]ECLASS ist der weltweite, branchen\u00fcbergreifende Standard f\u00fcr die Klassifizierung und eindeutige Beschreibung von Produkten und Dienstleistungen. Standardisierte Stammdaten sind entscheidend f\u00fcr unternehmensweite Verbesserungen. ECLASS etabliert...","og_url":"https:\/\/www.paradine.at\/de\/eclass-2\/","og_site_name":"Paradine","article_publisher":"https:\/\/www.facebook.com\/paradinegmbh\/","article_modified_time":"2023-05-26T10:35:07+00:00","og_image":[{"width":1280,"height":853,"url":"https:\/\/www.paradine.at\/wp-content\/uploads\/2023\/05\/background-gce4236483_1280.jpg","type":"image\/jpeg"}],"twitter_card":"summary_large_image","twitter_site":"@ParadineGmbH","twitter_misc":{"Gesch\u00e4tzte Lesezeit":"2\u00a0Minuten"},"schema":{"@context":"https:\/\/schema.org","@graph":[{"@type":"WebPage","@id":"https:\/\/www.paradine.at\/de\/eclass-2\/","url":"https:\/\/www.paradine.at\/de\/eclass-2\/","name":"ECLASS &#8226; Paradine","isPartOf":{"@id":"https:\/\/www.paradine.at\/de\/#website"},"primaryImageOfPage":{"@id":"https:\/\/www.paradine.at\/de\/eclass-2\/#primaryimage"},"image":{"@id":"https:\/\/www.paradine.at\/de\/eclass-2\/#primaryimage"},"thumbnailUrl":"https:\/\/www.paradine.at\/wp-content\/uploads\/2023\/05\/background-gce4236483_1280.jpg","datePublished":"2023-05-26T10:29:55+00:00","dateModified":"2023-05-26T10:35:07+00:00","breadcrumb":{"@id":"https:\/\/www.paradine.at\/de\/eclass-2\/#breadcrumb"},"inLanguage":"de","potentialAction":[{"@type":"ReadAction","target":["https:\/\/www.paradine.at\/de\/eclass-2\/"]}]},{"@type":"ImageObject","inLanguage":"de","@id":"https:\/\/www.paradine.at\/de\/eclass-2\/#primaryimage","url":"https:\/\/www.paradine.at\/wp-content\/uploads\/2023\/05\/background-gce4236483_1280.jpg","contentUrl":"https:\/\/www.paradine.at\/wp-content\/uploads\/2023\/05\/background-gce4236483_1280.jpg","width":1280,"height":853},{"@type":"BreadcrumbList","@id":"https:\/\/www.paradine.at\/de\/eclass-2\/#breadcrumb","itemListElement":[{"@type":"ListItem","position":1,"name":"Home","item":"https:\/\/www.paradine.at\/de\/"},{"@type":"ListItem","position":2,"name":"ECLASS"}]},{"@type":"WebSite","@id":"https:\/\/www.paradine.at\/de\/#website","url":"https:\/\/www.paradine.at\/de\/","name":"Paradine","description":"Master Data Management","publisher":{"@id":"https:\/\/www.paradine.at\/de\/#organization"},"potentialAction":[{"@type":"SearchAction","target":{"@type":"EntryPoint","urlTemplate":"https:\/\/www.paradine.at\/de\/?s={search_term_string}"},"query-input":{"@type":"PropertyValueSpecification","valueRequired":true,"valueName":"search_term_string"}}],"inLanguage":"de"},{"@type":"Organization","@id":"https:\/\/www.paradine.at\/de\/#organization","name":"Paradine GmbH","url":"https:\/\/www.paradine.at\/de\/","logo":{"@type":"ImageObject","inLanguage":"de","@id":"https:\/\/www.paradine.at\/de\/#\/schema\/logo\/image\/","url":"https:\/\/www.paradine.at\/wp-content\/uploads\/2019\/04\/Paradine-Logo-RGB-png-3200px.png","contentUrl":"https:\/\/www.paradine.at\/wp-content\/uploads\/2019\/04\/Paradine-Logo-RGB-png-3200px.png","width":1920,"height":317,"caption":"Paradine GmbH"},"image":{"@id":"https:\/\/www.paradine.at\/de\/#\/schema\/logo\/image\/"},"sameAs":["https:\/\/www.facebook.com\/paradinegmbh\/","https:\/\/x.com\/ParadineGmbH","https:\/\/www.instagram.com\/paradinegmbh\/","https:\/\/www.linkedin.com\/company\/paradinegmbh\/","http:\/\/wiki.eclass.eu\/wiki\/PARADINE_GmbH"]}]}},"_links":{"self":[{"href":"https:\/\/www.paradine.at\/de\/wp-json\/wp\/v2\/pages\/8338"}],"collection":[{"href":"https:\/\/www.paradine.at\/de\/wp-json\/wp\/v2\/pages"}],"about":[{"href":"https:\/\/www.paradine.at\/de\/wp-json\/wp\/v2\/types\/page"}],"author":[{"embeddable":true,"href":"https:\/\/www.paradine.at\/de\/wp-json\/wp\/v2\/users\/147"}],"replies":[{"embeddable":true,"href":"https:\/\/www.paradine.at\/de\/wp-json\/wp\/v2\/comments?post=8338"}],"version-history":[{"count":2,"href":"https:\/\/www.paradine.at\/de\/wp-json\/wp\/v2\/pages\/8338\/revisions"}],"predecessor-version":[{"id":8340,"href":"https:\/\/www.paradine.at\/de\/wp-json\/wp\/v2\/pages\/8338\/revisions\/8340"}],"wp:featuredmedia":[{"embeddable":true,"href":"https:\/\/www.paradine.at\/de\/wp-json\/wp\/v2\/media\/8317"}],"wp:attachment":[{"href":"https:\/\/www.paradine.at\/de\/wp-json\/wp\/v2\/media?parent=8338"}],"curies":[{"name":"wp","href":"https:\/\/api.w.org\/{rel}","templated":true}]}}