{"id":8096,"date":"2023-04-17T16:12:08","date_gmt":"2023-04-17T14:12:08","guid":{"rendered":"https:\/\/www.paradine.at\/services\/"},"modified":"2023-06-09T12:49:20","modified_gmt":"2023-06-09T10:49:20","slug":"services","status":"publish","type":"page","link":"https:\/\/www.paradine.at\/de\/services\/","title":{"rendered":"Services"},"content":{"rendered":"<p>[vc_section][vc_row][vc_column width=&#8221;2\/3&#8243;][vc_column_text]In unserer digitalen Welt, in der Daten eine zentrale Rolle spielen, ist ein effektives Stammdatenmanagement unerl\u00e4sslich. Wir wissen, wie wichtig genaue und konsistente Daten sind, um den Gesch\u00e4ftserfolg zu steigern.<\/p>\n<p>Mit unserem Fachwissen helfen wir Ihnen, Ihre Daten zu analysieren, zu bereinigen und zu klassifizieren und schaffen so eine solide Grundlage f\u00fcr ein professionelles Stammdatenmanagement.<\/p>\n<p>Wir helfen Ihnen, das volle Potenzial Ihrer Daten auszusch\u00f6pfen und sich einen Wettbewerbsvorteil in der digitalen Landschaft zu verschaffen.[\/vc_column_text][\/vc_column][vc_column width=&#8221;1\/3&#8243;][vc_single_image image=&#8221;8273&#8243; img_size=&#8221;medium&#8221; alignment=&#8221;center&#8221;][\/vc_column][\/vc_row][\/vc_section][vc_row full_width=&#8221;stretch_row&#8221; parallax=&#8221;content-moving&#8221; css=&#8221;.vc_custom_1681290775166{padding-top: 100px !important;padding-bottom: 50px !important;background-color: #001534 !important;}&#8221;][vc_column width=&#8221;1\/2&#8243;][vc_custom_heading text=&#8221;Unsere MDM Services&#8221; font_container=&#8221;tag:h1|font_size:60|text_align:left|color:%23ffffff&#8221; use_theme_fonts=&#8221;yes&#8221; css=&#8221;.vc_custom_1681288799554{padding-bottom: 10px !important;}&#8221;][vc_column_text]<span style=\"color: #ffffff;\">Lagern Sie Ihr Stammdatenmanagement aus. Unsere MDM-Experten unterst\u00fctzen Sie bei der Einf\u00fchrung eines Produkt- und Materialstammdatenmanagementsystems. Dar\u00fcber hinaus bieten wir Coaching f\u00fcr Ihre Mitarbeiter an.<\/span><\/p>\n<p><span style=\"color: #ffffff;\">Unsere Stammdatenprojekte k\u00f6nnen komplett virtuell abgewickelt werden und unsere Dienstleistungen werden mit muttersprachlichen Experten in mehreren Sprachen angeboten: Deutsch, Englisch, Franz\u00f6sisch, Chinesisch, Russisch und Rum\u00e4nisch.<\/span><\/p>\n<p><span style=\"color: #ffffff;\">Lassen Sie Ihre Stammdaten zu einem wertvollen Unternehmenswert werden!<\/span>[\/vc_column_text][vc_btn title=&#8221;Kontaktieren Sie uns&#8221; style=&#8221;flat&#8221; shape=&#8221;round&#8221; color=&#8221;danger&#8221; align=&#8221;left&#8221; link=&#8221;url:https%3A%2F%2Fwww.paradine.at%2Fde%2Fsupport%2Fcontact%2F|&#8221;][\/vc_column][vc_column width=&#8221;1\/2&#8243;][vc_single_image image=&#8221;8050&#8243; img_size=&#8221;full&#8221; alignment=&#8221;center&#8221; style=&#8221;vc_box_rounded&#8221;][\/vc_column][\/vc_row][vc_row][vc_column width=&#8221;1\/2&#8243;][vc_custom_heading text=&#8221;Beratung&#8221; font_container=&#8221;tag:h2|text_align:left|color:%230b6ab3&#8243; use_theme_fonts=&#8221;yes&#8221; css=&#8221;.vc_custom_1681290316076{margin-top: 0px !important;}&#8221;][vc_column_text css=&#8221;.vc_custom_1681290151219{margin-bottom: 15px !important;}&#8221;]<\/p>\n<p data-renderer-start-pos=\"3840\">Unsere Beratungsleistungen umfassen:<\/p>\n<ul>\n<li data-renderer-start-pos=\"3840\">Strategische Beratung zu Warengruppensystemen, Produktklassifikationen und Materialstammdatenmanagement<\/li>\n<li data-renderer-start-pos=\"3840\">Beratung zu relevanten Standards, Datenmodellen und Systemimplementierungen<\/li>\n<li data-renderer-start-pos=\"3840\">Beratung bei der Evaluierung und Implementierung von Warengruppensystemen, Klassifizierungssystemen und Produktstammdatensystemen<\/li>\n<li data-renderer-start-pos=\"3840\">Beratung und Datenservice bei der Einf\u00fchrung, Abl\u00f6sung und Abbildung von Warengruppensystemen, Klassifizierungssystemen<\/li>\n<\/ul>\n<p>[\/vc_column_text][\/vc_column][vc_column width=&#8221;1\/2&#8243;][vc_custom_heading text=&#8221;Datenaufbereitung&#8221; font_container=&#8221;tag:h2|text_align:left|color:%230b6ab3&#8243; use_theme_fonts=&#8221;yes&#8221; css=&#8221;.vc_custom_1681290326392{margin-top: 0px !important;}&#8221;][vc_column_text css=&#8221;.vc_custom_1682431026804{margin-bottom: 15px !important;}&#8221;]Our MDM experts offer the following services:<\/p>\n<ul class=\"ak-ul\" data-indent-level=\"1\">\n<li>\n<p data-renderer-start-pos=\"4372\">Mapping of product classifications and valuations to different standards<\/p>\n<\/li>\n<li>\n<p data-renderer-start-pos=\"4448\">Publishing of product master data in datasheets, electronic catalogs, web-pages, etc.<\/p>\n<\/li>\n<li>\n<p data-renderer-start-pos=\"4537\">Data Cleansing and Data Enrichment services<\/p>\n<\/li>\n<li>On-site data capturing<\/li>\n<\/ul>\n<p>[\/vc_column_text][\/vc_column][\/vc_row][vc_row][vc_column width=&#8221;1\/2&#8243;][vc_custom_heading text=&#8221;Internationale Industriestandards&#8221; font_container=&#8221;tag:h2|text_align:left|color:%230b6ab3&#8243; use_theme_fonts=&#8221;yes&#8221; css=&#8221;.vc_custom_1681290335431{margin-top: 0px !important;}&#8221;][vc_column_text css=&#8221;.vc_custom_1681726713913{margin-bottom: 15px !important;}&#8221;]Unsere Experten beraten Sie zu allen Aspekten der internationalen Industriestandards (ECLASS, UNSPC, ETIM, GPC, CPV, IDEA, unternehmensspezifisch, usw.). Wir helfen Ihnen, eine optimale L\u00f6sung f\u00fcr die Einf\u00fchrung eines internationalen, weit verbreiteten Datenstandards f\u00fcr die Klassifizierung Ihrer Produkte und Dienstleistungen zu entwickeln.[\/vc_column_text][\/vc_column][vc_column width=&#8221;1\/2&#8243;][vc_custom_heading text=&#8221;Seminare, Webinare und Workshops&#8221; font_container=&#8221;tag:h2|text_align:left|color:%230b6ab3&#8243; use_theme_fonts=&#8221;yes&#8221; css=&#8221;.vc_custom_1681290346318{margin-top: 0px !important;}&#8221;][vc_column_text css=&#8221;.vc_custom_1681299323213{margin-bottom: 15px !important;}&#8221;]Wir bieten eine gro\u00dfe Auswahl an ECLASS Webinaren und Seminaren sowie Training und Support f\u00fcr Ihre spezifische ECLASS Implementierung.[\/vc_column_text][vc_btn title=&#8221;Mehr&#8221; color=&#8221;danger&#8221; link=&#8221;url:https%3A%2F%2Fwww.paradine.at%2Fde%2Ftraining%2F|&#8221;][\/vc_column][\/vc_row][vc_row][vc_column][vc_column_text].[\/vc_column_text][\/vc_column][\/vc_row]<\/p>\n","protected":false},"excerpt":{"rendered":"<p>[vc_section][vc_row][vc_column width=&#8221;2\/3&#8243;][vc_column_text]In unserer digitalen Welt, in der Daten eine zentrale Rolle spielen, ist ein effektives Stammdatenmanagement unerl\u00e4sslich. Wir wissen, wie wichtig genaue und konsistente Daten sind, um den Gesch\u00e4ftserfolg zu steigern. Mit unserem Fachwissen helfen wir Ihnen, Ihre Daten zu analysieren, zu bereinigen und zu klassifizieren und schaffen so eine solide Grundlage f\u00fcr ein professionelles&#8230;<\/p>\n","protected":false},"author":147,"featured_media":8059,"parent":0,"menu_order":0,"comment_status":"closed","ping_status":"closed","template":"","meta":{"_acf_changed":false,"footnotes":""},"class_list":["post-8096","page","type-page","status-publish","has-post-thumbnail","hentry"],"acf":[],"yoast_head":"<!-- This site is optimized with the Yoast SEO plugin v23.4 - https:\/\/yoast.com\/wordpress\/plugins\/seo\/ -->\n<title>Services &#8226; Paradine<\/title>\n<meta name=\"robots\" content=\"index, follow, max-snippet:-1, max-image-preview:large, max-video-preview:-1\" \/>\n<link rel=\"canonical\" href=\"https:\/\/www.paradine.at\/de\/services\/\" \/>\n<meta property=\"og:locale\" content=\"de_DE\" \/>\n<meta property=\"og:type\" content=\"article\" \/>\n<meta property=\"og:title\" content=\"Services &#8226; Paradine\" \/>\n<meta property=\"og:description\" content=\"[vc_section][vc_row][vc_column width=&#8221;2\/3&#8243;][vc_column_text]In unserer digitalen Welt, in der Daten eine zentrale Rolle spielen, ist ein effektives Stammdatenmanagement unerl\u00e4sslich. Wir wissen, wie wichtig genaue und konsistente Daten sind, um den Gesch\u00e4ftserfolg zu steigern. Mit unserem Fachwissen helfen wir Ihnen, Ihre Daten zu analysieren, zu bereinigen und zu klassifizieren und schaffen so eine solide Grundlage f\u00fcr ein professionelles...\" \/>\n<meta property=\"og:url\" content=\"https:\/\/www.paradine.at\/de\/services\/\" \/>\n<meta property=\"og:site_name\" content=\"Paradine\" \/>\n<meta property=\"article:publisher\" content=\"https:\/\/www.facebook.com\/paradinegmbh\/\" \/>\n<meta property=\"article:modified_time\" content=\"2023-06-09T10:49:20+00:00\" \/>\n<meta property=\"og:image\" content=\"https:\/\/www.paradine.at\/wp-content\/uploads\/2023\/04\/iStock-638426032-1-scaled.jpg\" \/>\n\t<meta property=\"og:image:width\" content=\"2560\" \/>\n\t<meta property=\"og:image:height\" content=\"1707\" \/>\n\t<meta property=\"og:image:type\" content=\"image\/jpeg\" \/>\n<meta name=\"twitter:card\" content=\"summary_large_image\" \/>\n<meta name=\"twitter:site\" content=\"@ParadineGmbH\" \/>\n<meta name=\"twitter:label1\" content=\"Gesch\u00e4tzte Lesezeit\" \/>\n\t<meta name=\"twitter:data1\" content=\"2\u00a0Minuten\" \/>\n<script type=\"application\/ld+json\" class=\"yoast-schema-graph\">{\"@context\":\"https:\/\/schema.org\",\"@graph\":[{\"@type\":\"WebPage\",\"@id\":\"https:\/\/www.paradine.at\/de\/services\/\",\"url\":\"https:\/\/www.paradine.at\/de\/services\/\",\"name\":\"Services &#8226; Paradine\",\"isPartOf\":{\"@id\":\"https:\/\/www.paradine.at\/de\/#website\"},\"primaryImageOfPage\":{\"@id\":\"https:\/\/www.paradine.at\/de\/services\/#primaryimage\"},\"image\":{\"@id\":\"https:\/\/www.paradine.at\/de\/services\/#primaryimage\"},\"thumbnailUrl\":\"https:\/\/www.paradine.at\/wp-content\/uploads\/2023\/04\/iStock-638426032-1-scaled.jpg\",\"datePublished\":\"2023-04-17T14:12:08+00:00\",\"dateModified\":\"2023-06-09T10:49:20+00:00\",\"breadcrumb\":{\"@id\":\"https:\/\/www.paradine.at\/de\/services\/#breadcrumb\"},\"inLanguage\":\"de\",\"potentialAction\":[{\"@type\":\"ReadAction\",\"target\":[\"https:\/\/www.paradine.at\/de\/services\/\"]}]},{\"@type\":\"ImageObject\",\"inLanguage\":\"de\",\"@id\":\"https:\/\/www.paradine.at\/de\/services\/#primaryimage\",\"url\":\"https:\/\/www.paradine.at\/wp-content\/uploads\/2023\/04\/iStock-638426032-1-scaled.jpg\",\"contentUrl\":\"https:\/\/www.paradine.at\/wp-content\/uploads\/2023\/04\/iStock-638426032-1-scaled.jpg\",\"width\":2560,\"height\":1707,\"caption\":\"teamwork concept, business team working together, double exposure of meeting\"},{\"@type\":\"BreadcrumbList\",\"@id\":\"https:\/\/www.paradine.at\/de\/services\/#breadcrumb\",\"itemListElement\":[{\"@type\":\"ListItem\",\"position\":1,\"name\":\"Home\",\"item\":\"https:\/\/www.paradine.at\/de\/\"},{\"@type\":\"ListItem\",\"position\":2,\"name\":\"Services\"}]},{\"@type\":\"WebSite\",\"@id\":\"https:\/\/www.paradine.at\/de\/#website\",\"url\":\"https:\/\/www.paradine.at\/de\/\",\"name\":\"Paradine\",\"description\":\"Master Data Management\",\"publisher\":{\"@id\":\"https:\/\/www.paradine.at\/de\/#organization\"},\"potentialAction\":[{\"@type\":\"SearchAction\",\"target\":{\"@type\":\"EntryPoint\",\"urlTemplate\":\"https:\/\/www.paradine.at\/de\/?s={search_term_string}\"},\"query-input\":{\"@type\":\"PropertyValueSpecification\",\"valueRequired\":true,\"valueName\":\"search_term_string\"}}],\"inLanguage\":\"de\"},{\"@type\":\"Organization\",\"@id\":\"https:\/\/www.paradine.at\/de\/#organization\",\"name\":\"Paradine GmbH\",\"url\":\"https:\/\/www.paradine.at\/de\/\",\"logo\":{\"@type\":\"ImageObject\",\"inLanguage\":\"de\",\"@id\":\"https:\/\/www.paradine.at\/de\/#\/schema\/logo\/image\/\",\"url\":\"https:\/\/www.paradine.at\/wp-content\/uploads\/2019\/04\/Paradine-Logo-RGB-png-3200px.png\",\"contentUrl\":\"https:\/\/www.paradine.at\/wp-content\/uploads\/2019\/04\/Paradine-Logo-RGB-png-3200px.png\",\"width\":1920,\"height\":317,\"caption\":\"Paradine GmbH\"},\"image\":{\"@id\":\"https:\/\/www.paradine.at\/de\/#\/schema\/logo\/image\/\"},\"sameAs\":[\"https:\/\/www.facebook.com\/paradinegmbh\/\",\"https:\/\/x.com\/ParadineGmbH\",\"https:\/\/www.instagram.com\/paradinegmbh\/\",\"https:\/\/www.linkedin.com\/company\/paradinegmbh\/\",\"http:\/\/wiki.eclass.eu\/wiki\/PARADINE_GmbH\"]}]}<\/script>\n<!-- \/ Yoast SEO plugin. -->","yoast_head_json":{"title":"Services &#8226; Paradine","robots":{"index":"index","follow":"follow","max-snippet":"max-snippet:-1","max-image-preview":"max-image-preview:large","max-video-preview":"max-video-preview:-1"},"canonical":"https:\/\/www.paradine.at\/de\/services\/","og_locale":"de_DE","og_type":"article","og_title":"Services &#8226; Paradine","og_description":"[vc_section][vc_row][vc_column width=&#8221;2\/3&#8243;][vc_column_text]In unserer digitalen Welt, in der Daten eine zentrale Rolle spielen, ist ein effektives Stammdatenmanagement unerl\u00e4sslich. Wir wissen, wie wichtig genaue und konsistente Daten sind, um den Gesch\u00e4ftserfolg zu steigern. Mit unserem Fachwissen helfen wir Ihnen, Ihre Daten zu analysieren, zu bereinigen und zu klassifizieren und schaffen so eine solide Grundlage f\u00fcr ein professionelles...","og_url":"https:\/\/www.paradine.at\/de\/services\/","og_site_name":"Paradine","article_publisher":"https:\/\/www.facebook.com\/paradinegmbh\/","article_modified_time":"2023-06-09T10:49:20+00:00","og_image":[{"width":2560,"height":1707,"url":"https:\/\/www.paradine.at\/wp-content\/uploads\/2023\/04\/iStock-638426032-1-scaled.jpg","type":"image\/jpeg"}],"twitter_card":"summary_large_image","twitter_site":"@ParadineGmbH","twitter_misc":{"Gesch\u00e4tzte Lesezeit":"2\u00a0Minuten"},"schema":{"@context":"https:\/\/schema.org","@graph":[{"@type":"WebPage","@id":"https:\/\/www.paradine.at\/de\/services\/","url":"https:\/\/www.paradine.at\/de\/services\/","name":"Services &#8226; Paradine","isPartOf":{"@id":"https:\/\/www.paradine.at\/de\/#website"},"primaryImageOfPage":{"@id":"https:\/\/www.paradine.at\/de\/services\/#primaryimage"},"image":{"@id":"https:\/\/www.paradine.at\/de\/services\/#primaryimage"},"thumbnailUrl":"https:\/\/www.paradine.at\/wp-content\/uploads\/2023\/04\/iStock-638426032-1-scaled.jpg","datePublished":"2023-04-17T14:12:08+00:00","dateModified":"2023-06-09T10:49:20+00:00","breadcrumb":{"@id":"https:\/\/www.paradine.at\/de\/services\/#breadcrumb"},"inLanguage":"de","potentialAction":[{"@type":"ReadAction","target":["https:\/\/www.paradine.at\/de\/services\/"]}]},{"@type":"ImageObject","inLanguage":"de","@id":"https:\/\/www.paradine.at\/de\/services\/#primaryimage","url":"https:\/\/www.paradine.at\/wp-content\/uploads\/2023\/04\/iStock-638426032-1-scaled.jpg","contentUrl":"https:\/\/www.paradine.at\/wp-content\/uploads\/2023\/04\/iStock-638426032-1-scaled.jpg","width":2560,"height":1707,"caption":"teamwork concept, business team working together, double exposure of meeting"},{"@type":"BreadcrumbList","@id":"https:\/\/www.paradine.at\/de\/services\/#breadcrumb","itemListElement":[{"@type":"ListItem","position":1,"name":"Home","item":"https:\/\/www.paradine.at\/de\/"},{"@type":"ListItem","position":2,"name":"Services"}]},{"@type":"WebSite","@id":"https:\/\/www.paradine.at\/de\/#website","url":"https:\/\/www.paradine.at\/de\/","name":"Paradine","description":"Master Data Management","publisher":{"@id":"https:\/\/www.paradine.at\/de\/#organization"},"potentialAction":[{"@type":"SearchAction","target":{"@type":"EntryPoint","urlTemplate":"https:\/\/www.paradine.at\/de\/?s={search_term_string}"},"query-input":{"@type":"PropertyValueSpecification","valueRequired":true,"valueName":"search_term_string"}}],"inLanguage":"de"},{"@type":"Organization","@id":"https:\/\/www.paradine.at\/de\/#organization","name":"Paradine GmbH","url":"https:\/\/www.paradine.at\/de\/","logo":{"@type":"ImageObject","inLanguage":"de","@id":"https:\/\/www.paradine.at\/de\/#\/schema\/logo\/image\/","url":"https:\/\/www.paradine.at\/wp-content\/uploads\/2019\/04\/Paradine-Logo-RGB-png-3200px.png","contentUrl":"https:\/\/www.paradine.at\/wp-content\/uploads\/2019\/04\/Paradine-Logo-RGB-png-3200px.png","width":1920,"height":317,"caption":"Paradine GmbH"},"image":{"@id":"https:\/\/www.paradine.at\/de\/#\/schema\/logo\/image\/"},"sameAs":["https:\/\/www.facebook.com\/paradinegmbh\/","https:\/\/x.com\/ParadineGmbH","https:\/\/www.instagram.com\/paradinegmbh\/","https:\/\/www.linkedin.com\/company\/paradinegmbh\/","http:\/\/wiki.eclass.eu\/wiki\/PARADINE_GmbH"]}]}},"_links":{"self":[{"href":"https:\/\/www.paradine.at\/de\/wp-json\/wp\/v2\/pages\/8096"}],"collection":[{"href":"https:\/\/www.paradine.at\/de\/wp-json\/wp\/v2\/pages"}],"about":[{"href":"https:\/\/www.paradine.at\/de\/wp-json\/wp\/v2\/types\/page"}],"author":[{"embeddable":true,"href":"https:\/\/www.paradine.at\/de\/wp-json\/wp\/v2\/users\/147"}],"replies":[{"embeddable":true,"href":"https:\/\/www.paradine.at\/de\/wp-json\/wp\/v2\/comments?post=8096"}],"version-history":[{"count":10,"href":"https:\/\/www.paradine.at\/de\/wp-json\/wp\/v2\/pages\/8096\/revisions"}],"predecessor-version":[{"id":8388,"href":"https:\/\/www.paradine.at\/de\/wp-json\/wp\/v2\/pages\/8096\/revisions\/8388"}],"wp:featuredmedia":[{"embeddable":true,"href":"https:\/\/www.paradine.at\/de\/wp-json\/wp\/v2\/media\/8059"}],"wp:attachment":[{"href":"https:\/\/www.paradine.at\/de\/wp-json\/wp\/v2\/media?parent=8096"}],"curies":[{"name":"wp","href":"https:\/\/api.w.org\/{rel}","templated":true}]}}