{"id":7455,"date":"2023-03-16T10:09:36","date_gmt":"2023-03-16T09:09:36","guid":{"rendered":"https:\/\/www.paradine.at\/news\/magazin\/"},"modified":"2023-04-04T11:25:26","modified_gmt":"2023-04-04T09:25:26","slug":"magazin","status":"publish","type":"page","link":"https:\/\/www.paradine.at\/de\/news\/magazin\/","title":{"rendered":"Magazin"},"content":{"rendered":"<p>[vc_row][vc_column width=&#8221;1\/2&#8243;][vc_custom_heading text=&#8221;S.&#8221; font_container=&#8221;tag:h1|font_size:100|text_align:left|line_height:1&#8243; use_theme_fonts=&#8221;yes&#8221; css=&#8221;.vc_custom_1677577262627{margin-bottom: 0px !important;padding-bottom: 0px !important;}&#8221;][vc_custom_heading text=&#8221;Single Point of Truth&#8221; font_container=&#8221;tag:h1|font_size:40|text_align:left&#8221; use_theme_fonts=&#8221;yes&#8221; css=&#8221;.vc_custom_1677577277993{margin-top: 0px !important;}&#8221;][vc_column_text]<br \/>\nEliminieren Sie Datenredundanz im gesamten Unternehmen mit eptos&#x2122; von Paradine. Anstatt Daten in redundanten Datensilos zu erfassen und zu pflegen, bietet eptos&#x2122; eine zentrale L\u00f6sung f\u00fcr die Erfassung und Pflege von Materialstammdaten, die \u00fcber mehrere Unternehmensanwendungssysteme hinweg ben\u00f6tigt werden.<br \/>\n[\/vc_column_text][vc_btn title=&#8221;Erfahren Sie mehr&#8221; color=&#8221;danger&#8221; align=&#8221;center&#8221; link=&#8221;url:https%3A%2F%2Fwww.paradine.at%2Fmagazine1%2F|title:eptos%E2%84%A2%20Single%20Point%20of%20Truth%20f%C3%BCr%20unternehmensweites%20Stammdatenmanagement|&#8221;][\/vc_column][vc_column width=&#8221;1\/2&#8243;][vc_single_image image=&#8221;7162&#8243; img_size=&#8221;large&#8221;][\/vc_column][\/vc_row]<\/p>\n","protected":false},"excerpt":{"rendered":"<p>[vc_row][vc_column width=&#8221;1\/2&#8243;][vc_custom_heading text=&#8221;S.&#8221; font_container=&#8221;tag:h1|font_size:100|text_align:left|line_height:1&#8243; use_theme_fonts=&#8221;yes&#8221; css=&#8221;.vc_custom_1677577262627{margin-bottom: 0px !important;padding-bottom: 0px !important;}&#8221;][vc_custom_heading text=&#8221;Single Point of Truth&#8221; font_container=&#8221;tag:h1|font_size:40|text_align:left&#8221; use_theme_fonts=&#8221;yes&#8221; css=&#8221;.vc_custom_1677577277993{margin-top: 0px !important;}&#8221;][vc_column_text] Eliminieren Sie Datenredundanz im gesamten Unternehmen mit eptos&#x2122; von Paradine. Anstatt Daten in redundanten Datensilos zu erfassen und zu pflegen, bietet eptos&#x2122; eine zentrale L\u00f6sung f\u00fcr die Erfassung und Pflege von Materialstammdaten, die \u00fcber mehrere Unternehmensanwendungssysteme&#8230;<\/p>\n","protected":false},"author":68,"featured_media":7159,"parent":7026,"menu_order":0,"comment_status":"closed","ping_status":"closed","template":"","meta":{"_acf_changed":false,"footnotes":""},"class_list":["post-7455","page","type-page","status-publish","has-post-thumbnail","hentry"],"acf":[],"yoast_head":"<!-- This site is optimized with the Yoast SEO plugin v23.4 - https:\/\/yoast.com\/wordpress\/plugins\/seo\/ -->\n<title>Magazin &#8226; Paradine<\/title>\n<meta name=\"robots\" content=\"index, follow, max-snippet:-1, max-image-preview:large, max-video-preview:-1\" \/>\n<link rel=\"canonical\" href=\"https:\/\/www.paradine.at\/de\/news\/magazin\/\" \/>\n<meta property=\"og:locale\" content=\"de_DE\" \/>\n<meta property=\"og:type\" content=\"article\" \/>\n<meta property=\"og:title\" content=\"Magazin &#8226; Paradine\" \/>\n<meta property=\"og:description\" content=\"[vc_row][vc_column width=&#8221;1\/2&#8243;][vc_custom_heading text=&#8221;S.&#8221; font_container=&#8221;tag:h1|font_size:100|text_align:left|line_height:1&#8243; use_theme_fonts=&#8221;yes&#8221; css=&#8221;.vc_custom_1677577262627{margin-bottom: 0px !important;padding-bottom: 0px !important;}&#8221;][vc_custom_heading text=&#8221;Single Point of Truth&#8221; font_container=&#8221;tag:h1|font_size:40|text_align:left&#8221; use_theme_fonts=&#8221;yes&#8221; css=&#8221;.vc_custom_1677577277993{margin-top: 0px !important;}&#8221;][vc_column_text] Eliminieren Sie Datenredundanz im gesamten Unternehmen mit eptos&#x2122; von Paradine. Anstatt Daten in redundanten Datensilos zu erfassen und zu pflegen, bietet eptos&#x2122; eine zentrale L\u00f6sung f\u00fcr die Erfassung und Pflege von Materialstammdaten, die \u00fcber mehrere Unternehmensanwendungssysteme...\" \/>\n<meta property=\"og:url\" content=\"https:\/\/www.paradine.at\/de\/news\/magazin\/\" \/>\n<meta property=\"og:site_name\" content=\"Paradine\" \/>\n<meta property=\"article:publisher\" content=\"https:\/\/www.facebook.com\/paradinegmbh\/\" \/>\n<meta property=\"article:modified_time\" content=\"2023-04-04T09:25:26+00:00\" \/>\n<meta property=\"og:image\" content=\"https:\/\/www.paradine.at\/wp-content\/uploads\/2023\/02\/classified-g94ceb98e5_1920.jpg\" \/>\n\t<meta property=\"og:image:width\" content=\"1920\" \/>\n\t<meta property=\"og:image:height\" content=\"1280\" \/>\n\t<meta property=\"og:image:type\" content=\"image\/jpeg\" \/>\n<meta name=\"twitter:card\" content=\"summary_large_image\" \/>\n<meta name=\"twitter:site\" content=\"@ParadineGmbH\" \/>\n<meta name=\"twitter:label1\" content=\"Gesch\u00e4tzte Lesezeit\" \/>\n\t<meta name=\"twitter:data1\" content=\"1\u00a0Minute\" \/>\n<script type=\"application\/ld+json\" class=\"yoast-schema-graph\">{\"@context\":\"https:\/\/schema.org\",\"@graph\":[{\"@type\":\"WebPage\",\"@id\":\"https:\/\/www.paradine.at\/de\/news\/magazin\/\",\"url\":\"https:\/\/www.paradine.at\/de\/news\/magazin\/\",\"name\":\"Magazin &#8226; Paradine\",\"isPartOf\":{\"@id\":\"https:\/\/www.paradine.at\/de\/#website\"},\"primaryImageOfPage\":{\"@id\":\"https:\/\/www.paradine.at\/de\/news\/magazin\/#primaryimage\"},\"image\":{\"@id\":\"https:\/\/www.paradine.at\/de\/news\/magazin\/#primaryimage\"},\"thumbnailUrl\":\"https:\/\/www.paradine.at\/wp-content\/uploads\/2023\/02\/classified-g94ceb98e5_1920.jpg\",\"datePublished\":\"2023-03-16T09:09:36+00:00\",\"dateModified\":\"2023-04-04T09:25:26+00:00\",\"breadcrumb\":{\"@id\":\"https:\/\/www.paradine.at\/de\/news\/magazin\/#breadcrumb\"},\"inLanguage\":\"de\",\"potentialAction\":[{\"@type\":\"ReadAction\",\"target\":[\"https:\/\/www.paradine.at\/de\/news\/magazin\/\"]}]},{\"@type\":\"ImageObject\",\"inLanguage\":\"de\",\"@id\":\"https:\/\/www.paradine.at\/de\/news\/magazin\/#primaryimage\",\"url\":\"https:\/\/www.paradine.at\/wp-content\/uploads\/2023\/02\/classified-g94ceb98e5_1920.jpg\",\"contentUrl\":\"https:\/\/www.paradine.at\/wp-content\/uploads\/2023\/02\/classified-g94ceb98e5_1920.jpg\",\"width\":1920,\"height\":1280},{\"@type\":\"BreadcrumbList\",\"@id\":\"https:\/\/www.paradine.at\/de\/news\/magazin\/#breadcrumb\",\"itemListElement\":[{\"@type\":\"ListItem\",\"position\":1,\"name\":\"Home\",\"item\":\"https:\/\/www.paradine.at\/de\/\"},{\"@type\":\"ListItem\",\"position\":2,\"name\":\"News\",\"item\":\"https:\/\/www.paradine.at\/de\/news\/\"},{\"@type\":\"ListItem\",\"position\":3,\"name\":\"Magazin\"}]},{\"@type\":\"WebSite\",\"@id\":\"https:\/\/www.paradine.at\/de\/#website\",\"url\":\"https:\/\/www.paradine.at\/de\/\",\"name\":\"Paradine\",\"description\":\"Master Data Management\",\"publisher\":{\"@id\":\"https:\/\/www.paradine.at\/de\/#organization\"},\"potentialAction\":[{\"@type\":\"SearchAction\",\"target\":{\"@type\":\"EntryPoint\",\"urlTemplate\":\"https:\/\/www.paradine.at\/de\/?s={search_term_string}\"},\"query-input\":{\"@type\":\"PropertyValueSpecification\",\"valueRequired\":true,\"valueName\":\"search_term_string\"}}],\"inLanguage\":\"de\"},{\"@type\":\"Organization\",\"@id\":\"https:\/\/www.paradine.at\/de\/#organization\",\"name\":\"Paradine GmbH\",\"url\":\"https:\/\/www.paradine.at\/de\/\",\"logo\":{\"@type\":\"ImageObject\",\"inLanguage\":\"de\",\"@id\":\"https:\/\/www.paradine.at\/de\/#\/schema\/logo\/image\/\",\"url\":\"https:\/\/www.paradine.at\/wp-content\/uploads\/2019\/04\/Paradine-Logo-RGB-png-3200px.png\",\"contentUrl\":\"https:\/\/www.paradine.at\/wp-content\/uploads\/2019\/04\/Paradine-Logo-RGB-png-3200px.png\",\"width\":1920,\"height\":317,\"caption\":\"Paradine GmbH\"},\"image\":{\"@id\":\"https:\/\/www.paradine.at\/de\/#\/schema\/logo\/image\/\"},\"sameAs\":[\"https:\/\/www.facebook.com\/paradinegmbh\/\",\"https:\/\/x.com\/ParadineGmbH\",\"https:\/\/www.instagram.com\/paradinegmbh\/\",\"https:\/\/www.linkedin.com\/company\/paradinegmbh\/\",\"http:\/\/wiki.eclass.eu\/wiki\/PARADINE_GmbH\"]}]}<\/script>\n<!-- \/ Yoast SEO plugin. -->","yoast_head_json":{"title":"Magazin &#8226; Paradine","robots":{"index":"index","follow":"follow","max-snippet":"max-snippet:-1","max-image-preview":"max-image-preview:large","max-video-preview":"max-video-preview:-1"},"canonical":"https:\/\/www.paradine.at\/de\/news\/magazin\/","og_locale":"de_DE","og_type":"article","og_title":"Magazin &#8226; Paradine","og_description":"[vc_row][vc_column width=&#8221;1\/2&#8243;][vc_custom_heading text=&#8221;S.&#8221; font_container=&#8221;tag:h1|font_size:100|text_align:left|line_height:1&#8243; use_theme_fonts=&#8221;yes&#8221; css=&#8221;.vc_custom_1677577262627{margin-bottom: 0px !important;padding-bottom: 0px !important;}&#8221;][vc_custom_heading text=&#8221;Single Point of Truth&#8221; font_container=&#8221;tag:h1|font_size:40|text_align:left&#8221; use_theme_fonts=&#8221;yes&#8221; css=&#8221;.vc_custom_1677577277993{margin-top: 0px !important;}&#8221;][vc_column_text] Eliminieren Sie Datenredundanz im gesamten Unternehmen mit eptos&#x2122; von Paradine. Anstatt Daten in redundanten Datensilos zu erfassen und zu pflegen, bietet eptos&#x2122; eine zentrale L\u00f6sung f\u00fcr die Erfassung und Pflege von Materialstammdaten, die \u00fcber mehrere Unternehmensanwendungssysteme...","og_url":"https:\/\/www.paradine.at\/de\/news\/magazin\/","og_site_name":"Paradine","article_publisher":"https:\/\/www.facebook.com\/paradinegmbh\/","article_modified_time":"2023-04-04T09:25:26+00:00","og_image":[{"width":1920,"height":1280,"url":"https:\/\/www.paradine.at\/wp-content\/uploads\/2023\/02\/classified-g94ceb98e5_1920.jpg","type":"image\/jpeg"}],"twitter_card":"summary_large_image","twitter_site":"@ParadineGmbH","twitter_misc":{"Gesch\u00e4tzte Lesezeit":"1\u00a0Minute"},"schema":{"@context":"https:\/\/schema.org","@graph":[{"@type":"WebPage","@id":"https:\/\/www.paradine.at\/de\/news\/magazin\/","url":"https:\/\/www.paradine.at\/de\/news\/magazin\/","name":"Magazin &#8226; Paradine","isPartOf":{"@id":"https:\/\/www.paradine.at\/de\/#website"},"primaryImageOfPage":{"@id":"https:\/\/www.paradine.at\/de\/news\/magazin\/#primaryimage"},"image":{"@id":"https:\/\/www.paradine.at\/de\/news\/magazin\/#primaryimage"},"thumbnailUrl":"https:\/\/www.paradine.at\/wp-content\/uploads\/2023\/02\/classified-g94ceb98e5_1920.jpg","datePublished":"2023-03-16T09:09:36+00:00","dateModified":"2023-04-04T09:25:26+00:00","breadcrumb":{"@id":"https:\/\/www.paradine.at\/de\/news\/magazin\/#breadcrumb"},"inLanguage":"de","potentialAction":[{"@type":"ReadAction","target":["https:\/\/www.paradine.at\/de\/news\/magazin\/"]}]},{"@type":"ImageObject","inLanguage":"de","@id":"https:\/\/www.paradine.at\/de\/news\/magazin\/#primaryimage","url":"https:\/\/www.paradine.at\/wp-content\/uploads\/2023\/02\/classified-g94ceb98e5_1920.jpg","contentUrl":"https:\/\/www.paradine.at\/wp-content\/uploads\/2023\/02\/classified-g94ceb98e5_1920.jpg","width":1920,"height":1280},{"@type":"BreadcrumbList","@id":"https:\/\/www.paradine.at\/de\/news\/magazin\/#breadcrumb","itemListElement":[{"@type":"ListItem","position":1,"name":"Home","item":"https:\/\/www.paradine.at\/de\/"},{"@type":"ListItem","position":2,"name":"News","item":"https:\/\/www.paradine.at\/de\/news\/"},{"@type":"ListItem","position":3,"name":"Magazin"}]},{"@type":"WebSite","@id":"https:\/\/www.paradine.at\/de\/#website","url":"https:\/\/www.paradine.at\/de\/","name":"Paradine","description":"Master Data Management","publisher":{"@id":"https:\/\/www.paradine.at\/de\/#organization"},"potentialAction":[{"@type":"SearchAction","target":{"@type":"EntryPoint","urlTemplate":"https:\/\/www.paradine.at\/de\/?s={search_term_string}"},"query-input":{"@type":"PropertyValueSpecification","valueRequired":true,"valueName":"search_term_string"}}],"inLanguage":"de"},{"@type":"Organization","@id":"https:\/\/www.paradine.at\/de\/#organization","name":"Paradine GmbH","url":"https:\/\/www.paradine.at\/de\/","logo":{"@type":"ImageObject","inLanguage":"de","@id":"https:\/\/www.paradine.at\/de\/#\/schema\/logo\/image\/","url":"https:\/\/www.paradine.at\/wp-content\/uploads\/2019\/04\/Paradine-Logo-RGB-png-3200px.png","contentUrl":"https:\/\/www.paradine.at\/wp-content\/uploads\/2019\/04\/Paradine-Logo-RGB-png-3200px.png","width":1920,"height":317,"caption":"Paradine GmbH"},"image":{"@id":"https:\/\/www.paradine.at\/de\/#\/schema\/logo\/image\/"},"sameAs":["https:\/\/www.facebook.com\/paradinegmbh\/","https:\/\/x.com\/ParadineGmbH","https:\/\/www.instagram.com\/paradinegmbh\/","https:\/\/www.linkedin.com\/company\/paradinegmbh\/","http:\/\/wiki.eclass.eu\/wiki\/PARADINE_GmbH"]}]}},"_links":{"self":[{"href":"https:\/\/www.paradine.at\/de\/wp-json\/wp\/v2\/pages\/7455"}],"collection":[{"href":"https:\/\/www.paradine.at\/de\/wp-json\/wp\/v2\/pages"}],"about":[{"href":"https:\/\/www.paradine.at\/de\/wp-json\/wp\/v2\/types\/page"}],"author":[{"embeddable":true,"href":"https:\/\/www.paradine.at\/de\/wp-json\/wp\/v2\/users\/68"}],"replies":[{"embeddable":true,"href":"https:\/\/www.paradine.at\/de\/wp-json\/wp\/v2\/comments?post=7455"}],"version-history":[{"count":2,"href":"https:\/\/www.paradine.at\/de\/wp-json\/wp\/v2\/pages\/7455\/revisions"}],"predecessor-version":[{"id":7457,"href":"https:\/\/www.paradine.at\/de\/wp-json\/wp\/v2\/pages\/7455\/revisions\/7457"}],"up":[{"embeddable":true,"href":"https:\/\/www.paradine.at\/de\/wp-json\/wp\/v2\/pages\/7026"}],"wp:featuredmedia":[{"embeddable":true,"href":"https:\/\/www.paradine.at\/de\/wp-json\/wp\/v2\/media\/7159"}],"wp:attachment":[{"href":"https:\/\/www.paradine.at\/de\/wp-json\/wp\/v2\/media?parent=7455"}],"curies":[{"name":"wp","href":"https:\/\/api.w.org\/{rel}","templated":true}]}}