{"id":7452,"date":"2023-03-16T10:08:29","date_gmt":"2023-03-16T09:08:29","guid":{"rendered":"https:\/\/www.paradine.at\/magazin\/"},"modified":"2025-02-10T17:35:02","modified_gmt":"2025-02-10T16:35:02","slug":"magazin","status":"publish","type":"page","link":"https:\/\/www.paradine.at\/de\/magazin\/","title":{"rendered":"Single Point of Truth"},"content":{"rendered":"<p>[vc_row full_width=&#8221;stretch_row_content&#8221; full_height=&#8221;yes&#8221; equal_height=&#8221;yes&#8221; content_placement=&#8221;middle&#8221; parallax=&#8221;content-moving&#8221; parallax_image=&#8221;3710&#8243; css=&#8221;.vc_custom_1493378508237{background-position: 0 0;background-repeat:-repeat;}&#8221;][vc_column css=&#8221;.vc_custom_1492699020382{background-position: center !important;background-repeat: no-repeat !important;background-size: cover !important;}&#8221; offset=&#8221;vc_hidden-xs&#8221;][vc_empty_space][vc_custom_heading text=&#8221;eptos&#x2122; Single Point of Truth&#8221; font_container=&#8221;tag:h1|font_size:42|text_align:center|color:%233a3a3a|line_height:0&#8243; google_fonts=&#8221;font_family:Playfair%20Display%3Aregular%2Citalic%2C700%2C700italic%2C900%2C900italic|font_style:400%20regular%3A400%3Anormal&#8221; css=&#8221;.vc_custom_1677659665041{padding-right: 50px !important;padding-bottom: 15px !important;padding-left: 50px !important;}&#8221;][vc_custom_heading text=&#8221;f\u00fcr unternehmensweites Stammdatenmanagement&#8221; font_container=&#8221;tag:h1|font_size:36|text_align:center|color:%233a3a3a|line_height:1.2&#8243; google_fonts=&#8221;font_family:Playfair%20Display%3Aregular%2Citalic%2C700%2C700italic%2C900%2C900italic|font_style:400%20regular%3A400%3Anormal&#8221; css=&#8221;.vc_custom_1677659571928{padding-right: 50px !important;padding-bottom: 15px !important;padding-left: 50px !important;}&#8221;][vc_separator color=&#8221;custom&#8221; border_width=&#8221;3&#8243; el_width=&#8221;10&#8243; accent_color=&#8221;#d89145&#8243;][vc_column_text css=&#8221;.vc_custom_1677657794600{padding-right: 50px !important;padding-left: 50px !important;}&#8221;]Eliminieren Sie Datenredundanz im gesamten Unternehmen mit eptos&#x2122; von Paradine. Anstatt Daten in redundanten Datensilos zu erfassen und zu pflegen, bietet eptos&#x2122; eine zentrale L\u00f6sung f\u00fcr die Erfassung und Pflege von Materialstammdaten, die \u00fcber mehrere Unternehmensanwendungssysteme hinweg ben\u00f6tigt werden.[\/vc_column_text][\/vc_column][\/vc_row][vc_row gap=&#8221;35&#8243; content_placement=&#8221;middle&#8221; css=&#8221;.vc_custom_1677660249233{padding-top: 10px !important;padding-bottom: 10px !important;}&#8221;][vc_column width=&#8221;1\/2&#8243;][vc_empty_space][vc_single_image image=&#8221;8653&#8243; img_size=&#8221;large&#8221; alignment=&#8221;center&#8221;][vc_custom_heading text=&#8221;Beseitigen Sie Ihre Datenredundanzen&#8221; font_container=&#8221;tag:h2|font_size:32|text_align:center|color:%233a3a3a|line_height:1.2&#8243; google_fonts=&#8221;font_family:Playfair%20Display%3Aregular%2Citalic%2C700%2C700italic%2C900%2C900italic|font_style:400%20regular%3A400%3Anormal&#8221; css=&#8221;.vc_custom_1677657883801{padding-right: 50px !important;padding-bottom: 15px !important;padding-left: 50px !important;}&#8221;][vc_column_text css=&#8221;.vc_custom_1739201151332{margin-bottom: 15px !important;padding-right: 50px !important;padding-left: 50px !important;}&#8221;]Beseitigen Sie Ihre Datenredundanzen bei der Erfassung und Pflege von Materialstammdaten im gesamten Unternehmen.<\/p>\n<p>&nbsp;<\/p>\n<p>&nbsp;[\/vc_column_text][\/vc_column][vc_column width=&#8221;1\/2&#8243;][vc_single_image image=&#8221;7268&#8243; img_size=&#8221;large&#8221; alignment=&#8221;center&#8221; css=&#8221;.vc_custom_1677657852129{padding-right: 25px !important;padding-left: 25px !important;}&#8221;][vc_custom_heading text=&#8221;Paradine&#8217;s eptos&#x2122; Master Data System&#8221; font_container=&#8221;tag:h2|font_size:32|text_align:center|color:%233a3a3a|line_height:1.2&#8243; google_fonts=&#8221;font_family:Playfair%20Display%3Aregular%2Citalic%2C700%2C700italic%2C900%2C900italic|font_style:400%20regular%3A400%3Anormal&#8221; css=&#8221;.vc_custom_1677658260891{padding-right: 50px !important;padding-bottom: 15px !important;padding-left: 50px !important;}&#8221;][vc_column_text css=&#8221;.vc_custom_1677658205545{margin-bottom: 10px !important;padding-right: 50px !important;padding-left: 50px !important;}&#8221;]Mit eptos&#x2122; von Paradine erhalten Sie ein Stammdatenmanagementsystem, mit dem Sie Materialstammdaten unternehmensweit in einem Single Point of Truth erfassen, pflegen und allen relevanten Zielsystemen (ERP, PLM, CAx, PIM,&#8230;) zur Verf\u00fcgung stellen.[\/vc_column_text][\/vc_column][\/vc_row][vc_row gap=&#8221;35&#8243;][vc_column][vc_custom_heading text=&#8221;Herausforderungen bei der Verwaltung von Materialstammdaten &amp; Unser L\u00f6sungsangebot&#8221; font_container=&#8221;tag:h1|font_size:32|text_align:center|color:%233a3a3a|line_height:1.2&#8243; google_fonts=&#8221;font_family:Playfair%20Display%3Aregular%2Citalic%2C700%2C700italic%2C900%2C900italic|font_style:400%20regular%3A400%3Anormal&#8221; css=&#8221;.vc_custom_1677659372917{padding-bottom: 15px !important;}&#8221;][\/vc_column][\/vc_row][vc_row gap=&#8221;35&#8243; css=&#8221;.vc_custom_1492692020902{padding-bottom: 50px !important;}&#8221;][vc_column][vc_column_text]Materialstammdaten werden in vielen Anwendungssystemen im Unternehmen ben\u00f6tigt. Die Beschreibungstiefe ist von System zu System unterschiedlich. So ben\u00f6tigen beispielsweise technische Systeme sehr detaillierte Informationen \u00fcber Produkte. In ERP-Systemen werden viel weniger Daten zur Beschreibung von Produkten ben\u00f6tigt.<\/p>\n<p>In vielen Unternehmen werden die Materialstammdaten in redundanten Datensilos in den einzelnen Anwendungssystemen erfasst und gepflegt. Dies f\u00fchrt zu hohen Kosten f\u00fcr die mehrfache Datenerfassung und -pflege. Auch die Sicherstellung einer hohen Datenqualit\u00e4t ist ein gro\u00dfes Problem. Wenn in einem System Fehler entdeckt werden, ist oft unklar, welche anderen Systeme davon betroffen sein k\u00f6nnten.<\/p>\n<p>Das eptos&#x2122;-Stammdatensystem von Paradine stellt als zentrales System die Verbindung zu allen relevanten Unternehmensanwendungen her. Die Stammdatenstrukturen (Dictionary) sind einheitlich aufgebaut. Die Beschreibungstiefe f\u00fcr die einzelnen Systeme wird definiert und kann jederzeit angepasst werden. Die elektronische \u00dcbernahme von Produktdaten vom Hersteller oder Lieferanten bei der Anlage von Materialstammdaten erh\u00f6ht zus\u00e4tzlich die Datenqualit\u00e4t und reduziert den Aufwand. Ein zentrales Stammdatenteam arbeitet effizient. Paradine bietet auch Outsourcing f\u00fcr die Stammdatenerfassung und die laufende Datenpflege an.[\/vc_column_text][\/vc_column][\/vc_row][vc_row css=&#8221;.vc_custom_1492692029021{padding-bottom: 50px !important;}&#8221;][vc_column][vc_btn title=&#8221;Kontaktieren Sie uns&#8221; style=&#8221;custom&#8221; custom_background=&#8221;#dd3333&#8243; custom_text=&#8221;#ffffff&#8221; size=&#8221;lg&#8221; align=&#8221;center&#8221; link=&#8221;url:https%3A%2F%2Fwww.paradine.at%2Fde%2Fsupport%2Fcontact%2F|&#8221;][\/vc_column][\/vc_row][vc_row][vc_column][\/vc_column][\/vc_row][vc_row][vc_column][\/vc_column][\/vc_row]<\/p>\n","protected":false},"excerpt":{"rendered":"<p>[vc_row full_width=&#8221;stretch_row_content&#8221; full_height=&#8221;yes&#8221; equal_height=&#8221;yes&#8221; content_placement=&#8221;middle&#8221; parallax=&#8221;content-moving&#8221; parallax_image=&#8221;3710&#8243; css=&#8221;.vc_custom_1493378508237{background-position: 0 0;background-repeat:-repeat;}&#8221;][vc_column css=&#8221;.vc_custom_1492699020382{background-position: center !important;background-repeat: no-repeat !important;background-size: cover !important;}&#8221; offset=&#8221;vc_hidden-xs&#8221;][vc_empty_space][vc_custom_heading text=&#8221;eptos&#x2122; Single Point of Truth&#8221; font_container=&#8221;tag:h1|font_size:42|text_align:center|color:%233a3a3a|line_height:0&#8243; google_fonts=&#8221;font_family:Playfair%20Display%3Aregular%2Citalic%2C700%2C700italic%2C900%2C900italic|font_style:400%20regular%3A400%3Anormal&#8221; css=&#8221;.vc_custom_1677659665041{padding-right: 50px !important;padding-bottom: 15px !important;padding-left: 50px !important;}&#8221;][vc_custom_heading text=&#8221;f\u00fcr unternehmensweites Stammdatenmanagement&#8221; font_container=&#8221;tag:h1|font_size:36|text_align:center|color:%233a3a3a|line_height:1.2&#8243; google_fonts=&#8221;font_family:Playfair%20Display%3Aregular%2Citalic%2C700%2C700italic%2C900%2C900italic|font_style:400%20regular%3A400%3Anormal&#8221; css=&#8221;.vc_custom_1677659571928{padding-right: 50px !important;padding-bottom: 15px !important;padding-left: 50px !important;}&#8221;][vc_separator color=&#8221;custom&#8221; border_width=&#8221;3&#8243; el_width=&#8221;10&#8243; accent_color=&#8221;#d89145&#8243;][vc_column_text css=&#8221;.vc_custom_1677657794600{padding-right: 50px !important;padding-left: 50px !important;}&#8221;]Eliminieren Sie Datenredundanz&#8230;<\/p>\n","protected":false},"author":147,"featured_media":0,"parent":0,"menu_order":0,"comment_status":"closed","ping_status":"closed","template":"","meta":{"_acf_changed":false,"footnotes":""},"class_list":["post-7452","page","type-page","status-publish","hentry"],"acf":[],"yoast_head":"<!-- This site is optimized with the Yoast SEO plugin v23.4 - https:\/\/yoast.com\/wordpress\/plugins\/seo\/ -->\n<title>Single Point of Truth &#8226; Paradine<\/title>\n<meta name=\"robots\" content=\"index, follow, max-snippet:-1, max-image-preview:large, max-video-preview:-1\" \/>\n<link rel=\"canonical\" href=\"https:\/\/www.paradine.at\/de\/magazin\/\" \/>\n<meta property=\"og:locale\" content=\"de_DE\" \/>\n<meta property=\"og:type\" content=\"article\" \/>\n<meta property=\"og:title\" content=\"Single Point of Truth &#8226; Paradine\" \/>\n<meta property=\"og:description\" content=\"[vc_row full_width=&#8221;stretch_row_content&#8221; full_height=&#8221;yes&#8221; equal_height=&#8221;yes&#8221; content_placement=&#8221;middle&#8221; parallax=&#8221;content-moving&#8221; parallax_image=&#8221;3710&#8243; css=&#8221;.vc_custom_1493378508237{background-position: 0 0;background-repeat:-repeat;}&#8221;][vc_column css=&#8221;.vc_custom_1492699020382{background-position: center !important;background-repeat: no-repeat !important;background-size: cover !important;}&#8221; offset=&#8221;vc_hidden-xs&#8221;][vc_empty_space][vc_custom_heading text=&#8221;eptos&#x2122; Single Point of Truth&#8221; font_container=&#8221;tag:h1|font_size:42|text_align:center|color:%233a3a3a|line_height:0&#8243; google_fonts=&#8221;font_family:Playfair%20Display%3Aregular%2Citalic%2C700%2C700italic%2C900%2C900italic|font_style:400%20regular%3A400%3Anormal&#8221; css=&#8221;.vc_custom_1677659665041{padding-right: 50px !important;padding-bottom: 15px !important;padding-left: 50px !important;}&#8221;][vc_custom_heading text=&#8221;f\u00fcr unternehmensweites Stammdatenmanagement&#8221; font_container=&#8221;tag:h1|font_size:36|text_align:center|color:%233a3a3a|line_height:1.2&#8243; google_fonts=&#8221;font_family:Playfair%20Display%3Aregular%2Citalic%2C700%2C700italic%2C900%2C900italic|font_style:400%20regular%3A400%3Anormal&#8221; css=&#8221;.vc_custom_1677659571928{padding-right: 50px !important;padding-bottom: 15px !important;padding-left: 50px !important;}&#8221;][vc_separator color=&#8221;custom&#8221; border_width=&#8221;3&#8243; el_width=&#8221;10&#8243; accent_color=&#8221;#d89145&#8243;][vc_column_text css=&#8221;.vc_custom_1677657794600{padding-right: 50px !important;padding-left: 50px !important;}&#8221;]Eliminieren Sie Datenredundanz...\" \/>\n<meta property=\"og:url\" content=\"https:\/\/www.paradine.at\/de\/magazin\/\" \/>\n<meta property=\"og:site_name\" content=\"Paradine\" \/>\n<meta property=\"article:publisher\" content=\"https:\/\/www.facebook.com\/paradinegmbh\/\" \/>\n<meta property=\"article:modified_time\" content=\"2025-02-10T16:35:02+00:00\" \/>\n<meta name=\"twitter:card\" content=\"summary_large_image\" \/>\n<meta name=\"twitter:site\" content=\"@ParadineGmbH\" \/>\n<meta name=\"twitter:label1\" content=\"Gesch\u00e4tzte Lesezeit\" \/>\n\t<meta name=\"twitter:data1\" content=\"2\u00a0Minuten\" \/>\n<script type=\"application\/ld+json\" class=\"yoast-schema-graph\">{\"@context\":\"https:\/\/schema.org\",\"@graph\":[{\"@type\":\"WebPage\",\"@id\":\"https:\/\/www.paradine.at\/de\/magazin\/\",\"url\":\"https:\/\/www.paradine.at\/de\/magazin\/\",\"name\":\"Single Point of Truth &#8226; Paradine\",\"isPartOf\":{\"@id\":\"https:\/\/www.paradine.at\/de\/#website\"},\"datePublished\":\"2023-03-16T09:08:29+00:00\",\"dateModified\":\"2025-02-10T16:35:02+00:00\",\"breadcrumb\":{\"@id\":\"https:\/\/www.paradine.at\/de\/magazin\/#breadcrumb\"},\"inLanguage\":\"de\",\"potentialAction\":[{\"@type\":\"ReadAction\",\"target\":[\"https:\/\/www.paradine.at\/de\/magazin\/\"]}]},{\"@type\":\"BreadcrumbList\",\"@id\":\"https:\/\/www.paradine.at\/de\/magazin\/#breadcrumb\",\"itemListElement\":[{\"@type\":\"ListItem\",\"position\":1,\"name\":\"Home\",\"item\":\"https:\/\/www.paradine.at\/de\/\"},{\"@type\":\"ListItem\",\"position\":2,\"name\":\"Single Point of Truth\"}]},{\"@type\":\"WebSite\",\"@id\":\"https:\/\/www.paradine.at\/de\/#website\",\"url\":\"https:\/\/www.paradine.at\/de\/\",\"name\":\"Paradine\",\"description\":\"Master Data Management\",\"publisher\":{\"@id\":\"https:\/\/www.paradine.at\/de\/#organization\"},\"potentialAction\":[{\"@type\":\"SearchAction\",\"target\":{\"@type\":\"EntryPoint\",\"urlTemplate\":\"https:\/\/www.paradine.at\/de\/?s={search_term_string}\"},\"query-input\":{\"@type\":\"PropertyValueSpecification\",\"valueRequired\":true,\"valueName\":\"search_term_string\"}}],\"inLanguage\":\"de\"},{\"@type\":\"Organization\",\"@id\":\"https:\/\/www.paradine.at\/de\/#organization\",\"name\":\"Paradine GmbH\",\"url\":\"https:\/\/www.paradine.at\/de\/\",\"logo\":{\"@type\":\"ImageObject\",\"inLanguage\":\"de\",\"@id\":\"https:\/\/www.paradine.at\/de\/#\/schema\/logo\/image\/\",\"url\":\"https:\/\/www.paradine.at\/wp-content\/uploads\/2019\/04\/Paradine-Logo-RGB-png-3200px.png\",\"contentUrl\":\"https:\/\/www.paradine.at\/wp-content\/uploads\/2019\/04\/Paradine-Logo-RGB-png-3200px.png\",\"width\":1920,\"height\":317,\"caption\":\"Paradine GmbH\"},\"image\":{\"@id\":\"https:\/\/www.paradine.at\/de\/#\/schema\/logo\/image\/\"},\"sameAs\":[\"https:\/\/www.facebook.com\/paradinegmbh\/\",\"https:\/\/x.com\/ParadineGmbH\",\"https:\/\/www.instagram.com\/paradinegmbh\/\",\"https:\/\/www.linkedin.com\/company\/paradinegmbh\/\",\"http:\/\/wiki.eclass.eu\/wiki\/PARADINE_GmbH\"]}]}<\/script>\n<!-- \/ Yoast SEO plugin. -->","yoast_head_json":{"title":"Single Point of Truth &#8226; Paradine","robots":{"index":"index","follow":"follow","max-snippet":"max-snippet:-1","max-image-preview":"max-image-preview:large","max-video-preview":"max-video-preview:-1"},"canonical":"https:\/\/www.paradine.at\/de\/magazin\/","og_locale":"de_DE","og_type":"article","og_title":"Single Point of Truth &#8226; Paradine","og_description":"[vc_row full_width=&#8221;stretch_row_content&#8221; full_height=&#8221;yes&#8221; equal_height=&#8221;yes&#8221; content_placement=&#8221;middle&#8221; parallax=&#8221;content-moving&#8221; parallax_image=&#8221;3710&#8243; css=&#8221;.vc_custom_1493378508237{background-position: 0 0;background-repeat:-repeat;}&#8221;][vc_column css=&#8221;.vc_custom_1492699020382{background-position: center !important;background-repeat: no-repeat !important;background-size: cover !important;}&#8221; offset=&#8221;vc_hidden-xs&#8221;][vc_empty_space][vc_custom_heading text=&#8221;eptos&#x2122; Single Point of Truth&#8221; font_container=&#8221;tag:h1|font_size:42|text_align:center|color:%233a3a3a|line_height:0&#8243; google_fonts=&#8221;font_family:Playfair%20Display%3Aregular%2Citalic%2C700%2C700italic%2C900%2C900italic|font_style:400%20regular%3A400%3Anormal&#8221; css=&#8221;.vc_custom_1677659665041{padding-right: 50px !important;padding-bottom: 15px !important;padding-left: 50px !important;}&#8221;][vc_custom_heading text=&#8221;f\u00fcr unternehmensweites Stammdatenmanagement&#8221; font_container=&#8221;tag:h1|font_size:36|text_align:center|color:%233a3a3a|line_height:1.2&#8243; google_fonts=&#8221;font_family:Playfair%20Display%3Aregular%2Citalic%2C700%2C700italic%2C900%2C900italic|font_style:400%20regular%3A400%3Anormal&#8221; css=&#8221;.vc_custom_1677659571928{padding-right: 50px !important;padding-bottom: 15px !important;padding-left: 50px !important;}&#8221;][vc_separator color=&#8221;custom&#8221; border_width=&#8221;3&#8243; el_width=&#8221;10&#8243; accent_color=&#8221;#d89145&#8243;][vc_column_text css=&#8221;.vc_custom_1677657794600{padding-right: 50px !important;padding-left: 50px !important;}&#8221;]Eliminieren Sie Datenredundanz...","og_url":"https:\/\/www.paradine.at\/de\/magazin\/","og_site_name":"Paradine","article_publisher":"https:\/\/www.facebook.com\/paradinegmbh\/","article_modified_time":"2025-02-10T16:35:02+00:00","twitter_card":"summary_large_image","twitter_site":"@ParadineGmbH","twitter_misc":{"Gesch\u00e4tzte Lesezeit":"2\u00a0Minuten"},"schema":{"@context":"https:\/\/schema.org","@graph":[{"@type":"WebPage","@id":"https:\/\/www.paradine.at\/de\/magazin\/","url":"https:\/\/www.paradine.at\/de\/magazin\/","name":"Single Point of Truth &#8226; Paradine","isPartOf":{"@id":"https:\/\/www.paradine.at\/de\/#website"},"datePublished":"2023-03-16T09:08:29+00:00","dateModified":"2025-02-10T16:35:02+00:00","breadcrumb":{"@id":"https:\/\/www.paradine.at\/de\/magazin\/#breadcrumb"},"inLanguage":"de","potentialAction":[{"@type":"ReadAction","target":["https:\/\/www.paradine.at\/de\/magazin\/"]}]},{"@type":"BreadcrumbList","@id":"https:\/\/www.paradine.at\/de\/magazin\/#breadcrumb","itemListElement":[{"@type":"ListItem","position":1,"name":"Home","item":"https:\/\/www.paradine.at\/de\/"},{"@type":"ListItem","position":2,"name":"Single Point of Truth"}]},{"@type":"WebSite","@id":"https:\/\/www.paradine.at\/de\/#website","url":"https:\/\/www.paradine.at\/de\/","name":"Paradine","description":"Master Data Management","publisher":{"@id":"https:\/\/www.paradine.at\/de\/#organization"},"potentialAction":[{"@type":"SearchAction","target":{"@type":"EntryPoint","urlTemplate":"https:\/\/www.paradine.at\/de\/?s={search_term_string}"},"query-input":{"@type":"PropertyValueSpecification","valueRequired":true,"valueName":"search_term_string"}}],"inLanguage":"de"},{"@type":"Organization","@id":"https:\/\/www.paradine.at\/de\/#organization","name":"Paradine GmbH","url":"https:\/\/www.paradine.at\/de\/","logo":{"@type":"ImageObject","inLanguage":"de","@id":"https:\/\/www.paradine.at\/de\/#\/schema\/logo\/image\/","url":"https:\/\/www.paradine.at\/wp-content\/uploads\/2019\/04\/Paradine-Logo-RGB-png-3200px.png","contentUrl":"https:\/\/www.paradine.at\/wp-content\/uploads\/2019\/04\/Paradine-Logo-RGB-png-3200px.png","width":1920,"height":317,"caption":"Paradine GmbH"},"image":{"@id":"https:\/\/www.paradine.at\/de\/#\/schema\/logo\/image\/"},"sameAs":["https:\/\/www.facebook.com\/paradinegmbh\/","https:\/\/x.com\/ParadineGmbH","https:\/\/www.instagram.com\/paradinegmbh\/","https:\/\/www.linkedin.com\/company\/paradinegmbh\/","http:\/\/wiki.eclass.eu\/wiki\/PARADINE_GmbH"]}]}},"_links":{"self":[{"href":"https:\/\/www.paradine.at\/de\/wp-json\/wp\/v2\/pages\/7452"}],"collection":[{"href":"https:\/\/www.paradine.at\/de\/wp-json\/wp\/v2\/pages"}],"about":[{"href":"https:\/\/www.paradine.at\/de\/wp-json\/wp\/v2\/types\/page"}],"author":[{"embeddable":true,"href":"https:\/\/www.paradine.at\/de\/wp-json\/wp\/v2\/users\/147"}],"replies":[{"embeddable":true,"href":"https:\/\/www.paradine.at\/de\/wp-json\/wp\/v2\/comments?post=7452"}],"version-history":[{"count":4,"href":"https:\/\/www.paradine.at\/de\/wp-json\/wp\/v2\/pages\/7452\/revisions"}],"predecessor-version":[{"id":8654,"href":"https:\/\/www.paradine.at\/de\/wp-json\/wp\/v2\/pages\/7452\/revisions\/8654"}],"wp:attachment":[{"href":"https:\/\/www.paradine.at\/de\/wp-json\/wp\/v2\/media?parent=7452"}],"curies":[{"name":"wp","href":"https:\/\/api.w.org\/{rel}","templated":true}]}}