{"id":7080,"date":"2020-08-11T07:04:13","date_gmt":"2020-08-11T07:04:13","guid":{"rendered":"https:\/\/www.paradine.at\/consulting\/material-master-data-projects\/"},"modified":"2023-03-16T12:04:43","modified_gmt":"2023-03-16T11:04:43","slug":"material-master-data-projects","status":"publish","type":"page","link":"https:\/\/www.paradine.at\/de\/consulting\/material-master-data-projects\/","title":{"rendered":"Materialstammdaten-Projekte"},"content":{"rendered":"<div>\n<p style=\"text-align: center;\"><strong>Materialstammdaten-Projekte g\u00e4nzlich virtuell m\u00f6glich!<\/strong><\/p>\n<p>Lassen Sie uns die Zeit der sozialen Distanz nutzen, um die Qualit\u00e4t Ihrer Materialstammdaten zu verbessern!<\/p>\n<p>PARADINE unterst\u00fctzt Sie bei der Einf\u00fchrung, \u00dcberarbeitung und Abbildung von Materialgruppensystemen. Wir bieten Beratung, Dienstleistungen und Softwarel\u00f6sungen zur Klassifizierung, Deduplizierung, Bereinigung und Anreicherung Ihrer mehrsprachigen Materialstammdaten.<\/p>\n<p>Durch die B\u00fcndelung von Anforderungen, das Erkennen und Eliminieren von Dubletten und das Finden statt Suchen betr\u00e4gt der ROI von Stammdatenkonsolidierungsprojekten oft weniger als 12 Monate.<\/p>\n<p>Das Projekt kann komplett virtuell abgewickelt werden!<\/p>\n<p>Unser Angebot umfasst:<\/p>\n<ul>\n<li>Strategische Beratung zu Warengruppensystemen, Produktklassifikationen und Materialstammdatenmanagement<\/li>\n<li>Beratung zu relevanten Standards, Datenmodellen und<\/li>\n<li>Systemimplementierungen<\/li>\n<li>Beratung bei der Evaluierung und Implementierung von Warengruppensystemen, Klassifizierungssystemen und<\/li>\n<li>Produktstammdatensystemen<\/li>\n<li>Beratung und Datenservice bei der Einf\u00fchrung, Abl\u00f6sung und Abbildung von Warengruppensystemen, Klassifizierungssystemen<\/li>\n<li>Abbildung von Produktklassifikationen und -bewertungen auf verschiedene Standards<\/li>\n<li>Ver\u00f6ffentlichung von Produktstammdaten in Datenbl\u00e4ttern, elektronischen Katalogen, Webseiten, etc.<\/li>\n<li>Dienstleistungen zur Datenbereinigung und Datenanreicherung<\/li>\n<li>Seminare, Workshops und Webinare<\/li>\n<\/ul>\n<p>Unsere Dienstleistungen werden von muttersprachlichen Experten in mehreren Sprachen angeboten: Deutsch, Englisch, Franz\u00f6sisch, Chinesisch, Russisch, Rum\u00e4nisch, usw.<\/p>\n<p>Wenn Sie Interesse haben, kontaktieren Sie uns bitte unter sales@paradine.at oder rufen Sie uns in der Zentrale in Wien, \u00d6sterreich an +43-1-236 66 68-0<\/p>\n<\/div>\n","protected":false},"excerpt":{"rendered":"<p>Materialstammdaten-Projekte g\u00e4nzlich virtuell m\u00f6glich! Lassen Sie uns die Zeit der sozialen Distanz nutzen, um die Qualit\u00e4t Ihrer Materialstammdaten zu verbessern! PARADINE unterst\u00fctzt Sie bei der Einf\u00fchrung, \u00dcberarbeitung und Abbildung von Materialgruppensystemen. Wir bieten Beratung, Dienstleistungen und Softwarel\u00f6sungen zur Klassifizierung, Deduplizierung, Bereinigung und Anreicherung Ihrer mehrsprachigen Materialstammdaten. Durch die B\u00fcndelung von Anforderungen, das Erkennen und Eliminieren&#8230;<\/p>\n","protected":false},"author":68,"featured_media":0,"parent":6998,"menu_order":0,"comment_status":"closed","ping_status":"closed","template":"","meta":{"_acf_changed":false,"footnotes":""},"class_list":["post-7080","page","type-page","status-publish","hentry"],"acf":[],"yoast_head":"<!-- This site is optimized with the Yoast SEO plugin v23.4 - https:\/\/yoast.com\/wordpress\/plugins\/seo\/ -->\n<title>Materialstammdaten-Projekte &#8226; Paradine<\/title>\n<meta name=\"robots\" content=\"index, follow, max-snippet:-1, max-image-preview:large, max-video-preview:-1\" \/>\n<link rel=\"canonical\" href=\"https:\/\/www.paradine.at\/de\/consulting\/material-master-data-projects\/\" \/>\n<meta property=\"og:locale\" content=\"de_DE\" \/>\n<meta property=\"og:type\" content=\"article\" \/>\n<meta property=\"og:title\" content=\"Materialstammdaten-Projekte &#8226; Paradine\" \/>\n<meta property=\"og:description\" content=\"Materialstammdaten-Projekte g\u00e4nzlich virtuell m\u00f6glich! Lassen Sie uns die Zeit der sozialen Distanz nutzen, um die Qualit\u00e4t Ihrer Materialstammdaten zu verbessern! PARADINE unterst\u00fctzt Sie bei der Einf\u00fchrung, \u00dcberarbeitung und Abbildung von Materialgruppensystemen. Wir bieten Beratung, Dienstleistungen und Softwarel\u00f6sungen zur Klassifizierung, Deduplizierung, Bereinigung und Anreicherung Ihrer mehrsprachigen Materialstammdaten. Durch die B\u00fcndelung von Anforderungen, das Erkennen und Eliminieren...\" \/>\n<meta property=\"og:url\" content=\"https:\/\/www.paradine.at\/de\/consulting\/material-master-data-projects\/\" \/>\n<meta property=\"og:site_name\" content=\"Paradine\" \/>\n<meta property=\"article:publisher\" content=\"https:\/\/www.facebook.com\/paradinegmbh\/\" \/>\n<meta property=\"article:modified_time\" content=\"2023-03-16T11:04:43+00:00\" \/>\n<meta name=\"twitter:card\" content=\"summary_large_image\" \/>\n<meta name=\"twitter:site\" content=\"@ParadineGmbH\" \/>\n<meta name=\"twitter:label1\" content=\"Gesch\u00e4tzte Lesezeit\" \/>\n\t<meta name=\"twitter:data1\" content=\"1\u00a0Minute\" \/>\n<script type=\"application\/ld+json\" class=\"yoast-schema-graph\">{\"@context\":\"https:\/\/schema.org\",\"@graph\":[{\"@type\":\"WebPage\",\"@id\":\"https:\/\/www.paradine.at\/de\/consulting\/material-master-data-projects\/\",\"url\":\"https:\/\/www.paradine.at\/de\/consulting\/material-master-data-projects\/\",\"name\":\"Materialstammdaten-Projekte &#8226; Paradine\",\"isPartOf\":{\"@id\":\"https:\/\/www.paradine.at\/de\/#website\"},\"datePublished\":\"2020-08-11T07:04:13+00:00\",\"dateModified\":\"2023-03-16T11:04:43+00:00\",\"breadcrumb\":{\"@id\":\"https:\/\/www.paradine.at\/de\/consulting\/material-master-data-projects\/#breadcrumb\"},\"inLanguage\":\"de\",\"potentialAction\":[{\"@type\":\"ReadAction\",\"target\":[\"https:\/\/www.paradine.at\/de\/consulting\/material-master-data-projects\/\"]}]},{\"@type\":\"BreadcrumbList\",\"@id\":\"https:\/\/www.paradine.at\/de\/consulting\/material-master-data-projects\/#breadcrumb\",\"itemListElement\":[{\"@type\":\"ListItem\",\"position\":1,\"name\":\"Home\",\"item\":\"https:\/\/www.paradine.at\/de\/\"},{\"@type\":\"ListItem\",\"position\":2,\"name\":\"Consulting\",\"item\":\"https:\/\/www.paradine.at\/de\/consulting\/\"},{\"@type\":\"ListItem\",\"position\":3,\"name\":\"Materialstammdaten-Projekte\"}]},{\"@type\":\"WebSite\",\"@id\":\"https:\/\/www.paradine.at\/de\/#website\",\"url\":\"https:\/\/www.paradine.at\/de\/\",\"name\":\"Paradine\",\"description\":\"Master Data Management\",\"publisher\":{\"@id\":\"https:\/\/www.paradine.at\/de\/#organization\"},\"potentialAction\":[{\"@type\":\"SearchAction\",\"target\":{\"@type\":\"EntryPoint\",\"urlTemplate\":\"https:\/\/www.paradine.at\/de\/?s={search_term_string}\"},\"query-input\":{\"@type\":\"PropertyValueSpecification\",\"valueRequired\":true,\"valueName\":\"search_term_string\"}}],\"inLanguage\":\"de\"},{\"@type\":\"Organization\",\"@id\":\"https:\/\/www.paradine.at\/de\/#organization\",\"name\":\"Paradine GmbH\",\"url\":\"https:\/\/www.paradine.at\/de\/\",\"logo\":{\"@type\":\"ImageObject\",\"inLanguage\":\"de\",\"@id\":\"https:\/\/www.paradine.at\/de\/#\/schema\/logo\/image\/\",\"url\":\"https:\/\/www.paradine.at\/wp-content\/uploads\/2019\/04\/Paradine-Logo-RGB-png-3200px.png\",\"contentUrl\":\"https:\/\/www.paradine.at\/wp-content\/uploads\/2019\/04\/Paradine-Logo-RGB-png-3200px.png\",\"width\":1920,\"height\":317,\"caption\":\"Paradine GmbH\"},\"image\":{\"@id\":\"https:\/\/www.paradine.at\/de\/#\/schema\/logo\/image\/\"},\"sameAs\":[\"https:\/\/www.facebook.com\/paradinegmbh\/\",\"https:\/\/x.com\/ParadineGmbH\",\"https:\/\/www.instagram.com\/paradinegmbh\/\",\"https:\/\/www.linkedin.com\/company\/paradinegmbh\/\",\"http:\/\/wiki.eclass.eu\/wiki\/PARADINE_GmbH\"]}]}<\/script>\n<!-- \/ Yoast SEO plugin. -->","yoast_head_json":{"title":"Materialstammdaten-Projekte &#8226; Paradine","robots":{"index":"index","follow":"follow","max-snippet":"max-snippet:-1","max-image-preview":"max-image-preview:large","max-video-preview":"max-video-preview:-1"},"canonical":"https:\/\/www.paradine.at\/de\/consulting\/material-master-data-projects\/","og_locale":"de_DE","og_type":"article","og_title":"Materialstammdaten-Projekte &#8226; Paradine","og_description":"Materialstammdaten-Projekte g\u00e4nzlich virtuell m\u00f6glich! Lassen Sie uns die Zeit der sozialen Distanz nutzen, um die Qualit\u00e4t Ihrer Materialstammdaten zu verbessern! PARADINE unterst\u00fctzt Sie bei der Einf\u00fchrung, \u00dcberarbeitung und Abbildung von Materialgruppensystemen. Wir bieten Beratung, Dienstleistungen und Softwarel\u00f6sungen zur Klassifizierung, Deduplizierung, Bereinigung und Anreicherung Ihrer mehrsprachigen Materialstammdaten. Durch die B\u00fcndelung von Anforderungen, das Erkennen und Eliminieren...","og_url":"https:\/\/www.paradine.at\/de\/consulting\/material-master-data-projects\/","og_site_name":"Paradine","article_publisher":"https:\/\/www.facebook.com\/paradinegmbh\/","article_modified_time":"2023-03-16T11:04:43+00:00","twitter_card":"summary_large_image","twitter_site":"@ParadineGmbH","twitter_misc":{"Gesch\u00e4tzte Lesezeit":"1\u00a0Minute"},"schema":{"@context":"https:\/\/schema.org","@graph":[{"@type":"WebPage","@id":"https:\/\/www.paradine.at\/de\/consulting\/material-master-data-projects\/","url":"https:\/\/www.paradine.at\/de\/consulting\/material-master-data-projects\/","name":"Materialstammdaten-Projekte &#8226; Paradine","isPartOf":{"@id":"https:\/\/www.paradine.at\/de\/#website"},"datePublished":"2020-08-11T07:04:13+00:00","dateModified":"2023-03-16T11:04:43+00:00","breadcrumb":{"@id":"https:\/\/www.paradine.at\/de\/consulting\/material-master-data-projects\/#breadcrumb"},"inLanguage":"de","potentialAction":[{"@type":"ReadAction","target":["https:\/\/www.paradine.at\/de\/consulting\/material-master-data-projects\/"]}]},{"@type":"BreadcrumbList","@id":"https:\/\/www.paradine.at\/de\/consulting\/material-master-data-projects\/#breadcrumb","itemListElement":[{"@type":"ListItem","position":1,"name":"Home","item":"https:\/\/www.paradine.at\/de\/"},{"@type":"ListItem","position":2,"name":"Consulting","item":"https:\/\/www.paradine.at\/de\/consulting\/"},{"@type":"ListItem","position":3,"name":"Materialstammdaten-Projekte"}]},{"@type":"WebSite","@id":"https:\/\/www.paradine.at\/de\/#website","url":"https:\/\/www.paradine.at\/de\/","name":"Paradine","description":"Master Data Management","publisher":{"@id":"https:\/\/www.paradine.at\/de\/#organization"},"potentialAction":[{"@type":"SearchAction","target":{"@type":"EntryPoint","urlTemplate":"https:\/\/www.paradine.at\/de\/?s={search_term_string}"},"query-input":{"@type":"PropertyValueSpecification","valueRequired":true,"valueName":"search_term_string"}}],"inLanguage":"de"},{"@type":"Organization","@id":"https:\/\/www.paradine.at\/de\/#organization","name":"Paradine GmbH","url":"https:\/\/www.paradine.at\/de\/","logo":{"@type":"ImageObject","inLanguage":"de","@id":"https:\/\/www.paradine.at\/de\/#\/schema\/logo\/image\/","url":"https:\/\/www.paradine.at\/wp-content\/uploads\/2019\/04\/Paradine-Logo-RGB-png-3200px.png","contentUrl":"https:\/\/www.paradine.at\/wp-content\/uploads\/2019\/04\/Paradine-Logo-RGB-png-3200px.png","width":1920,"height":317,"caption":"Paradine GmbH"},"image":{"@id":"https:\/\/www.paradine.at\/de\/#\/schema\/logo\/image\/"},"sameAs":["https:\/\/www.facebook.com\/paradinegmbh\/","https:\/\/x.com\/ParadineGmbH","https:\/\/www.instagram.com\/paradinegmbh\/","https:\/\/www.linkedin.com\/company\/paradinegmbh\/","http:\/\/wiki.eclass.eu\/wiki\/PARADINE_GmbH"]}]}},"_links":{"self":[{"href":"https:\/\/www.paradine.at\/de\/wp-json\/wp\/v2\/pages\/7080"}],"collection":[{"href":"https:\/\/www.paradine.at\/de\/wp-json\/wp\/v2\/pages"}],"about":[{"href":"https:\/\/www.paradine.at\/de\/wp-json\/wp\/v2\/types\/page"}],"author":[{"embeddable":true,"href":"https:\/\/www.paradine.at\/de\/wp-json\/wp\/v2\/users\/68"}],"replies":[{"embeddable":true,"href":"https:\/\/www.paradine.at\/de\/wp-json\/wp\/v2\/comments?post=7080"}],"version-history":[{"count":1,"href":"https:\/\/www.paradine.at\/de\/wp-json\/wp\/v2\/pages\/7080\/revisions"}],"predecessor-version":[{"id":7524,"href":"https:\/\/www.paradine.at\/de\/wp-json\/wp\/v2\/pages\/7080\/revisions\/7524"}],"up":[{"embeddable":true,"href":"https:\/\/www.paradine.at\/de\/wp-json\/wp\/v2\/pages\/6998"}],"wp:attachment":[{"href":"https:\/\/www.paradine.at\/de\/wp-json\/wp\/v2\/media?parent=7080"}],"curies":[{"name":"wp","href":"https:\/\/api.w.org\/{rel}","templated":true}]}}