{"id":7078,"date":"2023-02-13T11:40:18","date_gmt":"2023-02-13T10:40:18","guid":{"rendered":"https:\/\/www.paradine.at\/?page_id=7078"},"modified":"2023-04-04T12:13:47","modified_gmt":"2023-04-04T10:13:47","slug":"software-support-engineer","status":"publish","type":"page","link":"https:\/\/www.paradine.at\/de\/company\/career\/software-support-engineer\/","title":{"rendered":"Software Support Engineer"},"content":{"rendered":"<h4><span style=\"color: #006ab3; font-size: 14pt;\">Software Support Engineer <\/span><span style=\"color: #006ab3; font-size: 14pt;\">(w\/m\/d)<\/span><\/h4>\n<h4><span style=\"color: #000000;\">IHR ZUK\u00dcNFTIGER ARBEITSBEREICH<\/span><\/h4>\n<ul>\n<li>First- und Second-Level-Support f\u00fcr Kunden, die unsere Stammdaten-Softwarel\u00f6sungen nutzen<\/li>\n<li>Zusammenarbeit mit Kunden per Telefon, Web-Meeting oder E-Mail-Kommunikation zur L\u00f6sung von Problemen<\/li>\n<li>Zusammenarbeit mit dem Third-Level-Support, dem Entwicklungs- und Qualit\u00e4tsteam<\/li>\n<li>Reproduzieren und Ticketisieren von gemeldeten Problemen<\/li>\n<li>Koordinierung der Bem\u00fchungen mit anderen Teams und Kollegen, um Probleme schnell zu l\u00f6sen<\/li>\n<li>Durchf\u00fchren oder Organisieren von Ursachenanalysen f\u00fcr Tier-1- und Tier-2-Probleme, ggf. Eskalation<\/li>\n<li>Ausgepr\u00e4gte F\u00e4higkeiten im Zeitmanagement und in der Priorit\u00e4tensetzung; Priorisierung konkurrierender Anforderungen und Einhaltung von Servicelevels und Fristen<\/li>\n<li>Bereitstellung von Kundenfeedback f\u00fcr das Produktteam<\/li>\n<\/ul>\n<h4><span style=\"color: #000000;\">IHRE ERFAHRUNG<\/span><\/h4>\n<ul>\n<li>Technischer oder kaufm\u00e4nnischer Realschulabschluss<\/li>\n<li>Bachelor-Abschluss in Informatik, Informationstechnologie (IT) oder einem ingenieurwissenschaftlichen Fachgebiet erw\u00fcnscht<\/li>\n<li>F\u00e4higkeit zur Arbeit in einer Teamumgebung.<\/li>\n<li>Ausgezeichnete Kundenbetreuung und Kommunikationsf\u00e4higkeit<\/li>\n<li>Mindestens 2 Jahre Berufserfahrung im Bereich Software-Support sind von Vorteil<\/li>\n<li>Selbstmotiviert und in der Lage, sich schnell anzupassen und zu lernen, w\u00e4hrend Sie arbeiten<\/li>\n<li>Analytische und konzeptionelle Kompetenz<\/li>\n<li>Ausgezeichnete deutsche und englische Kommunikationsf\u00e4higkeiten<\/li>\n<\/ul>\n<p><strong>UNSER ANGEBOT<\/strong><\/p>\n<ul>\n<li>Sie arbeiten in einem hoch motivierten und kompetenten Team mit einer aufgeschlossenen Arbeitskultur<\/li>\n<li>Sie k\u00f6nnen Ihre Work-Life-Balance selbst bestimmen, indem Sie Ihre eigenen flexiblen Arbeitsregelungen mit Home-Office-M\u00f6glichkeiten w\u00e4hlen<\/li>\n<li>Sie arbeiten mit den modernsten Tools f\u00fcr agile Zusammenarbeit von Atlassian (Jira, Confluence usw.)<\/li>\n<li>Sie haben die M\u00f6glichkeit, sich in zus\u00e4tzlichen Kursen weiterzubilden und wir unterst\u00fctzen Sie bei Ihren Projekten und Aktivit\u00e4ten<\/li>\n<\/ul>\n<p><strong>Wenn Sie unser Team verst\u00e4rken m\u00f6chten, senden Sie bitte Ihre vollst\u00e4ndigen Bewerbungsunterlagen an career@paradine.at<\/strong><\/p>\n","protected":false},"excerpt":{"rendered":"<p>Software Support Engineer (w\/m\/d) IHR ZUK\u00dcNFTIGER ARBEITSBEREICH First- und Second-Level-Support f\u00fcr Kunden, die unsere Stammdaten-Softwarel\u00f6sungen nutzen Zusammenarbeit mit Kunden per Telefon, Web-Meeting oder E-Mail-Kommunikation zur L\u00f6sung von Problemen Zusammenarbeit mit dem Third-Level-Support, dem Entwicklungs- und Qualit\u00e4tsteam Reproduzieren und Ticketisieren von gemeldeten Problemen Koordinierung der Bem\u00fchungen mit anderen Teams und Kollegen, um Probleme schnell zu l\u00f6sen&#8230;<\/p>\n","protected":false},"author":68,"featured_media":7873,"parent":2500,"menu_order":0,"comment_status":"closed","ping_status":"closed","template":"","meta":{"_acf_changed":false,"footnotes":""},"class_list":["post-7078","page","type-page","status-publish","has-post-thumbnail","hentry"],"acf":[],"yoast_head":"<!-- This site is optimized with the Yoast SEO plugin v23.4 - https:\/\/yoast.com\/wordpress\/plugins\/seo\/ -->\n<title>Software Support Engineer &#8226; Paradine<\/title>\n<meta name=\"robots\" content=\"index, follow, max-snippet:-1, max-image-preview:large, max-video-preview:-1\" \/>\n<link rel=\"canonical\" href=\"https:\/\/www.paradine.at\/de\/company\/career\/software-support-engineer\/\" \/>\n<meta property=\"og:locale\" content=\"de_DE\" \/>\n<meta property=\"og:type\" content=\"article\" \/>\n<meta property=\"og:title\" content=\"Software Support Engineer &#8226; Paradine\" \/>\n<meta property=\"og:description\" content=\"Software Support Engineer (w\/m\/d) IHR ZUK\u00dcNFTIGER ARBEITSBEREICH First- und Second-Level-Support f\u00fcr Kunden, die unsere Stammdaten-Softwarel\u00f6sungen nutzen Zusammenarbeit mit Kunden per Telefon, Web-Meeting oder E-Mail-Kommunikation zur L\u00f6sung von Problemen Zusammenarbeit mit dem Third-Level-Support, dem Entwicklungs- und Qualit\u00e4tsteam Reproduzieren und Ticketisieren von gemeldeten Problemen Koordinierung der Bem\u00fchungen mit anderen Teams und Kollegen, um Probleme schnell zu l\u00f6sen...\" \/>\n<meta property=\"og:url\" content=\"https:\/\/www.paradine.at\/de\/company\/career\/software-support-engineer\/\" \/>\n<meta property=\"og:site_name\" content=\"Paradine\" \/>\n<meta property=\"article:publisher\" content=\"https:\/\/www.facebook.com\/paradinegmbh\/\" \/>\n<meta property=\"article:modified_time\" content=\"2023-04-04T10:13:47+00:00\" \/>\n<meta property=\"og:image\" content=\"https:\/\/www.paradine.at\/wp-content\/uploads\/2019\/01\/shutterstock_378771547.jpg\" \/>\n\t<meta property=\"og:image:width\" content=\"1024\" \/>\n\t<meta property=\"og:image:height\" content=\"620\" \/>\n\t<meta property=\"og:image:type\" content=\"image\/jpeg\" \/>\n<meta name=\"twitter:card\" content=\"summary_large_image\" \/>\n<meta name=\"twitter:site\" content=\"@ParadineGmbH\" \/>\n<meta name=\"twitter:label1\" content=\"Gesch\u00e4tzte Lesezeit\" \/>\n\t<meta name=\"twitter:data1\" content=\"1\u00a0Minute\" \/>\n<script type=\"application\/ld+json\" class=\"yoast-schema-graph\">{\"@context\":\"https:\/\/schema.org\",\"@graph\":[{\"@type\":\"WebPage\",\"@id\":\"https:\/\/www.paradine.at\/de\/company\/career\/software-support-engineer\/\",\"url\":\"https:\/\/www.paradine.at\/de\/company\/career\/software-support-engineer\/\",\"name\":\"Software Support Engineer &#8226; Paradine\",\"isPartOf\":{\"@id\":\"https:\/\/www.paradine.at\/de\/#website\"},\"primaryImageOfPage\":{\"@id\":\"https:\/\/www.paradine.at\/de\/company\/career\/software-support-engineer\/#primaryimage\"},\"image\":{\"@id\":\"https:\/\/www.paradine.at\/de\/company\/career\/software-support-engineer\/#primaryimage\"},\"thumbnailUrl\":\"https:\/\/www.paradine.at\/wp-content\/uploads\/2019\/01\/shutterstock_378771547.jpg\",\"datePublished\":\"2023-02-13T10:40:18+00:00\",\"dateModified\":\"2023-04-04T10:13:47+00:00\",\"breadcrumb\":{\"@id\":\"https:\/\/www.paradine.at\/de\/company\/career\/software-support-engineer\/#breadcrumb\"},\"inLanguage\":\"de\",\"potentialAction\":[{\"@type\":\"ReadAction\",\"target\":[\"https:\/\/www.paradine.at\/de\/company\/career\/software-support-engineer\/\"]}]},{\"@type\":\"ImageObject\",\"inLanguage\":\"de\",\"@id\":\"https:\/\/www.paradine.at\/de\/company\/career\/software-support-engineer\/#primaryimage\",\"url\":\"https:\/\/www.paradine.at\/wp-content\/uploads\/2019\/01\/shutterstock_378771547.jpg\",\"contentUrl\":\"https:\/\/www.paradine.at\/wp-content\/uploads\/2019\/01\/shutterstock_378771547.jpg\",\"width\":4903,\"height\":2971},{\"@type\":\"BreadcrumbList\",\"@id\":\"https:\/\/www.paradine.at\/de\/company\/career\/software-support-engineer\/#breadcrumb\",\"itemListElement\":[{\"@type\":\"ListItem\",\"position\":1,\"name\":\"Home\",\"item\":\"https:\/\/www.paradine.at\/de\/\"},{\"@type\":\"ListItem\",\"position\":2,\"name\":\"Unternehmen\",\"item\":\"https:\/\/www.paradine.at\/de\/company\/\"},{\"@type\":\"ListItem\",\"position\":3,\"name\":\"Karriere\",\"item\":\"https:\/\/www.paradine.at\/de\/company\/career\/\"},{\"@type\":\"ListItem\",\"position\":4,\"name\":\"Software Support Engineer\"}]},{\"@type\":\"WebSite\",\"@id\":\"https:\/\/www.paradine.at\/de\/#website\",\"url\":\"https:\/\/www.paradine.at\/de\/\",\"name\":\"Paradine\",\"description\":\"Master Data Management\",\"publisher\":{\"@id\":\"https:\/\/www.paradine.at\/de\/#organization\"},\"potentialAction\":[{\"@type\":\"SearchAction\",\"target\":{\"@type\":\"EntryPoint\",\"urlTemplate\":\"https:\/\/www.paradine.at\/de\/?s={search_term_string}\"},\"query-input\":{\"@type\":\"PropertyValueSpecification\",\"valueRequired\":true,\"valueName\":\"search_term_string\"}}],\"inLanguage\":\"de\"},{\"@type\":\"Organization\",\"@id\":\"https:\/\/www.paradine.at\/de\/#organization\",\"name\":\"Paradine GmbH\",\"url\":\"https:\/\/www.paradine.at\/de\/\",\"logo\":{\"@type\":\"ImageObject\",\"inLanguage\":\"de\",\"@id\":\"https:\/\/www.paradine.at\/de\/#\/schema\/logo\/image\/\",\"url\":\"https:\/\/www.paradine.at\/wp-content\/uploads\/2019\/04\/Paradine-Logo-RGB-png-3200px.png\",\"contentUrl\":\"https:\/\/www.paradine.at\/wp-content\/uploads\/2019\/04\/Paradine-Logo-RGB-png-3200px.png\",\"width\":1920,\"height\":317,\"caption\":\"Paradine GmbH\"},\"image\":{\"@id\":\"https:\/\/www.paradine.at\/de\/#\/schema\/logo\/image\/\"},\"sameAs\":[\"https:\/\/www.facebook.com\/paradinegmbh\/\",\"https:\/\/x.com\/ParadineGmbH\",\"https:\/\/www.instagram.com\/paradinegmbh\/\",\"https:\/\/www.linkedin.com\/company\/paradinegmbh\/\",\"http:\/\/wiki.eclass.eu\/wiki\/PARADINE_GmbH\"]}]}<\/script>\n<!-- \/ Yoast SEO plugin. -->","yoast_head_json":{"title":"Software Support Engineer &#8226; Paradine","robots":{"index":"index","follow":"follow","max-snippet":"max-snippet:-1","max-image-preview":"max-image-preview:large","max-video-preview":"max-video-preview:-1"},"canonical":"https:\/\/www.paradine.at\/de\/company\/career\/software-support-engineer\/","og_locale":"de_DE","og_type":"article","og_title":"Software Support Engineer &#8226; Paradine","og_description":"Software Support Engineer (w\/m\/d) IHR ZUK\u00dcNFTIGER ARBEITSBEREICH First- und Second-Level-Support f\u00fcr Kunden, die unsere Stammdaten-Softwarel\u00f6sungen nutzen Zusammenarbeit mit Kunden per Telefon, Web-Meeting oder E-Mail-Kommunikation zur L\u00f6sung von Problemen Zusammenarbeit mit dem Third-Level-Support, dem Entwicklungs- und Qualit\u00e4tsteam Reproduzieren und Ticketisieren von gemeldeten Problemen Koordinierung der Bem\u00fchungen mit anderen Teams und Kollegen, um Probleme schnell zu l\u00f6sen...","og_url":"https:\/\/www.paradine.at\/de\/company\/career\/software-support-engineer\/","og_site_name":"Paradine","article_publisher":"https:\/\/www.facebook.com\/paradinegmbh\/","article_modified_time":"2023-04-04T10:13:47+00:00","og_image":[{"url":"https:\/\/www.paradine.at\/wp-content\/uploads\/2019\/01\/shutterstock_378771547.jpg","width":1024,"height":620,"type":"image\/jpeg"}],"twitter_card":"summary_large_image","twitter_site":"@ParadineGmbH","twitter_misc":{"Gesch\u00e4tzte Lesezeit":"1\u00a0Minute"},"schema":{"@context":"https:\/\/schema.org","@graph":[{"@type":"WebPage","@id":"https:\/\/www.paradine.at\/de\/company\/career\/software-support-engineer\/","url":"https:\/\/www.paradine.at\/de\/company\/career\/software-support-engineer\/","name":"Software Support Engineer &#8226; Paradine","isPartOf":{"@id":"https:\/\/www.paradine.at\/de\/#website"},"primaryImageOfPage":{"@id":"https:\/\/www.paradine.at\/de\/company\/career\/software-support-engineer\/#primaryimage"},"image":{"@id":"https:\/\/www.paradine.at\/de\/company\/career\/software-support-engineer\/#primaryimage"},"thumbnailUrl":"https:\/\/www.paradine.at\/wp-content\/uploads\/2019\/01\/shutterstock_378771547.jpg","datePublished":"2023-02-13T10:40:18+00:00","dateModified":"2023-04-04T10:13:47+00:00","breadcrumb":{"@id":"https:\/\/www.paradine.at\/de\/company\/career\/software-support-engineer\/#breadcrumb"},"inLanguage":"de","potentialAction":[{"@type":"ReadAction","target":["https:\/\/www.paradine.at\/de\/company\/career\/software-support-engineer\/"]}]},{"@type":"ImageObject","inLanguage":"de","@id":"https:\/\/www.paradine.at\/de\/company\/career\/software-support-engineer\/#primaryimage","url":"https:\/\/www.paradine.at\/wp-content\/uploads\/2019\/01\/shutterstock_378771547.jpg","contentUrl":"https:\/\/www.paradine.at\/wp-content\/uploads\/2019\/01\/shutterstock_378771547.jpg","width":4903,"height":2971},{"@type":"BreadcrumbList","@id":"https:\/\/www.paradine.at\/de\/company\/career\/software-support-engineer\/#breadcrumb","itemListElement":[{"@type":"ListItem","position":1,"name":"Home","item":"https:\/\/www.paradine.at\/de\/"},{"@type":"ListItem","position":2,"name":"Unternehmen","item":"https:\/\/www.paradine.at\/de\/company\/"},{"@type":"ListItem","position":3,"name":"Karriere","item":"https:\/\/www.paradine.at\/de\/company\/career\/"},{"@type":"ListItem","position":4,"name":"Software Support Engineer"}]},{"@type":"WebSite","@id":"https:\/\/www.paradine.at\/de\/#website","url":"https:\/\/www.paradine.at\/de\/","name":"Paradine","description":"Master Data Management","publisher":{"@id":"https:\/\/www.paradine.at\/de\/#organization"},"potentialAction":[{"@type":"SearchAction","target":{"@type":"EntryPoint","urlTemplate":"https:\/\/www.paradine.at\/de\/?s={search_term_string}"},"query-input":{"@type":"PropertyValueSpecification","valueRequired":true,"valueName":"search_term_string"}}],"inLanguage":"de"},{"@type":"Organization","@id":"https:\/\/www.paradine.at\/de\/#organization","name":"Paradine GmbH","url":"https:\/\/www.paradine.at\/de\/","logo":{"@type":"ImageObject","inLanguage":"de","@id":"https:\/\/www.paradine.at\/de\/#\/schema\/logo\/image\/","url":"https:\/\/www.paradine.at\/wp-content\/uploads\/2019\/04\/Paradine-Logo-RGB-png-3200px.png","contentUrl":"https:\/\/www.paradine.at\/wp-content\/uploads\/2019\/04\/Paradine-Logo-RGB-png-3200px.png","width":1920,"height":317,"caption":"Paradine GmbH"},"image":{"@id":"https:\/\/www.paradine.at\/de\/#\/schema\/logo\/image\/"},"sameAs":["https:\/\/www.facebook.com\/paradinegmbh\/","https:\/\/x.com\/ParadineGmbH","https:\/\/www.instagram.com\/paradinegmbh\/","https:\/\/www.linkedin.com\/company\/paradinegmbh\/","http:\/\/wiki.eclass.eu\/wiki\/PARADINE_GmbH"]}]}},"_links":{"self":[{"href":"https:\/\/www.paradine.at\/de\/wp-json\/wp\/v2\/pages\/7078"}],"collection":[{"href":"https:\/\/www.paradine.at\/de\/wp-json\/wp\/v2\/pages"}],"about":[{"href":"https:\/\/www.paradine.at\/de\/wp-json\/wp\/v2\/types\/page"}],"author":[{"embeddable":true,"href":"https:\/\/www.paradine.at\/de\/wp-json\/wp\/v2\/users\/68"}],"replies":[{"embeddable":true,"href":"https:\/\/www.paradine.at\/de\/wp-json\/wp\/v2\/comments?post=7078"}],"version-history":[{"count":3,"href":"https:\/\/www.paradine.at\/de\/wp-json\/wp\/v2\/pages\/7078\/revisions"}],"predecessor-version":[{"id":7974,"href":"https:\/\/www.paradine.at\/de\/wp-json\/wp\/v2\/pages\/7078\/revisions\/7974"}],"up":[{"embeddable":true,"href":"https:\/\/www.paradine.at\/de\/wp-json\/wp\/v2\/pages\/2500"}],"wp:featuredmedia":[{"embeddable":true,"href":"https:\/\/www.paradine.at\/de\/wp-json\/wp\/v2\/media\/7873"}],"wp:attachment":[{"href":"https:\/\/www.paradine.at\/de\/wp-json\/wp\/v2\/media?parent=7078"}],"curies":[{"name":"wp","href":"https:\/\/api.w.org\/{rel}","templated":true}]}}