{"id":7038,"date":"2018-11-25T17:51:42","date_gmt":"2018-11-25T17:51:42","guid":{"rendered":"https:\/\/www.paradine.at\/training\/eclass-seminars\/"},"modified":"2026-01-14T15:20:07","modified_gmt":"2026-01-14T14:20:07","slug":"eclass-seminars","status":"publish","type":"page","link":"https:\/\/www.paradine.at\/de\/training\/eclass-seminars\/","title":{"rendered":"ECLASS Seminare"},"content":{"rendered":"<p>[vc_row][vc_column][vc_column_text]Unsere ECLASS-Seminare richten sich an Unternehmen, die ihr Stammdatenwissen vertiefen wollen oder weitere Informationen zu bestimmten Stammdatenl\u00f6sungen ben\u00f6tigen.<\/p>\n<p>In den ECLASS-Einf\u00fchrungsseminaren erhalten Sie eine umfassende Einf\u00fchrung in den branchen\u00fcbergreifenden, mehrsprachigen Klassifikations- und Produktbeschreibungsstandard ECLASS. Sie lernen die ECLASS-Organisation, das Release- und Sprachmanagement sowie das Lizenzierungsmodell kennen. Anhand von erfolgreichen Kundenprojekten lernen Sie verschiedene Implementierungsvarianten kennen. Wir geben Ihnen Einblicke in die Inhaltsentwicklung, einen \u00dcberblick \u00fcber das Datenmodell und die Nutzung des Standards. In einer Q&amp;A-Session k\u00f6nnen wir alle offenen Fragen diskutieren.<\/p>\n<p><strong>Zielgruppen<\/strong><\/p>\n<p>Die Zielgruppe des Workshops sind Abteilungsleiter, Manager und Experten aus den folgenden Bereichen:<\/p>\n<p>Materialstammdaten<br \/>\nBeschaffung<br \/>\nNormung<br \/>\nKatalogdaten<br \/>\nContent Management<br \/>\nIT-Verwaltung<br \/>\nErsatzteilmanagement<\/p>\n<p><strong>Inhalt<\/strong><\/p>\n<p>\u00dcbersicht ECLASS Organisation<br \/>\nECLASS Grundlagen, Datenmodell, Datenaustauschformate<br \/>\nReleasemanagement, Sprachversionen<br \/>\nUnterst\u00fctzungsm\u00f6glichkeiten f\u00fcr Releasewechsel<br \/>\nAnpassen und Erstellen eigener Strukturelemente<br \/>\n(Klassen, Eigenschaften, Eigenschaftslisten, etc.)<br \/>\nImplementierungsbeispiele, Tools<br \/>\nKosten und Nutzen<br \/>\nFRAGEN UND ANTWORTEN<\/p>\n<p><strong>Dauer des Kurses:<\/strong><\/p>\n<p>09:00 bis 17:00 Uhr (inkl. Mittagspause)<\/p>\n<p><strong>Organisation:<\/strong><\/p>\n<p>Berater(innen): 1 Senior Consultant<br \/>\nTeilnehmer: max. 10 Teilnehmer<br \/>\nOrt: Wien, \u00d6sterreich oder Frankfurt, Deutschland (Seminare beim Kunden vor Ort auf Anfrage)<\/p>\n<p><strong>Kontakt &amp; Anmeldung<\/strong><\/p>\n<p>seminare(at)paradine.at<br \/>\n+43 (1) 236 66 68 &#8211; 0<\/p>\n<p>&nbsp;<\/p>\n<h4 style=\"text-align: center;\"><span style=\"color: #3366ff;\"><strong>Termin\u00fcbersicht:<\/strong><\/span> <a id=\"download-link-8635\" class=\"download-link\" title=\"\" href=\"https:\/\/www.paradine.at\/download\/8635\/?tmstv=1738949479\" rel=\"nofollow\" data-e-disable-page-transition=\"true\" data-redirect=\"false\"><\/a><\/h4>\n<h4 style=\"text-align: center;\"><a class=\"download-link\" title=\"\" href=\"https:\/\/www.paradine.at\/download\/8635\/?tmstv=1738949479\" rel=\"nofollow\" data-e-disable-page-transition=\"true\" data-redirect=\"false\"><img loading=\"lazy\" decoding=\"async\" class=\"wp-image-8649 alignnone\" src=\"https:\/\/www.paradine.at\/wp-content\/uploads\/2025\/02\/unnamed.png\" alt=\"\" width=\"36\" height=\"36\" \/><\/a><a href=\"https:\/\/www.paradine.at\/download\/146\/webinar-seminar-registration\/8777\/2026-q1-q2-eclass-webinar-en-260101\">2026-Q1-Q2-ECLASS-Seminar-Webinar-Registration-EN<\/a><\/h4>\n<p>[\/vc_column_text][\/vc_column][\/vc_row]<\/p>\n","protected":false},"excerpt":{"rendered":"<p>[vc_row][vc_column][vc_column_text]Unsere ECLASS-Seminare richten sich an Unternehmen, die ihr Stammdatenwissen vertiefen wollen oder weitere Informationen zu bestimmten Stammdatenl\u00f6sungen ben\u00f6tigen. In den ECLASS-Einf\u00fchrungsseminaren erhalten Sie eine umfassende Einf\u00fchrung in den branchen\u00fcbergreifenden, mehrsprachigen Klassifikations- und Produktbeschreibungsstandard ECLASS. Sie lernen die ECLASS-Organisation, das Release- und Sprachmanagement sowie das Lizenzierungsmodell kennen. Anhand von erfolgreichen Kundenprojekten lernen Sie verschiedene Implementierungsvarianten kennen&#8230;.<\/p>\n","protected":false},"author":68,"featured_media":7877,"parent":2468,"menu_order":0,"comment_status":"closed","ping_status":"closed","template":"","meta":{"_acf_changed":false,"footnotes":""},"class_list":["post-7038","page","type-page","status-publish","has-post-thumbnail","hentry"],"acf":[],"yoast_head":"<!-- This site is optimized with the Yoast SEO plugin v23.4 - https:\/\/yoast.com\/wordpress\/plugins\/seo\/ -->\n<title>ECLASS Seminare &#8226; Paradine<\/title>\n<meta name=\"robots\" content=\"index, follow, max-snippet:-1, max-image-preview:large, max-video-preview:-1\" \/>\n<link rel=\"canonical\" href=\"https:\/\/www.paradine.at\/de\/training\/eclass-seminars\/\" \/>\n<meta property=\"og:locale\" content=\"de_DE\" \/>\n<meta property=\"og:type\" content=\"article\" \/>\n<meta property=\"og:title\" content=\"ECLASS Seminare &#8226; Paradine\" \/>\n<meta property=\"og:description\" content=\"[vc_row][vc_column][vc_column_text]Unsere ECLASS-Seminare richten sich an Unternehmen, die ihr Stammdatenwissen vertiefen wollen oder weitere Informationen zu bestimmten Stammdatenl\u00f6sungen ben\u00f6tigen. In den ECLASS-Einf\u00fchrungsseminaren erhalten Sie eine umfassende Einf\u00fchrung in den branchen\u00fcbergreifenden, mehrsprachigen Klassifikations- und Produktbeschreibungsstandard ECLASS. Sie lernen die ECLASS-Organisation, das Release- und Sprachmanagement sowie das Lizenzierungsmodell kennen. Anhand von erfolgreichen Kundenprojekten lernen Sie verschiedene Implementierungsvarianten kennen....\" \/>\n<meta property=\"og:url\" content=\"https:\/\/www.paradine.at\/de\/training\/eclass-seminars\/\" \/>\n<meta property=\"og:site_name\" content=\"Paradine\" \/>\n<meta property=\"article:publisher\" content=\"https:\/\/www.facebook.com\/paradinegmbh\/\" \/>\n<meta property=\"article:modified_time\" content=\"2026-01-14T14:20:07+00:00\" \/>\n<meta property=\"og:image\" content=\"https:\/\/www.paradine.at\/wp-content\/uploads\/2019\/03\/shutterstock_561776362.jpg\" \/>\n\t<meta property=\"og:image:width\" content=\"1920\" \/>\n\t<meta property=\"og:image:height\" content=\"1071\" \/>\n\t<meta property=\"og:image:type\" content=\"image\/jpeg\" \/>\n<meta name=\"twitter:card\" content=\"summary_large_image\" \/>\n<meta name=\"twitter:site\" content=\"@ParadineGmbH\" \/>\n<meta name=\"twitter:label1\" content=\"Gesch\u00e4tzte Lesezeit\" \/>\n\t<meta name=\"twitter:data1\" content=\"2\u00a0Minuten\" \/>\n<script type=\"application\/ld+json\" class=\"yoast-schema-graph\">{\"@context\":\"https:\/\/schema.org\",\"@graph\":[{\"@type\":\"WebPage\",\"@id\":\"https:\/\/www.paradine.at\/de\/training\/eclass-seminars\/\",\"url\":\"https:\/\/www.paradine.at\/de\/training\/eclass-seminars\/\",\"name\":\"ECLASS Seminare &#8226; Paradine\",\"isPartOf\":{\"@id\":\"https:\/\/www.paradine.at\/de\/#website\"},\"primaryImageOfPage\":{\"@id\":\"https:\/\/www.paradine.at\/de\/training\/eclass-seminars\/#primaryimage\"},\"image\":{\"@id\":\"https:\/\/www.paradine.at\/de\/training\/eclass-seminars\/#primaryimage\"},\"thumbnailUrl\":\"https:\/\/www.paradine.at\/wp-content\/uploads\/2019\/03\/shutterstock_561776362.jpg\",\"datePublished\":\"2018-11-25T17:51:42+00:00\",\"dateModified\":\"2026-01-14T14:20:07+00:00\",\"breadcrumb\":{\"@id\":\"https:\/\/www.paradine.at\/de\/training\/eclass-seminars\/#breadcrumb\"},\"inLanguage\":\"de\",\"potentialAction\":[{\"@type\":\"ReadAction\",\"target\":[\"https:\/\/www.paradine.at\/de\/training\/eclass-seminars\/\"]}]},{\"@type\":\"ImageObject\",\"inLanguage\":\"de\",\"@id\":\"https:\/\/www.paradine.at\/de\/training\/eclass-seminars\/#primaryimage\",\"url\":\"https:\/\/www.paradine.at\/wp-content\/uploads\/2019\/03\/shutterstock_561776362.jpg\",\"contentUrl\":\"https:\/\/www.paradine.at\/wp-content\/uploads\/2019\/03\/shutterstock_561776362.jpg\",\"width\":1920,\"height\":1071},{\"@type\":\"BreadcrumbList\",\"@id\":\"https:\/\/www.paradine.at\/de\/training\/eclass-seminars\/#breadcrumb\",\"itemListElement\":[{\"@type\":\"ListItem\",\"position\":1,\"name\":\"Home\",\"item\":\"https:\/\/www.paradine.at\/de\/\"},{\"@type\":\"ListItem\",\"position\":2,\"name\":\"Paradine Academy\",\"item\":\"https:\/\/www.paradine.at\/de\/training\/\"},{\"@type\":\"ListItem\",\"position\":3,\"name\":\"ECLASS Seminare\"}]},{\"@type\":\"WebSite\",\"@id\":\"https:\/\/www.paradine.at\/de\/#website\",\"url\":\"https:\/\/www.paradine.at\/de\/\",\"name\":\"Paradine\",\"description\":\"Master Data Management\",\"publisher\":{\"@id\":\"https:\/\/www.paradine.at\/de\/#organization\"},\"potentialAction\":[{\"@type\":\"SearchAction\",\"target\":{\"@type\":\"EntryPoint\",\"urlTemplate\":\"https:\/\/www.paradine.at\/de\/?s={search_term_string}\"},\"query-input\":{\"@type\":\"PropertyValueSpecification\",\"valueRequired\":true,\"valueName\":\"search_term_string\"}}],\"inLanguage\":\"de\"},{\"@type\":\"Organization\",\"@id\":\"https:\/\/www.paradine.at\/de\/#organization\",\"name\":\"Paradine GmbH\",\"url\":\"https:\/\/www.paradine.at\/de\/\",\"logo\":{\"@type\":\"ImageObject\",\"inLanguage\":\"de\",\"@id\":\"https:\/\/www.paradine.at\/de\/#\/schema\/logo\/image\/\",\"url\":\"https:\/\/www.paradine.at\/wp-content\/uploads\/2019\/04\/Paradine-Logo-RGB-png-3200px.png\",\"contentUrl\":\"https:\/\/www.paradine.at\/wp-content\/uploads\/2019\/04\/Paradine-Logo-RGB-png-3200px.png\",\"width\":1920,\"height\":317,\"caption\":\"Paradine GmbH\"},\"image\":{\"@id\":\"https:\/\/www.paradine.at\/de\/#\/schema\/logo\/image\/\"},\"sameAs\":[\"https:\/\/www.facebook.com\/paradinegmbh\/\",\"https:\/\/x.com\/ParadineGmbH\",\"https:\/\/www.instagram.com\/paradinegmbh\/\",\"https:\/\/www.linkedin.com\/company\/paradinegmbh\/\",\"http:\/\/wiki.eclass.eu\/wiki\/PARADINE_GmbH\"]}]}<\/script>\n<!-- \/ Yoast SEO plugin. -->","yoast_head_json":{"title":"ECLASS Seminare &#8226; Paradine","robots":{"index":"index","follow":"follow","max-snippet":"max-snippet:-1","max-image-preview":"max-image-preview:large","max-video-preview":"max-video-preview:-1"},"canonical":"https:\/\/www.paradine.at\/de\/training\/eclass-seminars\/","og_locale":"de_DE","og_type":"article","og_title":"ECLASS Seminare &#8226; Paradine","og_description":"[vc_row][vc_column][vc_column_text]Unsere ECLASS-Seminare richten sich an Unternehmen, die ihr Stammdatenwissen vertiefen wollen oder weitere Informationen zu bestimmten Stammdatenl\u00f6sungen ben\u00f6tigen. In den ECLASS-Einf\u00fchrungsseminaren erhalten Sie eine umfassende Einf\u00fchrung in den branchen\u00fcbergreifenden, mehrsprachigen Klassifikations- und Produktbeschreibungsstandard ECLASS. Sie lernen die ECLASS-Organisation, das Release- und Sprachmanagement sowie das Lizenzierungsmodell kennen. Anhand von erfolgreichen Kundenprojekten lernen Sie verschiedene Implementierungsvarianten kennen....","og_url":"https:\/\/www.paradine.at\/de\/training\/eclass-seminars\/","og_site_name":"Paradine","article_publisher":"https:\/\/www.facebook.com\/paradinegmbh\/","article_modified_time":"2026-01-14T14:20:07+00:00","og_image":[{"width":1920,"height":1071,"url":"https:\/\/www.paradine.at\/wp-content\/uploads\/2019\/03\/shutterstock_561776362.jpg","type":"image\/jpeg"}],"twitter_card":"summary_large_image","twitter_site":"@ParadineGmbH","twitter_misc":{"Gesch\u00e4tzte Lesezeit":"2\u00a0Minuten"},"schema":{"@context":"https:\/\/schema.org","@graph":[{"@type":"WebPage","@id":"https:\/\/www.paradine.at\/de\/training\/eclass-seminars\/","url":"https:\/\/www.paradine.at\/de\/training\/eclass-seminars\/","name":"ECLASS Seminare &#8226; Paradine","isPartOf":{"@id":"https:\/\/www.paradine.at\/de\/#website"},"primaryImageOfPage":{"@id":"https:\/\/www.paradine.at\/de\/training\/eclass-seminars\/#primaryimage"},"image":{"@id":"https:\/\/www.paradine.at\/de\/training\/eclass-seminars\/#primaryimage"},"thumbnailUrl":"https:\/\/www.paradine.at\/wp-content\/uploads\/2019\/03\/shutterstock_561776362.jpg","datePublished":"2018-11-25T17:51:42+00:00","dateModified":"2026-01-14T14:20:07+00:00","breadcrumb":{"@id":"https:\/\/www.paradine.at\/de\/training\/eclass-seminars\/#breadcrumb"},"inLanguage":"de","potentialAction":[{"@type":"ReadAction","target":["https:\/\/www.paradine.at\/de\/training\/eclass-seminars\/"]}]},{"@type":"ImageObject","inLanguage":"de","@id":"https:\/\/www.paradine.at\/de\/training\/eclass-seminars\/#primaryimage","url":"https:\/\/www.paradine.at\/wp-content\/uploads\/2019\/03\/shutterstock_561776362.jpg","contentUrl":"https:\/\/www.paradine.at\/wp-content\/uploads\/2019\/03\/shutterstock_561776362.jpg","width":1920,"height":1071},{"@type":"BreadcrumbList","@id":"https:\/\/www.paradine.at\/de\/training\/eclass-seminars\/#breadcrumb","itemListElement":[{"@type":"ListItem","position":1,"name":"Home","item":"https:\/\/www.paradine.at\/de\/"},{"@type":"ListItem","position":2,"name":"Paradine Academy","item":"https:\/\/www.paradine.at\/de\/training\/"},{"@type":"ListItem","position":3,"name":"ECLASS Seminare"}]},{"@type":"WebSite","@id":"https:\/\/www.paradine.at\/de\/#website","url":"https:\/\/www.paradine.at\/de\/","name":"Paradine","description":"Master Data Management","publisher":{"@id":"https:\/\/www.paradine.at\/de\/#organization"},"potentialAction":[{"@type":"SearchAction","target":{"@type":"EntryPoint","urlTemplate":"https:\/\/www.paradine.at\/de\/?s={search_term_string}"},"query-input":{"@type":"PropertyValueSpecification","valueRequired":true,"valueName":"search_term_string"}}],"inLanguage":"de"},{"@type":"Organization","@id":"https:\/\/www.paradine.at\/de\/#organization","name":"Paradine GmbH","url":"https:\/\/www.paradine.at\/de\/","logo":{"@type":"ImageObject","inLanguage":"de","@id":"https:\/\/www.paradine.at\/de\/#\/schema\/logo\/image\/","url":"https:\/\/www.paradine.at\/wp-content\/uploads\/2019\/04\/Paradine-Logo-RGB-png-3200px.png","contentUrl":"https:\/\/www.paradine.at\/wp-content\/uploads\/2019\/04\/Paradine-Logo-RGB-png-3200px.png","width":1920,"height":317,"caption":"Paradine GmbH"},"image":{"@id":"https:\/\/www.paradine.at\/de\/#\/schema\/logo\/image\/"},"sameAs":["https:\/\/www.facebook.com\/paradinegmbh\/","https:\/\/x.com\/ParadineGmbH","https:\/\/www.instagram.com\/paradinegmbh\/","https:\/\/www.linkedin.com\/company\/paradinegmbh\/","http:\/\/wiki.eclass.eu\/wiki\/PARADINE_GmbH"]}]}},"_links":{"self":[{"href":"https:\/\/www.paradine.at\/de\/wp-json\/wp\/v2\/pages\/7038"}],"collection":[{"href":"https:\/\/www.paradine.at\/de\/wp-json\/wp\/v2\/pages"}],"about":[{"href":"https:\/\/www.paradine.at\/de\/wp-json\/wp\/v2\/types\/page"}],"author":[{"embeddable":true,"href":"https:\/\/www.paradine.at\/de\/wp-json\/wp\/v2\/users\/68"}],"replies":[{"embeddable":true,"href":"https:\/\/www.paradine.at\/de\/wp-json\/wp\/v2\/comments?post=7038"}],"version-history":[{"count":11,"href":"https:\/\/www.paradine.at\/de\/wp-json\/wp\/v2\/pages\/7038\/revisions"}],"predecessor-version":[{"id":8784,"href":"https:\/\/www.paradine.at\/de\/wp-json\/wp\/v2\/pages\/7038\/revisions\/8784"}],"up":[{"embeddable":true,"href":"https:\/\/www.paradine.at\/de\/wp-json\/wp\/v2\/pages\/2468"}],"wp:featuredmedia":[{"embeddable":true,"href":"https:\/\/www.paradine.at\/de\/wp-json\/wp\/v2\/media\/7877"}],"wp:attachment":[{"href":"https:\/\/www.paradine.at\/de\/wp-json\/wp\/v2\/media?parent=7038"}],"curies":[{"name":"wp","href":"https:\/\/api.w.org\/{rel}","templated":true}]}}