{"id":7033,"date":"2018-12-20T13:37:07","date_gmt":"2018-12-20T13:37:07","guid":{"rendered":"https:\/\/www.paradine.at\/references\/success-stories\/"},"modified":"2023-04-04T10:52:02","modified_gmt":"2023-04-04T08:52:02","slug":"success-stories","status":"publish","type":"page","link":"https:\/\/www.paradine.at\/de\/references\/success-stories\/","title":{"rendered":"Success-stories"},"content":{"rendered":"<p>[vc_row][vc_column][vc_column_text]<\/p>\n<p class=\"art-postheader\" style=\"text-align: left;\"><strong><span style=\"color: #006ab3; font-size: 14pt;\"><span style=\"color: #ff0000;\">NEW!<\/span> &#8220;Vom Suchen zum Finden&#8221; &#8211; Einf\u00fchrung von ECLASS bei Welser<\/span><\/strong><\/p>\n<p><img loading=\"lazy\" decoding=\"async\" class=\" wp-image-7332 alignright\" src=\"https:\/\/www.paradine.at\/wp-content\/uploads\/2023\/03\/welser-300x200.jpg\" alt=\"\" width=\"288\" height=\"192\" srcset=\"https:\/\/www.paradine.at\/wp-content\/uploads\/2023\/03\/welser-300x200.jpg 300w, https:\/\/www.paradine.at\/wp-content\/uploads\/2023\/03\/welser-1024x683.jpg 1024w, https:\/\/www.paradine.at\/wp-content\/uploads\/2023\/03\/welser-768x512.jpg 768w, https:\/\/www.paradine.at\/wp-content\/uploads\/2023\/03\/welser-391x260.jpg 391w, https:\/\/www.paradine.at\/wp-content\/uploads\/2023\/03\/welser-1536x1024.jpg 1536w, https:\/\/www.paradine.at\/wp-content\/uploads\/2023\/03\/welser-2048x1365.jpg 2048w, https:\/\/www.paradine.at\/wp-content\/uploads\/2023\/03\/welser-680x453.jpg 680w\" sizes=\"(max-width: 288px) 100vw, 288px\" \/><\/p>\n<div class=\"art-postcontent\">\n<div class=\"art-article\">\n<p>&nbsp;<\/p>\n<p style=\"text-align: justify;\">Durch die Umsetzung eines Projektes zur einheitlichen Klassifizierung von Materialstammdaten f\u00fcr indirektes Material durch die Paradine GmbH konnte die Welser Profile GmbH die Datenqualit\u00e4t verbessern und Suchzeiten, Ungenauigkeiten und Dubletten reduzieren.<\/p>\n<\/div>\n<p>Insgesamt wurden die 46.000 Materialstammdatens\u00e4tze rund 2.900 ECLASS-Klassen zugeordnet. Diese Klassen werden in weiteren Projektschritten deutlich reduziert.<\/p>\n<\/div>\n<p>[\/vc_column_text]<a class=\"pioneer_vc_button\" data-title-color-hover=\"#ffffff\" data-bg-color-hover=\"#3366ff\" data-border-c-hover=\"#3366ff\"  href=\"https:\/\/www.paradine.at\/references\/success-stories\/from-searching-to-finding-introduction-of-eclass-at-welser\/\" target=\"_self\" style=\"display:inline-block; font-size:12px; line-heigth:12px; color:#000000; background-color:#ffffff; padding:5px 5px; margin:-2px 0px 30px 0px; border-width:1px; border-style:solid; border-color:#000000; border-radius:4px\"><i class=\"fa \"><\/i> Mehr dazu<\/a>[\/vc_column][\/vc_row][vc_row][vc_column][vc_empty_space][\/vc_column][\/vc_row][vc_row][vc_column width=&#8221;1\/2&#8243;][vc_column_text]<\/p>\n<p class=\"art-postheader\" style=\"text-align: left;\"><strong><span style=\"color: #006ab3; font-size: 14pt;\">AT&amp;S &#8211; Globale Klassifizierung von Ersatzteilen unter ECLASS<\/span><\/strong><\/p>\n<div class=\"art-postcontent\">\n<div class=\"art-article\">\n<p><img loading=\"lazy\" decoding=\"async\" class=\"alignright wp-image-1566\" src=\"http:\/\/www2.paradine.at\/wp-content\/uploads\/2018\/12\/ats-leiterplatte-200x133.jpg\" alt=\"\" width=\"248\" height=\"165\" \/><\/p>\n<p style=\"text-align: justify;\">Im Rahmen des Projektes &#8220;SPICE&#8221; (Spare Parts Inventory and Cost Enhancement) f\u00fchrte AT&amp;S ein neues unternehmensweites Ersatzteilportfolio inklusive einer mehrsprachigen Materialklassifizierung auf Basis des international etablierten Standards &#8220;ECLASS&#8221; ein und f\u00fchrt einen neuen Prozess f\u00fcr das Ersatzteilmanagement durch. Paradine wurde von AT&amp;S beauftragt, das Projekt gemeinsam mit dem AT&amp;S internen Projektteam umzusetzen.<\/p>\n<\/div>\n<\/div>\n<p>[\/vc_column_text][\/vc_column][vc_column width=&#8221;1\/2&#8243;][vc_column_text]<\/p>\n<p class=\"art-postheader\" style=\"text-align: left;\"><strong><span style=\"color: #006ab3; font-size: 14pt;\">AVL &#8211; Globaler eptos&#x2122; Materialstammdaten-Server mit SAP-Integration<\/span><\/strong><\/p>\n<div class=\"art-postcontent\">\n<div class=\"art-article\">\n<p><img loading=\"lazy\" decoding=\"async\" class=\"size-full wp-image-1590 alignright\" src=\"http:\/\/www2.paradine.at\/wp-content\/uploads\/2018\/12\/AVL-Anwenderbericht-Bild.jpg\" alt=\"\" width=\"196\" height=\"200\" \/><\/p>\n<p style=\"text-align: justify;\">Die Einf\u00fchrung eines neuen Standards in der Stammdatenverwaltung hat es erm\u00f6glicht, die Komplexit\u00e4t und Redundanz in der Datenpflege zu reduzieren. Sie erm\u00f6glicht es auch, die Qualit\u00e4t der Stammdaten auf einem hohen Niveau zu halten.<\/p>\n<\/div>\n<\/div>\n<div class=\"art-postcontent\">\n<div class=\"art-article\">\n<p>&nbsp;<\/p>\n<\/div>\n<\/div>\n<p>[\/vc_column_text][\/vc_column][\/vc_row][vc_row][vc_column width=&#8221;1\/2&#8243;]<a class=\"pioneer_vc_button\" data-title-color-hover=\"#ffffff\" data-bg-color-hover=\"#3366ff\" data-border-c-hover=\"#3366ff\"  href=\"https:\/\/www.paradine.at\/references\/success-stories\/ats-eclass-for-ersa\/\" target=\"_self\" style=\"display:inline-block; font-size:12px; line-heigth:12px; color:#000000; background-color:#ffffff; padding:5px 5px; margin:-2px 0px 30px 0px; border-width:1px; border-style:solid; border-color:#000000; border-radius:4px\"><i class=\"fa \"><\/i> Mehr dazu<\/a>[vc_empty_space][\/vc_column][vc_column width=&#8221;1\/2&#8243;]<a class=\"pioneer_vc_button\" data-title-color-hover=\"#ffffff\" data-bg-color-hover=\"#3366ff\" data-border-c-hover=\"#3366ff\"  href=\"https:\/\/www.paradine.at\/references\/success-stories\/avl-eptos-mmd-solution\/\" target=\"_self\" style=\"display:inline-block; font-size:12px; line-heigth:12px; color:#000000; background-color:#ffffff; padding:5px 5px; margin:-2px 0px 30px 0px; border-width:1px; border-style:solid; border-color:#000000; border-radius:4px\"><i class=\"fa \"><\/i> Mehr dazu<\/a>[vc_empty_space][\/vc_column][\/vc_row][vc_row][vc_column width=&#8221;1\/2&#8243;][vc_column_text]<\/p>\n<p class=\"art-postheader\" style=\"text-align: left;\"><span style=\"font-size: 14pt;\"><strong><span style=\"color: #006ab3;\">Bundesbeschaffung Austria \u2013 \u00d6ffentliche Auftragsvergabe nach ECLASS<\/span><\/strong><\/span><\/p>\n<div class=\"art-postcontent\">\n<div class=\"art-article\">\n<p><img loading=\"lazy\" decoding=\"async\" class=\" wp-image-1626 alignright\" src=\"http:\/\/www2.paradine.at\/wp-content\/uploads\/2018\/12\/BBG-Anwenderbericht-Bild.jpg\" alt=\"\" width=\"204\" height=\"206\" srcset=\"https:\/\/www.paradine.at\/wp-content\/uploads\/2018\/12\/BBG-Anwenderbericht-Bild.jpg 198w, https:\/\/www.paradine.at\/wp-content\/uploads\/2018\/12\/BBG-Anwenderbericht-Bild-150x150.jpg 150w\" sizes=\"(max-width: 204px) 100vw, 204px\" \/><\/p>\n<p>Auch durch die Einf\u00fchrung von ECLASS konnte sich die BBG europaweit als ein weltweit f\u00fchrender Anbieter im eBusiness profilieren.<\/p>\n<p>Mit der Implementierung des BBG eCatalog Serviceportals nimmt die BBG Europe eine f\u00fchrende Rolle in der Integrationstiefe von eBusiness-Standards im \u00f6ffentlichen Auftragswesen ein.<\/p>\n<\/div>\n<\/div>\n<p>[\/vc_column_text][\/vc_column][vc_column width=&#8221;1\/2&#8243;][vc_column_text]<\/p>\n<p class=\"art-postheader\" style=\"text-align: left;\"><strong><span style=\"color: #006ab3; font-size: 14pt;\">Endress-Hauser \u2013 Erstellen von Ger\u00e4tespezifikationen mit PRO-SPEC&#x2122;<\/span><\/strong><\/p>\n<p><img loading=\"lazy\" decoding=\"async\" class=\" wp-image-1655 alignright\" src=\"http:\/\/www2.paradine.at\/wp-content\/uploads\/2018\/12\/endresshauser-sternenhof-200x133.jpg\" alt=\"\" width=\"250\" height=\"166\" \/><\/p>\n<p style=\"text-align: justify;\">Trotz des umfassenden Einsatzes von IT-Systemen in Unternehmen wird ein Gro\u00dfteil der Ausr\u00fcstungsanfragen von Kunden in der Prozessindustrie traditionell papierbasiert bearbeitet. Der internationale Verband PROLIST hat mit der Namur-Empfehlung 100 (NE 100) eine Standardisierung f\u00fcr die elektronische Bearbeitung von Anfragen angeboten und gepflegt.<\/p>\n<p>[\/vc_column_text][\/vc_column][\/vc_row][vc_row][vc_column width=&#8221;1\/2&#8243;]<a class=\"pioneer_vc_button\" data-title-color-hover=\"#ffffff\" data-bg-color-hover=\"#3366ff\" data-border-c-hover=\"#3366ff\"  href=\"http:\/\/www.paradine.at\/references\/success-stories\/bbg-eclss\/\" target=\"_self\" style=\"display:inline-block; font-size:12px; line-heigth:12px; color:#000000; background-color:#ffffff; padding:5px 5px; margin:-2px 0px 30px 0px; border-width:1px; border-style:solid; border-color:#000000; border-radius:4px\"><i class=\"fa \"><\/i> Mehr dazu<\/a>[vc_empty_space][\/vc_column][vc_column width=&#8221;1\/2&#8243;]<a class=\"pioneer_vc_button\" data-title-color-hover=\"#ffffff\" data-bg-color-hover=\"#3366ff\" data-border-c-hover=\"#3366ff\"  href=\"http:\/\/www2.paradine.at\/references\/success-stories\/endresshauser-pro-spec\/\" target=\"_self\" style=\"display:inline-block; font-size:12px; line-heigth:12px; color:#000000; background-color:#ffffff; padding:5px 5px; margin:-2px 0px 30px 0px; border-width:1px; border-style:solid; border-color:#000000; border-radius:4px\"><i class=\"fa \"><\/i> Mehr dazu<\/a>[vc_empty_space][\/vc_column][\/vc_row][vc_row][vc_column width=&#8221;1\/2&#8243;][vc_column_text]<\/p>\n<p class=\"art-postheader\" style=\"text-align: left;\"><strong><span style=\"color: #006ab3; font-size: 14pt;\">Phoenix Contact &#8211; eCatCreator als Referenzanwendung f\u00fcr PIM-Anwendungen<\/span><\/strong><\/p>\n<p><img loading=\"lazy\" decoding=\"async\" class=\"size-full wp-image-1643 alignright\" src=\"http:\/\/www2.paradine.at\/wp-content\/uploads\/2018\/12\/Phoenix-Contact-Anwenderbericht-Bild.jpg\" alt=\"\" width=\"173\" height=\"200\" \/>Phoenix Contact nutzt den eCatCreator zur \u00dcberpr\u00fcfung von Produktstammdaten, die im PhoenixContact Product Information Management (PIM) System im ECLASS ADVANCED Datenformat angelegt wurden.[\/vc_column_text][\/vc_column][vc_column width=&#8221;1\/2&#8243;][vc_column_text]<\/p>\n<p class=\"art-postheader\" style=\"text-align: left;\"><strong><span style=\"color: #006ab3; font-size: 14pt;\">Siemens \u2013 Zentraler Produktstammdaten-Server f\u00fcr 4,5 Mio. Materialstammdatens\u00e4tze mit eptos&#x2122;<\/span><\/strong><\/p>\n<p><img loading=\"lazy\" decoding=\"async\" class=\"size-full wp-image-1621 alignright\" src=\"http:\/\/www2.paradine.at\/wp-content\/uploads\/2018\/12\/Siemens-Anwenderbericht-Bild.jpg\" alt=\"\" width=\"200\" height=\"197\" \/>Das Siemens E-Content Classification Portal realisiert einen zentralen Produktstammdatenserver f\u00fcr die branchenweit einheitliche, system\u00fcbergreifende Klassifikation sowie die Beschreibung von Produktstammdaten und -strukturen auf Basis der eptos&#x2122;-L\u00f6sung von Paradine.[\/vc_column_text][\/vc_column][\/vc_row][vc_row][vc_column width=&#8221;1\/2&#8243;]<a class=\"pioneer_vc_button\" data-title-color-hover=\"#ffffff\" data-bg-color-hover=\"#3366ff\" data-border-c-hover=\"#3366ff\"  href=\"http:\/\/www2.paradine.at\/references\/success-stories\/phoenix-contact-ecatcreator\/\" target=\"_self\" style=\"display:inline-block; font-size:12px; line-heigth:12px; color:#000000; background-color:#ffffff; padding:5px 5px; margin:-2px 0px 30px 0px; border-width:1px; border-style:solid; border-color:#000000; border-radius:4px\"><i class=\"fa \"><\/i> Mehr dazu<\/a>[vc_empty_space][\/vc_column][vc_column width=&#8221;1\/2&#8243;]<a class=\"pioneer_vc_button\" data-title-color-hover=\"#ffffff\" data-bg-color-hover=\"#3366ff\" data-border-c-hover=\"#3366ff\"  href=\"http:\/\/www2.paradine.at\/references\/success-stories\/siemens-eptos-ccp-solution\/\" target=\"_self\" style=\"display:inline-block; font-size:12px; line-heigth:12px; color:#000000; background-color:#ffffff; padding:5px 5px; margin:-2px 0px 30px 0px; border-width:1px; border-style:solid; border-color:#000000; border-radius:4px\"><i class=\"fa \"><\/i> Mehr dazu<\/a>[vc_empty_space][\/vc_column][\/vc_row]<\/p>\n","protected":false},"excerpt":{"rendered":"<p>[vc_row][vc_column][vc_column_text] NEW! &#8220;Vom Suchen zum Finden&#8221; &#8211; Einf\u00fchrung von ECLASS bei Welser &nbsp; Durch die Umsetzung eines Projektes zur einheitlichen Klassifizierung von Materialstammdaten f\u00fcr indirektes Material durch die Paradine GmbH konnte die Welser Profile GmbH die Datenqualit\u00e4t verbessern und Suchzeiten, Ungenauigkeiten und Dubletten reduzieren. Insgesamt wurden die 46.000 Materialstammdatens\u00e4tze rund 2.900 ECLASS-Klassen zugeordnet. Diese Klassen&#8230;<\/p>\n","protected":false},"author":68,"featured_media":0,"parent":6097,"menu_order":0,"comment_status":"closed","ping_status":"closed","template":"","meta":{"_acf_changed":false,"footnotes":""},"class_list":["post-7033","page","type-page","status-publish","hentry"],"acf":[],"yoast_head":"<!-- This site is optimized with the Yoast SEO plugin v23.4 - https:\/\/yoast.com\/wordpress\/plugins\/seo\/ -->\n<title>Success-stories &#8226; Paradine<\/title>\n<meta name=\"robots\" content=\"index, follow, max-snippet:-1, max-image-preview:large, max-video-preview:-1\" \/>\n<link rel=\"canonical\" href=\"https:\/\/www.paradine.at\/de\/references\/success-stories\/\" \/>\n<meta property=\"og:locale\" content=\"de_DE\" \/>\n<meta property=\"og:type\" content=\"article\" \/>\n<meta property=\"og:title\" content=\"Success-stories &#8226; Paradine\" \/>\n<meta property=\"og:description\" content=\"[vc_row][vc_column][vc_column_text] NEW! &#8220;Vom Suchen zum Finden&#8221; &#8211; Einf\u00fchrung von ECLASS bei Welser &nbsp; Durch die Umsetzung eines Projektes zur einheitlichen Klassifizierung von Materialstammdaten f\u00fcr indirektes Material durch die Paradine GmbH konnte die Welser Profile GmbH die Datenqualit\u00e4t verbessern und Suchzeiten, Ungenauigkeiten und Dubletten reduzieren. Insgesamt wurden die 46.000 Materialstammdatens\u00e4tze rund 2.900 ECLASS-Klassen zugeordnet. Diese Klassen...\" \/>\n<meta property=\"og:url\" content=\"https:\/\/www.paradine.at\/de\/references\/success-stories\/\" \/>\n<meta property=\"og:site_name\" content=\"Paradine\" \/>\n<meta property=\"article:publisher\" content=\"https:\/\/www.facebook.com\/paradinegmbh\/\" \/>\n<meta property=\"article:modified_time\" content=\"2023-04-04T08:52:02+00:00\" \/>\n<meta property=\"og:image\" content=\"https:\/\/www.paradine.at\/wp-content\/uploads\/2023\/03\/welser-300x200.jpg\" \/>\n<meta name=\"twitter:card\" content=\"summary_large_image\" \/>\n<meta name=\"twitter:site\" content=\"@ParadineGmbH\" \/>\n<meta name=\"twitter:label1\" content=\"Gesch\u00e4tzte Lesezeit\" \/>\n\t<meta name=\"twitter:data1\" content=\"4\u00a0Minuten\" \/>\n<script type=\"application\/ld+json\" class=\"yoast-schema-graph\">{\"@context\":\"https:\/\/schema.org\",\"@graph\":[{\"@type\":\"WebPage\",\"@id\":\"https:\/\/www.paradine.at\/de\/references\/success-stories\/\",\"url\":\"https:\/\/www.paradine.at\/de\/references\/success-stories\/\",\"name\":\"Success-stories &#8226; Paradine\",\"isPartOf\":{\"@id\":\"https:\/\/www.paradine.at\/de\/#website\"},\"primaryImageOfPage\":{\"@id\":\"https:\/\/www.paradine.at\/de\/references\/success-stories\/#primaryimage\"},\"image\":{\"@id\":\"https:\/\/www.paradine.at\/de\/references\/success-stories\/#primaryimage\"},\"thumbnailUrl\":\"https:\/\/www.paradine.at\/wp-content\/uploads\/2023\/03\/welser-300x200.jpg\",\"datePublished\":\"2018-12-20T13:37:07+00:00\",\"dateModified\":\"2023-04-04T08:52:02+00:00\",\"breadcrumb\":{\"@id\":\"https:\/\/www.paradine.at\/de\/references\/success-stories\/#breadcrumb\"},\"inLanguage\":\"de\",\"potentialAction\":[{\"@type\":\"ReadAction\",\"target\":[\"https:\/\/www.paradine.at\/de\/references\/success-stories\/\"]}]},{\"@type\":\"ImageObject\",\"inLanguage\":\"de\",\"@id\":\"https:\/\/www.paradine.at\/de\/references\/success-stories\/#primaryimage\",\"url\":\"https:\/\/www.paradine.at\/wp-content\/uploads\/2023\/03\/welser-300x200.jpg\",\"contentUrl\":\"https:\/\/www.paradine.at\/wp-content\/uploads\/2023\/03\/welser-300x200.jpg\"},{\"@type\":\"BreadcrumbList\",\"@id\":\"https:\/\/www.paradine.at\/de\/references\/success-stories\/#breadcrumb\",\"itemListElement\":[{\"@type\":\"ListItem\",\"position\":1,\"name\":\"Home\",\"item\":\"https:\/\/www.paradine.at\/de\/\"},{\"@type\":\"ListItem\",\"position\":2,\"name\":\"Referenzen\",\"item\":\"https:\/\/www.paradine.at\/de\/references\/\"},{\"@type\":\"ListItem\",\"position\":3,\"name\":\"Success-stories\"}]},{\"@type\":\"WebSite\",\"@id\":\"https:\/\/www.paradine.at\/de\/#website\",\"url\":\"https:\/\/www.paradine.at\/de\/\",\"name\":\"Paradine\",\"description\":\"Master Data Management\",\"publisher\":{\"@id\":\"https:\/\/www.paradine.at\/de\/#organization\"},\"potentialAction\":[{\"@type\":\"SearchAction\",\"target\":{\"@type\":\"EntryPoint\",\"urlTemplate\":\"https:\/\/www.paradine.at\/de\/?s={search_term_string}\"},\"query-input\":{\"@type\":\"PropertyValueSpecification\",\"valueRequired\":true,\"valueName\":\"search_term_string\"}}],\"inLanguage\":\"de\"},{\"@type\":\"Organization\",\"@id\":\"https:\/\/www.paradine.at\/de\/#organization\",\"name\":\"Paradine GmbH\",\"url\":\"https:\/\/www.paradine.at\/de\/\",\"logo\":{\"@type\":\"ImageObject\",\"inLanguage\":\"de\",\"@id\":\"https:\/\/www.paradine.at\/de\/#\/schema\/logo\/image\/\",\"url\":\"https:\/\/www.paradine.at\/wp-content\/uploads\/2019\/04\/Paradine-Logo-RGB-png-3200px.png\",\"contentUrl\":\"https:\/\/www.paradine.at\/wp-content\/uploads\/2019\/04\/Paradine-Logo-RGB-png-3200px.png\",\"width\":1920,\"height\":317,\"caption\":\"Paradine GmbH\"},\"image\":{\"@id\":\"https:\/\/www.paradine.at\/de\/#\/schema\/logo\/image\/\"},\"sameAs\":[\"https:\/\/www.facebook.com\/paradinegmbh\/\",\"https:\/\/x.com\/ParadineGmbH\",\"https:\/\/www.instagram.com\/paradinegmbh\/\",\"https:\/\/www.linkedin.com\/company\/paradinegmbh\/\",\"http:\/\/wiki.eclass.eu\/wiki\/PARADINE_GmbH\"]}]}<\/script>\n<!-- \/ Yoast SEO plugin. -->","yoast_head_json":{"title":"Success-stories &#8226; Paradine","robots":{"index":"index","follow":"follow","max-snippet":"max-snippet:-1","max-image-preview":"max-image-preview:large","max-video-preview":"max-video-preview:-1"},"canonical":"https:\/\/www.paradine.at\/de\/references\/success-stories\/","og_locale":"de_DE","og_type":"article","og_title":"Success-stories &#8226; Paradine","og_description":"[vc_row][vc_column][vc_column_text] NEW! &#8220;Vom Suchen zum Finden&#8221; &#8211; Einf\u00fchrung von ECLASS bei Welser &nbsp; Durch die Umsetzung eines Projektes zur einheitlichen Klassifizierung von Materialstammdaten f\u00fcr indirektes Material durch die Paradine GmbH konnte die Welser Profile GmbH die Datenqualit\u00e4t verbessern und Suchzeiten, Ungenauigkeiten und Dubletten reduzieren. Insgesamt wurden die 46.000 Materialstammdatens\u00e4tze rund 2.900 ECLASS-Klassen zugeordnet. Diese Klassen...","og_url":"https:\/\/www.paradine.at\/de\/references\/success-stories\/","og_site_name":"Paradine","article_publisher":"https:\/\/www.facebook.com\/paradinegmbh\/","article_modified_time":"2023-04-04T08:52:02+00:00","og_image":[{"url":"https:\/\/www.paradine.at\/wp-content\/uploads\/2023\/03\/welser-300x200.jpg"}],"twitter_card":"summary_large_image","twitter_site":"@ParadineGmbH","twitter_misc":{"Gesch\u00e4tzte Lesezeit":"4\u00a0Minuten"},"schema":{"@context":"https:\/\/schema.org","@graph":[{"@type":"WebPage","@id":"https:\/\/www.paradine.at\/de\/references\/success-stories\/","url":"https:\/\/www.paradine.at\/de\/references\/success-stories\/","name":"Success-stories &#8226; Paradine","isPartOf":{"@id":"https:\/\/www.paradine.at\/de\/#website"},"primaryImageOfPage":{"@id":"https:\/\/www.paradine.at\/de\/references\/success-stories\/#primaryimage"},"image":{"@id":"https:\/\/www.paradine.at\/de\/references\/success-stories\/#primaryimage"},"thumbnailUrl":"https:\/\/www.paradine.at\/wp-content\/uploads\/2023\/03\/welser-300x200.jpg","datePublished":"2018-12-20T13:37:07+00:00","dateModified":"2023-04-04T08:52:02+00:00","breadcrumb":{"@id":"https:\/\/www.paradine.at\/de\/references\/success-stories\/#breadcrumb"},"inLanguage":"de","potentialAction":[{"@type":"ReadAction","target":["https:\/\/www.paradine.at\/de\/references\/success-stories\/"]}]},{"@type":"ImageObject","inLanguage":"de","@id":"https:\/\/www.paradine.at\/de\/references\/success-stories\/#primaryimage","url":"https:\/\/www.paradine.at\/wp-content\/uploads\/2023\/03\/welser-300x200.jpg","contentUrl":"https:\/\/www.paradine.at\/wp-content\/uploads\/2023\/03\/welser-300x200.jpg"},{"@type":"BreadcrumbList","@id":"https:\/\/www.paradine.at\/de\/references\/success-stories\/#breadcrumb","itemListElement":[{"@type":"ListItem","position":1,"name":"Home","item":"https:\/\/www.paradine.at\/de\/"},{"@type":"ListItem","position":2,"name":"Referenzen","item":"https:\/\/www.paradine.at\/de\/references\/"},{"@type":"ListItem","position":3,"name":"Success-stories"}]},{"@type":"WebSite","@id":"https:\/\/www.paradine.at\/de\/#website","url":"https:\/\/www.paradine.at\/de\/","name":"Paradine","description":"Master Data Management","publisher":{"@id":"https:\/\/www.paradine.at\/de\/#organization"},"potentialAction":[{"@type":"SearchAction","target":{"@type":"EntryPoint","urlTemplate":"https:\/\/www.paradine.at\/de\/?s={search_term_string}"},"query-input":{"@type":"PropertyValueSpecification","valueRequired":true,"valueName":"search_term_string"}}],"inLanguage":"de"},{"@type":"Organization","@id":"https:\/\/www.paradine.at\/de\/#organization","name":"Paradine GmbH","url":"https:\/\/www.paradine.at\/de\/","logo":{"@type":"ImageObject","inLanguage":"de","@id":"https:\/\/www.paradine.at\/de\/#\/schema\/logo\/image\/","url":"https:\/\/www.paradine.at\/wp-content\/uploads\/2019\/04\/Paradine-Logo-RGB-png-3200px.png","contentUrl":"https:\/\/www.paradine.at\/wp-content\/uploads\/2019\/04\/Paradine-Logo-RGB-png-3200px.png","width":1920,"height":317,"caption":"Paradine GmbH"},"image":{"@id":"https:\/\/www.paradine.at\/de\/#\/schema\/logo\/image\/"},"sameAs":["https:\/\/www.facebook.com\/paradinegmbh\/","https:\/\/x.com\/ParadineGmbH","https:\/\/www.instagram.com\/paradinegmbh\/","https:\/\/www.linkedin.com\/company\/paradinegmbh\/","http:\/\/wiki.eclass.eu\/wiki\/PARADINE_GmbH"]}]}},"_links":{"self":[{"href":"https:\/\/www.paradine.at\/de\/wp-json\/wp\/v2\/pages\/7033"}],"collection":[{"href":"https:\/\/www.paradine.at\/de\/wp-json\/wp\/v2\/pages"}],"about":[{"href":"https:\/\/www.paradine.at\/de\/wp-json\/wp\/v2\/types\/page"}],"author":[{"embeddable":true,"href":"https:\/\/www.paradine.at\/de\/wp-json\/wp\/v2\/users\/68"}],"replies":[{"embeddable":true,"href":"https:\/\/www.paradine.at\/de\/wp-json\/wp\/v2\/comments?post=7033"}],"version-history":[{"count":14,"href":"https:\/\/www.paradine.at\/de\/wp-json\/wp\/v2\/pages\/7033\/revisions"}],"predecessor-version":[{"id":7659,"href":"https:\/\/www.paradine.at\/de\/wp-json\/wp\/v2\/pages\/7033\/revisions\/7659"}],"up":[{"embeddable":true,"href":"https:\/\/www.paradine.at\/de\/wp-json\/wp\/v2\/pages\/6097"}],"wp:attachment":[{"href":"https:\/\/www.paradine.at\/de\/wp-json\/wp\/v2\/media?parent=7033"}],"curies":[{"name":"wp","href":"https:\/\/api.w.org\/{rel}","templated":true}]}}