{"id":7032,"date":"2018-12-20T13:41:44","date_gmt":"2018-12-20T13:41:44","guid":{"rendered":"https:\/\/www.paradine.at\/ats-eclass-for-ersa\/"},"modified":"2023-04-04T12:25:13","modified_gmt":"2023-04-04T10:25:13","slug":"ats-eclass-for-ersa","status":"publish","type":"page","link":"https:\/\/www.paradine.at\/de\/references\/success-stories\/ats-eclass-for-ersa\/","title":{"rendered":"AT&#038;S &#8211; ECLASS f\u00fcr ERSA"},"content":{"rendered":"<p>[vc_row][vc_column][vc_column_text]<\/p>\n<p class=\"art-postheader\" style=\"text-align: left;\"><strong><span style=\"color: #006ab3; font-size: 14pt;\">AT&amp;S &#8211; Globale Klassifizierung von Ersatzteilen unter ECLASS<\/span><\/strong><\/p>\n<p>Im Rahmen des Projektes &#8220;SPICE&#8221; (Spare Parts Inventory and Cost Enhancement) f\u00fchrte AT&amp;S ein neues unternehmensweites Ersatzteilportfolio inklusive einer mehrsprachigen Materialklassifizierung auf Basis des international etablierten Standards &#8220;ECLASS&#8221; ein und f\u00fchrt einen neuen Prozess f\u00fcr das Ersatzteilmanagement durch. Paradine wurde von AT&amp;S beauftragt, das Projekt gemeinsam mit dem AT&amp;S internen Projektteam umzusetzen.<\/p>\n<p>Die erfolgreiche Einf\u00fchrung von ECLASS im Ersatzteilmanagement zeigt, dass nachhaltiger Nutzen und Kostenreduktion mit gut strukturierten Daten m\u00f6glich ist. Dieses Beispiel kann in Zukunft auch auf andere Materialgruppen innerhalb der AT&amp;S Gruppe \u00fcbertragen werden.<\/p>\n<p>&nbsp;<\/p>\n<p><strong>Mit dem Projekt SPICE erzielt AT&amp;S folgende Vorteile:<\/strong><\/p>\n<ul>\n<li>Klassifizierung und Beschreibung der produktspezifischen Eigenschaften<\/li>\n<li>Bereinigung des Ersatzteilbestandes<\/li>\n<li>43,75% weniger Ersatzteile (Reduktion von 32.000 auf 18.000 Materialien)<\/li>\n<li>20 % weniger Kapitalbindung in Ersatzteilen (Reduktion von EUR 7 Mio. auf EUR 5,6 Mio.)<\/li>\n<li>47 % weniger Lieferanten (Reduktion von 1.500 auf weniger als 800 Lieferanten)<\/li>\n<li>Erh\u00f6hte Transparenz des Teilespektrums im Einkauf, bessere B\u00fcndelung des Bedarfs und damit Reduzierung der Anzahl der Lieferanten<\/li>\n<li>Erhebliche Reduzierung der Anzahl der Einkaufstransaktionen<\/li>\n<li>Signifikante Reduzierung der Produktionsausfallzeiten<\/li>\n<li>Der ROI (Return on Investment) f\u00fcr das SPICE-Projekt wurde in weniger als 7 Monaten erreicht, so dass sich die Projektkosten schon nach kurzer Zeit durch die n\u00e4chsten Einsparungen amortisiert haben<\/li>\n<li>Die Umschlagsh\u00e4ufigkeit der Ersatzteile wurde von ca. 1,5 auf 3 am Ende des Projekts erh\u00f6ht.<\/li>\n<\/ul>\n<p><strong>Paradine Services<\/strong><\/p>\n<p>Durchf\u00fchrung des SPICE-Projektes durch Paradine und Partner und AT&amp;S<br \/>\nParadine war weiters f\u00fcr die Koordination des Projektes verantwortlich<\/p>\n<p>Viele Gesch\u00e4ftsprozesse basieren heute auf einer schlechten Datenbasis. Das SPICE Projekt hat deutlich gemacht, dass die Aufbereitung der Basisdaten (Klassifizierung, inklusive Materialbeschreibung) essentiell f\u00fcr saubere Gesch\u00e4ftsprozesse ist.<\/p>\n<p>Die erfolgreiche Einf\u00fchrung von ECLASS im Ersatzteilmanagement zeigt, dass mit gut strukturierten Daten nachhaltige Vorteile und Kostensenkungen m\u00f6glich sind. Dieses Beispiel kann in Zukunft auch auf andere Materialgruppen innerhalb der AT&amp;S Gruppe \u00fcbertragen werden.<\/p>\n<p><strong>Auszeichnungen<\/strong><\/p>\n<p>Das AT&amp;S Projekt wurde f\u00fcr die herausragende Performance und Beschaffungsmanagementl\u00f6sung mit dem Anerkennungspreis des Bundesverbandes Materialwirtschaft, Einkauf und Logistik in \u00d6sterreich (BM\u00d6) 2009 ausgezeichnet.<\/p>\n<p>&#8220;Die Auszeichnung unseres SPICE-Projektes ist eine gro\u00dfe Anerkennung f\u00fcr unsere laufenden Bem\u00fchungen zur Verbesserung unseres Einkaufsmanagements&#8221;, so Richard Schaller, Leiter des Einkaufs bei AT&amp;S, der die Ehrung durch das BM\u00d6 stellvertretend f\u00fcr den Konzern entgegennahm.<\/p>\n<p style=\"text-align: center;\"><em><span style=\"color: #006ab3; font-size: 14pt;\"><strong>Download:<br \/>\n<\/strong><\/span><\/em><span style=\"font-size: 14pt;\"><i class=\"fa fa-file-pdf-o \" ><\/i> <a  data-e-Disable-Page-Transition=\"true\" class=\"download-link\" title=\"\" href=\"https:\/\/www.paradine.at\/download\/3273\/?tmstv=1776513141\" rel=\"nofollow\" id=\"download-link-3273\" data-redirect=\"false\" >\n\tAT&amp;S-Success-Story-EN<\/a>\n<\/span><\/p>\n<p style=\"text-align: center;\">F\u00fcr weitere Informationen kontaktieren Sie uns bitte unter info(at)paradine.at<\/p>\n<p>[\/vc_column_text][\/vc_column][\/vc_row][vc_row][vc_column][vc_column_text][\/vc_column_text][\/vc_column][\/vc_row]<\/p>\n","protected":false},"excerpt":{"rendered":"<p>[vc_row][vc_column][vc_column_text] AT&amp;S &#8211; Globale Klassifizierung von Ersatzteilen unter ECLASS Im Rahmen des Projektes &#8220;SPICE&#8221; (Spare Parts Inventory and Cost Enhancement) f\u00fchrte AT&amp;S ein neues unternehmensweites Ersatzteilportfolio inklusive einer mehrsprachigen Materialklassifizierung auf Basis des international etablierten Standards &#8220;ECLASS&#8221; ein und f\u00fchrt einen neuen Prozess f\u00fcr das Ersatzteilmanagement durch. Paradine wurde von AT&amp;S beauftragt, das Projekt gemeinsam&#8230;<\/p>\n","protected":false},"author":68,"featured_media":7893,"parent":7033,"menu_order":0,"comment_status":"closed","ping_status":"closed","template":"","meta":{"_acf_changed":false,"footnotes":""},"class_list":["post-7032","page","type-page","status-publish","has-post-thumbnail","hentry"],"acf":[],"yoast_head":"<!-- This site is optimized with the Yoast SEO plugin v23.4 - https:\/\/yoast.com\/wordpress\/plugins\/seo\/ -->\n<title>AT&amp;S - ECLASS f\u00fcr ERSA &#8226; Paradine<\/title>\n<meta name=\"robots\" content=\"index, follow, max-snippet:-1, max-image-preview:large, max-video-preview:-1\" \/>\n<link rel=\"canonical\" href=\"https:\/\/www.paradine.at\/de\/references\/success-stories\/ats-eclass-for-ersa\/\" \/>\n<meta property=\"og:locale\" content=\"de_DE\" \/>\n<meta property=\"og:type\" content=\"article\" \/>\n<meta property=\"og:title\" content=\"AT&amp;S - ECLASS f\u00fcr ERSA &#8226; Paradine\" \/>\n<meta property=\"og:description\" content=\"[vc_row][vc_column][vc_column_text] AT&amp;S &#8211; Globale Klassifizierung von Ersatzteilen unter ECLASS Im Rahmen des Projektes &#8220;SPICE&#8221; (Spare Parts Inventory and Cost Enhancement) f\u00fchrte AT&amp;S ein neues unternehmensweites Ersatzteilportfolio inklusive einer mehrsprachigen Materialklassifizierung auf Basis des international etablierten Standards &#8220;ECLASS&#8221; ein und f\u00fchrt einen neuen Prozess f\u00fcr das Ersatzteilmanagement durch. Paradine wurde von AT&amp;S beauftragt, das Projekt gemeinsam...\" \/>\n<meta property=\"og:url\" content=\"https:\/\/www.paradine.at\/de\/references\/success-stories\/ats-eclass-for-ersa\/\" \/>\n<meta property=\"og:site_name\" content=\"Paradine\" \/>\n<meta property=\"article:publisher\" content=\"https:\/\/www.facebook.com\/paradinegmbh\/\" \/>\n<meta property=\"article:modified_time\" content=\"2023-04-04T10:25:13+00:00\" \/>\n<meta property=\"og:image\" content=\"https:\/\/www.paradine.at\/wp-content\/uploads\/2019\/03\/shutterstock_637649452.jpg\" \/>\n\t<meta property=\"og:image:width\" content=\"1920\" \/>\n\t<meta property=\"og:image:height\" content=\"960\" \/>\n\t<meta property=\"og:image:type\" content=\"image\/jpeg\" \/>\n<meta name=\"twitter:card\" content=\"summary_large_image\" \/>\n<meta name=\"twitter:site\" content=\"@ParadineGmbH\" \/>\n<meta name=\"twitter:label1\" content=\"Gesch\u00e4tzte Lesezeit\" \/>\n\t<meta name=\"twitter:data1\" content=\"2\u00a0Minuten\" \/>\n<script type=\"application\/ld+json\" class=\"yoast-schema-graph\">{\"@context\":\"https:\/\/schema.org\",\"@graph\":[{\"@type\":\"WebPage\",\"@id\":\"https:\/\/www.paradine.at\/de\/references\/success-stories\/ats-eclass-for-ersa\/\",\"url\":\"https:\/\/www.paradine.at\/de\/references\/success-stories\/ats-eclass-for-ersa\/\",\"name\":\"AT&S - ECLASS f\u00fcr ERSA &#8226; Paradine\",\"isPartOf\":{\"@id\":\"https:\/\/www.paradine.at\/de\/#website\"},\"primaryImageOfPage\":{\"@id\":\"https:\/\/www.paradine.at\/de\/references\/success-stories\/ats-eclass-for-ersa\/#primaryimage\"},\"image\":{\"@id\":\"https:\/\/www.paradine.at\/de\/references\/success-stories\/ats-eclass-for-ersa\/#primaryimage\"},\"thumbnailUrl\":\"https:\/\/www.paradine.at\/wp-content\/uploads\/2019\/03\/shutterstock_637649452.jpg\",\"datePublished\":\"2018-12-20T13:41:44+00:00\",\"dateModified\":\"2023-04-04T10:25:13+00:00\",\"breadcrumb\":{\"@id\":\"https:\/\/www.paradine.at\/de\/references\/success-stories\/ats-eclass-for-ersa\/#breadcrumb\"},\"inLanguage\":\"de\",\"potentialAction\":[{\"@type\":\"ReadAction\",\"target\":[\"https:\/\/www.paradine.at\/de\/references\/success-stories\/ats-eclass-for-ersa\/\"]}]},{\"@type\":\"ImageObject\",\"inLanguage\":\"de\",\"@id\":\"https:\/\/www.paradine.at\/de\/references\/success-stories\/ats-eclass-for-ersa\/#primaryimage\",\"url\":\"https:\/\/www.paradine.at\/wp-content\/uploads\/2019\/03\/shutterstock_637649452.jpg\",\"contentUrl\":\"https:\/\/www.paradine.at\/wp-content\/uploads\/2019\/03\/shutterstock_637649452.jpg\",\"width\":1920,\"height\":960,\"caption\":\"Instandhaltungstage Salzburg, 20220630, (c) wildbild\"},{\"@type\":\"BreadcrumbList\",\"@id\":\"https:\/\/www.paradine.at\/de\/references\/success-stories\/ats-eclass-for-ersa\/#breadcrumb\",\"itemListElement\":[{\"@type\":\"ListItem\",\"position\":1,\"name\":\"Home\",\"item\":\"https:\/\/www.paradine.at\/de\/\"},{\"@type\":\"ListItem\",\"position\":2,\"name\":\"Referenzen\",\"item\":\"https:\/\/www.paradine.at\/de\/references\/\"},{\"@type\":\"ListItem\",\"position\":3,\"name\":\"Success-stories\",\"item\":\"https:\/\/www.paradine.at\/de\/references\/success-stories\/\"},{\"@type\":\"ListItem\",\"position\":4,\"name\":\"AT&#038;S &#8211; ECLASS f\u00fcr ERSA\"}]},{\"@type\":\"WebSite\",\"@id\":\"https:\/\/www.paradine.at\/de\/#website\",\"url\":\"https:\/\/www.paradine.at\/de\/\",\"name\":\"Paradine\",\"description\":\"Master Data Management\",\"publisher\":{\"@id\":\"https:\/\/www.paradine.at\/de\/#organization\"},\"potentialAction\":[{\"@type\":\"SearchAction\",\"target\":{\"@type\":\"EntryPoint\",\"urlTemplate\":\"https:\/\/www.paradine.at\/de\/?s={search_term_string}\"},\"query-input\":{\"@type\":\"PropertyValueSpecification\",\"valueRequired\":true,\"valueName\":\"search_term_string\"}}],\"inLanguage\":\"de\"},{\"@type\":\"Organization\",\"@id\":\"https:\/\/www.paradine.at\/de\/#organization\",\"name\":\"Paradine GmbH\",\"url\":\"https:\/\/www.paradine.at\/de\/\",\"logo\":{\"@type\":\"ImageObject\",\"inLanguage\":\"de\",\"@id\":\"https:\/\/www.paradine.at\/de\/#\/schema\/logo\/image\/\",\"url\":\"https:\/\/www.paradine.at\/wp-content\/uploads\/2019\/04\/Paradine-Logo-RGB-png-3200px.png\",\"contentUrl\":\"https:\/\/www.paradine.at\/wp-content\/uploads\/2019\/04\/Paradine-Logo-RGB-png-3200px.png\",\"width\":1920,\"height\":317,\"caption\":\"Paradine GmbH\"},\"image\":{\"@id\":\"https:\/\/www.paradine.at\/de\/#\/schema\/logo\/image\/\"},\"sameAs\":[\"https:\/\/www.facebook.com\/paradinegmbh\/\",\"https:\/\/x.com\/ParadineGmbH\",\"https:\/\/www.instagram.com\/paradinegmbh\/\",\"https:\/\/www.linkedin.com\/company\/paradinegmbh\/\",\"http:\/\/wiki.eclass.eu\/wiki\/PARADINE_GmbH\"]}]}<\/script>\n<!-- \/ Yoast SEO plugin. -->","yoast_head_json":{"title":"AT&S - ECLASS f\u00fcr ERSA &#8226; Paradine","robots":{"index":"index","follow":"follow","max-snippet":"max-snippet:-1","max-image-preview":"max-image-preview:large","max-video-preview":"max-video-preview:-1"},"canonical":"https:\/\/www.paradine.at\/de\/references\/success-stories\/ats-eclass-for-ersa\/","og_locale":"de_DE","og_type":"article","og_title":"AT&S - ECLASS f\u00fcr ERSA &#8226; Paradine","og_description":"[vc_row][vc_column][vc_column_text] AT&amp;S &#8211; Globale Klassifizierung von Ersatzteilen unter ECLASS Im Rahmen des Projektes &#8220;SPICE&#8221; (Spare Parts Inventory and Cost Enhancement) f\u00fchrte AT&amp;S ein neues unternehmensweites Ersatzteilportfolio inklusive einer mehrsprachigen Materialklassifizierung auf Basis des international etablierten Standards &#8220;ECLASS&#8221; ein und f\u00fchrt einen neuen Prozess f\u00fcr das Ersatzteilmanagement durch. Paradine wurde von AT&amp;S beauftragt, das Projekt gemeinsam...","og_url":"https:\/\/www.paradine.at\/de\/references\/success-stories\/ats-eclass-for-ersa\/","og_site_name":"Paradine","article_publisher":"https:\/\/www.facebook.com\/paradinegmbh\/","article_modified_time":"2023-04-04T10:25:13+00:00","og_image":[{"width":1920,"height":960,"url":"https:\/\/www.paradine.at\/wp-content\/uploads\/2019\/03\/shutterstock_637649452.jpg","type":"image\/jpeg"}],"twitter_card":"summary_large_image","twitter_site":"@ParadineGmbH","twitter_misc":{"Gesch\u00e4tzte Lesezeit":"2\u00a0Minuten"},"schema":{"@context":"https:\/\/schema.org","@graph":[{"@type":"WebPage","@id":"https:\/\/www.paradine.at\/de\/references\/success-stories\/ats-eclass-for-ersa\/","url":"https:\/\/www.paradine.at\/de\/references\/success-stories\/ats-eclass-for-ersa\/","name":"AT&S - ECLASS f\u00fcr ERSA &#8226; Paradine","isPartOf":{"@id":"https:\/\/www.paradine.at\/de\/#website"},"primaryImageOfPage":{"@id":"https:\/\/www.paradine.at\/de\/references\/success-stories\/ats-eclass-for-ersa\/#primaryimage"},"image":{"@id":"https:\/\/www.paradine.at\/de\/references\/success-stories\/ats-eclass-for-ersa\/#primaryimage"},"thumbnailUrl":"https:\/\/www.paradine.at\/wp-content\/uploads\/2019\/03\/shutterstock_637649452.jpg","datePublished":"2018-12-20T13:41:44+00:00","dateModified":"2023-04-04T10:25:13+00:00","breadcrumb":{"@id":"https:\/\/www.paradine.at\/de\/references\/success-stories\/ats-eclass-for-ersa\/#breadcrumb"},"inLanguage":"de","potentialAction":[{"@type":"ReadAction","target":["https:\/\/www.paradine.at\/de\/references\/success-stories\/ats-eclass-for-ersa\/"]}]},{"@type":"ImageObject","inLanguage":"de","@id":"https:\/\/www.paradine.at\/de\/references\/success-stories\/ats-eclass-for-ersa\/#primaryimage","url":"https:\/\/www.paradine.at\/wp-content\/uploads\/2019\/03\/shutterstock_637649452.jpg","contentUrl":"https:\/\/www.paradine.at\/wp-content\/uploads\/2019\/03\/shutterstock_637649452.jpg","width":1920,"height":960,"caption":"Instandhaltungstage Salzburg, 20220630, (c) wildbild"},{"@type":"BreadcrumbList","@id":"https:\/\/www.paradine.at\/de\/references\/success-stories\/ats-eclass-for-ersa\/#breadcrumb","itemListElement":[{"@type":"ListItem","position":1,"name":"Home","item":"https:\/\/www.paradine.at\/de\/"},{"@type":"ListItem","position":2,"name":"Referenzen","item":"https:\/\/www.paradine.at\/de\/references\/"},{"@type":"ListItem","position":3,"name":"Success-stories","item":"https:\/\/www.paradine.at\/de\/references\/success-stories\/"},{"@type":"ListItem","position":4,"name":"AT&#038;S &#8211; ECLASS f\u00fcr ERSA"}]},{"@type":"WebSite","@id":"https:\/\/www.paradine.at\/de\/#website","url":"https:\/\/www.paradine.at\/de\/","name":"Paradine","description":"Master Data Management","publisher":{"@id":"https:\/\/www.paradine.at\/de\/#organization"},"potentialAction":[{"@type":"SearchAction","target":{"@type":"EntryPoint","urlTemplate":"https:\/\/www.paradine.at\/de\/?s={search_term_string}"},"query-input":{"@type":"PropertyValueSpecification","valueRequired":true,"valueName":"search_term_string"}}],"inLanguage":"de"},{"@type":"Organization","@id":"https:\/\/www.paradine.at\/de\/#organization","name":"Paradine GmbH","url":"https:\/\/www.paradine.at\/de\/","logo":{"@type":"ImageObject","inLanguage":"de","@id":"https:\/\/www.paradine.at\/de\/#\/schema\/logo\/image\/","url":"https:\/\/www.paradine.at\/wp-content\/uploads\/2019\/04\/Paradine-Logo-RGB-png-3200px.png","contentUrl":"https:\/\/www.paradine.at\/wp-content\/uploads\/2019\/04\/Paradine-Logo-RGB-png-3200px.png","width":1920,"height":317,"caption":"Paradine GmbH"},"image":{"@id":"https:\/\/www.paradine.at\/de\/#\/schema\/logo\/image\/"},"sameAs":["https:\/\/www.facebook.com\/paradinegmbh\/","https:\/\/x.com\/ParadineGmbH","https:\/\/www.instagram.com\/paradinegmbh\/","https:\/\/www.linkedin.com\/company\/paradinegmbh\/","http:\/\/wiki.eclass.eu\/wiki\/PARADINE_GmbH"]}]}},"_links":{"self":[{"href":"https:\/\/www.paradine.at\/de\/wp-json\/wp\/v2\/pages\/7032"}],"collection":[{"href":"https:\/\/www.paradine.at\/de\/wp-json\/wp\/v2\/pages"}],"about":[{"href":"https:\/\/www.paradine.at\/de\/wp-json\/wp\/v2\/types\/page"}],"author":[{"embeddable":true,"href":"https:\/\/www.paradine.at\/de\/wp-json\/wp\/v2\/users\/68"}],"replies":[{"embeddable":true,"href":"https:\/\/www.paradine.at\/de\/wp-json\/wp\/v2\/comments?post=7032"}],"version-history":[{"count":3,"href":"https:\/\/www.paradine.at\/de\/wp-json\/wp\/v2\/pages\/7032\/revisions"}],"predecessor-version":[{"id":7480,"href":"https:\/\/www.paradine.at\/de\/wp-json\/wp\/v2\/pages\/7032\/revisions\/7480"}],"up":[{"embeddable":true,"href":"https:\/\/www.paradine.at\/de\/wp-json\/wp\/v2\/pages\/7033"}],"wp:featuredmedia":[{"embeddable":true,"href":"https:\/\/www.paradine.at\/de\/wp-json\/wp\/v2\/media\/7893"}],"wp:attachment":[{"href":"https:\/\/www.paradine.at\/de\/wp-json\/wp\/v2\/media?parent=7032"}],"curies":[{"name":"wp","href":"https:\/\/api.w.org\/{rel}","templated":true}]}}