{"id":6996,"date":"2018-11-25T18:03:08","date_gmt":"2018-11-25T18:03:08","guid":{"rendered":"https:\/\/www.paradine.at\/company\/partner\/"},"modified":"2023-04-17T11:44:11","modified_gmt":"2023-04-17T09:44:11","slug":"partner","status":"publish","type":"page","link":"https:\/\/www.paradine.at\/de\/company\/partner\/","title":{"rendered":"Partner"},"content":{"rendered":"<p>[vc_row css=&#8221;.vc_custom_1553845993660{margin-bottom: 50px !important;}&#8221;][vc_column width=&#8221;1\/4&#8243;][\/vc_column][vc_column width=&#8221;1\/2&#8243;][vc_column_text]<\/p>\n<h3 style=\"text-align: center;\"><em><span style=\"color: #006ab3;\">Business Partner<\/span><\/em><\/h3>\n<p>[\/vc_column_text][\/vc_column][vc_column width=&#8221;1\/4&#8243;][\/vc_column][\/vc_row][vc_row css=&#8221;.vc_custom_1553845887173{margin-bottom: 25px !important;}&#8221;][vc_column width=&#8221;1\/2&#8243;][vc_column_text]<\/p>\n<h4 style=\"text-align: center;\"><img loading=\"lazy\" decoding=\"async\" class=\"alignnone wp-image-3123\" src=\"https:\/\/www.paradine.at\/wp-content\/uploads\/2019\/04\/bm\u00f6.png\" alt=\"\" width=\"240\" height=\"82\" srcset=\"https:\/\/www.paradine.at\/wp-content\/uploads\/2019\/04\/bm\u00f6.png 390w, https:\/\/www.paradine.at\/wp-content\/uploads\/2019\/04\/bm\u00f6-300x103.png 300w\" sizes=\"(max-width: 240px) 100vw, 240px\" \/><\/h4>\n<p>Verband Materialwirtschaft, Einkauf und Logistik in \u00d6sterreich (BM\u00d6)<\/p>\n<p style=\"text-align: justify;\">Seit mehr als 15 Jahren begleitet der BM\u00d6 F\u00fchrungskr\u00e4fte in Einkauf, Materialwirtschaft und Logistik sowie im Supply Chain Management in ihrer Arbeit und unternehmerischen Verantwortung. Nationale und internationale Netzwerke, Benchmarks, Schulungen und die Verbesserung des Stellenwerts der Einkaufsfunktion und ihrer Leistungstr\u00e4ger in den Unternehmen sind Anliegen des BM\u00d6.<\/p>\n<p>[\/vc_column_text][\/vc_column][vc_column width=&#8221;1\/2&#8243;][vc_column_text css=&#8221;.vc_custom_1681724494632{margin-top: 20px !important;}&#8221;]<\/p>\n<p style=\"text-align: center;\"><img loading=\"lazy\" decoding=\"async\" class=\"alignnone wp-image-5025\" src=\"https:\/\/www.paradine.at\/wp-content\/uploads\/2020\/11\/200921_eclass_newlogo_RGB_RZ-300x76.jpg\" alt=\"\" width=\"250\" height=\"63\" srcset=\"https:\/\/www.paradine.at\/wp-content\/uploads\/2020\/11\/200921_eclass_newlogo_RGB_RZ-300x76.jpg 300w, https:\/\/www.paradine.at\/wp-content\/uploads\/2020\/11\/200921_eclass_newlogo_RGB_RZ-768x194.jpg 768w, https:\/\/www.paradine.at\/wp-content\/uploads\/2020\/11\/200921_eclass_newlogo_RGB_RZ-680x172.jpg 680w, https:\/\/www.paradine.at\/wp-content\/uploads\/2020\/11\/200921_eclass_newlogo_RGB_RZ.jpg 1000w\" sizes=\"(max-width: 250px) 100vw, 250px\" \/><\/p>\n<p style=\"text-align: center;\">ECLASS e.V.<\/p>\n<p style=\"text-align: justify;\"><span class=\"LineBreakBlob BlobObject BCX0 SCXP50560900\">Der ECLASS e.V. ist eine Non-Profit-Organisation, die sich mit der branchen\u00fcbergreifenden und internationalen Definition, Weiterentwicklung und Verbreitung des gleichnamigen Klassifikationsstandards befasst und von ordentlichen und f\u00f6rdernden Mitgliedern aus Unternehmen, Verb\u00e4nden und Institutionen getragen wird. ECLASS kooperiert mit namhaften strategischen Partnern aus den Bereichen der Normung, Informationstechnologie und Verb\u00e4nden. ECLASS ist in nationalen und internationalen Normungs- und Gremien vertreten. Paradine ist zertifizierter, weltweit agierender ECLASS Preferred Partner PLATINUM.<\/span><\/p>\n<p>[\/vc_column_text][\/vc_column][\/vc_row][vc_row][vc_column width=&#8221;1\/2&#8243;][vc_column_text]<\/p>\n<p style=\"text-align: center;\"><strong><img loading=\"lazy\" decoding=\"async\" class=\"alignnone wp-image-2043 size-full\" src=\"http:\/\/www2.paradine.at\/wp-content\/uploads\/2019\/01\/mcplogo.png\" alt=\"\" width=\"220\" height=\"59\" \/><\/strong><\/p>\n<p style=\"text-align: center;\">Dankl+Partner Consulting GmbH<\/p>\n<p style=\"text-align: justify;\">Eine kontinuierliche Steigerung der Effizienz in allen Bereichen ist f\u00fcr die Sicherung der Wettbewerbsf\u00e4higkeit Ihres Unternehmens unerl\u00e4sslich. Dankl+Partner unterst\u00fctzt Sie dabei, die St\u00e4rken Ihres Unternehmens und die Verbesserungsm\u00f6glichkeiten Ihrer Instandhaltung zu erkennen und positiv in Ihrem gesamten Unternehmen zu nutzen.<\/p>\n<p>[\/vc_column_text][vc_column_text][\/vc_column_text][\/vc_column][vc_column width=&#8221;1\/2&#8243;][vc_column_text]<\/p>\n<p style=\"text-align: center;\"><img loading=\"lazy\" decoding=\"async\" class=\"alignnone wp-image-2983\" src=\"http:\/\/www2.paradine.at\/wp-content\/uploads\/2019\/03\/semaku_wordmark.png\" alt=\"\" width=\"250\" height=\"55\" srcset=\"https:\/\/www.paradine.at\/wp-content\/uploads\/2019\/03\/semaku_wordmark.png 1568w, https:\/\/www.paradine.at\/wp-content\/uploads\/2019\/03\/semaku_wordmark-300x66.png 300w, https:\/\/www.paradine.at\/wp-content\/uploads\/2019\/03\/semaku_wordmark-768x168.png 768w, https:\/\/www.paradine.at\/wp-content\/uploads\/2019\/03\/semaku_wordmark-1024x225.png 1024w, https:\/\/www.paradine.at\/wp-content\/uploads\/2019\/03\/semaku_wordmark-680x149.png 680w\" sizes=\"(max-width: 250px) 100vw, 250px\" \/><\/p>\n<p style=\"text-align: center;\">Semaku B.V.<\/p>\n<p style=\"text-align: justify;\">Semaku bietet Produkte und professionelle Dienstleistungen f\u00fcr integriertes Informationsmanagement. Mit Wissensgraphen, Produktinformationsmanagement, Content Management und Product Lifecycle Management helfen wir unseren Kunden, das gro\u00dfe Ganze mit einem einheitlichen, standardbasierten Ansatz zu entdecken und zu verstehen.<\/p>\n<p>[\/vc_column_text][\/vc_column][\/vc_row][vc_row][vc_column width=&#8221;1\/2&#8243;][vc_column_text]<\/p>\n<p style=\"text-align: center;\"><img loading=\"lazy\" decoding=\"async\" class=\"alignnone size-full wp-image-3126\" src=\"https:\/\/www.paradine.at\/wp-content\/uploads\/2019\/04\/Download.jpg\" alt=\"\" width=\"242\" height=\"112\" \/><\/p>\n<p style=\"text-align: center;\">Phoron Consulting GmbH<\/p>\n<div style=\"text-align: justify;\">Phoron &#8211; Consulting ist ein mittelst\u00e4ndisches SAP-Beratungsunternehmen mit Hauptsitz in Wien und Niederlassungen in Deutschland und Brasilien. Phoron wurde 2004 gegr\u00fcndet und blickt auf mehr als 1.000 erfolgreich abgeschlossene Projekte in mehr als 40 L\u00e4ndern zur\u00fcck. Phoron betreut weltweit mehr als 90 Stammkunden.<\/div>\n<p>[\/vc_column_text][\/vc_column][vc_column width=&#8221;1\/2&#8243;][vc_column_text css=&#8221;.vc_custom_1681724559205{margin-top: 10px !important;}&#8221;]<img loading=\"lazy\" decoding=\"async\" class=\" wp-image-2176 aligncenter\" src=\"http:\/\/www2.paradine.at\/wp-content\/uploads\/2019\/03\/akwc-logo-neu-300x125.jpg\" alt=\"\" width=\"240\" height=\"100\" \/><\/p>\n<p style=\"text-align: center;\">AKWC<\/p>\n<p style=\"text-align: justify;\">AKWC ist ein Beratungsb\u00fcro in Peking. Seit 2007 fungiert AKWC als Br\u00fccke zwischen chinesischen und deutschen Kunden. Mit einem festen Mitarbeiterstamm von mindestens zweisprachigen Mitarbeitern aus China und Deutschland kann AKWC kompetent zwischen den beiden Kulturen vermitteln und dementsprechend gezielte Projektberatung und -durchf\u00fchrung anbieten. Durch die langj\u00e4hrige Erfahrung in der deutsch-chinesischen Zusammenarbeit verf\u00fcgt AKWC zudem \u00fcber weitreichende Netzwerke in Politik, Bildung und Wirtschaft in China, auf die auch bei neuen Projekten zur\u00fcckgegriffen werden kann.<\/p>\n<p>[\/vc_column_text][\/vc_column][\/vc_row][vc_row css=&#8221;.vc_custom_1553846004596{margin-top: 50px !important;margin-bottom: 50px !important;}&#8221;][vc_column width=&#8221;1\/4&#8243;][\/vc_column][vc_column width=&#8221;1\/2&#8243;][vc_column_text css=&#8221;.vc_custom_1555070950977{margin-bottom: 0px !important;}&#8221;]<\/p>\n<h3 style=\"text-align: center;\"><em><span style=\"color: #006ab3;\">Technology Partner<\/span><\/em><\/h3>\n<p>[\/vc_column_text][\/vc_column][vc_column width=&#8221;1\/4&#8243;][\/vc_column][\/vc_row][vc_row][vc_column width=&#8221;1\/2&#8243;][vc_column_text css=&#8221;.vc_custom_1681724576772{margin-top: 0px !important;}&#8221;]<\/p>\n<p style=\"text-align: center;\"><img loading=\"lazy\" decoding=\"async\" class=\"alignnone wp-image-3533\" src=\"https:\/\/www.paradine.at\/wp-content\/uploads\/2019\/04\/Badge-300x200.jpeg\" alt=\"\" width=\"254\" height=\"169\" srcset=\"https:\/\/www.paradine.at\/wp-content\/uploads\/2019\/04\/Badge-300x200.jpeg 300w, https:\/\/www.paradine.at\/wp-content\/uploads\/2019\/04\/Badge.jpeg 650w\" sizes=\"(max-width: 254px) 100vw, 254px\" \/><\/p>\n<p style=\"text-align: center;\">Microsoft Corporation<\/p>\n<p style=\"text-align: justify;\">Microsoft ist der weltweit f\u00fchrende Anbieter von Software, Diensten und L\u00f6sungen. Die Produktpalette reicht vom Betriebssystem f\u00fcr PCs, mobile Ger\u00e4te und Netzwerke \u00fcber Serversoftware, Produktivit\u00e4tssoftware f\u00fcr Unternehmen und Privatanwender, Multimedia-Anwendungen und Online-Dienste bis hin zu Entwickler-Tools.<\/p>\n<p>[\/vc_column_text][\/vc_column][vc_column width=&#8221;1\/2&#8243;][vc_column_text css=&#8221;.vc_custom_1681724603486{margin-top: 70px !important;}&#8221;]<\/p>\n<p style=\"text-align: center;\"><img loading=\"lazy\" decoding=\"async\" class=\"alignnone size-full wp-image-3129\" src=\"https:\/\/www.paradine.at\/wp-content\/uploads\/2019\/04\/primary-sig.jpg\" alt=\"\" width=\"255\" height=\"48\" \/><\/p>\n<p>&nbsp;<\/p>\n<p style=\"text-align: center;\">Oracle Corporation<\/p>\n<p style=\"text-align: justify;\">Oracle bietet Unternehmenssoftware und Hardwaresysteme f\u00fcr mehr als 370.000 Kunden &#8211; darunter 100 der Fortune-100-Unternehmen &#8211; in mehr als 145 L\u00e4ndern rund um den Globus an, die eine Vielzahl von Gr\u00f6\u00dfen und Branchen vertreten.<\/p>\n<p>[\/vc_column_text][\/vc_column][\/vc_row][vc_row css=&#8221;.vc_custom_1553846013140{margin-bottom: 25px !important;}&#8221;][vc_column width=&#8221;1\/2&#8243;][vc_column_text]<\/p>\n<p style=\"text-align: center;\"><img loading=\"lazy\" decoding=\"async\" class=\"alignnone wp-image-3535\" src=\"https:\/\/www.paradine.at\/wp-content\/uploads\/2019\/04\/ibm-300x130.png\" alt=\"\" width=\"240\" height=\"104\" srcset=\"https:\/\/www.paradine.at\/wp-content\/uploads\/2019\/04\/ibm-300x130.png 300w, https:\/\/www.paradine.at\/wp-content\/uploads\/2019\/04\/ibm.png 324w\" sizes=\"(max-width: 240px) 100vw, 240px\" \/><\/p>\n<p style=\"text-align: center;\">IBM Corporation<\/p>\n<p style=\"text-align: justify;\">IBM ist eines der weltweit f\u00fchrenden Unternehmen f\u00fcr Hardware, Software und Dienstleistungen im IT-Bereich und eines der gr\u00f6\u00dften Beratungsunternehmen.<\/p>\n<p>[\/vc_column_text][\/vc_column][vc_column width=&#8221;1\/2&#8243;][vc_column_text css=&#8221;.vc_custom_1681724641932{margin-top: 20px !important;}&#8221;]<\/p>\n<p style=\"text-align: center;\"><img loading=\"lazy\" decoding=\"async\" class=\"alignnone size-full wp-image-3229\" src=\"https:\/\/www.paradine.at\/wp-content\/uploads\/2019\/04\/semaino_logo_small.png\" alt=\"\" width=\"250\" height=\"83\" \/><\/p>\n<p style=\"text-align: center;\">semaino Technologies GmbH<\/p>\n<p style=\"text-align: justify;\">Semaino realisiert als Full-Service-Dienstleister bedarfsgerechte L\u00f6sungen f\u00fcr elektronisches Produktmanagement. Mit der plattformunabh\u00e4ngigen Ausrichtung begleitet Semaino die Unternehmen von der ersten Analyse \u00fcber die Konzeption bis hin zur Konfiguration und Ausgabe von elektronischen Produktkatalogen.<\/p>\n<p>[\/vc_column_text][\/vc_column][\/vc_row]<\/p>\n","protected":false},"excerpt":{"rendered":"<p>[vc_row css=&#8221;.vc_custom_1553845993660{margin-bottom: 50px !important;}&#8221;][vc_column width=&#8221;1\/4&#8243;][\/vc_column][vc_column width=&#8221;1\/2&#8243;][vc_column_text] Business Partner [\/vc_column_text][\/vc_column][vc_column width=&#8221;1\/4&#8243;][\/vc_column][\/vc_row][vc_row css=&#8221;.vc_custom_1553845887173{margin-bottom: 25px !important;}&#8221;][vc_column width=&#8221;1\/2&#8243;][vc_column_text] Verband Materialwirtschaft, Einkauf und Logistik in \u00d6sterreich (BM\u00d6) Seit mehr als 15 Jahren begleitet der BM\u00d6 F\u00fchrungskr\u00e4fte in Einkauf, Materialwirtschaft und Logistik sowie im Supply Chain Management in ihrer Arbeit und unternehmerischen Verantwortung. Nationale und internationale Netzwerke, Benchmarks, Schulungen und die&#8230;<\/p>\n","protected":false},"author":68,"featured_media":7871,"parent":2299,"menu_order":0,"comment_status":"closed","ping_status":"closed","template":"","meta":{"_acf_changed":false,"footnotes":""},"class_list":["post-6996","page","type-page","status-publish","has-post-thumbnail","hentry"],"acf":[],"yoast_head":"<!-- This site is optimized with the Yoast SEO plugin v23.4 - https:\/\/yoast.com\/wordpress\/plugins\/seo\/ -->\n<title>Partner &#8226; Paradine<\/title>\n<meta name=\"robots\" content=\"index, follow, max-snippet:-1, max-image-preview:large, max-video-preview:-1\" \/>\n<link rel=\"canonical\" href=\"https:\/\/www.paradine.at\/de\/company\/partner\/\" \/>\n<meta property=\"og:locale\" content=\"de_DE\" \/>\n<meta property=\"og:type\" content=\"article\" \/>\n<meta property=\"og:title\" content=\"Partner &#8226; Paradine\" \/>\n<meta property=\"og:description\" content=\"[vc_row css=&#8221;.vc_custom_1553845993660{margin-bottom: 50px !important;}&#8221;][vc_column width=&#8221;1\/4&#8243;][\/vc_column][vc_column width=&#8221;1\/2&#8243;][vc_column_text] Business Partner [\/vc_column_text][\/vc_column][vc_column width=&#8221;1\/4&#8243;][\/vc_column][\/vc_row][vc_row css=&#8221;.vc_custom_1553845887173{margin-bottom: 25px !important;}&#8221;][vc_column width=&#8221;1\/2&#8243;][vc_column_text] Verband Materialwirtschaft, Einkauf und Logistik in \u00d6sterreich (BM\u00d6) Seit mehr als 15 Jahren begleitet der BM\u00d6 F\u00fchrungskr\u00e4fte in Einkauf, Materialwirtschaft und Logistik sowie im Supply Chain Management in ihrer Arbeit und unternehmerischen Verantwortung. Nationale und internationale Netzwerke, Benchmarks, Schulungen und die...\" \/>\n<meta property=\"og:url\" content=\"https:\/\/www.paradine.at\/de\/company\/partner\/\" \/>\n<meta property=\"og:site_name\" content=\"Paradine\" \/>\n<meta property=\"article:publisher\" content=\"https:\/\/www.facebook.com\/paradinegmbh\/\" \/>\n<meta property=\"article:modified_time\" content=\"2023-04-17T09:44:11+00:00\" \/>\n<meta property=\"og:image\" content=\"https:\/\/www.paradine.at\/wp-content\/uploads\/2022\/08\/teamwork-gc7ad772e8_1920.jpg\" \/>\n\t<meta property=\"og:image:width\" content=\"1920\" \/>\n\t<meta property=\"og:image:height\" content=\"1210\" \/>\n\t<meta property=\"og:image:type\" content=\"image\/jpeg\" \/>\n<meta name=\"twitter:card\" content=\"summary_large_image\" \/>\n<meta name=\"twitter:site\" content=\"@ParadineGmbH\" \/>\n<meta name=\"twitter:label1\" content=\"Gesch\u00e4tzte Lesezeit\" \/>\n\t<meta name=\"twitter:data1\" content=\"5\u00a0Minuten\" \/>\n<script type=\"application\/ld+json\" class=\"yoast-schema-graph\">{\"@context\":\"https:\/\/schema.org\",\"@graph\":[{\"@type\":\"WebPage\",\"@id\":\"https:\/\/www.paradine.at\/de\/company\/partner\/\",\"url\":\"https:\/\/www.paradine.at\/de\/company\/partner\/\",\"name\":\"Partner &#8226; Paradine\",\"isPartOf\":{\"@id\":\"https:\/\/www.paradine.at\/de\/#website\"},\"primaryImageOfPage\":{\"@id\":\"https:\/\/www.paradine.at\/de\/company\/partner\/#primaryimage\"},\"image\":{\"@id\":\"https:\/\/www.paradine.at\/de\/company\/partner\/#primaryimage\"},\"thumbnailUrl\":\"https:\/\/www.paradine.at\/wp-content\/uploads\/2022\/08\/teamwork-gc7ad772e8_1920.jpg\",\"datePublished\":\"2018-11-25T18:03:08+00:00\",\"dateModified\":\"2023-04-17T09:44:11+00:00\",\"breadcrumb\":{\"@id\":\"https:\/\/www.paradine.at\/de\/company\/partner\/#breadcrumb\"},\"inLanguage\":\"de\",\"potentialAction\":[{\"@type\":\"ReadAction\",\"target\":[\"https:\/\/www.paradine.at\/de\/company\/partner\/\"]}]},{\"@type\":\"ImageObject\",\"inLanguage\":\"de\",\"@id\":\"https:\/\/www.paradine.at\/de\/company\/partner\/#primaryimage\",\"url\":\"https:\/\/www.paradine.at\/wp-content\/uploads\/2022\/08\/teamwork-gc7ad772e8_1920.jpg\",\"contentUrl\":\"https:\/\/www.paradine.at\/wp-content\/uploads\/2022\/08\/teamwork-gc7ad772e8_1920.jpg\",\"width\":1920,\"height\":1210},{\"@type\":\"BreadcrumbList\",\"@id\":\"https:\/\/www.paradine.at\/de\/company\/partner\/#breadcrumb\",\"itemListElement\":[{\"@type\":\"ListItem\",\"position\":1,\"name\":\"Home\",\"item\":\"https:\/\/www.paradine.at\/de\/\"},{\"@type\":\"ListItem\",\"position\":2,\"name\":\"Unternehmen\",\"item\":\"https:\/\/www.paradine.at\/de\/company\/\"},{\"@type\":\"ListItem\",\"position\":3,\"name\":\"Partner\"}]},{\"@type\":\"WebSite\",\"@id\":\"https:\/\/www.paradine.at\/de\/#website\",\"url\":\"https:\/\/www.paradine.at\/de\/\",\"name\":\"Paradine\",\"description\":\"Master Data Management\",\"publisher\":{\"@id\":\"https:\/\/www.paradine.at\/de\/#organization\"},\"potentialAction\":[{\"@type\":\"SearchAction\",\"target\":{\"@type\":\"EntryPoint\",\"urlTemplate\":\"https:\/\/www.paradine.at\/de\/?s={search_term_string}\"},\"query-input\":{\"@type\":\"PropertyValueSpecification\",\"valueRequired\":true,\"valueName\":\"search_term_string\"}}],\"inLanguage\":\"de\"},{\"@type\":\"Organization\",\"@id\":\"https:\/\/www.paradine.at\/de\/#organization\",\"name\":\"Paradine GmbH\",\"url\":\"https:\/\/www.paradine.at\/de\/\",\"logo\":{\"@type\":\"ImageObject\",\"inLanguage\":\"de\",\"@id\":\"https:\/\/www.paradine.at\/de\/#\/schema\/logo\/image\/\",\"url\":\"https:\/\/www.paradine.at\/wp-content\/uploads\/2019\/04\/Paradine-Logo-RGB-png-3200px.png\",\"contentUrl\":\"https:\/\/www.paradine.at\/wp-content\/uploads\/2019\/04\/Paradine-Logo-RGB-png-3200px.png\",\"width\":1920,\"height\":317,\"caption\":\"Paradine GmbH\"},\"image\":{\"@id\":\"https:\/\/www.paradine.at\/de\/#\/schema\/logo\/image\/\"},\"sameAs\":[\"https:\/\/www.facebook.com\/paradinegmbh\/\",\"https:\/\/x.com\/ParadineGmbH\",\"https:\/\/www.instagram.com\/paradinegmbh\/\",\"https:\/\/www.linkedin.com\/company\/paradinegmbh\/\",\"http:\/\/wiki.eclass.eu\/wiki\/PARADINE_GmbH\"]}]}<\/script>\n<!-- \/ Yoast SEO plugin. -->","yoast_head_json":{"title":"Partner &#8226; Paradine","robots":{"index":"index","follow":"follow","max-snippet":"max-snippet:-1","max-image-preview":"max-image-preview:large","max-video-preview":"max-video-preview:-1"},"canonical":"https:\/\/www.paradine.at\/de\/company\/partner\/","og_locale":"de_DE","og_type":"article","og_title":"Partner &#8226; Paradine","og_description":"[vc_row css=&#8221;.vc_custom_1553845993660{margin-bottom: 50px !important;}&#8221;][vc_column width=&#8221;1\/4&#8243;][\/vc_column][vc_column width=&#8221;1\/2&#8243;][vc_column_text] Business Partner [\/vc_column_text][\/vc_column][vc_column width=&#8221;1\/4&#8243;][\/vc_column][\/vc_row][vc_row css=&#8221;.vc_custom_1553845887173{margin-bottom: 25px !important;}&#8221;][vc_column width=&#8221;1\/2&#8243;][vc_column_text] Verband Materialwirtschaft, Einkauf und Logistik in \u00d6sterreich (BM\u00d6) Seit mehr als 15 Jahren begleitet der BM\u00d6 F\u00fchrungskr\u00e4fte in Einkauf, Materialwirtschaft und Logistik sowie im Supply Chain Management in ihrer Arbeit und unternehmerischen Verantwortung. Nationale und internationale Netzwerke, Benchmarks, Schulungen und die...","og_url":"https:\/\/www.paradine.at\/de\/company\/partner\/","og_site_name":"Paradine","article_publisher":"https:\/\/www.facebook.com\/paradinegmbh\/","article_modified_time":"2023-04-17T09:44:11+00:00","og_image":[{"width":1920,"height":1210,"url":"https:\/\/www.paradine.at\/wp-content\/uploads\/2022\/08\/teamwork-gc7ad772e8_1920.jpg","type":"image\/jpeg"}],"twitter_card":"summary_large_image","twitter_site":"@ParadineGmbH","twitter_misc":{"Gesch\u00e4tzte Lesezeit":"5\u00a0Minuten"},"schema":{"@context":"https:\/\/schema.org","@graph":[{"@type":"WebPage","@id":"https:\/\/www.paradine.at\/de\/company\/partner\/","url":"https:\/\/www.paradine.at\/de\/company\/partner\/","name":"Partner &#8226; Paradine","isPartOf":{"@id":"https:\/\/www.paradine.at\/de\/#website"},"primaryImageOfPage":{"@id":"https:\/\/www.paradine.at\/de\/company\/partner\/#primaryimage"},"image":{"@id":"https:\/\/www.paradine.at\/de\/company\/partner\/#primaryimage"},"thumbnailUrl":"https:\/\/www.paradine.at\/wp-content\/uploads\/2022\/08\/teamwork-gc7ad772e8_1920.jpg","datePublished":"2018-11-25T18:03:08+00:00","dateModified":"2023-04-17T09:44:11+00:00","breadcrumb":{"@id":"https:\/\/www.paradine.at\/de\/company\/partner\/#breadcrumb"},"inLanguage":"de","potentialAction":[{"@type":"ReadAction","target":["https:\/\/www.paradine.at\/de\/company\/partner\/"]}]},{"@type":"ImageObject","inLanguage":"de","@id":"https:\/\/www.paradine.at\/de\/company\/partner\/#primaryimage","url":"https:\/\/www.paradine.at\/wp-content\/uploads\/2022\/08\/teamwork-gc7ad772e8_1920.jpg","contentUrl":"https:\/\/www.paradine.at\/wp-content\/uploads\/2022\/08\/teamwork-gc7ad772e8_1920.jpg","width":1920,"height":1210},{"@type":"BreadcrumbList","@id":"https:\/\/www.paradine.at\/de\/company\/partner\/#breadcrumb","itemListElement":[{"@type":"ListItem","position":1,"name":"Home","item":"https:\/\/www.paradine.at\/de\/"},{"@type":"ListItem","position":2,"name":"Unternehmen","item":"https:\/\/www.paradine.at\/de\/company\/"},{"@type":"ListItem","position":3,"name":"Partner"}]},{"@type":"WebSite","@id":"https:\/\/www.paradine.at\/de\/#website","url":"https:\/\/www.paradine.at\/de\/","name":"Paradine","description":"Master Data Management","publisher":{"@id":"https:\/\/www.paradine.at\/de\/#organization"},"potentialAction":[{"@type":"SearchAction","target":{"@type":"EntryPoint","urlTemplate":"https:\/\/www.paradine.at\/de\/?s={search_term_string}"},"query-input":{"@type":"PropertyValueSpecification","valueRequired":true,"valueName":"search_term_string"}}],"inLanguage":"de"},{"@type":"Organization","@id":"https:\/\/www.paradine.at\/de\/#organization","name":"Paradine GmbH","url":"https:\/\/www.paradine.at\/de\/","logo":{"@type":"ImageObject","inLanguage":"de","@id":"https:\/\/www.paradine.at\/de\/#\/schema\/logo\/image\/","url":"https:\/\/www.paradine.at\/wp-content\/uploads\/2019\/04\/Paradine-Logo-RGB-png-3200px.png","contentUrl":"https:\/\/www.paradine.at\/wp-content\/uploads\/2019\/04\/Paradine-Logo-RGB-png-3200px.png","width":1920,"height":317,"caption":"Paradine GmbH"},"image":{"@id":"https:\/\/www.paradine.at\/de\/#\/schema\/logo\/image\/"},"sameAs":["https:\/\/www.facebook.com\/paradinegmbh\/","https:\/\/x.com\/ParadineGmbH","https:\/\/www.instagram.com\/paradinegmbh\/","https:\/\/www.linkedin.com\/company\/paradinegmbh\/","http:\/\/wiki.eclass.eu\/wiki\/PARADINE_GmbH"]}]}},"_links":{"self":[{"href":"https:\/\/www.paradine.at\/de\/wp-json\/wp\/v2\/pages\/6996"}],"collection":[{"href":"https:\/\/www.paradine.at\/de\/wp-json\/wp\/v2\/pages"}],"about":[{"href":"https:\/\/www.paradine.at\/de\/wp-json\/wp\/v2\/types\/page"}],"author":[{"embeddable":true,"href":"https:\/\/www.paradine.at\/de\/wp-json\/wp\/v2\/users\/68"}],"replies":[{"embeddable":true,"href":"https:\/\/www.paradine.at\/de\/wp-json\/wp\/v2\/comments?post=6996"}],"version-history":[{"count":4,"href":"https:\/\/www.paradine.at\/de\/wp-json\/wp\/v2\/pages\/6996\/revisions"}],"predecessor-version":[{"id":8085,"href":"https:\/\/www.paradine.at\/de\/wp-json\/wp\/v2\/pages\/6996\/revisions\/8085"}],"up":[{"embeddable":true,"href":"https:\/\/www.paradine.at\/de\/wp-json\/wp\/v2\/pages\/2299"}],"wp:featuredmedia":[{"embeddable":true,"href":"https:\/\/www.paradine.at\/de\/wp-json\/wp\/v2\/media\/7871"}],"wp:attachment":[{"href":"https:\/\/www.paradine.at\/de\/wp-json\/wp\/v2\/media?parent=6996"}],"curies":[{"name":"wp","href":"https:\/\/api.w.org\/{rel}","templated":true}]}}