{"id":6993,"date":"2019-03-25T09:39:51","date_gmt":"2019-03-25T09:39:51","guid":{"rendered":"https:\/\/www.paradine.at\/company\/career\/material-master-data-specialist\/"},"modified":"2023-04-04T12:09:28","modified_gmt":"2023-04-04T10:09:28","slug":"material-master-data-specialist","status":"publish","type":"page","link":"https:\/\/www.paradine.at\/de\/company\/career\/material-master-data-specialist\/","title":{"rendered":"Spezialist f\u00fcr Materialstammdaten"},"content":{"rendered":"<p>[vc_row][vc_column][vc_column_text]<\/p>\n<h4><span style=\"font-size: 14pt; color: #006ab3;\">Materialstammdaten-Spezialist <\/span><span style=\"color: #006ab3; font-size: 14pt;\">(w\/m\/d)<\/span><\/h4>\n<p>Internationales Gesch\u00e4ft erfordert eine internationale Unternehmensphilosophie. Wir von Paradine freuen uns, f\u00fcr Weltkonzerne wie AT &amp; S, BASF, Carl Zeiss, Siemens und Volkswagen zu arbeiten. Mit unserer eptos&#x2122; Master Data Management L\u00f6sung unterst\u00fctzen wir unternehmensweites, system\u00fcbergreifendes, mehrsprachiges Master Data Management f\u00fcr Branchenf\u00fchrer. Unsere Master Data Services sind die erste Wahl f\u00fcr die Bereinigung, Anreicherung und Konsolidierung gro\u00dfer Mengen mehrsprachiger Materialstammdaten. Und unsere Reise geht weiter &#8211; mit spannenden neuen Themen, die wir angehen m\u00fcssen, und sich \u00e4ndernden Kundenanforderungen. Sind Sie offen f\u00fcr neue Herausforderungen, und sch\u00e4tzen Sie kulturelle Vielfalt? Dann nehmen Sie Kontakt mit uns auf. Wir suchen SIE!<\/p>\n<p>Zur Verst\u00e4rkung unseres Teams suchen wir ab sofort einen Materialstammdatenspezialisten (m\/w)!<\/p>\n<p><strong>IHR ZUK\u00dcNFTIGES AUFGABENGEBIET<\/strong><\/p>\n<ul>\n<li>Mitbetreuung der Stammdatenumgebung unserer Kunden mit Fokus auf Materialstamm und Materialklassifizierung<\/li>\n<li>Vorbereitung und Durchf\u00fchrung von Projekt-Rollouts<\/li>\n<li>Kommunikation mit Kunden und Partnern<\/li>\n<li>Beratung und Reorganisation von Prozessen und Vorgehensmethodik<\/li>\n<\/ul>\n<p><strong>IHRE ERFAHRUNGEN<\/strong><\/p>\n<ul>\n<li>Laufendes Studium der Technik oder Informatik (FH oder Uni)<br \/>\nErfahrungen im Bereich Stammdatenmanagement und Produktklassifizierung sind von Vorteil<\/li>\n<li>Sehr gute Microsoft Office Kenntnisse (insbesondere Excel)<\/li>\n<li>Ausgepr\u00e4gtes logisches und analytisches Denken (prozessorientiertes Denken und Zusammenh\u00e4nge)<\/li>\n<li>Pr\u00e4zise und strukturierte Arbeitsweise<\/li>\n<li>Selbstbewusstes Auftreten und F\u00e4higkeit zur Teamarbeit<\/li>\n<li>Gute Deutsch- und Englischkenntnisse in Wort und Schrift<\/li>\n<li>Flexibilit\u00e4t und Einsatzbereitschaft<\/li>\n<\/ul>\n<p><strong>UNSER ANGEBOT<\/strong><\/p>\n<ul>\n<li>Sie arbeiten in einem hoch motivierten und kompetenten Team mit einer aufgeschlossenen Arbeitskultur<\/li>\n<li>Sie k\u00f6nnen Ihre Work-Life-Balance selbst bestimmen, indem Sie Ihre eigenen flexiblen Arbeitsregelungen mit Home-Office-M\u00f6glichkeiten w\u00e4hlen<\/li>\n<li>Sie arbeiten mit den modernsten Tools f\u00fcr agile Zusammenarbeit von Atlassian (Jira, Confluence usw.)<\/li>\n<li>Sie haben die M\u00f6glichkeit, sich in zus\u00e4tzlichen Kursen weiterzubilden und wir unterst\u00fctzen Sie bei Ihren Projekten und Aktivit\u00e4ten<\/li>\n<\/ul>\n<p><strong>Wenn Sie unser Team verst\u00e4rken m\u00f6chten, senden Sie bitte Ihre vollst\u00e4ndigen Bewerbungsunterlagen an career@paradine.at<\/strong>[\/vc_column_text][\/vc_column][\/vc_row]<\/p>\n","protected":false},"excerpt":{"rendered":"<p>[vc_row][vc_column][vc_column_text] Materialstammdaten-Spezialist (w\/m\/d) Internationales Gesch\u00e4ft erfordert eine internationale Unternehmensphilosophie. Wir von Paradine freuen uns, f\u00fcr Weltkonzerne wie AT &amp; S, BASF, Carl Zeiss, Siemens und Volkswagen zu arbeiten. Mit unserer eptos&#x2122; Master Data Management L\u00f6sung unterst\u00fctzen wir unternehmensweites, system\u00fcbergreifendes, mehrsprachiges Master Data Management f\u00fcr Branchenf\u00fchrer. Unsere Master Data Services sind die erste Wahl f\u00fcr die&#8230;<\/p>\n","protected":false},"author":68,"featured_media":7873,"parent":2500,"menu_order":0,"comment_status":"closed","ping_status":"closed","template":"","meta":{"_acf_changed":false,"footnotes":""},"class_list":["post-6993","page","type-page","status-publish","has-post-thumbnail","hentry"],"acf":[],"yoast_head":"<!-- This site is optimized with the Yoast SEO plugin v23.4 - https:\/\/yoast.com\/wordpress\/plugins\/seo\/ -->\n<title>Spezialist f\u00fcr Materialstammdaten &#8226; Paradine<\/title>\n<meta name=\"robots\" content=\"index, follow, max-snippet:-1, max-image-preview:large, max-video-preview:-1\" \/>\n<link rel=\"canonical\" href=\"https:\/\/www.paradine.at\/de\/company\/career\/material-master-data-specialist\/\" \/>\n<meta property=\"og:locale\" content=\"de_DE\" \/>\n<meta property=\"og:type\" content=\"article\" \/>\n<meta property=\"og:title\" content=\"Spezialist f\u00fcr Materialstammdaten &#8226; Paradine\" \/>\n<meta property=\"og:description\" content=\"[vc_row][vc_column][vc_column_text] Materialstammdaten-Spezialist (w\/m\/d) Internationales Gesch\u00e4ft erfordert eine internationale Unternehmensphilosophie. Wir von Paradine freuen uns, f\u00fcr Weltkonzerne wie AT &amp; S, BASF, Carl Zeiss, Siemens und Volkswagen zu arbeiten. Mit unserer eptos&#x2122; Master Data Management L\u00f6sung unterst\u00fctzen wir unternehmensweites, system\u00fcbergreifendes, mehrsprachiges Master Data Management f\u00fcr Branchenf\u00fchrer. Unsere Master Data Services sind die erste Wahl f\u00fcr die...\" \/>\n<meta property=\"og:url\" content=\"https:\/\/www.paradine.at\/de\/company\/career\/material-master-data-specialist\/\" \/>\n<meta property=\"og:site_name\" content=\"Paradine\" \/>\n<meta property=\"article:publisher\" content=\"https:\/\/www.facebook.com\/paradinegmbh\/\" \/>\n<meta property=\"article:modified_time\" content=\"2023-04-04T10:09:28+00:00\" \/>\n<meta property=\"og:image\" content=\"https:\/\/www.paradine.at\/wp-content\/uploads\/2019\/01\/shutterstock_378771547.jpg\" \/>\n\t<meta property=\"og:image:width\" content=\"1024\" \/>\n\t<meta property=\"og:image:height\" content=\"620\" \/>\n\t<meta property=\"og:image:type\" content=\"image\/jpeg\" \/>\n<meta name=\"twitter:card\" content=\"summary_large_image\" \/>\n<meta name=\"twitter:site\" content=\"@ParadineGmbH\" \/>\n<meta name=\"twitter:label1\" content=\"Gesch\u00e4tzte Lesezeit\" \/>\n\t<meta name=\"twitter:data1\" content=\"2\u00a0Minuten\" \/>\n<script type=\"application\/ld+json\" class=\"yoast-schema-graph\">{\"@context\":\"https:\/\/schema.org\",\"@graph\":[{\"@type\":\"WebPage\",\"@id\":\"https:\/\/www.paradine.at\/de\/company\/career\/material-master-data-specialist\/\",\"url\":\"https:\/\/www.paradine.at\/de\/company\/career\/material-master-data-specialist\/\",\"name\":\"Spezialist f\u00fcr Materialstammdaten &#8226; Paradine\",\"isPartOf\":{\"@id\":\"https:\/\/www.paradine.at\/de\/#website\"},\"primaryImageOfPage\":{\"@id\":\"https:\/\/www.paradine.at\/de\/company\/career\/material-master-data-specialist\/#primaryimage\"},\"image\":{\"@id\":\"https:\/\/www.paradine.at\/de\/company\/career\/material-master-data-specialist\/#primaryimage\"},\"thumbnailUrl\":\"https:\/\/www.paradine.at\/wp-content\/uploads\/2019\/01\/shutterstock_378771547.jpg\",\"datePublished\":\"2019-03-25T09:39:51+00:00\",\"dateModified\":\"2023-04-04T10:09:28+00:00\",\"breadcrumb\":{\"@id\":\"https:\/\/www.paradine.at\/de\/company\/career\/material-master-data-specialist\/#breadcrumb\"},\"inLanguage\":\"de\",\"potentialAction\":[{\"@type\":\"ReadAction\",\"target\":[\"https:\/\/www.paradine.at\/de\/company\/career\/material-master-data-specialist\/\"]}]},{\"@type\":\"ImageObject\",\"inLanguage\":\"de\",\"@id\":\"https:\/\/www.paradine.at\/de\/company\/career\/material-master-data-specialist\/#primaryimage\",\"url\":\"https:\/\/www.paradine.at\/wp-content\/uploads\/2019\/01\/shutterstock_378771547.jpg\",\"contentUrl\":\"https:\/\/www.paradine.at\/wp-content\/uploads\/2019\/01\/shutterstock_378771547.jpg\",\"width\":4903,\"height\":2971},{\"@type\":\"BreadcrumbList\",\"@id\":\"https:\/\/www.paradine.at\/de\/company\/career\/material-master-data-specialist\/#breadcrumb\",\"itemListElement\":[{\"@type\":\"ListItem\",\"position\":1,\"name\":\"Home\",\"item\":\"https:\/\/www.paradine.at\/de\/\"},{\"@type\":\"ListItem\",\"position\":2,\"name\":\"Unternehmen\",\"item\":\"https:\/\/www.paradine.at\/de\/company\/\"},{\"@type\":\"ListItem\",\"position\":3,\"name\":\"Karriere\",\"item\":\"https:\/\/www.paradine.at\/de\/company\/career\/\"},{\"@type\":\"ListItem\",\"position\":4,\"name\":\"Spezialist f\u00fcr Materialstammdaten\"}]},{\"@type\":\"WebSite\",\"@id\":\"https:\/\/www.paradine.at\/de\/#website\",\"url\":\"https:\/\/www.paradine.at\/de\/\",\"name\":\"Paradine\",\"description\":\"Master Data Management\",\"publisher\":{\"@id\":\"https:\/\/www.paradine.at\/de\/#organization\"},\"potentialAction\":[{\"@type\":\"SearchAction\",\"target\":{\"@type\":\"EntryPoint\",\"urlTemplate\":\"https:\/\/www.paradine.at\/de\/?s={search_term_string}\"},\"query-input\":{\"@type\":\"PropertyValueSpecification\",\"valueRequired\":true,\"valueName\":\"search_term_string\"}}],\"inLanguage\":\"de\"},{\"@type\":\"Organization\",\"@id\":\"https:\/\/www.paradine.at\/de\/#organization\",\"name\":\"Paradine GmbH\",\"url\":\"https:\/\/www.paradine.at\/de\/\",\"logo\":{\"@type\":\"ImageObject\",\"inLanguage\":\"de\",\"@id\":\"https:\/\/www.paradine.at\/de\/#\/schema\/logo\/image\/\",\"url\":\"https:\/\/www.paradine.at\/wp-content\/uploads\/2019\/04\/Paradine-Logo-RGB-png-3200px.png\",\"contentUrl\":\"https:\/\/www.paradine.at\/wp-content\/uploads\/2019\/04\/Paradine-Logo-RGB-png-3200px.png\",\"width\":1920,\"height\":317,\"caption\":\"Paradine GmbH\"},\"image\":{\"@id\":\"https:\/\/www.paradine.at\/de\/#\/schema\/logo\/image\/\"},\"sameAs\":[\"https:\/\/www.facebook.com\/paradinegmbh\/\",\"https:\/\/x.com\/ParadineGmbH\",\"https:\/\/www.instagram.com\/paradinegmbh\/\",\"https:\/\/www.linkedin.com\/company\/paradinegmbh\/\",\"http:\/\/wiki.eclass.eu\/wiki\/PARADINE_GmbH\"]}]}<\/script>\n<!-- \/ Yoast SEO plugin. -->","yoast_head_json":{"title":"Spezialist f\u00fcr Materialstammdaten &#8226; Paradine","robots":{"index":"index","follow":"follow","max-snippet":"max-snippet:-1","max-image-preview":"max-image-preview:large","max-video-preview":"max-video-preview:-1"},"canonical":"https:\/\/www.paradine.at\/de\/company\/career\/material-master-data-specialist\/","og_locale":"de_DE","og_type":"article","og_title":"Spezialist f\u00fcr Materialstammdaten &#8226; Paradine","og_description":"[vc_row][vc_column][vc_column_text] Materialstammdaten-Spezialist (w\/m\/d) Internationales Gesch\u00e4ft erfordert eine internationale Unternehmensphilosophie. Wir von Paradine freuen uns, f\u00fcr Weltkonzerne wie AT &amp; S, BASF, Carl Zeiss, Siemens und Volkswagen zu arbeiten. Mit unserer eptos&#x2122; Master Data Management L\u00f6sung unterst\u00fctzen wir unternehmensweites, system\u00fcbergreifendes, mehrsprachiges Master Data Management f\u00fcr Branchenf\u00fchrer. Unsere Master Data Services sind die erste Wahl f\u00fcr die...","og_url":"https:\/\/www.paradine.at\/de\/company\/career\/material-master-data-specialist\/","og_site_name":"Paradine","article_publisher":"https:\/\/www.facebook.com\/paradinegmbh\/","article_modified_time":"2023-04-04T10:09:28+00:00","og_image":[{"url":"https:\/\/www.paradine.at\/wp-content\/uploads\/2019\/01\/shutterstock_378771547.jpg","width":1024,"height":620,"type":"image\/jpeg"}],"twitter_card":"summary_large_image","twitter_site":"@ParadineGmbH","twitter_misc":{"Gesch\u00e4tzte Lesezeit":"2\u00a0Minuten"},"schema":{"@context":"https:\/\/schema.org","@graph":[{"@type":"WebPage","@id":"https:\/\/www.paradine.at\/de\/company\/career\/material-master-data-specialist\/","url":"https:\/\/www.paradine.at\/de\/company\/career\/material-master-data-specialist\/","name":"Spezialist f\u00fcr Materialstammdaten &#8226; Paradine","isPartOf":{"@id":"https:\/\/www.paradine.at\/de\/#website"},"primaryImageOfPage":{"@id":"https:\/\/www.paradine.at\/de\/company\/career\/material-master-data-specialist\/#primaryimage"},"image":{"@id":"https:\/\/www.paradine.at\/de\/company\/career\/material-master-data-specialist\/#primaryimage"},"thumbnailUrl":"https:\/\/www.paradine.at\/wp-content\/uploads\/2019\/01\/shutterstock_378771547.jpg","datePublished":"2019-03-25T09:39:51+00:00","dateModified":"2023-04-04T10:09:28+00:00","breadcrumb":{"@id":"https:\/\/www.paradine.at\/de\/company\/career\/material-master-data-specialist\/#breadcrumb"},"inLanguage":"de","potentialAction":[{"@type":"ReadAction","target":["https:\/\/www.paradine.at\/de\/company\/career\/material-master-data-specialist\/"]}]},{"@type":"ImageObject","inLanguage":"de","@id":"https:\/\/www.paradine.at\/de\/company\/career\/material-master-data-specialist\/#primaryimage","url":"https:\/\/www.paradine.at\/wp-content\/uploads\/2019\/01\/shutterstock_378771547.jpg","contentUrl":"https:\/\/www.paradine.at\/wp-content\/uploads\/2019\/01\/shutterstock_378771547.jpg","width":4903,"height":2971},{"@type":"BreadcrumbList","@id":"https:\/\/www.paradine.at\/de\/company\/career\/material-master-data-specialist\/#breadcrumb","itemListElement":[{"@type":"ListItem","position":1,"name":"Home","item":"https:\/\/www.paradine.at\/de\/"},{"@type":"ListItem","position":2,"name":"Unternehmen","item":"https:\/\/www.paradine.at\/de\/company\/"},{"@type":"ListItem","position":3,"name":"Karriere","item":"https:\/\/www.paradine.at\/de\/company\/career\/"},{"@type":"ListItem","position":4,"name":"Spezialist f\u00fcr Materialstammdaten"}]},{"@type":"WebSite","@id":"https:\/\/www.paradine.at\/de\/#website","url":"https:\/\/www.paradine.at\/de\/","name":"Paradine","description":"Master Data Management","publisher":{"@id":"https:\/\/www.paradine.at\/de\/#organization"},"potentialAction":[{"@type":"SearchAction","target":{"@type":"EntryPoint","urlTemplate":"https:\/\/www.paradine.at\/de\/?s={search_term_string}"},"query-input":{"@type":"PropertyValueSpecification","valueRequired":true,"valueName":"search_term_string"}}],"inLanguage":"de"},{"@type":"Organization","@id":"https:\/\/www.paradine.at\/de\/#organization","name":"Paradine GmbH","url":"https:\/\/www.paradine.at\/de\/","logo":{"@type":"ImageObject","inLanguage":"de","@id":"https:\/\/www.paradine.at\/de\/#\/schema\/logo\/image\/","url":"https:\/\/www.paradine.at\/wp-content\/uploads\/2019\/04\/Paradine-Logo-RGB-png-3200px.png","contentUrl":"https:\/\/www.paradine.at\/wp-content\/uploads\/2019\/04\/Paradine-Logo-RGB-png-3200px.png","width":1920,"height":317,"caption":"Paradine GmbH"},"image":{"@id":"https:\/\/www.paradine.at\/de\/#\/schema\/logo\/image\/"},"sameAs":["https:\/\/www.facebook.com\/paradinegmbh\/","https:\/\/x.com\/ParadineGmbH","https:\/\/www.instagram.com\/paradinegmbh\/","https:\/\/www.linkedin.com\/company\/paradinegmbh\/","http:\/\/wiki.eclass.eu\/wiki\/PARADINE_GmbH"]}]}},"_links":{"self":[{"href":"https:\/\/www.paradine.at\/de\/wp-json\/wp\/v2\/pages\/6993"}],"collection":[{"href":"https:\/\/www.paradine.at\/de\/wp-json\/wp\/v2\/pages"}],"about":[{"href":"https:\/\/www.paradine.at\/de\/wp-json\/wp\/v2\/types\/page"}],"author":[{"embeddable":true,"href":"https:\/\/www.paradine.at\/de\/wp-json\/wp\/v2\/users\/68"}],"replies":[{"embeddable":true,"href":"https:\/\/www.paradine.at\/de\/wp-json\/wp\/v2\/comments?post=6993"}],"version-history":[{"count":6,"href":"https:\/\/www.paradine.at\/de\/wp-json\/wp\/v2\/pages\/6993\/revisions"}],"predecessor-version":[{"id":7971,"href":"https:\/\/www.paradine.at\/de\/wp-json\/wp\/v2\/pages\/6993\/revisions\/7971"}],"up":[{"embeddable":true,"href":"https:\/\/www.paradine.at\/de\/wp-json\/wp\/v2\/pages\/2500"}],"wp:featuredmedia":[{"embeddable":true,"href":"https:\/\/www.paradine.at\/de\/wp-json\/wp\/v2\/media\/7873"}],"wp:attachment":[{"href":"https:\/\/www.paradine.at\/de\/wp-json\/wp\/v2\/media?parent=6993"}],"curies":[{"name":"wp","href":"https:\/\/api.w.org\/{rel}","templated":true}]}}