{"id":6992,"date":"2018-11-25T18:03:49","date_gmt":"2018-11-25T18:03:49","guid":{"rendered":"https:\/\/www.paradine.at\/company\/career\/it-operations-engineer\/"},"modified":"2023-04-04T12:12:04","modified_gmt":"2023-04-04T10:12:04","slug":"it-operations-engineer","status":"publish","type":"page","link":"https:\/\/www.paradine.at\/de\/company\/career\/it-operations-engineer\/","title":{"rendered":"IT Operations Engineer"},"content":{"rendered":"<p>[vc_row][vc_column][vc_column_text]<\/p>\n<h4><span style=\"color: #006ab3; font-size: 14pt;\">IT-Operations Engineer <\/span><span style=\"color: #006ab3; font-size: 14pt;\">(w\/m\/d)<\/span><\/h4>\n<p><strong>IHR ZUK\u00dcNFTIGER ARBEITSBEREICH<\/strong><\/p>\n<ul>\n<li>Betreuung von Linux basierten Systemen (SuSE, SLES, Redhat, &#8230;)<\/li>\n<li>Verwaltung von Anwendungen wie Apache, Tomcat, JBOSS, mySQL, &#8230;<\/li>\n<li>Betreuung von relationalen Datenbanksystemen (mySQL, DB2)<\/li>\n<li>Durchf\u00fchrung von Konfigurations\u00e4nderungen, Erstellung von Skripten<\/li>\n<li>Aktive Rolle in permanenten Systemtuningprozessen<\/li>\n<\/ul>\n<p><strong>IHRE ERFAHRUNG<\/strong><\/p>\n<ul>\n<li>Abgeschlossene technische Ausbildung (Fachhochschule oder Universit\u00e4t)<\/li>\n<li>Solide Kenntnisse im Betrieb und mit der Administration von LINUX-Servern<\/li>\n<li>Solide Netzwerkkenntnisse (Routing, Switching, Load Balancing, Firewalls,&#8230;)<\/li>\n<li>Gute Kenntnisse von relationalen Datenbanken (mySQL, DB2)<\/li>\n<li>Gute Kenntnisse von Skriptsprachen (z.B. Linux Shell)<\/li>\n<li>Sehr gute Kenntnisse der deutschen und englischen Sprache<\/li>\n<li>Kundenorientiertes und strukturiertes Auftreten<\/li>\n<li>Kenntnisse in der Installation\/Konfiguration von Hardware sind von Vorteil<\/li>\n<\/ul>\n<p><strong>UNSER ANGEBOT<\/strong><\/p>\n<ul>\n<li>Sie arbeiten in einem hoch motivierten und kompetenten Team mit einer aufgeschlossenen Arbeitskultur<\/li>\n<li>Sie k\u00f6nnen Ihre Work-Life-Balance selbst bestimmen, indem Sie Ihre eigenen flexiblen Arbeitsregelungen mit Home-Office-M\u00f6glichkeiten w\u00e4hlen<\/li>\n<li>Sie arbeiten mit den modernsten Tools f\u00fcr agile Zusammenarbeit von Atlassian (Jira, Confluence usw.)<\/li>\n<li>Sie haben die M\u00f6glichkeit, sich in zus\u00e4tzlichen Kursen weiterzubilden und wir unterst\u00fctzen Sie bei Ihren Projekten und Aktivit\u00e4ten<\/li>\n<\/ul>\n<p><strong>Wenn Sie unser Team verst\u00e4rken m\u00f6chten, senden Sie bitte Ihre vollst\u00e4ndigen Bewerbungsunterlagen an career@paradine.at<\/strong>[\/vc_column_text][\/vc_column][\/vc_row]<\/p>\n","protected":false},"excerpt":{"rendered":"<p>[vc_row][vc_column][vc_column_text] IT-Operations Engineer (w\/m\/d) IHR ZUK\u00dcNFTIGER ARBEITSBEREICH Betreuung von Linux basierten Systemen (SuSE, SLES, Redhat, &#8230;) Verwaltung von Anwendungen wie Apache, Tomcat, JBOSS, mySQL, &#8230; Betreuung von relationalen Datenbanksystemen (mySQL, DB2) Durchf\u00fchrung von Konfigurations\u00e4nderungen, Erstellung von Skripten Aktive Rolle in permanenten Systemtuningprozessen IHRE ERFAHRUNG Abgeschlossene technische Ausbildung (Fachhochschule oder Universit\u00e4t) Solide Kenntnisse im Betrieb und&#8230;<\/p>\n","protected":false},"author":68,"featured_media":7873,"parent":2500,"menu_order":0,"comment_status":"closed","ping_status":"closed","template":"","meta":{"_acf_changed":false,"footnotes":""},"class_list":["post-6992","page","type-page","status-publish","has-post-thumbnail","hentry"],"acf":[],"yoast_head":"<!-- This site is optimized with the Yoast SEO plugin v23.4 - https:\/\/yoast.com\/wordpress\/plugins\/seo\/ -->\n<title>IT Operations Engineer &#8226; Paradine<\/title>\n<meta name=\"robots\" content=\"index, follow, max-snippet:-1, max-image-preview:large, max-video-preview:-1\" \/>\n<link rel=\"canonical\" href=\"https:\/\/www.paradine.at\/de\/company\/career\/it-operations-engineer\/\" \/>\n<meta property=\"og:locale\" content=\"de_DE\" \/>\n<meta property=\"og:type\" content=\"article\" \/>\n<meta property=\"og:title\" content=\"IT Operations Engineer &#8226; Paradine\" \/>\n<meta property=\"og:description\" content=\"[vc_row][vc_column][vc_column_text] IT-Operations Engineer (w\/m\/d) IHR ZUK\u00dcNFTIGER ARBEITSBEREICH Betreuung von Linux basierten Systemen (SuSE, SLES, Redhat, &#8230;) Verwaltung von Anwendungen wie Apache, Tomcat, JBOSS, mySQL, &#8230; Betreuung von relationalen Datenbanksystemen (mySQL, DB2) Durchf\u00fchrung von Konfigurations\u00e4nderungen, Erstellung von Skripten Aktive Rolle in permanenten Systemtuningprozessen IHRE ERFAHRUNG Abgeschlossene technische Ausbildung (Fachhochschule oder Universit\u00e4t) Solide Kenntnisse im Betrieb und...\" \/>\n<meta property=\"og:url\" content=\"https:\/\/www.paradine.at\/de\/company\/career\/it-operations-engineer\/\" \/>\n<meta property=\"og:site_name\" content=\"Paradine\" \/>\n<meta property=\"article:publisher\" content=\"https:\/\/www.facebook.com\/paradinegmbh\/\" \/>\n<meta property=\"article:modified_time\" content=\"2023-04-04T10:12:04+00:00\" \/>\n<meta property=\"og:image\" content=\"https:\/\/www.paradine.at\/wp-content\/uploads\/2019\/01\/shutterstock_378771547.jpg\" \/>\n\t<meta property=\"og:image:width\" content=\"1024\" \/>\n\t<meta property=\"og:image:height\" content=\"620\" \/>\n\t<meta property=\"og:image:type\" content=\"image\/jpeg\" \/>\n<meta name=\"twitter:card\" content=\"summary_large_image\" \/>\n<meta name=\"twitter:site\" content=\"@ParadineGmbH\" \/>\n<meta name=\"twitter:label1\" content=\"Gesch\u00e4tzte Lesezeit\" \/>\n\t<meta name=\"twitter:data1\" content=\"1\u00a0Minute\" \/>\n<script type=\"application\/ld+json\" class=\"yoast-schema-graph\">{\"@context\":\"https:\/\/schema.org\",\"@graph\":[{\"@type\":\"WebPage\",\"@id\":\"https:\/\/www.paradine.at\/de\/company\/career\/it-operations-engineer\/\",\"url\":\"https:\/\/www.paradine.at\/de\/company\/career\/it-operations-engineer\/\",\"name\":\"IT Operations Engineer &#8226; Paradine\",\"isPartOf\":{\"@id\":\"https:\/\/www.paradine.at\/de\/#website\"},\"primaryImageOfPage\":{\"@id\":\"https:\/\/www.paradine.at\/de\/company\/career\/it-operations-engineer\/#primaryimage\"},\"image\":{\"@id\":\"https:\/\/www.paradine.at\/de\/company\/career\/it-operations-engineer\/#primaryimage\"},\"thumbnailUrl\":\"https:\/\/www.paradine.at\/wp-content\/uploads\/2019\/01\/shutterstock_378771547.jpg\",\"datePublished\":\"2018-11-25T18:03:49+00:00\",\"dateModified\":\"2023-04-04T10:12:04+00:00\",\"breadcrumb\":{\"@id\":\"https:\/\/www.paradine.at\/de\/company\/career\/it-operations-engineer\/#breadcrumb\"},\"inLanguage\":\"de\",\"potentialAction\":[{\"@type\":\"ReadAction\",\"target\":[\"https:\/\/www.paradine.at\/de\/company\/career\/it-operations-engineer\/\"]}]},{\"@type\":\"ImageObject\",\"inLanguage\":\"de\",\"@id\":\"https:\/\/www.paradine.at\/de\/company\/career\/it-operations-engineer\/#primaryimage\",\"url\":\"https:\/\/www.paradine.at\/wp-content\/uploads\/2019\/01\/shutterstock_378771547.jpg\",\"contentUrl\":\"https:\/\/www.paradine.at\/wp-content\/uploads\/2019\/01\/shutterstock_378771547.jpg\",\"width\":4903,\"height\":2971},{\"@type\":\"BreadcrumbList\",\"@id\":\"https:\/\/www.paradine.at\/de\/company\/career\/it-operations-engineer\/#breadcrumb\",\"itemListElement\":[{\"@type\":\"ListItem\",\"position\":1,\"name\":\"Home\",\"item\":\"https:\/\/www.paradine.at\/de\/\"},{\"@type\":\"ListItem\",\"position\":2,\"name\":\"Unternehmen\",\"item\":\"https:\/\/www.paradine.at\/de\/company\/\"},{\"@type\":\"ListItem\",\"position\":3,\"name\":\"Karriere\",\"item\":\"https:\/\/www.paradine.at\/de\/company\/career\/\"},{\"@type\":\"ListItem\",\"position\":4,\"name\":\"IT Operations Engineer\"}]},{\"@type\":\"WebSite\",\"@id\":\"https:\/\/www.paradine.at\/de\/#website\",\"url\":\"https:\/\/www.paradine.at\/de\/\",\"name\":\"Paradine\",\"description\":\"Master Data Management\",\"publisher\":{\"@id\":\"https:\/\/www.paradine.at\/de\/#organization\"},\"potentialAction\":[{\"@type\":\"SearchAction\",\"target\":{\"@type\":\"EntryPoint\",\"urlTemplate\":\"https:\/\/www.paradine.at\/de\/?s={search_term_string}\"},\"query-input\":{\"@type\":\"PropertyValueSpecification\",\"valueRequired\":true,\"valueName\":\"search_term_string\"}}],\"inLanguage\":\"de\"},{\"@type\":\"Organization\",\"@id\":\"https:\/\/www.paradine.at\/de\/#organization\",\"name\":\"Paradine GmbH\",\"url\":\"https:\/\/www.paradine.at\/de\/\",\"logo\":{\"@type\":\"ImageObject\",\"inLanguage\":\"de\",\"@id\":\"https:\/\/www.paradine.at\/de\/#\/schema\/logo\/image\/\",\"url\":\"https:\/\/www.paradine.at\/wp-content\/uploads\/2019\/04\/Paradine-Logo-RGB-png-3200px.png\",\"contentUrl\":\"https:\/\/www.paradine.at\/wp-content\/uploads\/2019\/04\/Paradine-Logo-RGB-png-3200px.png\",\"width\":1920,\"height\":317,\"caption\":\"Paradine GmbH\"},\"image\":{\"@id\":\"https:\/\/www.paradine.at\/de\/#\/schema\/logo\/image\/\"},\"sameAs\":[\"https:\/\/www.facebook.com\/paradinegmbh\/\",\"https:\/\/x.com\/ParadineGmbH\",\"https:\/\/www.instagram.com\/paradinegmbh\/\",\"https:\/\/www.linkedin.com\/company\/paradinegmbh\/\",\"http:\/\/wiki.eclass.eu\/wiki\/PARADINE_GmbH\"]}]}<\/script>\n<!-- \/ Yoast SEO plugin. -->","yoast_head_json":{"title":"IT Operations Engineer &#8226; Paradine","robots":{"index":"index","follow":"follow","max-snippet":"max-snippet:-1","max-image-preview":"max-image-preview:large","max-video-preview":"max-video-preview:-1"},"canonical":"https:\/\/www.paradine.at\/de\/company\/career\/it-operations-engineer\/","og_locale":"de_DE","og_type":"article","og_title":"IT Operations Engineer &#8226; Paradine","og_description":"[vc_row][vc_column][vc_column_text] IT-Operations Engineer (w\/m\/d) IHR ZUK\u00dcNFTIGER ARBEITSBEREICH Betreuung von Linux basierten Systemen (SuSE, SLES, Redhat, &#8230;) Verwaltung von Anwendungen wie Apache, Tomcat, JBOSS, mySQL, &#8230; Betreuung von relationalen Datenbanksystemen (mySQL, DB2) Durchf\u00fchrung von Konfigurations\u00e4nderungen, Erstellung von Skripten Aktive Rolle in permanenten Systemtuningprozessen IHRE ERFAHRUNG Abgeschlossene technische Ausbildung (Fachhochschule oder Universit\u00e4t) Solide Kenntnisse im Betrieb und...","og_url":"https:\/\/www.paradine.at\/de\/company\/career\/it-operations-engineer\/","og_site_name":"Paradine","article_publisher":"https:\/\/www.facebook.com\/paradinegmbh\/","article_modified_time":"2023-04-04T10:12:04+00:00","og_image":[{"url":"https:\/\/www.paradine.at\/wp-content\/uploads\/2019\/01\/shutterstock_378771547.jpg","width":1024,"height":620,"type":"image\/jpeg"}],"twitter_card":"summary_large_image","twitter_site":"@ParadineGmbH","twitter_misc":{"Gesch\u00e4tzte Lesezeit":"1\u00a0Minute"},"schema":{"@context":"https:\/\/schema.org","@graph":[{"@type":"WebPage","@id":"https:\/\/www.paradine.at\/de\/company\/career\/it-operations-engineer\/","url":"https:\/\/www.paradine.at\/de\/company\/career\/it-operations-engineer\/","name":"IT Operations Engineer &#8226; Paradine","isPartOf":{"@id":"https:\/\/www.paradine.at\/de\/#website"},"primaryImageOfPage":{"@id":"https:\/\/www.paradine.at\/de\/company\/career\/it-operations-engineer\/#primaryimage"},"image":{"@id":"https:\/\/www.paradine.at\/de\/company\/career\/it-operations-engineer\/#primaryimage"},"thumbnailUrl":"https:\/\/www.paradine.at\/wp-content\/uploads\/2019\/01\/shutterstock_378771547.jpg","datePublished":"2018-11-25T18:03:49+00:00","dateModified":"2023-04-04T10:12:04+00:00","breadcrumb":{"@id":"https:\/\/www.paradine.at\/de\/company\/career\/it-operations-engineer\/#breadcrumb"},"inLanguage":"de","potentialAction":[{"@type":"ReadAction","target":["https:\/\/www.paradine.at\/de\/company\/career\/it-operations-engineer\/"]}]},{"@type":"ImageObject","inLanguage":"de","@id":"https:\/\/www.paradine.at\/de\/company\/career\/it-operations-engineer\/#primaryimage","url":"https:\/\/www.paradine.at\/wp-content\/uploads\/2019\/01\/shutterstock_378771547.jpg","contentUrl":"https:\/\/www.paradine.at\/wp-content\/uploads\/2019\/01\/shutterstock_378771547.jpg","width":4903,"height":2971},{"@type":"BreadcrumbList","@id":"https:\/\/www.paradine.at\/de\/company\/career\/it-operations-engineer\/#breadcrumb","itemListElement":[{"@type":"ListItem","position":1,"name":"Home","item":"https:\/\/www.paradine.at\/de\/"},{"@type":"ListItem","position":2,"name":"Unternehmen","item":"https:\/\/www.paradine.at\/de\/company\/"},{"@type":"ListItem","position":3,"name":"Karriere","item":"https:\/\/www.paradine.at\/de\/company\/career\/"},{"@type":"ListItem","position":4,"name":"IT Operations Engineer"}]},{"@type":"WebSite","@id":"https:\/\/www.paradine.at\/de\/#website","url":"https:\/\/www.paradine.at\/de\/","name":"Paradine","description":"Master Data Management","publisher":{"@id":"https:\/\/www.paradine.at\/de\/#organization"},"potentialAction":[{"@type":"SearchAction","target":{"@type":"EntryPoint","urlTemplate":"https:\/\/www.paradine.at\/de\/?s={search_term_string}"},"query-input":{"@type":"PropertyValueSpecification","valueRequired":true,"valueName":"search_term_string"}}],"inLanguage":"de"},{"@type":"Organization","@id":"https:\/\/www.paradine.at\/de\/#organization","name":"Paradine GmbH","url":"https:\/\/www.paradine.at\/de\/","logo":{"@type":"ImageObject","inLanguage":"de","@id":"https:\/\/www.paradine.at\/de\/#\/schema\/logo\/image\/","url":"https:\/\/www.paradine.at\/wp-content\/uploads\/2019\/04\/Paradine-Logo-RGB-png-3200px.png","contentUrl":"https:\/\/www.paradine.at\/wp-content\/uploads\/2019\/04\/Paradine-Logo-RGB-png-3200px.png","width":1920,"height":317,"caption":"Paradine GmbH"},"image":{"@id":"https:\/\/www.paradine.at\/de\/#\/schema\/logo\/image\/"},"sameAs":["https:\/\/www.facebook.com\/paradinegmbh\/","https:\/\/x.com\/ParadineGmbH","https:\/\/www.instagram.com\/paradinegmbh\/","https:\/\/www.linkedin.com\/company\/paradinegmbh\/","http:\/\/wiki.eclass.eu\/wiki\/PARADINE_GmbH"]}]}},"_links":{"self":[{"href":"https:\/\/www.paradine.at\/de\/wp-json\/wp\/v2\/pages\/6992"}],"collection":[{"href":"https:\/\/www.paradine.at\/de\/wp-json\/wp\/v2\/pages"}],"about":[{"href":"https:\/\/www.paradine.at\/de\/wp-json\/wp\/v2\/types\/page"}],"author":[{"embeddable":true,"href":"https:\/\/www.paradine.at\/de\/wp-json\/wp\/v2\/users\/68"}],"replies":[{"embeddable":true,"href":"https:\/\/www.paradine.at\/de\/wp-json\/wp\/v2\/comments?post=6992"}],"version-history":[{"count":2,"href":"https:\/\/www.paradine.at\/de\/wp-json\/wp\/v2\/pages\/6992\/revisions"}],"predecessor-version":[{"id":7973,"href":"https:\/\/www.paradine.at\/de\/wp-json\/wp\/v2\/pages\/6992\/revisions\/7973"}],"up":[{"embeddable":true,"href":"https:\/\/www.paradine.at\/de\/wp-json\/wp\/v2\/pages\/2500"}],"wp:featuredmedia":[{"embeddable":true,"href":"https:\/\/www.paradine.at\/de\/wp-json\/wp\/v2\/media\/7873"}],"wp:attachment":[{"href":"https:\/\/www.paradine.at\/de\/wp-json\/wp\/v2\/media?parent=6992"}],"curies":[{"name":"wp","href":"https:\/\/api.w.org\/{rel}","templated":true}]}}