{"id":6127,"date":"2022-08-03T04:47:53","date_gmt":"2022-08-03T02:47:53","guid":{"rendered":"https:\/\/www.paradine.at\/?page_id=6127"},"modified":"2023-04-04T12:46:03","modified_gmt":"2023-04-04T10:46:03","slug":"eclass-introduction-overview","status":"publish","type":"page","link":"https:\/\/www.paradine.at\/de\/training\/eclass-webinare\/eclass-introduction-overview\/","title":{"rendered":"ECLASS Einf\u00fchrung &#8211; \u00dcberblick"},"content":{"rendered":"<p>[vc_row][vc_column][vc_text_separator title=&#8221;\u00dcbersicht&#8221; color=&#8221;black&#8221;][vc_column_text]In diesem Workshop erhalten Sie eine Einf\u00fchrung in den branchen\u00fcbergreifenden, mehrsprachigen Klassifizierungs- und Produktbeschreibungsstandard ECLASS. Sie lernen die ECLASS-Organisation, das Release- und Sprachmanagement sowie das Lizenzierungsmodell kennen. Wir geben Ihnen Einblicke in die Entwicklung von Inhalten, einen \u00dcberblick \u00fcber das Datenmodell und wie Sie von der Verwendung des Standards profitieren k\u00f6nnen. In der anschlie\u00dfenden Fragerunde k\u00f6nnen wir alle offenen Fragen diskutieren.<\/p>\n<p><strong>Ziele<\/strong><\/p>\n<ul>\n<li>Verschaffen Sie sich einen \u00dcberblick \u00fcber den ECLASS-Standard, die ECLASS-Organisation, das Content-, Release- sowie das Language-Management<\/li>\n<li>Verstehen Sie das Lizenzierungsmodell und erfahren Sie, wie Sie ECLASS zum Nutzen Ihrer Organisation einsetzen k\u00f6nnen<\/li>\n<\/ul>\n<p><strong>Zielgruppe<\/strong><\/p>\n<p>Zielgruppe des Workshops sind Abteilungsleiter, Manager und Experten aus den folgenden Bereichen:<\/p>\n<ul>\n<li>Verwaltung von Materialstammdaten<\/li>\n<li>Beschaffung<\/li>\n<li>Standardisierung<\/li>\n<li>Katalogdaten<\/li>\n<li>Verwaltung von Inhalten<\/li>\n<li>Datenverwaltung<\/li>\n<li>IT-Verwaltung<\/li>\n<li>Ersatzteilmanagement<\/li>\n<li>SW-Werkzeuge und Anwendungen<\/li>\n<\/ul>\n<p><strong>Inhalt<\/strong><\/p>\n<ul>\n<li>ECLASS Organisation<\/li>\n<li>ECLASS-Standard und Datenmodell<\/li>\n<li>Inhaltlicher \u00dcberblick und Entwicklung<\/li>\n<li>Verwaltung der Freigabe<\/li>\n<li>Sprachverwaltung<\/li>\n<li>Modell der Lizenzvergabe<\/li>\n<li>Vorteile der Verwendung von ECLASS<\/li>\n<li>FRAGEN UND ANTWORTEN<\/li>\n<\/ul>\n<p>[\/vc_column_text][\/vc_column][\/vc_row]<\/p>\n","protected":false},"excerpt":{"rendered":"<p>[vc_row][vc_column][vc_text_separator title=&#8221;\u00dcbersicht&#8221; color=&#8221;black&#8221;][vc_column_text]In diesem Workshop erhalten Sie eine Einf\u00fchrung in den branchen\u00fcbergreifenden, mehrsprachigen Klassifizierungs- und Produktbeschreibungsstandard ECLASS. Sie lernen die ECLASS-Organisation, das Release- und Sprachmanagement sowie das Lizenzierungsmodell kennen. Wir geben Ihnen Einblicke in die Entwicklung von Inhalten, einen \u00dcberblick \u00fcber das Datenmodell und wie Sie von der Verwendung des Standards profitieren k\u00f6nnen. In der&#8230;<\/p>\n","protected":false},"author":147,"featured_media":7844,"parent":2473,"menu_order":0,"comment_status":"closed","ping_status":"closed","template":"","meta":{"_acf_changed":false,"footnotes":""},"class_list":["post-6127","page","type-page","status-publish","has-post-thumbnail","hentry"],"acf":[],"yoast_head":"<!-- This site is optimized with the Yoast SEO plugin v23.4 - https:\/\/yoast.com\/wordpress\/plugins\/seo\/ -->\n<title>ECLASS Einf\u00fchrung - \u00dcberblick &#8226; Paradine<\/title>\n<meta name=\"robots\" content=\"index, follow, max-snippet:-1, max-image-preview:large, max-video-preview:-1\" \/>\n<link rel=\"canonical\" href=\"https:\/\/www.paradine.at\/de\/training\/eclass-webinare\/eclass-introduction-overview\/\" \/>\n<meta property=\"og:locale\" content=\"de_DE\" \/>\n<meta property=\"og:type\" content=\"article\" \/>\n<meta property=\"og:title\" content=\"ECLASS Einf\u00fchrung - \u00dcberblick &#8226; Paradine\" \/>\n<meta property=\"og:description\" content=\"[vc_row][vc_column][vc_text_separator title=&#8221;\u00dcbersicht&#8221; color=&#8221;black&#8221;][vc_column_text]In diesem Workshop erhalten Sie eine Einf\u00fchrung in den branchen\u00fcbergreifenden, mehrsprachigen Klassifizierungs- und Produktbeschreibungsstandard ECLASS. Sie lernen die ECLASS-Organisation, das Release- und Sprachmanagement sowie das Lizenzierungsmodell kennen. Wir geben Ihnen Einblicke in die Entwicklung von Inhalten, einen \u00dcberblick \u00fcber das Datenmodell und wie Sie von der Verwendung des Standards profitieren k\u00f6nnen. In der...\" \/>\n<meta property=\"og:url\" content=\"https:\/\/www.paradine.at\/de\/training\/eclass-webinare\/eclass-introduction-overview\/\" \/>\n<meta property=\"og:site_name\" content=\"Paradine\" \/>\n<meta property=\"article:publisher\" content=\"https:\/\/www.facebook.com\/paradinegmbh\/\" \/>\n<meta property=\"article:modified_time\" content=\"2023-04-04T10:46:03+00:00\" \/>\n<meta property=\"og:image\" content=\"https:\/\/www.paradine.at\/wp-content\/uploads\/2022\/01\/businessman-2606502_1280-1.jpg\" \/>\n\t<meta property=\"og:image:width\" content=\"1280\" \/>\n\t<meta property=\"og:image:height\" content=\"552\" \/>\n\t<meta property=\"og:image:type\" content=\"image\/jpeg\" \/>\n<meta name=\"twitter:card\" content=\"summary_large_image\" \/>\n<meta name=\"twitter:site\" content=\"@ParadineGmbH\" \/>\n<meta name=\"twitter:label1\" content=\"Gesch\u00e4tzte Lesezeit\" \/>\n\t<meta name=\"twitter:data1\" content=\"1\u00a0Minute\" \/>\n<script type=\"application\/ld+json\" class=\"yoast-schema-graph\">{\"@context\":\"https:\/\/schema.org\",\"@graph\":[{\"@type\":\"WebPage\",\"@id\":\"https:\/\/www.paradine.at\/de\/training\/eclass-webinare\/eclass-introduction-overview\/\",\"url\":\"https:\/\/www.paradine.at\/de\/training\/eclass-webinare\/eclass-introduction-overview\/\",\"name\":\"ECLASS Einf\u00fchrung - \u00dcberblick &#8226; Paradine\",\"isPartOf\":{\"@id\":\"https:\/\/www.paradine.at\/de\/#website\"},\"primaryImageOfPage\":{\"@id\":\"https:\/\/www.paradine.at\/de\/training\/eclass-webinare\/eclass-introduction-overview\/#primaryimage\"},\"image\":{\"@id\":\"https:\/\/www.paradine.at\/de\/training\/eclass-webinare\/eclass-introduction-overview\/#primaryimage\"},\"thumbnailUrl\":\"https:\/\/www.paradine.at\/wp-content\/uploads\/2022\/01\/businessman-2606502_1280-1.jpg\",\"datePublished\":\"2022-08-03T02:47:53+00:00\",\"dateModified\":\"2023-04-04T10:46:03+00:00\",\"breadcrumb\":{\"@id\":\"https:\/\/www.paradine.at\/de\/training\/eclass-webinare\/eclass-introduction-overview\/#breadcrumb\"},\"inLanguage\":\"de\",\"potentialAction\":[{\"@type\":\"ReadAction\",\"target\":[\"https:\/\/www.paradine.at\/de\/training\/eclass-webinare\/eclass-introduction-overview\/\"]}]},{\"@type\":\"ImageObject\",\"inLanguage\":\"de\",\"@id\":\"https:\/\/www.paradine.at\/de\/training\/eclass-webinare\/eclass-introduction-overview\/#primaryimage\",\"url\":\"https:\/\/www.paradine.at\/wp-content\/uploads\/2022\/01\/businessman-2606502_1280-1.jpg\",\"contentUrl\":\"https:\/\/www.paradine.at\/wp-content\/uploads\/2022\/01\/businessman-2606502_1280-1.jpg\",\"width\":1280,\"height\":552},{\"@type\":\"BreadcrumbList\",\"@id\":\"https:\/\/www.paradine.at\/de\/training\/eclass-webinare\/eclass-introduction-overview\/#breadcrumb\",\"itemListElement\":[{\"@type\":\"ListItem\",\"position\":1,\"name\":\"Home\",\"item\":\"https:\/\/www.paradine.at\/de\/\"},{\"@type\":\"ListItem\",\"position\":2,\"name\":\"Paradine Academy\",\"item\":\"https:\/\/www.paradine.at\/de\/training\/\"},{\"@type\":\"ListItem\",\"position\":3,\"name\":\"ECLASS Webinare\",\"item\":\"https:\/\/www.paradine.at\/de\/training\/eclass-webinare\/\"},{\"@type\":\"ListItem\",\"position\":4,\"name\":\"ECLASS Einf\u00fchrung &#8211; \u00dcberblick\"}]},{\"@type\":\"WebSite\",\"@id\":\"https:\/\/www.paradine.at\/de\/#website\",\"url\":\"https:\/\/www.paradine.at\/de\/\",\"name\":\"Paradine\",\"description\":\"Master Data Management\",\"publisher\":{\"@id\":\"https:\/\/www.paradine.at\/de\/#organization\"},\"potentialAction\":[{\"@type\":\"SearchAction\",\"target\":{\"@type\":\"EntryPoint\",\"urlTemplate\":\"https:\/\/www.paradine.at\/de\/?s={search_term_string}\"},\"query-input\":{\"@type\":\"PropertyValueSpecification\",\"valueRequired\":true,\"valueName\":\"search_term_string\"}}],\"inLanguage\":\"de\"},{\"@type\":\"Organization\",\"@id\":\"https:\/\/www.paradine.at\/de\/#organization\",\"name\":\"Paradine GmbH\",\"url\":\"https:\/\/www.paradine.at\/de\/\",\"logo\":{\"@type\":\"ImageObject\",\"inLanguage\":\"de\",\"@id\":\"https:\/\/www.paradine.at\/de\/#\/schema\/logo\/image\/\",\"url\":\"https:\/\/www.paradine.at\/wp-content\/uploads\/2019\/04\/Paradine-Logo-RGB-png-3200px.png\",\"contentUrl\":\"https:\/\/www.paradine.at\/wp-content\/uploads\/2019\/04\/Paradine-Logo-RGB-png-3200px.png\",\"width\":1920,\"height\":317,\"caption\":\"Paradine GmbH\"},\"image\":{\"@id\":\"https:\/\/www.paradine.at\/de\/#\/schema\/logo\/image\/\"},\"sameAs\":[\"https:\/\/www.facebook.com\/paradinegmbh\/\",\"https:\/\/x.com\/ParadineGmbH\",\"https:\/\/www.instagram.com\/paradinegmbh\/\",\"https:\/\/www.linkedin.com\/company\/paradinegmbh\/\",\"http:\/\/wiki.eclass.eu\/wiki\/PARADINE_GmbH\"]}]}<\/script>\n<!-- \/ Yoast SEO plugin. -->","yoast_head_json":{"title":"ECLASS Einf\u00fchrung - \u00dcberblick &#8226; Paradine","robots":{"index":"index","follow":"follow","max-snippet":"max-snippet:-1","max-image-preview":"max-image-preview:large","max-video-preview":"max-video-preview:-1"},"canonical":"https:\/\/www.paradine.at\/de\/training\/eclass-webinare\/eclass-introduction-overview\/","og_locale":"de_DE","og_type":"article","og_title":"ECLASS Einf\u00fchrung - \u00dcberblick &#8226; Paradine","og_description":"[vc_row][vc_column][vc_text_separator title=&#8221;\u00dcbersicht&#8221; color=&#8221;black&#8221;][vc_column_text]In diesem Workshop erhalten Sie eine Einf\u00fchrung in den branchen\u00fcbergreifenden, mehrsprachigen Klassifizierungs- und Produktbeschreibungsstandard ECLASS. Sie lernen die ECLASS-Organisation, das Release- und Sprachmanagement sowie das Lizenzierungsmodell kennen. Wir geben Ihnen Einblicke in die Entwicklung von Inhalten, einen \u00dcberblick \u00fcber das Datenmodell und wie Sie von der Verwendung des Standards profitieren k\u00f6nnen. In der...","og_url":"https:\/\/www.paradine.at\/de\/training\/eclass-webinare\/eclass-introduction-overview\/","og_site_name":"Paradine","article_publisher":"https:\/\/www.facebook.com\/paradinegmbh\/","article_modified_time":"2023-04-04T10:46:03+00:00","og_image":[{"width":1280,"height":552,"url":"https:\/\/www.paradine.at\/wp-content\/uploads\/2022\/01\/businessman-2606502_1280-1.jpg","type":"image\/jpeg"}],"twitter_card":"summary_large_image","twitter_site":"@ParadineGmbH","twitter_misc":{"Gesch\u00e4tzte Lesezeit":"1\u00a0Minute"},"schema":{"@context":"https:\/\/schema.org","@graph":[{"@type":"WebPage","@id":"https:\/\/www.paradine.at\/de\/training\/eclass-webinare\/eclass-introduction-overview\/","url":"https:\/\/www.paradine.at\/de\/training\/eclass-webinare\/eclass-introduction-overview\/","name":"ECLASS Einf\u00fchrung - \u00dcberblick &#8226; Paradine","isPartOf":{"@id":"https:\/\/www.paradine.at\/de\/#website"},"primaryImageOfPage":{"@id":"https:\/\/www.paradine.at\/de\/training\/eclass-webinare\/eclass-introduction-overview\/#primaryimage"},"image":{"@id":"https:\/\/www.paradine.at\/de\/training\/eclass-webinare\/eclass-introduction-overview\/#primaryimage"},"thumbnailUrl":"https:\/\/www.paradine.at\/wp-content\/uploads\/2022\/01\/businessman-2606502_1280-1.jpg","datePublished":"2022-08-03T02:47:53+00:00","dateModified":"2023-04-04T10:46:03+00:00","breadcrumb":{"@id":"https:\/\/www.paradine.at\/de\/training\/eclass-webinare\/eclass-introduction-overview\/#breadcrumb"},"inLanguage":"de","potentialAction":[{"@type":"ReadAction","target":["https:\/\/www.paradine.at\/de\/training\/eclass-webinare\/eclass-introduction-overview\/"]}]},{"@type":"ImageObject","inLanguage":"de","@id":"https:\/\/www.paradine.at\/de\/training\/eclass-webinare\/eclass-introduction-overview\/#primaryimage","url":"https:\/\/www.paradine.at\/wp-content\/uploads\/2022\/01\/businessman-2606502_1280-1.jpg","contentUrl":"https:\/\/www.paradine.at\/wp-content\/uploads\/2022\/01\/businessman-2606502_1280-1.jpg","width":1280,"height":552},{"@type":"BreadcrumbList","@id":"https:\/\/www.paradine.at\/de\/training\/eclass-webinare\/eclass-introduction-overview\/#breadcrumb","itemListElement":[{"@type":"ListItem","position":1,"name":"Home","item":"https:\/\/www.paradine.at\/de\/"},{"@type":"ListItem","position":2,"name":"Paradine Academy","item":"https:\/\/www.paradine.at\/de\/training\/"},{"@type":"ListItem","position":3,"name":"ECLASS Webinare","item":"https:\/\/www.paradine.at\/de\/training\/eclass-webinare\/"},{"@type":"ListItem","position":4,"name":"ECLASS Einf\u00fchrung &#8211; \u00dcberblick"}]},{"@type":"WebSite","@id":"https:\/\/www.paradine.at\/de\/#website","url":"https:\/\/www.paradine.at\/de\/","name":"Paradine","description":"Master Data Management","publisher":{"@id":"https:\/\/www.paradine.at\/de\/#organization"},"potentialAction":[{"@type":"SearchAction","target":{"@type":"EntryPoint","urlTemplate":"https:\/\/www.paradine.at\/de\/?s={search_term_string}"},"query-input":{"@type":"PropertyValueSpecification","valueRequired":true,"valueName":"search_term_string"}}],"inLanguage":"de"},{"@type":"Organization","@id":"https:\/\/www.paradine.at\/de\/#organization","name":"Paradine GmbH","url":"https:\/\/www.paradine.at\/de\/","logo":{"@type":"ImageObject","inLanguage":"de","@id":"https:\/\/www.paradine.at\/de\/#\/schema\/logo\/image\/","url":"https:\/\/www.paradine.at\/wp-content\/uploads\/2019\/04\/Paradine-Logo-RGB-png-3200px.png","contentUrl":"https:\/\/www.paradine.at\/wp-content\/uploads\/2019\/04\/Paradine-Logo-RGB-png-3200px.png","width":1920,"height":317,"caption":"Paradine GmbH"},"image":{"@id":"https:\/\/www.paradine.at\/de\/#\/schema\/logo\/image\/"},"sameAs":["https:\/\/www.facebook.com\/paradinegmbh\/","https:\/\/x.com\/ParadineGmbH","https:\/\/www.instagram.com\/paradinegmbh\/","https:\/\/www.linkedin.com\/company\/paradinegmbh\/","http:\/\/wiki.eclass.eu\/wiki\/PARADINE_GmbH"]}]}},"_links":{"self":[{"href":"https:\/\/www.paradine.at\/de\/wp-json\/wp\/v2\/pages\/6127"}],"collection":[{"href":"https:\/\/www.paradine.at\/de\/wp-json\/wp\/v2\/pages"}],"about":[{"href":"https:\/\/www.paradine.at\/de\/wp-json\/wp\/v2\/types\/page"}],"author":[{"embeddable":true,"href":"https:\/\/www.paradine.at\/de\/wp-json\/wp\/v2\/users\/147"}],"replies":[{"embeddable":true,"href":"https:\/\/www.paradine.at\/de\/wp-json\/wp\/v2\/comments?post=6127"}],"version-history":[{"count":7,"href":"https:\/\/www.paradine.at\/de\/wp-json\/wp\/v2\/pages\/6127\/revisions"}],"predecessor-version":[{"id":7108,"href":"https:\/\/www.paradine.at\/de\/wp-json\/wp\/v2\/pages\/6127\/revisions\/7108"}],"up":[{"embeddable":true,"href":"https:\/\/www.paradine.at\/de\/wp-json\/wp\/v2\/pages\/2473"}],"wp:featuredmedia":[{"embeddable":true,"href":"https:\/\/www.paradine.at\/de\/wp-json\/wp\/v2\/media\/7844"}],"wp:attachment":[{"href":"https:\/\/www.paradine.at\/de\/wp-json\/wp\/v2\/media?parent=6127"}],"curies":[{"name":"wp","href":"https:\/\/api.w.org\/{rel}","templated":true}]}}