{"id":6122,"date":"2022-08-03T04:47:31","date_gmt":"2022-08-03T02:47:31","guid":{"rendered":"https:\/\/www.paradine.at\/?page_id=6122"},"modified":"2023-04-04T12:45:36","modified_gmt":"2023-04-04T10:45:36","slug":"eclass-advanced-data-model","status":"publish","type":"page","link":"https:\/\/www.paradine.at\/de\/training\/eclss-implementation\/eclass-advanced-data-model\/","title":{"rendered":"ECLASS Advanced Data Model"},"content":{"rendered":"<p>[vc_row][vc_column][vc_text_separator title=&#8221;\u00dcbersicht&#8221; color=&#8221;black&#8221;][\/vc_column][\/vc_row][vc_row][vc_column][vc_column_text]In diesem Workshop erhalten Sie eine Einf\u00fchrung in das ECLASS ADVANCED Datenmodell. Sie erhalten einen \u00dcberblick \u00fcber die Anwendungsf\u00e4lle von ECLASS ADVANCED. Sie werden die spezifischen Datenelemente von ECLASS ADVANCED kennenlernen und Beispiele sehen, wie es verwendet werden kann. Sie erhalten eine kurze Einf\u00fchrung in den ECLASS-Workflow, der zur \u00dcbermittlung detaillierter Produktspezifikationen an Ihre Lieferanten verwendet wird. In der anschlie\u00dfenden Fragerunde k\u00f6nnen wir alle offenen Fragen diskutieren.<\/p>\n<p><strong>Ziele<\/strong><\/p>\n<ul>\n<li>Verschaffen Sie sich einen \u00dcberblick \u00fcber das ECLASS ADVANCED Datenmodell und spezifische Datenelemente<\/li>\n<li>Erfahren Sie mehr \u00fcber Anwendungsf\u00e4lle f\u00fcr ECLASS ADVANCED und den ECLASS Workflow zum elektronischen Austausch von Produktspezifikationen und Produktdaten mit Herstellern und Lieferanten<\/li>\n<\/ul>\n<p><strong>Zielgruppe<\/strong><\/p>\n<p>Zielgruppe des Workshops sind Abteilungsleiter, Manager und Experten aus den folgenden Bereichen:<\/p>\n<ul>\n<li>Verwaltung von Materialstammdaten<\/li>\n<li>Beschaffung<\/li>\n<li>Standardisierung<\/li>\n<li>Katalogdaten<\/li>\n<li>Produktinformationsmanagement<\/li>\n<li>Verwaltung von Unternehmensanwendungen<\/li>\n<li>Ersatzteilmanagement<\/li>\n<li>Software-Tools und Anwendungen<\/li>\n<\/ul>\n<p><strong>Inhalt<\/strong><\/p>\n<ul>\n<li>\u00dcbersicht ECLASS Advanced Datenmodell<\/li>\n<li>Unterschiede zwischen ECLASS Basic und Advanced<\/li>\n<li>ECLASS Advanced Datenelemente<\/li>\n<li>Elektronischer Austausch von Produktspezifikationen mit Herstellern und Lieferanten<\/li>\n<li>ECLASS Arbeitsablauf<\/li>\n<li>FRAGEN UND ANTWORTEN<\/li>\n<\/ul>\n<p>[\/vc_column_text][\/vc_column][\/vc_row]<\/p>\n","protected":false},"excerpt":{"rendered":"<p>[vc_row][vc_column][vc_text_separator title=&#8221;\u00dcbersicht&#8221; color=&#8221;black&#8221;][\/vc_column][\/vc_row][vc_row][vc_column][vc_column_text]In diesem Workshop erhalten Sie eine Einf\u00fchrung in das ECLASS ADVANCED Datenmodell. Sie erhalten einen \u00dcberblick \u00fcber die Anwendungsf\u00e4lle von ECLASS ADVANCED. Sie werden die spezifischen Datenelemente von ECLASS ADVANCED kennenlernen und Beispiele sehen, wie es verwendet werden kann. Sie erhalten eine kurze Einf\u00fchrung in den ECLASS-Workflow, der zur \u00dcbermittlung detaillierter Produktspezifikationen an&#8230;<\/p>\n","protected":false},"author":147,"featured_media":7844,"parent":2473,"menu_order":0,"comment_status":"closed","ping_status":"closed","template":"","meta":{"_acf_changed":false,"footnotes":""},"class_list":["post-6122","page","type-page","status-publish","has-post-thumbnail","hentry"],"acf":[],"yoast_head":"<!-- This site is optimized with the Yoast SEO plugin v23.4 - https:\/\/yoast.com\/wordpress\/plugins\/seo\/ -->\n<title>ECLASS Advanced Data Model &#8226; Paradine<\/title>\n<meta name=\"robots\" content=\"index, follow, max-snippet:-1, max-image-preview:large, max-video-preview:-1\" \/>\n<link rel=\"canonical\" href=\"https:\/\/www.paradine.at\/de\/training\/eclss-implementation\/eclass-advanced-data-model\/\" \/>\n<meta property=\"og:locale\" content=\"de_DE\" \/>\n<meta property=\"og:type\" content=\"article\" \/>\n<meta property=\"og:title\" content=\"ECLASS Advanced Data Model &#8226; Paradine\" \/>\n<meta property=\"og:description\" content=\"[vc_row][vc_column][vc_text_separator title=&#8221;\u00dcbersicht&#8221; color=&#8221;black&#8221;][\/vc_column][\/vc_row][vc_row][vc_column][vc_column_text]In diesem Workshop erhalten Sie eine Einf\u00fchrung in das ECLASS ADVANCED Datenmodell. Sie erhalten einen \u00dcberblick \u00fcber die Anwendungsf\u00e4lle von ECLASS ADVANCED. Sie werden die spezifischen Datenelemente von ECLASS ADVANCED kennenlernen und Beispiele sehen, wie es verwendet werden kann. Sie erhalten eine kurze Einf\u00fchrung in den ECLASS-Workflow, der zur \u00dcbermittlung detaillierter Produktspezifikationen an...\" \/>\n<meta property=\"og:url\" content=\"https:\/\/www.paradine.at\/de\/training\/eclss-implementation\/eclass-advanced-data-model\/\" \/>\n<meta property=\"og:site_name\" content=\"Paradine\" \/>\n<meta property=\"article:publisher\" content=\"https:\/\/www.facebook.com\/paradinegmbh\/\" \/>\n<meta property=\"article:modified_time\" content=\"2023-04-04T10:45:36+00:00\" \/>\n<meta property=\"og:image\" content=\"https:\/\/www.paradine.at\/wp-content\/uploads\/2022\/01\/businessman-2606502_1280-1.jpg\" \/>\n\t<meta property=\"og:image:width\" content=\"1280\" \/>\n\t<meta property=\"og:image:height\" content=\"552\" \/>\n\t<meta property=\"og:image:type\" content=\"image\/jpeg\" \/>\n<meta name=\"twitter:card\" content=\"summary_large_image\" \/>\n<meta name=\"twitter:site\" content=\"@ParadineGmbH\" \/>\n<meta name=\"twitter:label1\" content=\"Gesch\u00e4tzte Lesezeit\" \/>\n\t<meta name=\"twitter:data1\" content=\"1\u00a0Minute\" \/>\n<script type=\"application\/ld+json\" class=\"yoast-schema-graph\">{\"@context\":\"https:\/\/schema.org\",\"@graph\":[{\"@type\":\"WebPage\",\"@id\":\"https:\/\/www.paradine.at\/de\/training\/eclss-implementation\/eclass-advanced-data-model\/\",\"url\":\"https:\/\/www.paradine.at\/de\/training\/eclss-implementation\/eclass-advanced-data-model\/\",\"name\":\"ECLASS Advanced Data Model &#8226; Paradine\",\"isPartOf\":{\"@id\":\"https:\/\/www.paradine.at\/de\/#website\"},\"primaryImageOfPage\":{\"@id\":\"https:\/\/www.paradine.at\/de\/training\/eclss-implementation\/eclass-advanced-data-model\/#primaryimage\"},\"image\":{\"@id\":\"https:\/\/www.paradine.at\/de\/training\/eclss-implementation\/eclass-advanced-data-model\/#primaryimage\"},\"thumbnailUrl\":\"https:\/\/www.paradine.at\/wp-content\/uploads\/2022\/01\/businessman-2606502_1280-1.jpg\",\"datePublished\":\"2022-08-03T02:47:31+00:00\",\"dateModified\":\"2023-04-04T10:45:36+00:00\",\"breadcrumb\":{\"@id\":\"https:\/\/www.paradine.at\/de\/training\/eclss-implementation\/eclass-advanced-data-model\/#breadcrumb\"},\"inLanguage\":\"de\",\"potentialAction\":[{\"@type\":\"ReadAction\",\"target\":[\"https:\/\/www.paradine.at\/de\/training\/eclss-implementation\/eclass-advanced-data-model\/\"]}]},{\"@type\":\"ImageObject\",\"inLanguage\":\"de\",\"@id\":\"https:\/\/www.paradine.at\/de\/training\/eclss-implementation\/eclass-advanced-data-model\/#primaryimage\",\"url\":\"https:\/\/www.paradine.at\/wp-content\/uploads\/2022\/01\/businessman-2606502_1280-1.jpg\",\"contentUrl\":\"https:\/\/www.paradine.at\/wp-content\/uploads\/2022\/01\/businessman-2606502_1280-1.jpg\",\"width\":1280,\"height\":552},{\"@type\":\"BreadcrumbList\",\"@id\":\"https:\/\/www.paradine.at\/de\/training\/eclss-implementation\/eclass-advanced-data-model\/#breadcrumb\",\"itemListElement\":[{\"@type\":\"ListItem\",\"position\":1,\"name\":\"Home\",\"item\":\"https:\/\/www.paradine.at\/de\/\"},{\"@type\":\"ListItem\",\"position\":2,\"name\":\"Paradine Academy\",\"item\":\"https:\/\/www.paradine.at\/de\/training\/\"},{\"@type\":\"ListItem\",\"position\":3,\"name\":\"ECLASS Webinare\",\"item\":\"https:\/\/www.paradine.at\/de\/training\/eclss-implementation\/\"},{\"@type\":\"ListItem\",\"position\":4,\"name\":\"ECLASS Advanced Data Model\"}]},{\"@type\":\"WebSite\",\"@id\":\"https:\/\/www.paradine.at\/de\/#website\",\"url\":\"https:\/\/www.paradine.at\/de\/\",\"name\":\"Paradine\",\"description\":\"Master Data Management\",\"publisher\":{\"@id\":\"https:\/\/www.paradine.at\/de\/#organization\"},\"potentialAction\":[{\"@type\":\"SearchAction\",\"target\":{\"@type\":\"EntryPoint\",\"urlTemplate\":\"https:\/\/www.paradine.at\/de\/?s={search_term_string}\"},\"query-input\":{\"@type\":\"PropertyValueSpecification\",\"valueRequired\":true,\"valueName\":\"search_term_string\"}}],\"inLanguage\":\"de\"},{\"@type\":\"Organization\",\"@id\":\"https:\/\/www.paradine.at\/de\/#organization\",\"name\":\"Paradine GmbH\",\"url\":\"https:\/\/www.paradine.at\/de\/\",\"logo\":{\"@type\":\"ImageObject\",\"inLanguage\":\"de\",\"@id\":\"https:\/\/www.paradine.at\/de\/#\/schema\/logo\/image\/\",\"url\":\"https:\/\/www.paradine.at\/wp-content\/uploads\/2019\/04\/Paradine-Logo-RGB-png-3200px.png\",\"contentUrl\":\"https:\/\/www.paradine.at\/wp-content\/uploads\/2019\/04\/Paradine-Logo-RGB-png-3200px.png\",\"width\":1920,\"height\":317,\"caption\":\"Paradine GmbH\"},\"image\":{\"@id\":\"https:\/\/www.paradine.at\/de\/#\/schema\/logo\/image\/\"},\"sameAs\":[\"https:\/\/www.facebook.com\/paradinegmbh\/\",\"https:\/\/x.com\/ParadineGmbH\",\"https:\/\/www.instagram.com\/paradinegmbh\/\",\"https:\/\/www.linkedin.com\/company\/paradinegmbh\/\",\"http:\/\/wiki.eclass.eu\/wiki\/PARADINE_GmbH\"]}]}<\/script>\n<!-- \/ Yoast SEO plugin. -->","yoast_head_json":{"title":"ECLASS Advanced Data Model &#8226; Paradine","robots":{"index":"index","follow":"follow","max-snippet":"max-snippet:-1","max-image-preview":"max-image-preview:large","max-video-preview":"max-video-preview:-1"},"canonical":"https:\/\/www.paradine.at\/de\/training\/eclss-implementation\/eclass-advanced-data-model\/","og_locale":"de_DE","og_type":"article","og_title":"ECLASS Advanced Data Model &#8226; Paradine","og_description":"[vc_row][vc_column][vc_text_separator title=&#8221;\u00dcbersicht&#8221; color=&#8221;black&#8221;][\/vc_column][\/vc_row][vc_row][vc_column][vc_column_text]In diesem Workshop erhalten Sie eine Einf\u00fchrung in das ECLASS ADVANCED Datenmodell. Sie erhalten einen \u00dcberblick \u00fcber die Anwendungsf\u00e4lle von ECLASS ADVANCED. Sie werden die spezifischen Datenelemente von ECLASS ADVANCED kennenlernen und Beispiele sehen, wie es verwendet werden kann. Sie erhalten eine kurze Einf\u00fchrung in den ECLASS-Workflow, der zur \u00dcbermittlung detaillierter Produktspezifikationen an...","og_url":"https:\/\/www.paradine.at\/de\/training\/eclss-implementation\/eclass-advanced-data-model\/","og_site_name":"Paradine","article_publisher":"https:\/\/www.facebook.com\/paradinegmbh\/","article_modified_time":"2023-04-04T10:45:36+00:00","og_image":[{"width":1280,"height":552,"url":"https:\/\/www.paradine.at\/wp-content\/uploads\/2022\/01\/businessman-2606502_1280-1.jpg","type":"image\/jpeg"}],"twitter_card":"summary_large_image","twitter_site":"@ParadineGmbH","twitter_misc":{"Gesch\u00e4tzte Lesezeit":"1\u00a0Minute"},"schema":{"@context":"https:\/\/schema.org","@graph":[{"@type":"WebPage","@id":"https:\/\/www.paradine.at\/de\/training\/eclss-implementation\/eclass-advanced-data-model\/","url":"https:\/\/www.paradine.at\/de\/training\/eclss-implementation\/eclass-advanced-data-model\/","name":"ECLASS Advanced Data Model &#8226; Paradine","isPartOf":{"@id":"https:\/\/www.paradine.at\/de\/#website"},"primaryImageOfPage":{"@id":"https:\/\/www.paradine.at\/de\/training\/eclss-implementation\/eclass-advanced-data-model\/#primaryimage"},"image":{"@id":"https:\/\/www.paradine.at\/de\/training\/eclss-implementation\/eclass-advanced-data-model\/#primaryimage"},"thumbnailUrl":"https:\/\/www.paradine.at\/wp-content\/uploads\/2022\/01\/businessman-2606502_1280-1.jpg","datePublished":"2022-08-03T02:47:31+00:00","dateModified":"2023-04-04T10:45:36+00:00","breadcrumb":{"@id":"https:\/\/www.paradine.at\/de\/training\/eclss-implementation\/eclass-advanced-data-model\/#breadcrumb"},"inLanguage":"de","potentialAction":[{"@type":"ReadAction","target":["https:\/\/www.paradine.at\/de\/training\/eclss-implementation\/eclass-advanced-data-model\/"]}]},{"@type":"ImageObject","inLanguage":"de","@id":"https:\/\/www.paradine.at\/de\/training\/eclss-implementation\/eclass-advanced-data-model\/#primaryimage","url":"https:\/\/www.paradine.at\/wp-content\/uploads\/2022\/01\/businessman-2606502_1280-1.jpg","contentUrl":"https:\/\/www.paradine.at\/wp-content\/uploads\/2022\/01\/businessman-2606502_1280-1.jpg","width":1280,"height":552},{"@type":"BreadcrumbList","@id":"https:\/\/www.paradine.at\/de\/training\/eclss-implementation\/eclass-advanced-data-model\/#breadcrumb","itemListElement":[{"@type":"ListItem","position":1,"name":"Home","item":"https:\/\/www.paradine.at\/de\/"},{"@type":"ListItem","position":2,"name":"Paradine Academy","item":"https:\/\/www.paradine.at\/de\/training\/"},{"@type":"ListItem","position":3,"name":"ECLASS Webinare","item":"https:\/\/www.paradine.at\/de\/training\/eclss-implementation\/"},{"@type":"ListItem","position":4,"name":"ECLASS Advanced Data Model"}]},{"@type":"WebSite","@id":"https:\/\/www.paradine.at\/de\/#website","url":"https:\/\/www.paradine.at\/de\/","name":"Paradine","description":"Master Data Management","publisher":{"@id":"https:\/\/www.paradine.at\/de\/#organization"},"potentialAction":[{"@type":"SearchAction","target":{"@type":"EntryPoint","urlTemplate":"https:\/\/www.paradine.at\/de\/?s={search_term_string}"},"query-input":{"@type":"PropertyValueSpecification","valueRequired":true,"valueName":"search_term_string"}}],"inLanguage":"de"},{"@type":"Organization","@id":"https:\/\/www.paradine.at\/de\/#organization","name":"Paradine GmbH","url":"https:\/\/www.paradine.at\/de\/","logo":{"@type":"ImageObject","inLanguage":"de","@id":"https:\/\/www.paradine.at\/de\/#\/schema\/logo\/image\/","url":"https:\/\/www.paradine.at\/wp-content\/uploads\/2019\/04\/Paradine-Logo-RGB-png-3200px.png","contentUrl":"https:\/\/www.paradine.at\/wp-content\/uploads\/2019\/04\/Paradine-Logo-RGB-png-3200px.png","width":1920,"height":317,"caption":"Paradine GmbH"},"image":{"@id":"https:\/\/www.paradine.at\/de\/#\/schema\/logo\/image\/"},"sameAs":["https:\/\/www.facebook.com\/paradinegmbh\/","https:\/\/x.com\/ParadineGmbH","https:\/\/www.instagram.com\/paradinegmbh\/","https:\/\/www.linkedin.com\/company\/paradinegmbh\/","http:\/\/wiki.eclass.eu\/wiki\/PARADINE_GmbH"]}]}},"_links":{"self":[{"href":"https:\/\/www.paradine.at\/de\/wp-json\/wp\/v2\/pages\/6122"}],"collection":[{"href":"https:\/\/www.paradine.at\/de\/wp-json\/wp\/v2\/pages"}],"about":[{"href":"https:\/\/www.paradine.at\/de\/wp-json\/wp\/v2\/types\/page"}],"author":[{"embeddable":true,"href":"https:\/\/www.paradine.at\/de\/wp-json\/wp\/v2\/users\/147"}],"replies":[{"embeddable":true,"href":"https:\/\/www.paradine.at\/de\/wp-json\/wp\/v2\/comments?post=6122"}],"version-history":[{"count":6,"href":"https:\/\/www.paradine.at\/de\/wp-json\/wp\/v2\/pages\/6122\/revisions"}],"predecessor-version":[{"id":7092,"href":"https:\/\/www.paradine.at\/de\/wp-json\/wp\/v2\/pages\/6122\/revisions\/7092"}],"up":[{"embeddable":true,"href":"https:\/\/www.paradine.at\/de\/wp-json\/wp\/v2\/pages\/2473"}],"wp:featuredmedia":[{"embeddable":true,"href":"https:\/\/www.paradine.at\/de\/wp-json\/wp\/v2\/media\/7844"}],"wp:attachment":[{"href":"https:\/\/www.paradine.at\/de\/wp-json\/wp\/v2\/media?parent=6122"}],"curies":[{"name":"wp","href":"https:\/\/api.w.org\/{rel}","templated":true}]}}