{"id":6119,"date":"2022-08-03T04:40:38","date_gmt":"2022-08-03T02:40:38","guid":{"rendered":"https:\/\/www.paradine.at\/?page_id=6119"},"modified":"2025-10-28T11:47:15","modified_gmt":"2025-10-28T10:47:15","slug":"top-news","status":"publish","type":"page","link":"https:\/\/www.paradine.at\/de\/news\/top-news\/","title":{"rendered":"Top news"},"content":{"rendered":"<p>[vc_row][vc_column][vc_column_text]<span style=\"font-size: 20px;\">eptos&#x2122; und ECLASS \u2013 Mehr Wertsch\u00f6pfung durch einheitliche Datenstandards<\/span><\/p>\n<p>In modernen Industrieunternehmen ist die Qualit\u00e4t der Material- und Produktdaten l\u00e4ngst ein entscheidender Wettbewerbsfaktor. Wer ECLASS als internationalen Standard f\u00fcr die Klassifikation und Beschreibung von Produkten nutzt, schafft bereits eine solide Basis f\u00fcr Transparenz und Effizienz. Doch erst mit der passenden Softwarel\u00f6sung wie eptos&#x2122; von Paradine entfaltet dieser Standard sein volles Potenzial entlang der gesamten Wertsch\u00f6pfungskette.[\/vc_column_text][vc_btn title=&#8221;Weiterlesen&#8221; color=&#8221;primary&#8221; align=&#8221;left&#8221; link=&#8221;url:https%3A%2F%2Fwww.paradine.at%2Fde%2Funkategorisiert%2Feptos-und-eclass-mehr-wertschoepfung-durch-einheitliche-datenstandards%2F|title:Paradine%20beim%2010.%20Internationalen%20ECLASS%20Kongress%20in%20K%C3%B6ln&#8221;][vc_separator][vc_column_text]<span style=\"font-size: 20px;\">Paradine beim 10. Internationalen ECLASS Kongress in K\u00f6ln<\/span><\/p>\n<p>Beim diesj\u00e4hrigen 10. Internationalen ECLASS Kongress in K\u00f6ln kamen \u00fcber 250 internationale Teilnehmer zusammen, um sich \u00fcber die neuesten Entwicklungen in den Bereichen digitale Standards, Master Data Management und Digital Product Passport (DPP) auszutauschen. Unter den Vortragenden war auch Reinhard Pohn, Gesch\u00e4ftsf\u00fchrer der Paradine GmbH, mit seinem Beitrag:<br \/>\n\u201eFrom Data Silos to Data Value: The ECLASS-Driven Material Master Transformation &#8211; Building a Scalable, Corporate-Wide Single Source of Truth for Operational Excellence&#8221;.[\/vc_column_text][vc_btn title=&#8221;Weiterlesen&#8221; color=&#8221;primary&#8221; align=&#8221;left&#8221; link=&#8221;url:https%3A%2F%2Fwww.paradine.at%2Fde%2Funkategorisiert%2Fparadine-beim-10-internationalen-eclass-kongress-in-koln%2F|title:Paradine%20beim%2010.%20Internationalen%20ECLASS%20Kongress%20in%20K%C3%B6ln&#8221;][vc_separator][vc_masonry_grid post_type=&#8221;post&#8221; max_items=&#8221;10&#8243; style=&#8221;load-more&#8221; element_width=&#8221;12&#8243; item=&#8221;none&#8221; grid_id=&#8221;vc_gid:1761645132888-2add9beb-aabc-3&#8243; taxonomies=&#8221;90&#8243;][\/vc_column][\/vc_row]<\/p>\n","protected":false},"excerpt":{"rendered":"<p>[vc_row][vc_column][vc_column_text]eptos&#x2122; und ECLASS \u2013 Mehr Wertsch\u00f6pfung durch einheitliche Datenstandards In modernen Industrieunternehmen ist die Qualit\u00e4t der Material- und Produktdaten l\u00e4ngst ein entscheidender Wettbewerbsfaktor. Wer ECLASS als internationalen Standard f\u00fcr die Klassifikation und Beschreibung von Produkten nutzt, schafft bereits eine solide Basis f\u00fcr Transparenz und Effizienz. Doch erst mit der passenden Softwarel\u00f6sung wie eptos&#x2122; von Paradine&#8230;<\/p>\n","protected":false},"author":68,"featured_media":7852,"parent":7026,"menu_order":0,"comment_status":"closed","ping_status":"closed","template":"","meta":{"_acf_changed":false,"footnotes":""},"class_list":["post-6119","page","type-page","status-publish","has-post-thumbnail","hentry"],"acf":[],"yoast_head":"<!-- This site is optimized with the Yoast SEO plugin v23.4 - https:\/\/yoast.com\/wordpress\/plugins\/seo\/ -->\n<title>Top news &#8226; Paradine<\/title>\n<meta name=\"robots\" content=\"index, follow, max-snippet:-1, max-image-preview:large, max-video-preview:-1\" \/>\n<link rel=\"canonical\" href=\"https:\/\/www.paradine.at\/de\/news\/top-news\/\" \/>\n<meta property=\"og:locale\" content=\"de_DE\" \/>\n<meta property=\"og:type\" content=\"article\" \/>\n<meta property=\"og:title\" content=\"Top news &#8226; Paradine\" \/>\n<meta property=\"og:description\" content=\"[vc_row][vc_column][vc_column_text]eptos&#x2122; und ECLASS \u2013 Mehr Wertsch\u00f6pfung durch einheitliche Datenstandards In modernen Industrieunternehmen ist die Qualit\u00e4t der Material- und Produktdaten l\u00e4ngst ein entscheidender Wettbewerbsfaktor. Wer ECLASS als internationalen Standard f\u00fcr die Klassifikation und Beschreibung von Produkten nutzt, schafft bereits eine solide Basis f\u00fcr Transparenz und Effizienz. Doch erst mit der passenden Softwarel\u00f6sung wie eptos&#x2122; von Paradine...\" \/>\n<meta property=\"og:url\" content=\"https:\/\/www.paradine.at\/de\/news\/top-news\/\" \/>\n<meta property=\"og:site_name\" content=\"Paradine\" \/>\n<meta property=\"article:publisher\" content=\"https:\/\/www.facebook.com\/paradinegmbh\/\" \/>\n<meta property=\"article:modified_time\" content=\"2025-10-28T10:47:15+00:00\" \/>\n<meta property=\"og:image\" content=\"https:\/\/www.paradine.at\/wp-content\/uploads\/2022\/07\/smart-geef24a313_1920.jpg\" \/>\n\t<meta property=\"og:image:width\" content=\"1920\" \/>\n\t<meta property=\"og:image:height\" content=\"1214\" \/>\n\t<meta property=\"og:image:type\" content=\"image\/jpeg\" \/>\n<meta name=\"twitter:card\" content=\"summary_large_image\" \/>\n<meta name=\"twitter:site\" content=\"@ParadineGmbH\" \/>\n<meta name=\"twitter:label1\" content=\"Gesch\u00e4tzte Lesezeit\" \/>\n\t<meta name=\"twitter:data1\" content=\"1\u00a0Minute\" \/>\n<script type=\"application\/ld+json\" class=\"yoast-schema-graph\">{\"@context\":\"https:\/\/schema.org\",\"@graph\":[{\"@type\":\"WebPage\",\"@id\":\"https:\/\/www.paradine.at\/de\/news\/top-news\/\",\"url\":\"https:\/\/www.paradine.at\/de\/news\/top-news\/\",\"name\":\"Top news &#8226; Paradine\",\"isPartOf\":{\"@id\":\"https:\/\/www.paradine.at\/de\/#website\"},\"primaryImageOfPage\":{\"@id\":\"https:\/\/www.paradine.at\/de\/news\/top-news\/#primaryimage\"},\"image\":{\"@id\":\"https:\/\/www.paradine.at\/de\/news\/top-news\/#primaryimage\"},\"thumbnailUrl\":\"https:\/\/www.paradine.at\/wp-content\/uploads\/2022\/07\/smart-geef24a313_1920.jpg\",\"datePublished\":\"2022-08-03T02:40:38+00:00\",\"dateModified\":\"2025-10-28T10:47:15+00:00\",\"breadcrumb\":{\"@id\":\"https:\/\/www.paradine.at\/de\/news\/top-news\/#breadcrumb\"},\"inLanguage\":\"de\",\"potentialAction\":[{\"@type\":\"ReadAction\",\"target\":[\"https:\/\/www.paradine.at\/de\/news\/top-news\/\"]}]},{\"@type\":\"ImageObject\",\"inLanguage\":\"de\",\"@id\":\"https:\/\/www.paradine.at\/de\/news\/top-news\/#primaryimage\",\"url\":\"https:\/\/www.paradine.at\/wp-content\/uploads\/2022\/07\/smart-geef24a313_1920.jpg\",\"contentUrl\":\"https:\/\/www.paradine.at\/wp-content\/uploads\/2022\/07\/smart-geef24a313_1920.jpg\",\"width\":1920,\"height\":1214},{\"@type\":\"BreadcrumbList\",\"@id\":\"https:\/\/www.paradine.at\/de\/news\/top-news\/#breadcrumb\",\"itemListElement\":[{\"@type\":\"ListItem\",\"position\":1,\"name\":\"Home\",\"item\":\"https:\/\/www.paradine.at\/de\/\"},{\"@type\":\"ListItem\",\"position\":2,\"name\":\"News\",\"item\":\"https:\/\/www.paradine.at\/de\/news\/\"},{\"@type\":\"ListItem\",\"position\":3,\"name\":\"Top news\"}]},{\"@type\":\"WebSite\",\"@id\":\"https:\/\/www.paradine.at\/de\/#website\",\"url\":\"https:\/\/www.paradine.at\/de\/\",\"name\":\"Paradine\",\"description\":\"Master Data Management\",\"publisher\":{\"@id\":\"https:\/\/www.paradine.at\/de\/#organization\"},\"potentialAction\":[{\"@type\":\"SearchAction\",\"target\":{\"@type\":\"EntryPoint\",\"urlTemplate\":\"https:\/\/www.paradine.at\/de\/?s={search_term_string}\"},\"query-input\":{\"@type\":\"PropertyValueSpecification\",\"valueRequired\":true,\"valueName\":\"search_term_string\"}}],\"inLanguage\":\"de\"},{\"@type\":\"Organization\",\"@id\":\"https:\/\/www.paradine.at\/de\/#organization\",\"name\":\"Paradine GmbH\",\"url\":\"https:\/\/www.paradine.at\/de\/\",\"logo\":{\"@type\":\"ImageObject\",\"inLanguage\":\"de\",\"@id\":\"https:\/\/www.paradine.at\/de\/#\/schema\/logo\/image\/\",\"url\":\"https:\/\/www.paradine.at\/wp-content\/uploads\/2019\/04\/Paradine-Logo-RGB-png-3200px.png\",\"contentUrl\":\"https:\/\/www.paradine.at\/wp-content\/uploads\/2019\/04\/Paradine-Logo-RGB-png-3200px.png\",\"width\":1920,\"height\":317,\"caption\":\"Paradine GmbH\"},\"image\":{\"@id\":\"https:\/\/www.paradine.at\/de\/#\/schema\/logo\/image\/\"},\"sameAs\":[\"https:\/\/www.facebook.com\/paradinegmbh\/\",\"https:\/\/x.com\/ParadineGmbH\",\"https:\/\/www.instagram.com\/paradinegmbh\/\",\"https:\/\/www.linkedin.com\/company\/paradinegmbh\/\",\"http:\/\/wiki.eclass.eu\/wiki\/PARADINE_GmbH\"]}]}<\/script>\n<!-- \/ Yoast SEO plugin. -->","yoast_head_json":{"title":"Top news &#8226; Paradine","robots":{"index":"index","follow":"follow","max-snippet":"max-snippet:-1","max-image-preview":"max-image-preview:large","max-video-preview":"max-video-preview:-1"},"canonical":"https:\/\/www.paradine.at\/de\/news\/top-news\/","og_locale":"de_DE","og_type":"article","og_title":"Top news &#8226; Paradine","og_description":"[vc_row][vc_column][vc_column_text]eptos&#x2122; und ECLASS \u2013 Mehr Wertsch\u00f6pfung durch einheitliche Datenstandards In modernen Industrieunternehmen ist die Qualit\u00e4t der Material- und Produktdaten l\u00e4ngst ein entscheidender Wettbewerbsfaktor. Wer ECLASS als internationalen Standard f\u00fcr die Klassifikation und Beschreibung von Produkten nutzt, schafft bereits eine solide Basis f\u00fcr Transparenz und Effizienz. Doch erst mit der passenden Softwarel\u00f6sung wie eptos&#x2122; von Paradine...","og_url":"https:\/\/www.paradine.at\/de\/news\/top-news\/","og_site_name":"Paradine","article_publisher":"https:\/\/www.facebook.com\/paradinegmbh\/","article_modified_time":"2025-10-28T10:47:15+00:00","og_image":[{"width":1920,"height":1214,"url":"https:\/\/www.paradine.at\/wp-content\/uploads\/2022\/07\/smart-geef24a313_1920.jpg","type":"image\/jpeg"}],"twitter_card":"summary_large_image","twitter_site":"@ParadineGmbH","twitter_misc":{"Gesch\u00e4tzte Lesezeit":"1\u00a0Minute"},"schema":{"@context":"https:\/\/schema.org","@graph":[{"@type":"WebPage","@id":"https:\/\/www.paradine.at\/de\/news\/top-news\/","url":"https:\/\/www.paradine.at\/de\/news\/top-news\/","name":"Top news &#8226; Paradine","isPartOf":{"@id":"https:\/\/www.paradine.at\/de\/#website"},"primaryImageOfPage":{"@id":"https:\/\/www.paradine.at\/de\/news\/top-news\/#primaryimage"},"image":{"@id":"https:\/\/www.paradine.at\/de\/news\/top-news\/#primaryimage"},"thumbnailUrl":"https:\/\/www.paradine.at\/wp-content\/uploads\/2022\/07\/smart-geef24a313_1920.jpg","datePublished":"2022-08-03T02:40:38+00:00","dateModified":"2025-10-28T10:47:15+00:00","breadcrumb":{"@id":"https:\/\/www.paradine.at\/de\/news\/top-news\/#breadcrumb"},"inLanguage":"de","potentialAction":[{"@type":"ReadAction","target":["https:\/\/www.paradine.at\/de\/news\/top-news\/"]}]},{"@type":"ImageObject","inLanguage":"de","@id":"https:\/\/www.paradine.at\/de\/news\/top-news\/#primaryimage","url":"https:\/\/www.paradine.at\/wp-content\/uploads\/2022\/07\/smart-geef24a313_1920.jpg","contentUrl":"https:\/\/www.paradine.at\/wp-content\/uploads\/2022\/07\/smart-geef24a313_1920.jpg","width":1920,"height":1214},{"@type":"BreadcrumbList","@id":"https:\/\/www.paradine.at\/de\/news\/top-news\/#breadcrumb","itemListElement":[{"@type":"ListItem","position":1,"name":"Home","item":"https:\/\/www.paradine.at\/de\/"},{"@type":"ListItem","position":2,"name":"News","item":"https:\/\/www.paradine.at\/de\/news\/"},{"@type":"ListItem","position":3,"name":"Top news"}]},{"@type":"WebSite","@id":"https:\/\/www.paradine.at\/de\/#website","url":"https:\/\/www.paradine.at\/de\/","name":"Paradine","description":"Master Data Management","publisher":{"@id":"https:\/\/www.paradine.at\/de\/#organization"},"potentialAction":[{"@type":"SearchAction","target":{"@type":"EntryPoint","urlTemplate":"https:\/\/www.paradine.at\/de\/?s={search_term_string}"},"query-input":{"@type":"PropertyValueSpecification","valueRequired":true,"valueName":"search_term_string"}}],"inLanguage":"de"},{"@type":"Organization","@id":"https:\/\/www.paradine.at\/de\/#organization","name":"Paradine GmbH","url":"https:\/\/www.paradine.at\/de\/","logo":{"@type":"ImageObject","inLanguage":"de","@id":"https:\/\/www.paradine.at\/de\/#\/schema\/logo\/image\/","url":"https:\/\/www.paradine.at\/wp-content\/uploads\/2019\/04\/Paradine-Logo-RGB-png-3200px.png","contentUrl":"https:\/\/www.paradine.at\/wp-content\/uploads\/2019\/04\/Paradine-Logo-RGB-png-3200px.png","width":1920,"height":317,"caption":"Paradine GmbH"},"image":{"@id":"https:\/\/www.paradine.at\/de\/#\/schema\/logo\/image\/"},"sameAs":["https:\/\/www.facebook.com\/paradinegmbh\/","https:\/\/x.com\/ParadineGmbH","https:\/\/www.instagram.com\/paradinegmbh\/","https:\/\/www.linkedin.com\/company\/paradinegmbh\/","http:\/\/wiki.eclass.eu\/wiki\/PARADINE_GmbH"]}]}},"_links":{"self":[{"href":"https:\/\/www.paradine.at\/de\/wp-json\/wp\/v2\/pages\/6119"}],"collection":[{"href":"https:\/\/www.paradine.at\/de\/wp-json\/wp\/v2\/pages"}],"about":[{"href":"https:\/\/www.paradine.at\/de\/wp-json\/wp\/v2\/types\/page"}],"author":[{"embeddable":true,"href":"https:\/\/www.paradine.at\/de\/wp-json\/wp\/v2\/users\/68"}],"replies":[{"embeddable":true,"href":"https:\/\/www.paradine.at\/de\/wp-json\/wp\/v2\/comments?post=6119"}],"version-history":[{"count":9,"href":"https:\/\/www.paradine.at\/de\/wp-json\/wp\/v2\/pages\/6119\/revisions"}],"predecessor-version":[{"id":8769,"href":"https:\/\/www.paradine.at\/de\/wp-json\/wp\/v2\/pages\/6119\/revisions\/8769"}],"up":[{"embeddable":true,"href":"https:\/\/www.paradine.at\/de\/wp-json\/wp\/v2\/pages\/7026"}],"wp:featuredmedia":[{"embeddable":true,"href":"https:\/\/www.paradine.at\/de\/wp-json\/wp\/v2\/media\/7852"}],"wp:attachment":[{"href":"https:\/\/www.paradine.at\/de\/wp-json\/wp\/v2\/media?parent=6119"}],"curies":[{"name":"wp","href":"https:\/\/api.w.org\/{rel}","templated":true}]}}