{"id":6105,"date":"2022-08-03T04:33:22","date_gmt":"2022-08-03T02:33:22","guid":{"rendered":"https:\/\/www.paradine.at\/?page_id=6105"},"modified":"2023-04-04T12:27:48","modified_gmt":"2023-04-04T10:27:48","slug":"siemens-eptos-ccp-solution","status":"publish","type":"page","link":"https:\/\/www.paradine.at\/de\/references\/success-stories\/siemens-eptos-ccp-solution\/","title":{"rendered":"Siemens &#8211; eptos CCP-L\u00f6sung"},"content":{"rendered":"<p>[vc_row][vc_column][vc_column_text]<\/p>\n<p class=\"art-postheader\" style=\"text-align: center;\"><span style=\"font-size: 14pt; color: #006ab3;\"><strong>Siemens &#8211; Zentraler Produktstammdaten-Server f\u00fcr 4,5 Mio. Materialstammdatens\u00e4tze mit eptos&#x2122;<\/strong><\/span><\/p>\n<div class=\"art-postcontent\">\n<div class=\"art-article\">\n<p>Das Siemens E-Content Classification Portal realisiert einen zentralen Produktstammdatenserver f\u00fcr die branchenweit einheitliche, system\u00fcbergreifende Klassifikation sowie die Beschreibung von Produktstammdaten und -strukturen auf Basis der eptos&#x2122;-L\u00f6sung von Paradine.<\/p>\n<p style=\"text-align: left;\"><em>&#8220;Wer glaubt, dass Stammdatenmanagement nur eine Nebenbesch\u00e4ftigung ist, sollte die Finger davon lassen. Nicht umsonst basieren ISO13584 und IEC61360 auf einem soliden mathematischen Fundament. Ein Abweichen von diesem Fundament birgt die Gefahr, unerkl\u00e4rlich zu werden und mit viel Aufwand und vielen Kompromissen eigene, nicht abgestimmte L\u00f6sungen zu schaffen.&#8221; <\/em><span style=\"font-size: 10pt;\">Gerd Koziel, Leiter der Klassifizierung<\/span><\/p>\n<p><strong>Status Quo und Problemdefinition<\/strong><\/p>\n<p>Als einer der f\u00fchrenden Akteure in einem globalen Markt bietet die Division Power Generation des Siemens-Sektors Energy ihren Kunden erstklassige Technologien, Dienstleistungen und L\u00f6sungen zur Verbesserung ihrer Flexibilit\u00e4t, Effizienz und Rentabilit\u00e4t im Bereich der Stromerzeugung. In den letzten Jahren hat der Gesch\u00e4ftsbereich eine Reihe von Unternehmen erworben (z.B. Westinghouse, Delaval, Mannesmann Demag, Alstom, KK&amp;K, HV-Turbo, Bennex und Poseidon, usw.). Jedes dieser Unternehmen brachte seine eigene Kultur sowie seine eigenen Produkte und Gesch\u00e4ftsprozesse mit. Seit 2007 verfolgt der Gesch\u00e4ftsbereich Stromerzeugung konsequent das Ziel, die heterogene Prozess- und Systemlandschaft zu harmonisieren. Eine weltweit einheitliche Ausrichtung wird die Gesch\u00e4ftsprozesse schneller, flexibler und produktiver machen und die Zusammenarbeit insbesondere zwischen den einzelnen Standorten deutlich verbessern. Die Datenmanagementprozesse sollen im Rahmen von Projekten \u00fcberarbeitet und an die strategische Ausrichtung der Einheit angepasst werden.<\/p>\n<p><strong>Herausforderungen<\/strong><\/p>\n<ul>\n<li>Hoher standortspezifischer Pflegeaufwand f\u00fcr Materialstammdaten<\/li>\n<li>Keine Vergleichbarkeit der Informationen &#8211; eigene Interpretation war notwendig<\/li>\n<li>Mehrdeutigkeit von Klassen und Eigenschaftsbezeichnungen<\/li>\n<li>Viele individuelle Klassen, je nach internem Bedarf<\/li>\n<li>Hohe Anzahl von Duplikaten<\/li>\n<li>Keine sektorweiten B\u00fcndelungsoptionen bei der Beschaffung<\/li>\n<li>Hoher Aufwand bei standort\u00fcbergreifender Produktdokumentation<\/li>\n<\/ul>\n<p>Aus dieser Situation ergibt sich ein hohes nachhaltiges Einsparungspotenzial durch langj\u00e4hrige Servicevertr\u00e4ge mit den Kunden (bis zu 30 Jahre).<\/p>\n<p><strong>Die Siemens E &#8211; Content Classification Portal L\u00f6sung<\/strong><\/p>\n<p>Im Rahmen dieses Projektes wurde ein zentraler Produktstammdatenserver &#8211; das &#8220;Siemens E &#8211; Content Classification Portal&#8221; &#8211; auf Basis der eptos&#x2122;-L\u00f6sung von Paradine sowie eine zentrale Stelle f\u00fcr die Klassifizierung und Pflege der Stammdaten eingerichtet. Die Basis f\u00fcr eine konsolidierte Klassifikation von Materialstammdaten bildet ECLASS als etablierter, branchen\u00fcbergreifender und mehrsprachiger Klassifikationsstandard. F\u00fcr die konsistente Klassifizierung und Beschreibung von Materialstammdaten wird eine an die Anforderungen von Siemens angepasste Klassenstruktur auf Basis des ECLASS-Standards abgeleitet. Dabei wurden nicht ben\u00f6tigte Klassen als inaktiv gesetzt, Eigenschaften und verwendete Werte definiert und Erstellungsregeln f\u00fcr die automatische Generierung von Kurztexten und Beschaffungstexten (Langtexten) festgelegt.<\/p>\n<p><strong>Das &#8220;Siemens E &#8211; Content Classification Portal&#8221; erf\u00fcllt die folgenden Funktionen:<\/strong><\/p>\n<ul>\n<li>Zentraler Produktstammdaten-Server zum Aufbau einer konsolidierten Klassifikationsstruktur auf Basis von ECLASS<\/li>\n<li>Beschr\u00e4nkung der ECLASS-Klassen auf die tats\u00e4chlich genutzten Klassen und Erweiterung um eigene Klassen, wo n\u00f6tig<\/li>\n<li>Erstellung und Pflege von klassenspezifischen Templates zur Spezifikation von (unterschiedlichen) Beschreibungsdetails der Materialstammdaten f\u00fcr Zielsysteme (SAP, Teamcenter, etc.)<\/li>\n<li>Bereitstellung von Klassifizierungs- und Materialbeschreibungsinformationen f\u00fcr weitere Unternehmensanwendungen (z.B. Comos, TDM, etc.)<\/li>\n<li>Zuordnung zu alten Klassifikationen<\/li>\n<li>Abbildung von Ma\u00dfeinheiten f\u00fcr Zielsysteme<\/li>\n<li>Mehrsprachige Terminologiedatenbank zur Benennung von Katalogen und Wertelisten<\/li>\n<li>Unterst\u00fctzung f\u00fcr das automatische Upgrade auf h\u00f6here ECLASS-Versionen<\/li>\n<li>Referenzsystem f\u00fcr die \u00dcbertragung von Lieferantenkatalogdaten<\/li>\n<li>Plattform zur Erfassung von \u00c4nderungs- und Erweiterungsantr\u00e4gen f\u00fcr Klassifizierung, Materialbeschreibung und Terminologie<\/li>\n<\/ul>\n<p><strong>Die Ergebnisse und Vorteile umfassen:<\/strong><\/p>\n<ul>\n<li>Die Einf\u00fchrung der neuen Klassifizierungsstruktur hat bereits an den deutschen Standorten Duisburg, G\u00f6rlitz und N\u00fcrnberg stattgefunden. Internationale Einf\u00fchrungen haben an den Standorten Finspong (Schweden), Brno (Tschechische Republik), Hengelo (Niederlande) und Perm (Russland) stattgefunden.<\/li>\n<li>Fast 1 Million Materialstamms\u00e4tze wurden bereits klassifiziert und etwa 450.000 Datens\u00e4tze mit Eigenschaften ausgewertet<\/li>\n<li>Die Vorbereitung des Materialstammsatzes f\u00fcr die Zielsysteme wurde in deutscher, englischer und tschechischer Sprache durchgef\u00fchrt. Derzeit sind jedoch bereits 16 Sprachen f\u00fcr die Suche innerhalb des Siemens E &#8211; Content Classification Portals verf\u00fcgbar<\/li>\n<li>Insgesamt werden etwa 2.500 ECLASS-Klassen ben\u00f6tigt, von denen ca. 900 ECLASS-Klassen werden derzeit aktiv genutzt<\/li>\n<li>Es war m\u00f6glich, den Privatunterricht auf ca. 2.400 Klassen zur Zeit<\/li>\n<li>Insgesamt ergibt sich ein R\u00fcckgang von ca. 7.000 eigene Klassen zu ca. 4.900 Klassen nach dem ECLASS-Standard<\/li>\n<\/ul>\n<p><strong>\u00dcber die Siemens AG &#8211; Sektor Energy<\/strong><\/p>\n<p>Die Siemens AG ist ein weltweit f\u00fchrendes Unternehmen der Elektronik und Elektrotechnik. Der Sektor Energie ist einer der weltweit f\u00fchrenden Anbieter eines breiten Spektrums von Produkten, L\u00f6sungen und Dienstleistungen im Bereich der Energietechnik. Siemens Energy besch\u00e4ftigt weltweit fast 86.000 Mitarbeiter. Im Gesch\u00e4ftsjahr 2012 erzielte der Sektor einen Umsatz von rund 27,5 Milliarden Euro und einen Gewinn von rund 2,2 Milliarden Euro.<\/p>\n<\/div>\n<\/div>\n<p>&nbsp;<\/p>\n<p style=\"text-align: center;\"><em><span style=\"color: #006ab3; font-size: 14pt;\"><strong>Download:<br \/>\n<\/strong><\/span><\/em><span style=\"font-size: 14pt;\"><i class=\"fa fa-file-pdf-o \" ><\/i> <a  data-e-Disable-Page-Transition=\"true\" class=\"download-link\" title=\"\" href=\"https:\/\/www.paradine.at\/download\/3285\/?tmstv=1777288085\" rel=\"nofollow\" id=\"download-link-3285\" data-redirect=\"false\" >\n\tSiemens-Success-Story-EN<\/a>\n<\/span><\/p>\n<p style=\"text-align: center;\">F\u00fcr weitere Informationen kontaktieren Sie uns bitte unter info(at)paradine.at<\/p>\n<p>[\/vc_column_text][\/vc_column][\/vc_row]<\/p>\n","protected":false},"excerpt":{"rendered":"<p>[vc_row][vc_column][vc_column_text] Siemens &#8211; Zentraler Produktstammdaten-Server f\u00fcr 4,5 Mio. Materialstammdatens\u00e4tze mit eptos&#x2122; Das Siemens E-Content Classification Portal realisiert einen zentralen Produktstammdatenserver f\u00fcr die branchenweit einheitliche, system\u00fcbergreifende Klassifikation sowie die Beschreibung von Produktstammdaten und -strukturen auf Basis der eptos&#x2122;-L\u00f6sung von Paradine. &#8220;Wer glaubt, dass Stammdatenmanagement nur eine Nebenbesch\u00e4ftigung ist, sollte die Finger davon lassen. Nicht umsonst basieren&#8230;<\/p>\n","protected":false},"author":68,"featured_media":7893,"parent":7033,"menu_order":0,"comment_status":"closed","ping_status":"closed","template":"","meta":{"_acf_changed":false,"footnotes":""},"class_list":["post-6105","page","type-page","status-publish","has-post-thumbnail","hentry"],"acf":[],"yoast_head":"<!-- This site is optimized with the Yoast SEO plugin v23.4 - https:\/\/yoast.com\/wordpress\/plugins\/seo\/ -->\n<title>Siemens - eptos CCP-L\u00f6sung &#8226; Paradine<\/title>\n<meta name=\"robots\" content=\"index, follow, max-snippet:-1, max-image-preview:large, max-video-preview:-1\" \/>\n<link rel=\"canonical\" href=\"https:\/\/www.paradine.at\/de\/references\/success-stories\/siemens-eptos-ccp-solution\/\" \/>\n<meta property=\"og:locale\" content=\"de_DE\" \/>\n<meta property=\"og:type\" content=\"article\" \/>\n<meta property=\"og:title\" content=\"Siemens - eptos CCP-L\u00f6sung &#8226; Paradine\" \/>\n<meta property=\"og:description\" content=\"[vc_row][vc_column][vc_column_text] Siemens &#8211; Zentraler Produktstammdaten-Server f\u00fcr 4,5 Mio. Materialstammdatens\u00e4tze mit eptos&#x2122; Das Siemens E-Content Classification Portal realisiert einen zentralen Produktstammdatenserver f\u00fcr die branchenweit einheitliche, system\u00fcbergreifende Klassifikation sowie die Beschreibung von Produktstammdaten und -strukturen auf Basis der eptos&#x2122;-L\u00f6sung von Paradine. &#8220;Wer glaubt, dass Stammdatenmanagement nur eine Nebenbesch\u00e4ftigung ist, sollte die Finger davon lassen. Nicht umsonst basieren...\" \/>\n<meta property=\"og:url\" content=\"https:\/\/www.paradine.at\/de\/references\/success-stories\/siemens-eptos-ccp-solution\/\" \/>\n<meta property=\"og:site_name\" content=\"Paradine\" \/>\n<meta property=\"article:publisher\" content=\"https:\/\/www.facebook.com\/paradinegmbh\/\" \/>\n<meta property=\"article:modified_time\" content=\"2023-04-04T10:27:48+00:00\" \/>\n<meta property=\"og:image\" content=\"https:\/\/www.paradine.at\/wp-content\/uploads\/2019\/03\/shutterstock_637649452.jpg\" \/>\n\t<meta property=\"og:image:width\" content=\"1920\" \/>\n\t<meta property=\"og:image:height\" content=\"960\" \/>\n\t<meta property=\"og:image:type\" content=\"image\/jpeg\" \/>\n<meta name=\"twitter:card\" content=\"summary_large_image\" \/>\n<meta name=\"twitter:site\" content=\"@ParadineGmbH\" \/>\n<meta name=\"twitter:label1\" content=\"Gesch\u00e4tzte Lesezeit\" \/>\n\t<meta name=\"twitter:data1\" content=\"4\u00a0Minuten\" \/>\n<script type=\"application\/ld+json\" class=\"yoast-schema-graph\">{\"@context\":\"https:\/\/schema.org\",\"@graph\":[{\"@type\":\"WebPage\",\"@id\":\"https:\/\/www.paradine.at\/de\/references\/success-stories\/siemens-eptos-ccp-solution\/\",\"url\":\"https:\/\/www.paradine.at\/de\/references\/success-stories\/siemens-eptos-ccp-solution\/\",\"name\":\"Siemens - eptos CCP-L\u00f6sung &#8226; Paradine\",\"isPartOf\":{\"@id\":\"https:\/\/www.paradine.at\/de\/#website\"},\"primaryImageOfPage\":{\"@id\":\"https:\/\/www.paradine.at\/de\/references\/success-stories\/siemens-eptos-ccp-solution\/#primaryimage\"},\"image\":{\"@id\":\"https:\/\/www.paradine.at\/de\/references\/success-stories\/siemens-eptos-ccp-solution\/#primaryimage\"},\"thumbnailUrl\":\"https:\/\/www.paradine.at\/wp-content\/uploads\/2019\/03\/shutterstock_637649452.jpg\",\"datePublished\":\"2022-08-03T02:33:22+00:00\",\"dateModified\":\"2023-04-04T10:27:48+00:00\",\"breadcrumb\":{\"@id\":\"https:\/\/www.paradine.at\/de\/references\/success-stories\/siemens-eptos-ccp-solution\/#breadcrumb\"},\"inLanguage\":\"de\",\"potentialAction\":[{\"@type\":\"ReadAction\",\"target\":[\"https:\/\/www.paradine.at\/de\/references\/success-stories\/siemens-eptos-ccp-solution\/\"]}]},{\"@type\":\"ImageObject\",\"inLanguage\":\"de\",\"@id\":\"https:\/\/www.paradine.at\/de\/references\/success-stories\/siemens-eptos-ccp-solution\/#primaryimage\",\"url\":\"https:\/\/www.paradine.at\/wp-content\/uploads\/2019\/03\/shutterstock_637649452.jpg\",\"contentUrl\":\"https:\/\/www.paradine.at\/wp-content\/uploads\/2019\/03\/shutterstock_637649452.jpg\",\"width\":1920,\"height\":960,\"caption\":\"Instandhaltungstage Salzburg, 20220630, (c) wildbild\"},{\"@type\":\"BreadcrumbList\",\"@id\":\"https:\/\/www.paradine.at\/de\/references\/success-stories\/siemens-eptos-ccp-solution\/#breadcrumb\",\"itemListElement\":[{\"@type\":\"ListItem\",\"position\":1,\"name\":\"Home\",\"item\":\"https:\/\/www.paradine.at\/de\/\"},{\"@type\":\"ListItem\",\"position\":2,\"name\":\"Referenzen\",\"item\":\"https:\/\/www.paradine.at\/de\/references\/\"},{\"@type\":\"ListItem\",\"position\":3,\"name\":\"Success-stories\",\"item\":\"https:\/\/www.paradine.at\/de\/references\/success-stories\/\"},{\"@type\":\"ListItem\",\"position\":4,\"name\":\"Siemens &#8211; eptos CCP-L\u00f6sung\"}]},{\"@type\":\"WebSite\",\"@id\":\"https:\/\/www.paradine.at\/de\/#website\",\"url\":\"https:\/\/www.paradine.at\/de\/\",\"name\":\"Paradine\",\"description\":\"Master Data Management\",\"publisher\":{\"@id\":\"https:\/\/www.paradine.at\/de\/#organization\"},\"potentialAction\":[{\"@type\":\"SearchAction\",\"target\":{\"@type\":\"EntryPoint\",\"urlTemplate\":\"https:\/\/www.paradine.at\/de\/?s={search_term_string}\"},\"query-input\":{\"@type\":\"PropertyValueSpecification\",\"valueRequired\":true,\"valueName\":\"search_term_string\"}}],\"inLanguage\":\"de\"},{\"@type\":\"Organization\",\"@id\":\"https:\/\/www.paradine.at\/de\/#organization\",\"name\":\"Paradine GmbH\",\"url\":\"https:\/\/www.paradine.at\/de\/\",\"logo\":{\"@type\":\"ImageObject\",\"inLanguage\":\"de\",\"@id\":\"https:\/\/www.paradine.at\/de\/#\/schema\/logo\/image\/\",\"url\":\"https:\/\/www.paradine.at\/wp-content\/uploads\/2019\/04\/Paradine-Logo-RGB-png-3200px.png\",\"contentUrl\":\"https:\/\/www.paradine.at\/wp-content\/uploads\/2019\/04\/Paradine-Logo-RGB-png-3200px.png\",\"width\":1920,\"height\":317,\"caption\":\"Paradine GmbH\"},\"image\":{\"@id\":\"https:\/\/www.paradine.at\/de\/#\/schema\/logo\/image\/\"},\"sameAs\":[\"https:\/\/www.facebook.com\/paradinegmbh\/\",\"https:\/\/x.com\/ParadineGmbH\",\"https:\/\/www.instagram.com\/paradinegmbh\/\",\"https:\/\/www.linkedin.com\/company\/paradinegmbh\/\",\"http:\/\/wiki.eclass.eu\/wiki\/PARADINE_GmbH\"]}]}<\/script>\n<!-- \/ Yoast SEO plugin. -->","yoast_head_json":{"title":"Siemens - eptos CCP-L\u00f6sung &#8226; Paradine","robots":{"index":"index","follow":"follow","max-snippet":"max-snippet:-1","max-image-preview":"max-image-preview:large","max-video-preview":"max-video-preview:-1"},"canonical":"https:\/\/www.paradine.at\/de\/references\/success-stories\/siemens-eptos-ccp-solution\/","og_locale":"de_DE","og_type":"article","og_title":"Siemens - eptos CCP-L\u00f6sung &#8226; Paradine","og_description":"[vc_row][vc_column][vc_column_text] Siemens &#8211; Zentraler Produktstammdaten-Server f\u00fcr 4,5 Mio. Materialstammdatens\u00e4tze mit eptos&#x2122; Das Siemens E-Content Classification Portal realisiert einen zentralen Produktstammdatenserver f\u00fcr die branchenweit einheitliche, system\u00fcbergreifende Klassifikation sowie die Beschreibung von Produktstammdaten und -strukturen auf Basis der eptos&#x2122;-L\u00f6sung von Paradine. &#8220;Wer glaubt, dass Stammdatenmanagement nur eine Nebenbesch\u00e4ftigung ist, sollte die Finger davon lassen. Nicht umsonst basieren...","og_url":"https:\/\/www.paradine.at\/de\/references\/success-stories\/siemens-eptos-ccp-solution\/","og_site_name":"Paradine","article_publisher":"https:\/\/www.facebook.com\/paradinegmbh\/","article_modified_time":"2023-04-04T10:27:48+00:00","og_image":[{"width":1920,"height":960,"url":"https:\/\/www.paradine.at\/wp-content\/uploads\/2019\/03\/shutterstock_637649452.jpg","type":"image\/jpeg"}],"twitter_card":"summary_large_image","twitter_site":"@ParadineGmbH","twitter_misc":{"Gesch\u00e4tzte Lesezeit":"4\u00a0Minuten"},"schema":{"@context":"https:\/\/schema.org","@graph":[{"@type":"WebPage","@id":"https:\/\/www.paradine.at\/de\/references\/success-stories\/siemens-eptos-ccp-solution\/","url":"https:\/\/www.paradine.at\/de\/references\/success-stories\/siemens-eptos-ccp-solution\/","name":"Siemens - eptos CCP-L\u00f6sung &#8226; Paradine","isPartOf":{"@id":"https:\/\/www.paradine.at\/de\/#website"},"primaryImageOfPage":{"@id":"https:\/\/www.paradine.at\/de\/references\/success-stories\/siemens-eptos-ccp-solution\/#primaryimage"},"image":{"@id":"https:\/\/www.paradine.at\/de\/references\/success-stories\/siemens-eptos-ccp-solution\/#primaryimage"},"thumbnailUrl":"https:\/\/www.paradine.at\/wp-content\/uploads\/2019\/03\/shutterstock_637649452.jpg","datePublished":"2022-08-03T02:33:22+00:00","dateModified":"2023-04-04T10:27:48+00:00","breadcrumb":{"@id":"https:\/\/www.paradine.at\/de\/references\/success-stories\/siemens-eptos-ccp-solution\/#breadcrumb"},"inLanguage":"de","potentialAction":[{"@type":"ReadAction","target":["https:\/\/www.paradine.at\/de\/references\/success-stories\/siemens-eptos-ccp-solution\/"]}]},{"@type":"ImageObject","inLanguage":"de","@id":"https:\/\/www.paradine.at\/de\/references\/success-stories\/siemens-eptos-ccp-solution\/#primaryimage","url":"https:\/\/www.paradine.at\/wp-content\/uploads\/2019\/03\/shutterstock_637649452.jpg","contentUrl":"https:\/\/www.paradine.at\/wp-content\/uploads\/2019\/03\/shutterstock_637649452.jpg","width":1920,"height":960,"caption":"Instandhaltungstage Salzburg, 20220630, (c) wildbild"},{"@type":"BreadcrumbList","@id":"https:\/\/www.paradine.at\/de\/references\/success-stories\/siemens-eptos-ccp-solution\/#breadcrumb","itemListElement":[{"@type":"ListItem","position":1,"name":"Home","item":"https:\/\/www.paradine.at\/de\/"},{"@type":"ListItem","position":2,"name":"Referenzen","item":"https:\/\/www.paradine.at\/de\/references\/"},{"@type":"ListItem","position":3,"name":"Success-stories","item":"https:\/\/www.paradine.at\/de\/references\/success-stories\/"},{"@type":"ListItem","position":4,"name":"Siemens &#8211; eptos CCP-L\u00f6sung"}]},{"@type":"WebSite","@id":"https:\/\/www.paradine.at\/de\/#website","url":"https:\/\/www.paradine.at\/de\/","name":"Paradine","description":"Master Data Management","publisher":{"@id":"https:\/\/www.paradine.at\/de\/#organization"},"potentialAction":[{"@type":"SearchAction","target":{"@type":"EntryPoint","urlTemplate":"https:\/\/www.paradine.at\/de\/?s={search_term_string}"},"query-input":{"@type":"PropertyValueSpecification","valueRequired":true,"valueName":"search_term_string"}}],"inLanguage":"de"},{"@type":"Organization","@id":"https:\/\/www.paradine.at\/de\/#organization","name":"Paradine GmbH","url":"https:\/\/www.paradine.at\/de\/","logo":{"@type":"ImageObject","inLanguage":"de","@id":"https:\/\/www.paradine.at\/de\/#\/schema\/logo\/image\/","url":"https:\/\/www.paradine.at\/wp-content\/uploads\/2019\/04\/Paradine-Logo-RGB-png-3200px.png","contentUrl":"https:\/\/www.paradine.at\/wp-content\/uploads\/2019\/04\/Paradine-Logo-RGB-png-3200px.png","width":1920,"height":317,"caption":"Paradine GmbH"},"image":{"@id":"https:\/\/www.paradine.at\/de\/#\/schema\/logo\/image\/"},"sameAs":["https:\/\/www.facebook.com\/paradinegmbh\/","https:\/\/x.com\/ParadineGmbH","https:\/\/www.instagram.com\/paradinegmbh\/","https:\/\/www.linkedin.com\/company\/paradinegmbh\/","http:\/\/wiki.eclass.eu\/wiki\/PARADINE_GmbH"]}]}},"_links":{"self":[{"href":"https:\/\/www.paradine.at\/de\/wp-json\/wp\/v2\/pages\/6105"}],"collection":[{"href":"https:\/\/www.paradine.at\/de\/wp-json\/wp\/v2\/pages"}],"about":[{"href":"https:\/\/www.paradine.at\/de\/wp-json\/wp\/v2\/types\/page"}],"author":[{"embeddable":true,"href":"https:\/\/www.paradine.at\/de\/wp-json\/wp\/v2\/users\/68"}],"replies":[{"embeddable":true,"href":"https:\/\/www.paradine.at\/de\/wp-json\/wp\/v2\/comments?post=6105"}],"version-history":[{"count":11,"href":"https:\/\/www.paradine.at\/de\/wp-json\/wp\/v2\/pages\/6105\/revisions"}],"predecessor-version":[{"id":6896,"href":"https:\/\/www.paradine.at\/de\/wp-json\/wp\/v2\/pages\/6105\/revisions\/6896"}],"up":[{"embeddable":true,"href":"https:\/\/www.paradine.at\/de\/wp-json\/wp\/v2\/pages\/7033"}],"wp:featuredmedia":[{"embeddable":true,"href":"https:\/\/www.paradine.at\/de\/wp-json\/wp\/v2\/media\/7893"}],"wp:attachment":[{"href":"https:\/\/www.paradine.at\/de\/wp-json\/wp\/v2\/media?parent=6105"}],"curies":[{"name":"wp","href":"https:\/\/api.w.org\/{rel}","templated":true}]}}