{"id":6104,"date":"2022-08-03T04:33:21","date_gmt":"2022-08-03T02:33:21","guid":{"rendered":"https:\/\/www.paradine.at\/?page_id=6104"},"modified":"2023-04-04T12:27:08","modified_gmt":"2023-04-04T10:27:08","slug":"phoenix-contact-ecatcreator","status":"publish","type":"page","link":"https:\/\/www.paradine.at\/de\/references\/success-stories\/phoenix-contact-ecatcreator\/","title":{"rendered":"Phoenix Kontakt &#8211; eCatCreator"},"content":{"rendered":"<p>[vc_row][vc_column][vc_column_text]Phoenix Contact nutzt den eCatCreator zur \u00dcberpr\u00fcfung von Produktstammdaten, die im PhoenixContact Product Information Management (PIM) System im eCl@ss ADVANCED Datenformat angelegt wurden.<\/p>\n<p style=\"text-align: center;\"><em>&#8220;Durch den Einsatz des eCatCreators von Paradine konnte die Implementierungszeit von eCl@ss ADVANCED in unserem PIM-System reduziert werden.&#8221;<br \/>\n<\/em><span style=\"font-size: 10pt;\">Dipl. -Ing. Josef Schmelter, Master Specialist Einstufung<\/span><\/p>\n<p><strong>Projektanforderungen<\/strong><\/p>\n<p>Phoenix Contact setzt seit vielen Jahren ein Product Information Management (PIM) System zur Pflege der Produktstammdaten ein. Das PIM-System ist die Quelle f\u00fcr verschiedene Anwendungen wie Print- und Online-Kataloge, Datenbl\u00e4tter und Konfiguratoren mit Produktstammdaten in bis zu 23 Sprachen. Das PIM-System musste erweitert werden, um die Anforderung umzusetzen, Produktstammdaten f\u00fcr verschiedene Klassifizierungsstandards bereitzustellen, damit die Daten in Kundenanwendungen verwendet werden k\u00f6nnen. Zur Unterst\u00fctzung seiner Prozesse ben\u00f6tigt der Elektrogro\u00dfhandel Hersteller-Produktdaten auf der Grundlage des ETIM-Klassifizierungsstandards. Zur Unterst\u00fctzung der E-Procurement-Prozesse der Kunden und zur Bereitstellung von Engineering-Daten f\u00fcr CAE-Systeme muss das eCl@ss-Klassifikationssystem im ADVANCED-Datenformat unterst\u00fctzt werden.<\/p>\n<p><strong>L\u00f6sungsansatz<\/strong><\/p>\n<p>In Zusammenarbeit mit Paradine und dem PIM-Systemanbieter wurden mehrere Versionen des eCl@ss-Klassifizierungsstandards im ADVANCED-Datenformat implementiert (Konzepterstellung, Datenmodellierung, Q&amp;A). Es wurden Anpassungen des PIM vorgenommen sowie wesentliche neue Funktionalit\u00e4ten hinzugef\u00fcgt, die es erm\u00f6glichen, eigene Produktstrukturelemente auf die entsprechenden eCl@ss-Strukturelemente abzubilden. Sobald die Mappings aller relevanten eCl@ss ADVANCED-Merkmale einer Klasse angelegt sind, werden alle gepflegten Produktstammdaten, die mit dieser Klasse verbunden sind, automatisch in die eCl@ss-Eigenschaften \u00fcbernommen. Die generierten eCl@ss-basierten Produktdaten werden in das BMEcat-Format exportiert und in den vom Kunden gew\u00fcnschten Sprachen bereitgestellt.<\/p>\n<p><strong>eCatCreator<\/strong><\/p>\n<p>Mit dem &#8220;eCatCreator&#8221; bietet Paradine eine schnelle und kosteng\u00fcnstige PC-basierte Softwarel\u00f6sung f\u00fcr die schnelle und einfache Erstellung von Produktbeschreibungen auf Basis von eCl@ss. Mit dem eCatCreator von Paradine k\u00f6nnen elektronische Produktkataloge im BMEcat-Format auf Basis des eCl@ss BASIC und ADVANCED Datenmodells schnell erstellt und den Kunden zur Verf\u00fcgung gestellt werden. eCatCreator erm\u00f6glicht es den Benutzern, elektronische Kataloge auf der Grundlage von eCl@ss und BMEcat zu importieren, zu modifizieren und ihre Konformit\u00e4t (Aspekte, Bl\u00f6cke, Kardinalit\u00e4t, Polymorphie usw.) zu \u00fcberpr\u00fcfen. Der eCatCreator unterst\u00fctzt auch Mappings zwischen dem eCl@ss BASIC- und ADVANCED-Datenmodell und erm\u00f6glicht die Konvertierung von Produktdaten vom eCl@ss ADVANCED- zum BASIC-Datenmodell und umgekehrt.<\/p>\n<p><strong>Vorteile von eCatCreator f\u00fcr Phoenix Contact<\/strong><\/p>\n<ul>\n<li>Zeitnahe Bereitstellung von Referenzdaten f\u00fcr die eigene Systemimplementierung<\/li>\n<li>Verifizierung der eigenen eCl@ss-Implementierung im Phoenix Contact PIM-System<\/li>\n<li>Validierung von elektronischen Produktkatalogen, die aus dem Phoenix Contact PIM-System exportiert werden<\/li>\n<li>Schnelle Erstellung und fr\u00fchzeitige Bereitstellung von Testkatalogen f\u00fcr Phoenix contact im eCl@ss ADVANCED Format<\/li>\n<li>Abbildung der Phoenix Contact Produktbeschreibungen von eCl@ss ADVANCED auf eCl@ss BASIC<\/li>\n<\/ul>\n<p><strong>\u00dcber Phoenix Kontakt<\/strong><\/p>\n<p>Phoenix Contact ist weltweiter Marktf\u00fchrer von Komponenten, Systemen und L\u00f6sungen im Bereich der Elektrotechnik, Elektronik und Automation. Heute besch\u00e4ftigt das Familienunternehmen weltweit 13.000 Mitarbeiter und erwirtschaftete 2013 einen Umsatz von 1,64 Milliarden Euro. Der Hauptsitz des Unternehmens befindet sich in Blomberg in Nordrhein-Westfalen. Zur Phoenix Contact-Gruppe geh\u00f6ren neun Unternehmen sowie 50 Vertriebsgesellschaften. Dar\u00fcber hinaus wird die weltweite Pr\u00e4senz durch 30 Vertretungen in Europa und \u00dcbersee gefestigt.<\/p>\n<p>&nbsp;<\/p>\n<p style=\"text-align: center;\"><em><span style=\"color: #006ab3; font-size: 14pt;\"><strong>Herunterladen:<br \/>\n<\/strong><\/span><\/em><span style=\"font-size: 14pt;\"><i class=\"fa fa-file-pdf-o \" ><\/i> <a  data-e-Disable-Page-Transition=\"true\" class=\"download-link\" title=\"\" href=\"https:\/\/www.paradine.at\/download\/3300\/?tmstv=1776513224\" rel=\"nofollow\" id=\"download-link-3300\" data-redirect=\"false\" >\n\tPhoenix-Contact-Success-Story-EN<\/a>\n<\/span><\/p>\n<p style=\"text-align: center;\">F\u00fcr weitere Informationen kontaktieren Sie uns bitte unter info(at)paradine.at<\/p>\n<p>[\/vc_column_text][\/vc_column][\/vc_row]<\/p>\n","protected":false},"excerpt":{"rendered":"<p>[vc_row][vc_column][vc_column_text]Phoenix Contact nutzt den eCatCreator zur \u00dcberpr\u00fcfung von Produktstammdaten, die im PhoenixContact Product Information Management (PIM) System im eCl@ss ADVANCED Datenformat angelegt wurden. &#8220;Durch den Einsatz des eCatCreators von Paradine konnte die Implementierungszeit von eCl@ss ADVANCED in unserem PIM-System reduziert werden.&#8221; Dipl. -Ing. Josef Schmelter, Master Specialist Einstufung Projektanforderungen Phoenix Contact setzt seit vielen Jahren&#8230;<\/p>\n","protected":false},"author":68,"featured_media":7893,"parent":7033,"menu_order":0,"comment_status":"closed","ping_status":"closed","template":"","meta":{"_acf_changed":false,"footnotes":""},"class_list":["post-6104","page","type-page","status-publish","has-post-thumbnail","hentry"],"acf":[],"yoast_head":"<!-- This site is optimized with the Yoast SEO plugin v23.4 - https:\/\/yoast.com\/wordpress\/plugins\/seo\/ -->\n<title>Phoenix Kontakt - eCatCreator &#8226; Paradine<\/title>\n<meta name=\"robots\" content=\"index, follow, max-snippet:-1, max-image-preview:large, max-video-preview:-1\" \/>\n<link rel=\"canonical\" href=\"https:\/\/www.paradine.at\/de\/references\/success-stories\/phoenix-contact-ecatcreator\/\" \/>\n<meta property=\"og:locale\" content=\"de_DE\" \/>\n<meta property=\"og:type\" content=\"article\" \/>\n<meta property=\"og:title\" content=\"Phoenix Kontakt - eCatCreator &#8226; Paradine\" \/>\n<meta property=\"og:description\" content=\"[vc_row][vc_column][vc_column_text]Phoenix Contact nutzt den eCatCreator zur \u00dcberpr\u00fcfung von Produktstammdaten, die im PhoenixContact Product Information Management (PIM) System im eCl@ss ADVANCED Datenformat angelegt wurden. &#8220;Durch den Einsatz des eCatCreators von Paradine konnte die Implementierungszeit von eCl@ss ADVANCED in unserem PIM-System reduziert werden.&#8221; Dipl. -Ing. Josef Schmelter, Master Specialist Einstufung Projektanforderungen Phoenix Contact setzt seit vielen Jahren...\" \/>\n<meta property=\"og:url\" content=\"https:\/\/www.paradine.at\/de\/references\/success-stories\/phoenix-contact-ecatcreator\/\" \/>\n<meta property=\"og:site_name\" content=\"Paradine\" \/>\n<meta property=\"article:publisher\" content=\"https:\/\/www.facebook.com\/paradinegmbh\/\" \/>\n<meta property=\"article:modified_time\" content=\"2023-04-04T10:27:08+00:00\" \/>\n<meta property=\"og:image\" content=\"https:\/\/www.paradine.at\/wp-content\/uploads\/2019\/03\/shutterstock_637649452.jpg\" \/>\n\t<meta property=\"og:image:width\" content=\"1920\" \/>\n\t<meta property=\"og:image:height\" content=\"960\" \/>\n\t<meta property=\"og:image:type\" content=\"image\/jpeg\" \/>\n<meta name=\"twitter:card\" content=\"summary_large_image\" \/>\n<meta name=\"twitter:site\" content=\"@ParadineGmbH\" \/>\n<meta name=\"twitter:label1\" content=\"Gesch\u00e4tzte Lesezeit\" \/>\n\t<meta name=\"twitter:data1\" content=\"3\u00a0Minuten\" \/>\n<script type=\"application\/ld+json\" class=\"yoast-schema-graph\">{\"@context\":\"https:\/\/schema.org\",\"@graph\":[{\"@type\":\"WebPage\",\"@id\":\"https:\/\/www.paradine.at\/de\/references\/success-stories\/phoenix-contact-ecatcreator\/\",\"url\":\"https:\/\/www.paradine.at\/de\/references\/success-stories\/phoenix-contact-ecatcreator\/\",\"name\":\"Phoenix Kontakt - eCatCreator &#8226; Paradine\",\"isPartOf\":{\"@id\":\"https:\/\/www.paradine.at\/de\/#website\"},\"primaryImageOfPage\":{\"@id\":\"https:\/\/www.paradine.at\/de\/references\/success-stories\/phoenix-contact-ecatcreator\/#primaryimage\"},\"image\":{\"@id\":\"https:\/\/www.paradine.at\/de\/references\/success-stories\/phoenix-contact-ecatcreator\/#primaryimage\"},\"thumbnailUrl\":\"https:\/\/www.paradine.at\/wp-content\/uploads\/2019\/03\/shutterstock_637649452.jpg\",\"datePublished\":\"2022-08-03T02:33:21+00:00\",\"dateModified\":\"2023-04-04T10:27:08+00:00\",\"breadcrumb\":{\"@id\":\"https:\/\/www.paradine.at\/de\/references\/success-stories\/phoenix-contact-ecatcreator\/#breadcrumb\"},\"inLanguage\":\"de\",\"potentialAction\":[{\"@type\":\"ReadAction\",\"target\":[\"https:\/\/www.paradine.at\/de\/references\/success-stories\/phoenix-contact-ecatcreator\/\"]}]},{\"@type\":\"ImageObject\",\"inLanguage\":\"de\",\"@id\":\"https:\/\/www.paradine.at\/de\/references\/success-stories\/phoenix-contact-ecatcreator\/#primaryimage\",\"url\":\"https:\/\/www.paradine.at\/wp-content\/uploads\/2019\/03\/shutterstock_637649452.jpg\",\"contentUrl\":\"https:\/\/www.paradine.at\/wp-content\/uploads\/2019\/03\/shutterstock_637649452.jpg\",\"width\":1920,\"height\":960,\"caption\":\"Instandhaltungstage Salzburg, 20220630, (c) wildbild\"},{\"@type\":\"BreadcrumbList\",\"@id\":\"https:\/\/www.paradine.at\/de\/references\/success-stories\/phoenix-contact-ecatcreator\/#breadcrumb\",\"itemListElement\":[{\"@type\":\"ListItem\",\"position\":1,\"name\":\"Home\",\"item\":\"https:\/\/www.paradine.at\/de\/\"},{\"@type\":\"ListItem\",\"position\":2,\"name\":\"Referenzen\",\"item\":\"https:\/\/www.paradine.at\/de\/references\/\"},{\"@type\":\"ListItem\",\"position\":3,\"name\":\"Success-stories\",\"item\":\"https:\/\/www.paradine.at\/de\/references\/success-stories\/\"},{\"@type\":\"ListItem\",\"position\":4,\"name\":\"Phoenix Kontakt &#8211; eCatCreator\"}]},{\"@type\":\"WebSite\",\"@id\":\"https:\/\/www.paradine.at\/de\/#website\",\"url\":\"https:\/\/www.paradine.at\/de\/\",\"name\":\"Paradine\",\"description\":\"Master Data Management\",\"publisher\":{\"@id\":\"https:\/\/www.paradine.at\/de\/#organization\"},\"potentialAction\":[{\"@type\":\"SearchAction\",\"target\":{\"@type\":\"EntryPoint\",\"urlTemplate\":\"https:\/\/www.paradine.at\/de\/?s={search_term_string}\"},\"query-input\":{\"@type\":\"PropertyValueSpecification\",\"valueRequired\":true,\"valueName\":\"search_term_string\"}}],\"inLanguage\":\"de\"},{\"@type\":\"Organization\",\"@id\":\"https:\/\/www.paradine.at\/de\/#organization\",\"name\":\"Paradine GmbH\",\"url\":\"https:\/\/www.paradine.at\/de\/\",\"logo\":{\"@type\":\"ImageObject\",\"inLanguage\":\"de\",\"@id\":\"https:\/\/www.paradine.at\/de\/#\/schema\/logo\/image\/\",\"url\":\"https:\/\/www.paradine.at\/wp-content\/uploads\/2019\/04\/Paradine-Logo-RGB-png-3200px.png\",\"contentUrl\":\"https:\/\/www.paradine.at\/wp-content\/uploads\/2019\/04\/Paradine-Logo-RGB-png-3200px.png\",\"width\":1920,\"height\":317,\"caption\":\"Paradine GmbH\"},\"image\":{\"@id\":\"https:\/\/www.paradine.at\/de\/#\/schema\/logo\/image\/\"},\"sameAs\":[\"https:\/\/www.facebook.com\/paradinegmbh\/\",\"https:\/\/x.com\/ParadineGmbH\",\"https:\/\/www.instagram.com\/paradinegmbh\/\",\"https:\/\/www.linkedin.com\/company\/paradinegmbh\/\",\"http:\/\/wiki.eclass.eu\/wiki\/PARADINE_GmbH\"]}]}<\/script>\n<!-- \/ Yoast SEO plugin. -->","yoast_head_json":{"title":"Phoenix Kontakt - eCatCreator &#8226; Paradine","robots":{"index":"index","follow":"follow","max-snippet":"max-snippet:-1","max-image-preview":"max-image-preview:large","max-video-preview":"max-video-preview:-1"},"canonical":"https:\/\/www.paradine.at\/de\/references\/success-stories\/phoenix-contact-ecatcreator\/","og_locale":"de_DE","og_type":"article","og_title":"Phoenix Kontakt - eCatCreator &#8226; Paradine","og_description":"[vc_row][vc_column][vc_column_text]Phoenix Contact nutzt den eCatCreator zur \u00dcberpr\u00fcfung von Produktstammdaten, die im PhoenixContact Product Information Management (PIM) System im eCl@ss ADVANCED Datenformat angelegt wurden. &#8220;Durch den Einsatz des eCatCreators von Paradine konnte die Implementierungszeit von eCl@ss ADVANCED in unserem PIM-System reduziert werden.&#8221; Dipl. -Ing. Josef Schmelter, Master Specialist Einstufung Projektanforderungen Phoenix Contact setzt seit vielen Jahren...","og_url":"https:\/\/www.paradine.at\/de\/references\/success-stories\/phoenix-contact-ecatcreator\/","og_site_name":"Paradine","article_publisher":"https:\/\/www.facebook.com\/paradinegmbh\/","article_modified_time":"2023-04-04T10:27:08+00:00","og_image":[{"width":1920,"height":960,"url":"https:\/\/www.paradine.at\/wp-content\/uploads\/2019\/03\/shutterstock_637649452.jpg","type":"image\/jpeg"}],"twitter_card":"summary_large_image","twitter_site":"@ParadineGmbH","twitter_misc":{"Gesch\u00e4tzte Lesezeit":"3\u00a0Minuten"},"schema":{"@context":"https:\/\/schema.org","@graph":[{"@type":"WebPage","@id":"https:\/\/www.paradine.at\/de\/references\/success-stories\/phoenix-contact-ecatcreator\/","url":"https:\/\/www.paradine.at\/de\/references\/success-stories\/phoenix-contact-ecatcreator\/","name":"Phoenix Kontakt - eCatCreator &#8226; Paradine","isPartOf":{"@id":"https:\/\/www.paradine.at\/de\/#website"},"primaryImageOfPage":{"@id":"https:\/\/www.paradine.at\/de\/references\/success-stories\/phoenix-contact-ecatcreator\/#primaryimage"},"image":{"@id":"https:\/\/www.paradine.at\/de\/references\/success-stories\/phoenix-contact-ecatcreator\/#primaryimage"},"thumbnailUrl":"https:\/\/www.paradine.at\/wp-content\/uploads\/2019\/03\/shutterstock_637649452.jpg","datePublished":"2022-08-03T02:33:21+00:00","dateModified":"2023-04-04T10:27:08+00:00","breadcrumb":{"@id":"https:\/\/www.paradine.at\/de\/references\/success-stories\/phoenix-contact-ecatcreator\/#breadcrumb"},"inLanguage":"de","potentialAction":[{"@type":"ReadAction","target":["https:\/\/www.paradine.at\/de\/references\/success-stories\/phoenix-contact-ecatcreator\/"]}]},{"@type":"ImageObject","inLanguage":"de","@id":"https:\/\/www.paradine.at\/de\/references\/success-stories\/phoenix-contact-ecatcreator\/#primaryimage","url":"https:\/\/www.paradine.at\/wp-content\/uploads\/2019\/03\/shutterstock_637649452.jpg","contentUrl":"https:\/\/www.paradine.at\/wp-content\/uploads\/2019\/03\/shutterstock_637649452.jpg","width":1920,"height":960,"caption":"Instandhaltungstage Salzburg, 20220630, (c) wildbild"},{"@type":"BreadcrumbList","@id":"https:\/\/www.paradine.at\/de\/references\/success-stories\/phoenix-contact-ecatcreator\/#breadcrumb","itemListElement":[{"@type":"ListItem","position":1,"name":"Home","item":"https:\/\/www.paradine.at\/de\/"},{"@type":"ListItem","position":2,"name":"Referenzen","item":"https:\/\/www.paradine.at\/de\/references\/"},{"@type":"ListItem","position":3,"name":"Success-stories","item":"https:\/\/www.paradine.at\/de\/references\/success-stories\/"},{"@type":"ListItem","position":4,"name":"Phoenix Kontakt &#8211; eCatCreator"}]},{"@type":"WebSite","@id":"https:\/\/www.paradine.at\/de\/#website","url":"https:\/\/www.paradine.at\/de\/","name":"Paradine","description":"Master Data Management","publisher":{"@id":"https:\/\/www.paradine.at\/de\/#organization"},"potentialAction":[{"@type":"SearchAction","target":{"@type":"EntryPoint","urlTemplate":"https:\/\/www.paradine.at\/de\/?s={search_term_string}"},"query-input":{"@type":"PropertyValueSpecification","valueRequired":true,"valueName":"search_term_string"}}],"inLanguage":"de"},{"@type":"Organization","@id":"https:\/\/www.paradine.at\/de\/#organization","name":"Paradine GmbH","url":"https:\/\/www.paradine.at\/de\/","logo":{"@type":"ImageObject","inLanguage":"de","@id":"https:\/\/www.paradine.at\/de\/#\/schema\/logo\/image\/","url":"https:\/\/www.paradine.at\/wp-content\/uploads\/2019\/04\/Paradine-Logo-RGB-png-3200px.png","contentUrl":"https:\/\/www.paradine.at\/wp-content\/uploads\/2019\/04\/Paradine-Logo-RGB-png-3200px.png","width":1920,"height":317,"caption":"Paradine GmbH"},"image":{"@id":"https:\/\/www.paradine.at\/de\/#\/schema\/logo\/image\/"},"sameAs":["https:\/\/www.facebook.com\/paradinegmbh\/","https:\/\/x.com\/ParadineGmbH","https:\/\/www.instagram.com\/paradinegmbh\/","https:\/\/www.linkedin.com\/company\/paradinegmbh\/","http:\/\/wiki.eclass.eu\/wiki\/PARADINE_GmbH"]}]}},"_links":{"self":[{"href":"https:\/\/www.paradine.at\/de\/wp-json\/wp\/v2\/pages\/6104"}],"collection":[{"href":"https:\/\/www.paradine.at\/de\/wp-json\/wp\/v2\/pages"}],"about":[{"href":"https:\/\/www.paradine.at\/de\/wp-json\/wp\/v2\/types\/page"}],"author":[{"embeddable":true,"href":"https:\/\/www.paradine.at\/de\/wp-json\/wp\/v2\/users\/68"}],"replies":[{"embeddable":true,"href":"https:\/\/www.paradine.at\/de\/wp-json\/wp\/v2\/comments?post=6104"}],"version-history":[{"count":7,"href":"https:\/\/www.paradine.at\/de\/wp-json\/wp\/v2\/pages\/6104\/revisions"}],"predecessor-version":[{"id":6892,"href":"https:\/\/www.paradine.at\/de\/wp-json\/wp\/v2\/pages\/6104\/revisions\/6892"}],"up":[{"embeddable":true,"href":"https:\/\/www.paradine.at\/de\/wp-json\/wp\/v2\/pages\/7033"}],"wp:featuredmedia":[{"embeddable":true,"href":"https:\/\/www.paradine.at\/de\/wp-json\/wp\/v2\/media\/7893"}],"wp:attachment":[{"href":"https:\/\/www.paradine.at\/de\/wp-json\/wp\/v2\/media?parent=6104"}],"curies":[{"name":"wp","href":"https:\/\/api.w.org\/{rel}","templated":true}]}}