{"id":6103,"date":"2022-08-03T04:33:15","date_gmt":"2022-08-03T02:33:15","guid":{"rendered":"https:\/\/www.paradine.at\/?page_id=6103"},"modified":"2023-04-04T12:26:46","modified_gmt":"2023-04-04T10:26:46","slug":"endresshauser-pro-spec","status":"publish","type":"page","link":"https:\/\/www.paradine.at\/de\/references\/success-stories\/endresshauser-pro-spec\/","title":{"rendered":"Endress+Hauser &#8211; PRO-SPEC"},"content":{"rendered":"<p>[vc_row][vc_column][vc_column_text]<\/p>\n<p class=\"art-postheader\" style=\"text-align: center;\"><span style=\"color: #006ab3;\"><strong><span style=\"font-size: 14pt;\">Endress-Hauser &#8211; Erstellen von Ger\u00e4tespezifikationen mit PRO-SPEC&#x2122;<\/span><\/strong><\/span><\/p>\n<div class=\"art-postcontent\">\n<div class=\"art-article\">\n<p>Trotz des umfassenden Einsatzes von IT-Systemen in Unternehmen wird ein Gro\u00dfteil der Ausr\u00fcstungsanfragen von Kunden in der Prozessindustrie traditionell papierbasiert bearbeitet. Der internationale Verband PROLIST hat mit der Namur-Empfehlung 100 (NE 100) einen Beitrag zur Standardisierung der elektronischen Bearbeitung von Anfragen geleistet und gepflegt.<\/p>\n<p style=\"text-align: center;\"><em>&#8220;Mit der massiven Steigerung der Datenqualit\u00e4t erh\u00e4lt der Kunde nun mehr als doppelt so viele Produktinformationen und zus\u00e4tzlich reduzieren wir \u00fcber ein Drittel des Aufwands,&#8221;<br \/>\n<\/em><span style=\"font-size: 10pt;\">Dipl.Wirt.-Ing. Oskar Kroll, Endress + Hauser Consult AG<\/span><\/p>\n<p><strong>Kundenanfragen<\/strong><\/p>\n<p>Kunden von Endress+Hauser erkundigen sich nach ihren Ger\u00e4ten und Anlagen und werden in letzter Zeit immer h\u00e4ufiger von so genannten EPC-Auftragnehmern (Engineering, Procurement, Construction) beauftragt. EPC-Auftragnehmer planen Anlagen von Kunden und verwenden h\u00e4ufig CAE-Systeme. Vor dem Einrichten des Anfrageprozesses f\u00fcr Ger\u00e4te auf Basis sogenannter Spec Sheets (Spezifikationsbl\u00e4tter). Alle Hauptkunden haben ihre eigenen technischen Datenbl\u00e4tter.<\/p>\n<p>Technische Datenbl\u00e4tter spezifizieren die Kundenanforderungen an ein Ger\u00e4t oder System. Nach Auswahl des Ger\u00e4tes oder Systems bei Endress + Hauser werden die Ger\u00e4tedaten im Datenblatt erfasst und dem Kunden als technisches Angebot zugesandt. In vielen F\u00e4llen wurde dieser Prozess auf Papier durchgef\u00fchrt.<\/p>\n<p>Derzeit werden bei Endress + Hauser j\u00e4hrlich \u00fcber 200.000 solcher Pflichtenhefte im Projektgesch\u00e4ft bearbeitet, was einem Aufwand von mehr als 3.000 Manntagen entspricht.<\/p>\n<p><span style=\"font-size: 12pt;\"><strong>PRO-SPEC<\/strong><\/span><\/p>\n<p>Zur Anzeige und Bearbeitung von XML PROLIST NE 100 Dateien wird PRO-SPEC seit 2008 bei Endress + Hauser eingesetzt. PRO-SPEC wird von der Paradine GmbH, Wien, in enger Abstimmung mit PROLIST entwickelt. PRO-SPEC ist eine PC-Anwendung zum Erstellen, Bearbeiten, Vergleichen und Pr\u00fcfen von PROLIST NE100 XML-Dateien.<br \/>\nDas Verfahren f\u00fcr die Anforderung und Auswahl von Ger\u00e4ten und das Ausf\u00fcllen eines Datenblattes war in der Vergangenheit papiergest\u00fctzt.<\/p>\n<p>&#8220;Der Kunde schickt seine Anforderungen in Form eines Lastenheftes. Nach der Auswahl des Ger\u00e4ts wird das Ger\u00e4t manuell ausgef\u00fcllt und das Datenblatt mit den Spezifikationen an den Kunden geschickt. Der Kunde \u00fcbertr\u00e4gt seinen Teil, die Ger\u00e4tedaten manuell in sein CAE-System. Dieser Prozess ist mit einem hohen Anteil an manueller Datenerfassung und den damit verbundenen Fehlern verbunden.<\/p>\n<p>Mit einem auf PROLIST NE100 basierenden Standardprozess kann der Kunde Anforderungen elektronisch per XML-Datei direkt an Endress + Hauser senden. Diese Datei wird mit PRO-SPEC angezeigt, das eine Brutto-Produktauswahl bietet. Die Konfiguration des Produkts wird mit einem SAP-Konfigurator verwaltet.<\/p>\n<p>Zun\u00e4chst werden die Konfigurationsattribute in eine Datenbankvorlage mit Ger\u00e4tedaten generiert und dann in PRO-SPEC importiert. Dort wird die Vorlage mit der Anfrage des Kunden im PROLIST NE 100 Format als technisches Angebot in Form eines PROLIST XML Files an den Kunden gesendet. Der Kunde kann diese XML-Datei direkt in sein CAE-System \u00fcbernehmen. Durch den Einsatz des PROLIST NE 100-Verfahrens entf\u00e4llt die manuelle Datenerfassung und -\u00fcbermittlung, was nicht nur Zeit spart, sondern auch die Datenqualit\u00e4t massiv erh\u00f6ht, da durch die elektronische \u00dcbermittlung der Daten Fehler ausgeschlossen werden.<\/p>\n<p><strong>PRO-SPEC Endress + Hauser bietet die folgenden Vorteile:<\/strong><\/p>\n<ul>\n<li>36 % weniger Arbeitszeit f\u00fcr die Bearbeitung eines Antrags<\/li>\n<\/ul>\n<ul>\n<li>120% mehr Inhalt (Produktdetails)<\/li>\n<li>Elektronisch bearbeitbare, validierte Daten<\/li>\n<\/ul>\n<p>&nbsp;<\/p>\n<\/div>\n<\/div>\n<p style=\"text-align: center;\">F\u00fcr weitere Informationen kontaktieren Sie uns bitte unter info(at)paradine.at<\/p>\n<p>[\/vc_column_text][\/vc_column][\/vc_row]<\/p>\n","protected":false},"excerpt":{"rendered":"<p>[vc_row][vc_column][vc_column_text] Endress-Hauser &#8211; Erstellen von Ger\u00e4tespezifikationen mit PRO-SPEC&#x2122; Trotz des umfassenden Einsatzes von IT-Systemen in Unternehmen wird ein Gro\u00dfteil der Ausr\u00fcstungsanfragen von Kunden in der Prozessindustrie traditionell papierbasiert bearbeitet. Der internationale Verband PROLIST hat mit der Namur-Empfehlung 100 (NE 100) einen Beitrag zur Standardisierung der elektronischen Bearbeitung von Anfragen geleistet und gepflegt. &#8220;Mit der massiven&#8230;<\/p>\n","protected":false},"author":68,"featured_media":7893,"parent":7033,"menu_order":0,"comment_status":"closed","ping_status":"closed","template":"","meta":{"_acf_changed":false,"footnotes":""},"class_list":["post-6103","page","type-page","status-publish","has-post-thumbnail","hentry"],"acf":[],"yoast_head":"<!-- This site is optimized with the Yoast SEO plugin v23.4 - https:\/\/yoast.com\/wordpress\/plugins\/seo\/ -->\n<title>Endress+Hauser - PRO-SPEC &#8226; Paradine<\/title>\n<meta name=\"robots\" content=\"index, follow, max-snippet:-1, max-image-preview:large, max-video-preview:-1\" \/>\n<link rel=\"canonical\" href=\"https:\/\/www.paradine.at\/de\/references\/success-stories\/endresshauser-pro-spec\/\" \/>\n<meta property=\"og:locale\" content=\"de_DE\" \/>\n<meta property=\"og:type\" content=\"article\" \/>\n<meta property=\"og:title\" content=\"Endress+Hauser - PRO-SPEC &#8226; Paradine\" \/>\n<meta property=\"og:description\" content=\"[vc_row][vc_column][vc_column_text] Endress-Hauser &#8211; Erstellen von Ger\u00e4tespezifikationen mit PRO-SPEC&#x2122; Trotz des umfassenden Einsatzes von IT-Systemen in Unternehmen wird ein Gro\u00dfteil der Ausr\u00fcstungsanfragen von Kunden in der Prozessindustrie traditionell papierbasiert bearbeitet. Der internationale Verband PROLIST hat mit der Namur-Empfehlung 100 (NE 100) einen Beitrag zur Standardisierung der elektronischen Bearbeitung von Anfragen geleistet und gepflegt. &#8220;Mit der massiven...\" \/>\n<meta property=\"og:url\" content=\"https:\/\/www.paradine.at\/de\/references\/success-stories\/endresshauser-pro-spec\/\" \/>\n<meta property=\"og:site_name\" content=\"Paradine\" \/>\n<meta property=\"article:publisher\" content=\"https:\/\/www.facebook.com\/paradinegmbh\/\" \/>\n<meta property=\"article:modified_time\" content=\"2023-04-04T10:26:46+00:00\" \/>\n<meta property=\"og:image\" content=\"https:\/\/www.paradine.at\/wp-content\/uploads\/2019\/03\/shutterstock_637649452.jpg\" \/>\n\t<meta property=\"og:image:width\" content=\"1920\" \/>\n\t<meta property=\"og:image:height\" content=\"960\" \/>\n\t<meta property=\"og:image:type\" content=\"image\/jpeg\" \/>\n<meta name=\"twitter:card\" content=\"summary_large_image\" \/>\n<meta name=\"twitter:site\" content=\"@ParadineGmbH\" \/>\n<meta name=\"twitter:label1\" content=\"Gesch\u00e4tzte Lesezeit\" \/>\n\t<meta name=\"twitter:data1\" content=\"3\u00a0Minuten\" \/>\n<script type=\"application\/ld+json\" class=\"yoast-schema-graph\">{\"@context\":\"https:\/\/schema.org\",\"@graph\":[{\"@type\":\"WebPage\",\"@id\":\"https:\/\/www.paradine.at\/de\/references\/success-stories\/endresshauser-pro-spec\/\",\"url\":\"https:\/\/www.paradine.at\/de\/references\/success-stories\/endresshauser-pro-spec\/\",\"name\":\"Endress+Hauser - PRO-SPEC &#8226; Paradine\",\"isPartOf\":{\"@id\":\"https:\/\/www.paradine.at\/de\/#website\"},\"primaryImageOfPage\":{\"@id\":\"https:\/\/www.paradine.at\/de\/references\/success-stories\/endresshauser-pro-spec\/#primaryimage\"},\"image\":{\"@id\":\"https:\/\/www.paradine.at\/de\/references\/success-stories\/endresshauser-pro-spec\/#primaryimage\"},\"thumbnailUrl\":\"https:\/\/www.paradine.at\/wp-content\/uploads\/2019\/03\/shutterstock_637649452.jpg\",\"datePublished\":\"2022-08-03T02:33:15+00:00\",\"dateModified\":\"2023-04-04T10:26:46+00:00\",\"breadcrumb\":{\"@id\":\"https:\/\/www.paradine.at\/de\/references\/success-stories\/endresshauser-pro-spec\/#breadcrumb\"},\"inLanguage\":\"de\",\"potentialAction\":[{\"@type\":\"ReadAction\",\"target\":[\"https:\/\/www.paradine.at\/de\/references\/success-stories\/endresshauser-pro-spec\/\"]}]},{\"@type\":\"ImageObject\",\"inLanguage\":\"de\",\"@id\":\"https:\/\/www.paradine.at\/de\/references\/success-stories\/endresshauser-pro-spec\/#primaryimage\",\"url\":\"https:\/\/www.paradine.at\/wp-content\/uploads\/2019\/03\/shutterstock_637649452.jpg\",\"contentUrl\":\"https:\/\/www.paradine.at\/wp-content\/uploads\/2019\/03\/shutterstock_637649452.jpg\",\"width\":1920,\"height\":960,\"caption\":\"Instandhaltungstage Salzburg, 20220630, (c) wildbild\"},{\"@type\":\"BreadcrumbList\",\"@id\":\"https:\/\/www.paradine.at\/de\/references\/success-stories\/endresshauser-pro-spec\/#breadcrumb\",\"itemListElement\":[{\"@type\":\"ListItem\",\"position\":1,\"name\":\"Home\",\"item\":\"https:\/\/www.paradine.at\/de\/\"},{\"@type\":\"ListItem\",\"position\":2,\"name\":\"Referenzen\",\"item\":\"https:\/\/www.paradine.at\/de\/references\/\"},{\"@type\":\"ListItem\",\"position\":3,\"name\":\"Success-stories\",\"item\":\"https:\/\/www.paradine.at\/de\/references\/success-stories\/\"},{\"@type\":\"ListItem\",\"position\":4,\"name\":\"Endress+Hauser &#8211; PRO-SPEC\"}]},{\"@type\":\"WebSite\",\"@id\":\"https:\/\/www.paradine.at\/de\/#website\",\"url\":\"https:\/\/www.paradine.at\/de\/\",\"name\":\"Paradine\",\"description\":\"Master Data Management\",\"publisher\":{\"@id\":\"https:\/\/www.paradine.at\/de\/#organization\"},\"potentialAction\":[{\"@type\":\"SearchAction\",\"target\":{\"@type\":\"EntryPoint\",\"urlTemplate\":\"https:\/\/www.paradine.at\/de\/?s={search_term_string}\"},\"query-input\":{\"@type\":\"PropertyValueSpecification\",\"valueRequired\":true,\"valueName\":\"search_term_string\"}}],\"inLanguage\":\"de\"},{\"@type\":\"Organization\",\"@id\":\"https:\/\/www.paradine.at\/de\/#organization\",\"name\":\"Paradine GmbH\",\"url\":\"https:\/\/www.paradine.at\/de\/\",\"logo\":{\"@type\":\"ImageObject\",\"inLanguage\":\"de\",\"@id\":\"https:\/\/www.paradine.at\/de\/#\/schema\/logo\/image\/\",\"url\":\"https:\/\/www.paradine.at\/wp-content\/uploads\/2019\/04\/Paradine-Logo-RGB-png-3200px.png\",\"contentUrl\":\"https:\/\/www.paradine.at\/wp-content\/uploads\/2019\/04\/Paradine-Logo-RGB-png-3200px.png\",\"width\":1920,\"height\":317,\"caption\":\"Paradine GmbH\"},\"image\":{\"@id\":\"https:\/\/www.paradine.at\/de\/#\/schema\/logo\/image\/\"},\"sameAs\":[\"https:\/\/www.facebook.com\/paradinegmbh\/\",\"https:\/\/x.com\/ParadineGmbH\",\"https:\/\/www.instagram.com\/paradinegmbh\/\",\"https:\/\/www.linkedin.com\/company\/paradinegmbh\/\",\"http:\/\/wiki.eclass.eu\/wiki\/PARADINE_GmbH\"]}]}<\/script>\n<!-- \/ Yoast SEO plugin. -->","yoast_head_json":{"title":"Endress+Hauser - PRO-SPEC &#8226; Paradine","robots":{"index":"index","follow":"follow","max-snippet":"max-snippet:-1","max-image-preview":"max-image-preview:large","max-video-preview":"max-video-preview:-1"},"canonical":"https:\/\/www.paradine.at\/de\/references\/success-stories\/endresshauser-pro-spec\/","og_locale":"de_DE","og_type":"article","og_title":"Endress+Hauser - PRO-SPEC &#8226; Paradine","og_description":"[vc_row][vc_column][vc_column_text] Endress-Hauser &#8211; Erstellen von Ger\u00e4tespezifikationen mit PRO-SPEC&#x2122; Trotz des umfassenden Einsatzes von IT-Systemen in Unternehmen wird ein Gro\u00dfteil der Ausr\u00fcstungsanfragen von Kunden in der Prozessindustrie traditionell papierbasiert bearbeitet. Der internationale Verband PROLIST hat mit der Namur-Empfehlung 100 (NE 100) einen Beitrag zur Standardisierung der elektronischen Bearbeitung von Anfragen geleistet und gepflegt. &#8220;Mit der massiven...","og_url":"https:\/\/www.paradine.at\/de\/references\/success-stories\/endresshauser-pro-spec\/","og_site_name":"Paradine","article_publisher":"https:\/\/www.facebook.com\/paradinegmbh\/","article_modified_time":"2023-04-04T10:26:46+00:00","og_image":[{"width":1920,"height":960,"url":"https:\/\/www.paradine.at\/wp-content\/uploads\/2019\/03\/shutterstock_637649452.jpg","type":"image\/jpeg"}],"twitter_card":"summary_large_image","twitter_site":"@ParadineGmbH","twitter_misc":{"Gesch\u00e4tzte Lesezeit":"3\u00a0Minuten"},"schema":{"@context":"https:\/\/schema.org","@graph":[{"@type":"WebPage","@id":"https:\/\/www.paradine.at\/de\/references\/success-stories\/endresshauser-pro-spec\/","url":"https:\/\/www.paradine.at\/de\/references\/success-stories\/endresshauser-pro-spec\/","name":"Endress+Hauser - PRO-SPEC &#8226; Paradine","isPartOf":{"@id":"https:\/\/www.paradine.at\/de\/#website"},"primaryImageOfPage":{"@id":"https:\/\/www.paradine.at\/de\/references\/success-stories\/endresshauser-pro-spec\/#primaryimage"},"image":{"@id":"https:\/\/www.paradine.at\/de\/references\/success-stories\/endresshauser-pro-spec\/#primaryimage"},"thumbnailUrl":"https:\/\/www.paradine.at\/wp-content\/uploads\/2019\/03\/shutterstock_637649452.jpg","datePublished":"2022-08-03T02:33:15+00:00","dateModified":"2023-04-04T10:26:46+00:00","breadcrumb":{"@id":"https:\/\/www.paradine.at\/de\/references\/success-stories\/endresshauser-pro-spec\/#breadcrumb"},"inLanguage":"de","potentialAction":[{"@type":"ReadAction","target":["https:\/\/www.paradine.at\/de\/references\/success-stories\/endresshauser-pro-spec\/"]}]},{"@type":"ImageObject","inLanguage":"de","@id":"https:\/\/www.paradine.at\/de\/references\/success-stories\/endresshauser-pro-spec\/#primaryimage","url":"https:\/\/www.paradine.at\/wp-content\/uploads\/2019\/03\/shutterstock_637649452.jpg","contentUrl":"https:\/\/www.paradine.at\/wp-content\/uploads\/2019\/03\/shutterstock_637649452.jpg","width":1920,"height":960,"caption":"Instandhaltungstage Salzburg, 20220630, (c) wildbild"},{"@type":"BreadcrumbList","@id":"https:\/\/www.paradine.at\/de\/references\/success-stories\/endresshauser-pro-spec\/#breadcrumb","itemListElement":[{"@type":"ListItem","position":1,"name":"Home","item":"https:\/\/www.paradine.at\/de\/"},{"@type":"ListItem","position":2,"name":"Referenzen","item":"https:\/\/www.paradine.at\/de\/references\/"},{"@type":"ListItem","position":3,"name":"Success-stories","item":"https:\/\/www.paradine.at\/de\/references\/success-stories\/"},{"@type":"ListItem","position":4,"name":"Endress+Hauser &#8211; PRO-SPEC"}]},{"@type":"WebSite","@id":"https:\/\/www.paradine.at\/de\/#website","url":"https:\/\/www.paradine.at\/de\/","name":"Paradine","description":"Master Data Management","publisher":{"@id":"https:\/\/www.paradine.at\/de\/#organization"},"potentialAction":[{"@type":"SearchAction","target":{"@type":"EntryPoint","urlTemplate":"https:\/\/www.paradine.at\/de\/?s={search_term_string}"},"query-input":{"@type":"PropertyValueSpecification","valueRequired":true,"valueName":"search_term_string"}}],"inLanguage":"de"},{"@type":"Organization","@id":"https:\/\/www.paradine.at\/de\/#organization","name":"Paradine GmbH","url":"https:\/\/www.paradine.at\/de\/","logo":{"@type":"ImageObject","inLanguage":"de","@id":"https:\/\/www.paradine.at\/de\/#\/schema\/logo\/image\/","url":"https:\/\/www.paradine.at\/wp-content\/uploads\/2019\/04\/Paradine-Logo-RGB-png-3200px.png","contentUrl":"https:\/\/www.paradine.at\/wp-content\/uploads\/2019\/04\/Paradine-Logo-RGB-png-3200px.png","width":1920,"height":317,"caption":"Paradine GmbH"},"image":{"@id":"https:\/\/www.paradine.at\/de\/#\/schema\/logo\/image\/"},"sameAs":["https:\/\/www.facebook.com\/paradinegmbh\/","https:\/\/x.com\/ParadineGmbH","https:\/\/www.instagram.com\/paradinegmbh\/","https:\/\/www.linkedin.com\/company\/paradinegmbh\/","http:\/\/wiki.eclass.eu\/wiki\/PARADINE_GmbH"]}]}},"_links":{"self":[{"href":"https:\/\/www.paradine.at\/de\/wp-json\/wp\/v2\/pages\/6103"}],"collection":[{"href":"https:\/\/www.paradine.at\/de\/wp-json\/wp\/v2\/pages"}],"about":[{"href":"https:\/\/www.paradine.at\/de\/wp-json\/wp\/v2\/types\/page"}],"author":[{"embeddable":true,"href":"https:\/\/www.paradine.at\/de\/wp-json\/wp\/v2\/users\/68"}],"replies":[{"embeddable":true,"href":"https:\/\/www.paradine.at\/de\/wp-json\/wp\/v2\/comments?post=6103"}],"version-history":[{"count":10,"href":"https:\/\/www.paradine.at\/de\/wp-json\/wp\/v2\/pages\/6103\/revisions"}],"predecessor-version":[{"id":6888,"href":"https:\/\/www.paradine.at\/de\/wp-json\/wp\/v2\/pages\/6103\/revisions\/6888"}],"up":[{"embeddable":true,"href":"https:\/\/www.paradine.at\/de\/wp-json\/wp\/v2\/pages\/7033"}],"wp:featuredmedia":[{"embeddable":true,"href":"https:\/\/www.paradine.at\/de\/wp-json\/wp\/v2\/media\/7893"}],"wp:attachment":[{"href":"https:\/\/www.paradine.at\/de\/wp-json\/wp\/v2\/media?parent=6103"}],"curies":[{"name":"wp","href":"https:\/\/api.w.org\/{rel}","templated":true}]}}