{"id":6101,"date":"2022-08-03T04:32:48","date_gmt":"2022-08-03T02:32:48","guid":{"rendered":"https:\/\/www.paradine.at\/?page_id=6101"},"modified":"2023-04-04T12:26:23","modified_gmt":"2023-04-04T10:26:23","slug":"bbg-eclass","status":"publish","type":"page","link":"https:\/\/www.paradine.at\/de\/references\/success-stories\/bbg-eclass\/","title":{"rendered":"BBG &#8211; ECLASS"},"content":{"rendered":"<p>[vc_row][vc_column][vc_column_text]<\/p>\n<p class=\"art-postheader\" style=\"text-align: center;\"><span style=\"font-size: 14pt; color: #006ab3;\"><strong>Bundesbeschaffung Austria &#8211; \u00d6ffentliche Auftragsvergabe nach ECLASS<\/strong><\/span><\/p>\n<p>Auch durch die Einf\u00fchrung von ECLASS konnte sich die BBG europaweit als Weltmarktf\u00fchrer im E-Business profilieren.<\/p>\n<p><strong>Ausgangssituation<\/strong><\/p>\n<p>Die Qualit\u00e4t der Produkte und Lieferanten sowie eine faire Bewertung der Bieter stehen bei \u00f6ffentlichen Ausschreibungen an erster Stelle. Vor der Einf\u00fchrung von ECLASS kam es jedoch bei Ausschreibungs- und Beschaffungsprozessen zu Medienbr\u00fcchen, so dass Daten von mehreren Lieferanten mehrfach manuell erfasst und gepr\u00fcft werden mussten. Im Rahmen des EU-Projekts PEPPOL (Pan-European Public Procurement Online) wurden einheitliche Standards f\u00fcr das \u00f6ffentliche Auftragswesen in Europa entwickelt.<\/p>\n<p>Als aktives Mitglied war die BBG an dem Projekt im \u00f6sterreichischen PEPPOL-Konsortium beteiligt. Die Verwendung von ECLASS f\u00fcr die Definition von Produktmerkmalen in Ausschreibungen wurde untersucht. Dann wurde beschlossen, ECLASS f\u00fcr die zuk\u00fcnftige Klassifizierung von Produktmerkmalen und Katalogen einzuf\u00fchren.<\/p>\n<p>Die Ziele durch den Einsatz von ECLASS sind:<\/p>\n<ul>\n<li>Nutzung eines etablierten B2B-Standards f\u00fcr das \u00f6ffentliche Beschaffungswesen und die Bereitstellung standardisierter Produktmerkmale f\u00fcr Ausschreibungen auf Basis von ECLASS-Merkmalen<\/li>\n<li>Standardisierung der Gesch\u00e4ftsdokumente und Datenformate in der Ausschreibungsphase sowie in der Bestell- und Lieferphase<\/li>\n<\/ul>\n<p><strong>Umsetzung<\/strong><\/p>\n<p>Die Implementierung von ECLASS wurde von der Paradine GmbH durchgef\u00fchrt. Gleichzeitig wurde das Serviceportal eCatalog als webbasierte L\u00f6sung zur Erstellung und Verwaltung von Produktmerkmalen eingef\u00fchrt.<\/p>\n<p>In der Pre-Award-Phase, der Ausschreibungsphase, setzten die Einkaufsspezialisten der BBG auf eine einzige Anwendung zur Erstellung von Produktmerkmalen. So kann die Effizienz bei der Dokumentation mit den K\u00e4ufern maximiert werden. Die auf ECLASS basierenden Spezifikationen werden in Form eines elektronischen Katalogs bereitgestellt.<\/p>\n<p>In der Ausschreibungsphase realisieren die Bieter durch den bereitgestellten eCatalog eine Reduzierung der Bearbeitungskosten und Durchlaufzeiten.<\/p>\n<p>In der Post-Award-Phase werden die vom Lieferanten ausgef\u00fcllten eCatalogs in den BBG e-Shop importiert. Die strukturierte, auf dem ECLASS-Standard basierende Beschreibung der Produkteigenschaften erm\u00f6glicht es den Nutzern, Produkte zu vergleichen.<\/p>\n<p><strong>Schlussfolgerung<\/strong><\/p>\n<p>Mit der Implementierung des BBG eCatalog Serviceportals nimmt die BBG Europe eine f\u00fchrende Rolle in der Integrationstiefe von eBusiness-Standards im \u00f6ffentlichen Auftragswesen ein.<\/p>\n<p>Nationale Ausschreibungen, die \u00fcber die EU-Beitragsgrenzen hinausgehen, m\u00fcssen europaweit ausgeschrieben werden. Aufgrund des verwendeten Systems werden alle 16 von ECLASS angebotenen Sprachen unterst\u00fctzt.<\/p>\n<p>Dank der strukturierten Beschreibung der Produkteigenschaften auf der Grundlage des ECLASS-Standards ist es f\u00fcr die Benutzer einfacher, Produkte zu vergleichen. Die Vermeidung von Redundanzen und die Verschlankung des gesamten Prozesses f\u00fchrten zu einer Optimierung von Bearbeitungszeit und Transparenz. Compliance und Datensicherheit sowie die Reduzierung von Missverst\u00e4ndnissen und R\u00fcckfragen durch klar definierte Anforderungen in der gesamten Prozesskette haben den Einsatz von ECLASS in der BBG zu einer Erfolgsgeschichte gemacht.<\/p>\n<p><strong>Bundesbeschaffung GmbH<\/strong><\/p>\n<p>Die Bundesbeschaffung GmbH (BBG) ist mit Vertr\u00e4gen \u00fcber mehr als 270 000 Produkte und Dienstleistungen der Beschaffungsdienstleister der \u00f6ffentlichen Hand.<\/p>\n<p>Durch die B\u00fcndelung von Eink\u00e4ufen kann der Einkaufspreis im Durchschnitt um 18 Prozent gesenkt werden, in einigen Beschaffungskategorien sogar um ein Vielfaches. Die Kunden kommen nicht nur aus dem Bereich der Bundesbeh\u00f6rden, sondern sind auch \u00f6ffentliche Auftraggeber der Bundesl\u00e4nder, Kommunen, Universit\u00e4ten und Gesundheitseinrichtungen. Angefangen beim Fuhrpark reicht die Produktpalette \u00fcber IT und B\u00fcrom\u00f6bel bis hin zu Textilien und Reinigungsmaterial.<\/p>\n<p>.<\/p>\n<p>Die BBG wurde im Jahr 2001 gegr\u00fcndet. Im Jahr 2013 wurden \u00fcber die Vertr\u00e4ge der BBG rund 1,2 Milliarden Euro umgesetzt. Alle Dienststellen und Organisationen, die \u00f6ffentliche Auftraggeber sind, k\u00f6nnen diese Dienste nutzen.<\/p>\n<p>&nbsp;<\/p>\n<p style=\"text-align: center;\"><em><span style=\"color: #006ab3; font-size: 14pt;\"><strong>Download:<br \/>\n<\/strong><\/span><\/em><span style=\"font-size: 14pt;\"><i class=\"fa fa-file-pdf-o \" ><\/i> <a  data-e-Disable-Page-Transition=\"true\" class=\"download-link\" title=\"\" href=\"https:\/\/www.paradine.at\/download\/3293\/?tmstv=1777382832\" rel=\"nofollow\" id=\"download-link-3293\" data-redirect=\"false\" >\n\tBBG-Success-story-EN<\/a>\n<\/span><\/p>\n<p style=\"text-align: center;\">F\u00fcr weitere Informationen kontaktieren Sie uns bitte unter info(at)paradine.at<\/p>\n<p>[\/vc_column_text][\/vc_column][\/vc_row]<\/p>\n","protected":false},"excerpt":{"rendered":"<p>[vc_row][vc_column][vc_column_text] Bundesbeschaffung Austria &#8211; \u00d6ffentliche Auftragsvergabe nach ECLASS Auch durch die Einf\u00fchrung von ECLASS konnte sich die BBG europaweit als Weltmarktf\u00fchrer im E-Business profilieren. Ausgangssituation Die Qualit\u00e4t der Produkte und Lieferanten sowie eine faire Bewertung der Bieter stehen bei \u00f6ffentlichen Ausschreibungen an erster Stelle. Vor der Einf\u00fchrung von ECLASS kam es jedoch bei Ausschreibungs- und&#8230;<\/p>\n","protected":false},"author":68,"featured_media":7893,"parent":7033,"menu_order":0,"comment_status":"closed","ping_status":"closed","template":"","meta":{"_acf_changed":false,"footnotes":""},"class_list":["post-6101","page","type-page","status-publish","has-post-thumbnail","hentry"],"acf":[],"yoast_head":"<!-- This site is optimized with the Yoast SEO plugin v23.4 - https:\/\/yoast.com\/wordpress\/plugins\/seo\/ -->\n<title>BBG - ECLASS &#8226; Paradine<\/title>\n<meta name=\"robots\" content=\"index, follow, max-snippet:-1, max-image-preview:large, max-video-preview:-1\" \/>\n<link rel=\"canonical\" href=\"https:\/\/www.paradine.at\/de\/references\/success-stories\/bbg-eclass\/\" \/>\n<meta property=\"og:locale\" content=\"de_DE\" \/>\n<meta property=\"og:type\" content=\"article\" \/>\n<meta property=\"og:title\" content=\"BBG - ECLASS &#8226; Paradine\" \/>\n<meta property=\"og:description\" content=\"[vc_row][vc_column][vc_column_text] Bundesbeschaffung Austria &#8211; \u00d6ffentliche Auftragsvergabe nach ECLASS Auch durch die Einf\u00fchrung von ECLASS konnte sich die BBG europaweit als Weltmarktf\u00fchrer im E-Business profilieren. Ausgangssituation Die Qualit\u00e4t der Produkte und Lieferanten sowie eine faire Bewertung der Bieter stehen bei \u00f6ffentlichen Ausschreibungen an erster Stelle. Vor der Einf\u00fchrung von ECLASS kam es jedoch bei Ausschreibungs- und...\" \/>\n<meta property=\"og:url\" content=\"https:\/\/www.paradine.at\/de\/references\/success-stories\/bbg-eclass\/\" \/>\n<meta property=\"og:site_name\" content=\"Paradine\" \/>\n<meta property=\"article:publisher\" content=\"https:\/\/www.facebook.com\/paradinegmbh\/\" \/>\n<meta property=\"article:modified_time\" content=\"2023-04-04T10:26:23+00:00\" \/>\n<meta property=\"og:image\" content=\"https:\/\/www.paradine.at\/wp-content\/uploads\/2019\/03\/shutterstock_637649452.jpg\" \/>\n\t<meta property=\"og:image:width\" content=\"1920\" \/>\n\t<meta property=\"og:image:height\" content=\"960\" \/>\n\t<meta property=\"og:image:type\" content=\"image\/jpeg\" \/>\n<meta name=\"twitter:card\" content=\"summary_large_image\" \/>\n<meta name=\"twitter:site\" content=\"@ParadineGmbH\" \/>\n<meta name=\"twitter:label1\" content=\"Gesch\u00e4tzte Lesezeit\" \/>\n\t<meta name=\"twitter:data1\" content=\"3\u00a0Minuten\" \/>\n<script type=\"application\/ld+json\" class=\"yoast-schema-graph\">{\"@context\":\"https:\/\/schema.org\",\"@graph\":[{\"@type\":\"WebPage\",\"@id\":\"https:\/\/www.paradine.at\/de\/references\/success-stories\/bbg-eclass\/\",\"url\":\"https:\/\/www.paradine.at\/de\/references\/success-stories\/bbg-eclass\/\",\"name\":\"BBG - ECLASS &#8226; Paradine\",\"isPartOf\":{\"@id\":\"https:\/\/www.paradine.at\/de\/#website\"},\"primaryImageOfPage\":{\"@id\":\"https:\/\/www.paradine.at\/de\/references\/success-stories\/bbg-eclass\/#primaryimage\"},\"image\":{\"@id\":\"https:\/\/www.paradine.at\/de\/references\/success-stories\/bbg-eclass\/#primaryimage\"},\"thumbnailUrl\":\"https:\/\/www.paradine.at\/wp-content\/uploads\/2019\/03\/shutterstock_637649452.jpg\",\"datePublished\":\"2022-08-03T02:32:48+00:00\",\"dateModified\":\"2023-04-04T10:26:23+00:00\",\"breadcrumb\":{\"@id\":\"https:\/\/www.paradine.at\/de\/references\/success-stories\/bbg-eclass\/#breadcrumb\"},\"inLanguage\":\"de\",\"potentialAction\":[{\"@type\":\"ReadAction\",\"target\":[\"https:\/\/www.paradine.at\/de\/references\/success-stories\/bbg-eclass\/\"]}]},{\"@type\":\"ImageObject\",\"inLanguage\":\"de\",\"@id\":\"https:\/\/www.paradine.at\/de\/references\/success-stories\/bbg-eclass\/#primaryimage\",\"url\":\"https:\/\/www.paradine.at\/wp-content\/uploads\/2019\/03\/shutterstock_637649452.jpg\",\"contentUrl\":\"https:\/\/www.paradine.at\/wp-content\/uploads\/2019\/03\/shutterstock_637649452.jpg\",\"width\":1920,\"height\":960,\"caption\":\"Instandhaltungstage Salzburg, 20220630, (c) wildbild\"},{\"@type\":\"BreadcrumbList\",\"@id\":\"https:\/\/www.paradine.at\/de\/references\/success-stories\/bbg-eclass\/#breadcrumb\",\"itemListElement\":[{\"@type\":\"ListItem\",\"position\":1,\"name\":\"Home\",\"item\":\"https:\/\/www.paradine.at\/de\/\"},{\"@type\":\"ListItem\",\"position\":2,\"name\":\"Referenzen\",\"item\":\"https:\/\/www.paradine.at\/de\/references\/\"},{\"@type\":\"ListItem\",\"position\":3,\"name\":\"Success-stories\",\"item\":\"https:\/\/www.paradine.at\/de\/references\/success-stories\/\"},{\"@type\":\"ListItem\",\"position\":4,\"name\":\"BBG &#8211; ECLASS\"}]},{\"@type\":\"WebSite\",\"@id\":\"https:\/\/www.paradine.at\/de\/#website\",\"url\":\"https:\/\/www.paradine.at\/de\/\",\"name\":\"Paradine\",\"description\":\"Master Data Management\",\"publisher\":{\"@id\":\"https:\/\/www.paradine.at\/de\/#organization\"},\"potentialAction\":[{\"@type\":\"SearchAction\",\"target\":{\"@type\":\"EntryPoint\",\"urlTemplate\":\"https:\/\/www.paradine.at\/de\/?s={search_term_string}\"},\"query-input\":{\"@type\":\"PropertyValueSpecification\",\"valueRequired\":true,\"valueName\":\"search_term_string\"}}],\"inLanguage\":\"de\"},{\"@type\":\"Organization\",\"@id\":\"https:\/\/www.paradine.at\/de\/#organization\",\"name\":\"Paradine GmbH\",\"url\":\"https:\/\/www.paradine.at\/de\/\",\"logo\":{\"@type\":\"ImageObject\",\"inLanguage\":\"de\",\"@id\":\"https:\/\/www.paradine.at\/de\/#\/schema\/logo\/image\/\",\"url\":\"https:\/\/www.paradine.at\/wp-content\/uploads\/2019\/04\/Paradine-Logo-RGB-png-3200px.png\",\"contentUrl\":\"https:\/\/www.paradine.at\/wp-content\/uploads\/2019\/04\/Paradine-Logo-RGB-png-3200px.png\",\"width\":1920,\"height\":317,\"caption\":\"Paradine GmbH\"},\"image\":{\"@id\":\"https:\/\/www.paradine.at\/de\/#\/schema\/logo\/image\/\"},\"sameAs\":[\"https:\/\/www.facebook.com\/paradinegmbh\/\",\"https:\/\/x.com\/ParadineGmbH\",\"https:\/\/www.instagram.com\/paradinegmbh\/\",\"https:\/\/www.linkedin.com\/company\/paradinegmbh\/\",\"http:\/\/wiki.eclass.eu\/wiki\/PARADINE_GmbH\"]}]}<\/script>\n<!-- \/ Yoast SEO plugin. -->","yoast_head_json":{"title":"BBG - ECLASS &#8226; Paradine","robots":{"index":"index","follow":"follow","max-snippet":"max-snippet:-1","max-image-preview":"max-image-preview:large","max-video-preview":"max-video-preview:-1"},"canonical":"https:\/\/www.paradine.at\/de\/references\/success-stories\/bbg-eclass\/","og_locale":"de_DE","og_type":"article","og_title":"BBG - ECLASS &#8226; Paradine","og_description":"[vc_row][vc_column][vc_column_text] Bundesbeschaffung Austria &#8211; \u00d6ffentliche Auftragsvergabe nach ECLASS Auch durch die Einf\u00fchrung von ECLASS konnte sich die BBG europaweit als Weltmarktf\u00fchrer im E-Business profilieren. Ausgangssituation Die Qualit\u00e4t der Produkte und Lieferanten sowie eine faire Bewertung der Bieter stehen bei \u00f6ffentlichen Ausschreibungen an erster Stelle. Vor der Einf\u00fchrung von ECLASS kam es jedoch bei Ausschreibungs- und...","og_url":"https:\/\/www.paradine.at\/de\/references\/success-stories\/bbg-eclass\/","og_site_name":"Paradine","article_publisher":"https:\/\/www.facebook.com\/paradinegmbh\/","article_modified_time":"2023-04-04T10:26:23+00:00","og_image":[{"width":1920,"height":960,"url":"https:\/\/www.paradine.at\/wp-content\/uploads\/2019\/03\/shutterstock_637649452.jpg","type":"image\/jpeg"}],"twitter_card":"summary_large_image","twitter_site":"@ParadineGmbH","twitter_misc":{"Gesch\u00e4tzte Lesezeit":"3\u00a0Minuten"},"schema":{"@context":"https:\/\/schema.org","@graph":[{"@type":"WebPage","@id":"https:\/\/www.paradine.at\/de\/references\/success-stories\/bbg-eclass\/","url":"https:\/\/www.paradine.at\/de\/references\/success-stories\/bbg-eclass\/","name":"BBG - ECLASS &#8226; Paradine","isPartOf":{"@id":"https:\/\/www.paradine.at\/de\/#website"},"primaryImageOfPage":{"@id":"https:\/\/www.paradine.at\/de\/references\/success-stories\/bbg-eclass\/#primaryimage"},"image":{"@id":"https:\/\/www.paradine.at\/de\/references\/success-stories\/bbg-eclass\/#primaryimage"},"thumbnailUrl":"https:\/\/www.paradine.at\/wp-content\/uploads\/2019\/03\/shutterstock_637649452.jpg","datePublished":"2022-08-03T02:32:48+00:00","dateModified":"2023-04-04T10:26:23+00:00","breadcrumb":{"@id":"https:\/\/www.paradine.at\/de\/references\/success-stories\/bbg-eclass\/#breadcrumb"},"inLanguage":"de","potentialAction":[{"@type":"ReadAction","target":["https:\/\/www.paradine.at\/de\/references\/success-stories\/bbg-eclass\/"]}]},{"@type":"ImageObject","inLanguage":"de","@id":"https:\/\/www.paradine.at\/de\/references\/success-stories\/bbg-eclass\/#primaryimage","url":"https:\/\/www.paradine.at\/wp-content\/uploads\/2019\/03\/shutterstock_637649452.jpg","contentUrl":"https:\/\/www.paradine.at\/wp-content\/uploads\/2019\/03\/shutterstock_637649452.jpg","width":1920,"height":960,"caption":"Instandhaltungstage Salzburg, 20220630, (c) wildbild"},{"@type":"BreadcrumbList","@id":"https:\/\/www.paradine.at\/de\/references\/success-stories\/bbg-eclass\/#breadcrumb","itemListElement":[{"@type":"ListItem","position":1,"name":"Home","item":"https:\/\/www.paradine.at\/de\/"},{"@type":"ListItem","position":2,"name":"Referenzen","item":"https:\/\/www.paradine.at\/de\/references\/"},{"@type":"ListItem","position":3,"name":"Success-stories","item":"https:\/\/www.paradine.at\/de\/references\/success-stories\/"},{"@type":"ListItem","position":4,"name":"BBG &#8211; ECLASS"}]},{"@type":"WebSite","@id":"https:\/\/www.paradine.at\/de\/#website","url":"https:\/\/www.paradine.at\/de\/","name":"Paradine","description":"Master Data Management","publisher":{"@id":"https:\/\/www.paradine.at\/de\/#organization"},"potentialAction":[{"@type":"SearchAction","target":{"@type":"EntryPoint","urlTemplate":"https:\/\/www.paradine.at\/de\/?s={search_term_string}"},"query-input":{"@type":"PropertyValueSpecification","valueRequired":true,"valueName":"search_term_string"}}],"inLanguage":"de"},{"@type":"Organization","@id":"https:\/\/www.paradine.at\/de\/#organization","name":"Paradine GmbH","url":"https:\/\/www.paradine.at\/de\/","logo":{"@type":"ImageObject","inLanguage":"de","@id":"https:\/\/www.paradine.at\/de\/#\/schema\/logo\/image\/","url":"https:\/\/www.paradine.at\/wp-content\/uploads\/2019\/04\/Paradine-Logo-RGB-png-3200px.png","contentUrl":"https:\/\/www.paradine.at\/wp-content\/uploads\/2019\/04\/Paradine-Logo-RGB-png-3200px.png","width":1920,"height":317,"caption":"Paradine GmbH"},"image":{"@id":"https:\/\/www.paradine.at\/de\/#\/schema\/logo\/image\/"},"sameAs":["https:\/\/www.facebook.com\/paradinegmbh\/","https:\/\/x.com\/ParadineGmbH","https:\/\/www.instagram.com\/paradinegmbh\/","https:\/\/www.linkedin.com\/company\/paradinegmbh\/","http:\/\/wiki.eclass.eu\/wiki\/PARADINE_GmbH"]}]}},"_links":{"self":[{"href":"https:\/\/www.paradine.at\/de\/wp-json\/wp\/v2\/pages\/6101"}],"collection":[{"href":"https:\/\/www.paradine.at\/de\/wp-json\/wp\/v2\/pages"}],"about":[{"href":"https:\/\/www.paradine.at\/de\/wp-json\/wp\/v2\/types\/page"}],"author":[{"embeddable":true,"href":"https:\/\/www.paradine.at\/de\/wp-json\/wp\/v2\/users\/68"}],"replies":[{"embeddable":true,"href":"https:\/\/www.paradine.at\/de\/wp-json\/wp\/v2\/comments?post=6101"}],"version-history":[{"count":10,"href":"https:\/\/www.paradine.at\/de\/wp-json\/wp\/v2\/pages\/6101\/revisions"}],"predecessor-version":[{"id":7982,"href":"https:\/\/www.paradine.at\/de\/wp-json\/wp\/v2\/pages\/6101\/revisions\/7982"}],"up":[{"embeddable":true,"href":"https:\/\/www.paradine.at\/de\/wp-json\/wp\/v2\/pages\/7033"}],"wp:featuredmedia":[{"embeddable":true,"href":"https:\/\/www.paradine.at\/de\/wp-json\/wp\/v2\/media\/7893"}],"wp:attachment":[{"href":"https:\/\/www.paradine.at\/de\/wp-json\/wp\/v2\/media?parent=6101"}],"curies":[{"name":"wp","href":"https:\/\/api.w.org\/{rel}","templated":true}]}}