{"id":6099,"date":"2022-08-03T04:32:25","date_gmt":"2022-08-03T02:32:25","guid":{"rendered":"https:\/\/www.paradine.at\/?page_id=6099"},"modified":"2023-04-04T12:25:46","modified_gmt":"2023-04-04T10:25:46","slug":"avl-eptos-mmd-solution","status":"publish","type":"page","link":"https:\/\/www.paradine.at\/de\/references\/success-stories\/avl-eptos-mmd-solution\/","title":{"rendered":"AVL &#8211; eptos MMD L\u00f6sung"},"content":{"rendered":"<p>[vc_row][vc_column][vc_column_text]<\/p>\n<p class=\"art-postheader\" style=\"text-align: center;\"><strong><span style=\"color: #006ab3; font-size: 14pt;\">AVL &#8211; Globaler eptos&#x2122; Materialstammdaten-Server mit SAP-Integration<\/span><\/strong><\/p>\n<div class=\"art-postcontent\">\n<div class=\"art-article\">\n<p>Die Einf\u00fchrung eines neuen Standards in der Stammdatenverwaltung hat es erm\u00f6glicht, Komplexit\u00e4t und Redundanz in der Datenpflege zu reduzieren. Sie erm\u00f6glicht es auch, die Qualit\u00e4t der Stammdaten auf einem hohen Niveau zu halten.<\/p>\n<p><strong>Ausgangssituation<\/strong><\/p>\n<p>Die AVL-Gruppe besteht aus 45 Unternehmen, die neben den weltweit verf\u00fcgbaren ERP-L\u00f6sungen auch CAD-, PDM-, CAE- und SRM- und CRM-Systeme einsetzen. Um den Herausforderungen des hohen Wachstums der letzten Jahre gerecht zu werden, konzentriert sich die Gruppe auf eine kontinuierliche Harmonisierung der globalen Prozess- und Systemlandschaft. Fehlende Regeln bei der Anlage und Pflege von Materialstammdaten f\u00fchren zu rund 400.000 inkonsistenten und unstrukturierten Stamms\u00e4tzen in den Systemen. Das bedeutete einen hohen Aufwand an dezentraler Pflege und eine gro\u00dfe Anzahl an Duplikaten. Grundvoraussetzung zu Beginn des Harmonisierungsprojekts war eine klare Definition der Materialstamminformationen, die der lokalen Sprachvielfalt Rechnung tr\u00e4gt. Die Entscheidung, ECLASS f\u00fcr diesen Zweck zu nutzen, basierte auf drei Hauptgr\u00fcnden: erstens auf der hohen Anzahl von Unternehmen, die eCl@ss als Klassifizierungs- und Produktbeschreibungsstandard nutzen, zweitens auf der Verf\u00fcgbarkeit verschiedener Sprachversionen und drittens auf dem umfangreichen, sich st\u00e4ndig weiterentwickelnden Portfolio an Standardfunktionen.<\/p>\n<p><strong>Durchf\u00fchrung<\/strong><\/p>\n<p>Es wurde ein Vergleich mehrerer ECLASS-zertifizierter L\u00f6sungen durchgef\u00fchrt, der zur Auswahl des eptos&#x2122;-Produktstammdaten-Repository der Paradine GmbH f\u00fchrte. Auf dieser Basis haben AVL und Paradine das AVL MMD-Portal geschaffen, dessen Hauptaufgabe die strukturierte, \u00fcbersichtliche und systemunabh\u00e4ngige Definition, Erstellung und Pflege der Materialstamminformationen ist.<\/p>\n<p><strong>Schlussfolgerung<\/strong><\/p>\n<p>Die folgenden Ergebnisse wurden erzielt:<\/p>\n<ul>\n<li>Duplikatspr\u00fcfung bei der Anforderung oder Pflege von Materialstammdaten<\/li>\n<li>Erweiterung bereits vorhandener Materialst\u00e4mme um Klassifizierungsinformationen<\/li>\n<li>Implementierung eines klaren und standardisierten Prozesses f\u00fcr die Migration von Materialst\u00e4mmen in SAP-Rollout-Projekten<\/li>\n<li>Verwaltung der Lieferanten- und Herstellerinformationen \u00fcber das AVL MMD Portal<\/li>\n<li>Aufbau einer weltweit g\u00fcltigen Terminologiedatenbank f\u00fcr die Spezifikation von Materialst\u00e4mmen<\/li>\n<\/ul>\n<p><strong>AVL List GmbH<\/strong><\/p>\n<p>AVL ist das weltweit gr\u00f6\u00dfte unabh\u00e4ngige Unternehmen f\u00fcr die Entwicklung, Simulation und Pr\u00fcftechnik von Antriebsstr\u00e4ngen (Hybrid, Verbrennungsmotoren, Getriebe, Elektroantrieb, Batterien und Software) f\u00fcr Pkw, Lkw und Gro\u00dfmotoren.<\/p>\n<p>AVL ist in den folgenden Gesch\u00e4ftsbereichen t\u00e4tig:<\/p>\n<ul>\n<li>Entwicklung von Antriebsstrangsystemen:<br \/>\nAVL entwickelt und verbessert alle Arten von Antriebssystemen und ist ein kompetenter Partner f\u00fcr die Motoren- und Automobilbranche.<\/li>\n<\/ul>\n<ul>\n<li>Simulation:<br \/>\nDar\u00fcber hinaus entwickelt und vermarktet AVL die f\u00fcr die Entwicklungsarbeit notwendigen Simulationsmethoden<\/li>\n<\/ul>\n<ul>\n<li>Triebwerksinstrumentierung und Pr\u00fcfsysteme:<br \/>\nDie Produkte dieses Gesch\u00e4ftsbereichs umfassen alle f\u00fcr die Motoren- und Fahrzeugpr\u00fcfung erforderlichen Instrumente und Systeme.<\/li>\n<\/ul>\n<p>&nbsp;<\/p>\n<\/div>\n<p style=\"text-align: center;\"><em><span style=\"color: #006ab3; font-size: 14pt;\"><strong>Download:<br \/>\n<\/strong><\/span><\/em><span style=\"font-size: 14pt;\"><i class=\"fa fa-file-pdf-o \" ><\/i> <a  data-e-Disable-Page-Transition=\"true\" class=\"download-link\" title=\"\" href=\"https:\/\/www.paradine.at\/download\/3280\/?tmstv=1776513092\" rel=\"nofollow\" id=\"download-link-3280\" data-redirect=\"false\" >\n\tAVL-Success-story-EN<\/a>\n<\/span><\/p>\n<p style=\"text-align: center;\">F\u00fcr weitere Informationen kontaktieren Sie uns bitte unter info(at)paradine.at<\/p>\n<\/div>\n<p>[\/vc_column_text][\/vc_column][\/vc_row]<\/p>\n","protected":false},"excerpt":{"rendered":"<p>[vc_row][vc_column][vc_column_text] AVL &#8211; Globaler eptos&#x2122; Materialstammdaten-Server mit SAP-Integration Die Einf\u00fchrung eines neuen Standards in der Stammdatenverwaltung hat es erm\u00f6glicht, Komplexit\u00e4t und Redundanz in der Datenpflege zu reduzieren. Sie erm\u00f6glicht es auch, die Qualit\u00e4t der Stammdaten auf einem hohen Niveau zu halten. Ausgangssituation Die AVL-Gruppe besteht aus 45 Unternehmen, die neben den weltweit verf\u00fcgbaren ERP-L\u00f6sungen auch&#8230;<\/p>\n","protected":false},"author":68,"featured_media":7893,"parent":7033,"menu_order":0,"comment_status":"closed","ping_status":"closed","template":"","meta":{"_acf_changed":false,"footnotes":""},"class_list":["post-6099","page","type-page","status-publish","has-post-thumbnail","hentry"],"acf":[],"yoast_head":"<!-- This site is optimized with the Yoast SEO plugin v23.4 - https:\/\/yoast.com\/wordpress\/plugins\/seo\/ -->\n<title>AVL - eptos MMD L\u00f6sung &#8226; Paradine<\/title>\n<meta name=\"robots\" content=\"index, follow, max-snippet:-1, max-image-preview:large, max-video-preview:-1\" \/>\n<link rel=\"canonical\" href=\"https:\/\/www.paradine.at\/de\/references\/success-stories\/avl-eptos-mmd-solution\/\" \/>\n<meta property=\"og:locale\" content=\"de_DE\" \/>\n<meta property=\"og:type\" content=\"article\" \/>\n<meta property=\"og:title\" content=\"AVL - eptos MMD L\u00f6sung &#8226; Paradine\" \/>\n<meta property=\"og:description\" content=\"[vc_row][vc_column][vc_column_text] AVL &#8211; Globaler eptos&#x2122; Materialstammdaten-Server mit SAP-Integration Die Einf\u00fchrung eines neuen Standards in der Stammdatenverwaltung hat es erm\u00f6glicht, Komplexit\u00e4t und Redundanz in der Datenpflege zu reduzieren. Sie erm\u00f6glicht es auch, die Qualit\u00e4t der Stammdaten auf einem hohen Niveau zu halten. Ausgangssituation Die AVL-Gruppe besteht aus 45 Unternehmen, die neben den weltweit verf\u00fcgbaren ERP-L\u00f6sungen auch...\" \/>\n<meta property=\"og:url\" content=\"https:\/\/www.paradine.at\/de\/references\/success-stories\/avl-eptos-mmd-solution\/\" \/>\n<meta property=\"og:site_name\" content=\"Paradine\" \/>\n<meta property=\"article:publisher\" content=\"https:\/\/www.facebook.com\/paradinegmbh\/\" \/>\n<meta property=\"article:modified_time\" content=\"2023-04-04T10:25:46+00:00\" \/>\n<meta property=\"og:image\" content=\"https:\/\/www.paradine.at\/wp-content\/uploads\/2019\/03\/shutterstock_637649452.jpg\" \/>\n\t<meta property=\"og:image:width\" content=\"1920\" \/>\n\t<meta property=\"og:image:height\" content=\"960\" \/>\n\t<meta property=\"og:image:type\" content=\"image\/jpeg\" \/>\n<meta name=\"twitter:card\" content=\"summary_large_image\" \/>\n<meta name=\"twitter:site\" content=\"@ParadineGmbH\" \/>\n<meta name=\"twitter:label1\" content=\"Gesch\u00e4tzte Lesezeit\" \/>\n\t<meta name=\"twitter:data1\" content=\"2\u00a0Minuten\" \/>\n<script type=\"application\/ld+json\" class=\"yoast-schema-graph\">{\"@context\":\"https:\/\/schema.org\",\"@graph\":[{\"@type\":\"WebPage\",\"@id\":\"https:\/\/www.paradine.at\/de\/references\/success-stories\/avl-eptos-mmd-solution\/\",\"url\":\"https:\/\/www.paradine.at\/de\/references\/success-stories\/avl-eptos-mmd-solution\/\",\"name\":\"AVL - eptos MMD L\u00f6sung &#8226; Paradine\",\"isPartOf\":{\"@id\":\"https:\/\/www.paradine.at\/de\/#website\"},\"primaryImageOfPage\":{\"@id\":\"https:\/\/www.paradine.at\/de\/references\/success-stories\/avl-eptos-mmd-solution\/#primaryimage\"},\"image\":{\"@id\":\"https:\/\/www.paradine.at\/de\/references\/success-stories\/avl-eptos-mmd-solution\/#primaryimage\"},\"thumbnailUrl\":\"https:\/\/www.paradine.at\/wp-content\/uploads\/2019\/03\/shutterstock_637649452.jpg\",\"datePublished\":\"2022-08-03T02:32:25+00:00\",\"dateModified\":\"2023-04-04T10:25:46+00:00\",\"breadcrumb\":{\"@id\":\"https:\/\/www.paradine.at\/de\/references\/success-stories\/avl-eptos-mmd-solution\/#breadcrumb\"},\"inLanguage\":\"de\",\"potentialAction\":[{\"@type\":\"ReadAction\",\"target\":[\"https:\/\/www.paradine.at\/de\/references\/success-stories\/avl-eptos-mmd-solution\/\"]}]},{\"@type\":\"ImageObject\",\"inLanguage\":\"de\",\"@id\":\"https:\/\/www.paradine.at\/de\/references\/success-stories\/avl-eptos-mmd-solution\/#primaryimage\",\"url\":\"https:\/\/www.paradine.at\/wp-content\/uploads\/2019\/03\/shutterstock_637649452.jpg\",\"contentUrl\":\"https:\/\/www.paradine.at\/wp-content\/uploads\/2019\/03\/shutterstock_637649452.jpg\",\"width\":1920,\"height\":960,\"caption\":\"Instandhaltungstage Salzburg, 20220630, (c) wildbild\"},{\"@type\":\"BreadcrumbList\",\"@id\":\"https:\/\/www.paradine.at\/de\/references\/success-stories\/avl-eptos-mmd-solution\/#breadcrumb\",\"itemListElement\":[{\"@type\":\"ListItem\",\"position\":1,\"name\":\"Home\",\"item\":\"https:\/\/www.paradine.at\/de\/\"},{\"@type\":\"ListItem\",\"position\":2,\"name\":\"Referenzen\",\"item\":\"https:\/\/www.paradine.at\/de\/references\/\"},{\"@type\":\"ListItem\",\"position\":3,\"name\":\"Success-stories\",\"item\":\"https:\/\/www.paradine.at\/de\/references\/success-stories\/\"},{\"@type\":\"ListItem\",\"position\":4,\"name\":\"AVL &#8211; eptos MMD L\u00f6sung\"}]},{\"@type\":\"WebSite\",\"@id\":\"https:\/\/www.paradine.at\/de\/#website\",\"url\":\"https:\/\/www.paradine.at\/de\/\",\"name\":\"Paradine\",\"description\":\"Master Data Management\",\"publisher\":{\"@id\":\"https:\/\/www.paradine.at\/de\/#organization\"},\"potentialAction\":[{\"@type\":\"SearchAction\",\"target\":{\"@type\":\"EntryPoint\",\"urlTemplate\":\"https:\/\/www.paradine.at\/de\/?s={search_term_string}\"},\"query-input\":{\"@type\":\"PropertyValueSpecification\",\"valueRequired\":true,\"valueName\":\"search_term_string\"}}],\"inLanguage\":\"de\"},{\"@type\":\"Organization\",\"@id\":\"https:\/\/www.paradine.at\/de\/#organization\",\"name\":\"Paradine GmbH\",\"url\":\"https:\/\/www.paradine.at\/de\/\",\"logo\":{\"@type\":\"ImageObject\",\"inLanguage\":\"de\",\"@id\":\"https:\/\/www.paradine.at\/de\/#\/schema\/logo\/image\/\",\"url\":\"https:\/\/www.paradine.at\/wp-content\/uploads\/2019\/04\/Paradine-Logo-RGB-png-3200px.png\",\"contentUrl\":\"https:\/\/www.paradine.at\/wp-content\/uploads\/2019\/04\/Paradine-Logo-RGB-png-3200px.png\",\"width\":1920,\"height\":317,\"caption\":\"Paradine GmbH\"},\"image\":{\"@id\":\"https:\/\/www.paradine.at\/de\/#\/schema\/logo\/image\/\"},\"sameAs\":[\"https:\/\/www.facebook.com\/paradinegmbh\/\",\"https:\/\/x.com\/ParadineGmbH\",\"https:\/\/www.instagram.com\/paradinegmbh\/\",\"https:\/\/www.linkedin.com\/company\/paradinegmbh\/\",\"http:\/\/wiki.eclass.eu\/wiki\/PARADINE_GmbH\"]}]}<\/script>\n<!-- \/ Yoast SEO plugin. -->","yoast_head_json":{"title":"AVL - eptos MMD L\u00f6sung &#8226; Paradine","robots":{"index":"index","follow":"follow","max-snippet":"max-snippet:-1","max-image-preview":"max-image-preview:large","max-video-preview":"max-video-preview:-1"},"canonical":"https:\/\/www.paradine.at\/de\/references\/success-stories\/avl-eptos-mmd-solution\/","og_locale":"de_DE","og_type":"article","og_title":"AVL - eptos MMD L\u00f6sung &#8226; Paradine","og_description":"[vc_row][vc_column][vc_column_text] AVL &#8211; Globaler eptos&#x2122; Materialstammdaten-Server mit SAP-Integration Die Einf\u00fchrung eines neuen Standards in der Stammdatenverwaltung hat es erm\u00f6glicht, Komplexit\u00e4t und Redundanz in der Datenpflege zu reduzieren. Sie erm\u00f6glicht es auch, die Qualit\u00e4t der Stammdaten auf einem hohen Niveau zu halten. Ausgangssituation Die AVL-Gruppe besteht aus 45 Unternehmen, die neben den weltweit verf\u00fcgbaren ERP-L\u00f6sungen auch...","og_url":"https:\/\/www.paradine.at\/de\/references\/success-stories\/avl-eptos-mmd-solution\/","og_site_name":"Paradine","article_publisher":"https:\/\/www.facebook.com\/paradinegmbh\/","article_modified_time":"2023-04-04T10:25:46+00:00","og_image":[{"width":1920,"height":960,"url":"https:\/\/www.paradine.at\/wp-content\/uploads\/2019\/03\/shutterstock_637649452.jpg","type":"image\/jpeg"}],"twitter_card":"summary_large_image","twitter_site":"@ParadineGmbH","twitter_misc":{"Gesch\u00e4tzte Lesezeit":"2\u00a0Minuten"},"schema":{"@context":"https:\/\/schema.org","@graph":[{"@type":"WebPage","@id":"https:\/\/www.paradine.at\/de\/references\/success-stories\/avl-eptos-mmd-solution\/","url":"https:\/\/www.paradine.at\/de\/references\/success-stories\/avl-eptos-mmd-solution\/","name":"AVL - eptos MMD L\u00f6sung &#8226; Paradine","isPartOf":{"@id":"https:\/\/www.paradine.at\/de\/#website"},"primaryImageOfPage":{"@id":"https:\/\/www.paradine.at\/de\/references\/success-stories\/avl-eptos-mmd-solution\/#primaryimage"},"image":{"@id":"https:\/\/www.paradine.at\/de\/references\/success-stories\/avl-eptos-mmd-solution\/#primaryimage"},"thumbnailUrl":"https:\/\/www.paradine.at\/wp-content\/uploads\/2019\/03\/shutterstock_637649452.jpg","datePublished":"2022-08-03T02:32:25+00:00","dateModified":"2023-04-04T10:25:46+00:00","breadcrumb":{"@id":"https:\/\/www.paradine.at\/de\/references\/success-stories\/avl-eptos-mmd-solution\/#breadcrumb"},"inLanguage":"de","potentialAction":[{"@type":"ReadAction","target":["https:\/\/www.paradine.at\/de\/references\/success-stories\/avl-eptos-mmd-solution\/"]}]},{"@type":"ImageObject","inLanguage":"de","@id":"https:\/\/www.paradine.at\/de\/references\/success-stories\/avl-eptos-mmd-solution\/#primaryimage","url":"https:\/\/www.paradine.at\/wp-content\/uploads\/2019\/03\/shutterstock_637649452.jpg","contentUrl":"https:\/\/www.paradine.at\/wp-content\/uploads\/2019\/03\/shutterstock_637649452.jpg","width":1920,"height":960,"caption":"Instandhaltungstage Salzburg, 20220630, (c) wildbild"},{"@type":"BreadcrumbList","@id":"https:\/\/www.paradine.at\/de\/references\/success-stories\/avl-eptos-mmd-solution\/#breadcrumb","itemListElement":[{"@type":"ListItem","position":1,"name":"Home","item":"https:\/\/www.paradine.at\/de\/"},{"@type":"ListItem","position":2,"name":"Referenzen","item":"https:\/\/www.paradine.at\/de\/references\/"},{"@type":"ListItem","position":3,"name":"Success-stories","item":"https:\/\/www.paradine.at\/de\/references\/success-stories\/"},{"@type":"ListItem","position":4,"name":"AVL &#8211; eptos MMD L\u00f6sung"}]},{"@type":"WebSite","@id":"https:\/\/www.paradine.at\/de\/#website","url":"https:\/\/www.paradine.at\/de\/","name":"Paradine","description":"Master Data Management","publisher":{"@id":"https:\/\/www.paradine.at\/de\/#organization"},"potentialAction":[{"@type":"SearchAction","target":{"@type":"EntryPoint","urlTemplate":"https:\/\/www.paradine.at\/de\/?s={search_term_string}"},"query-input":{"@type":"PropertyValueSpecification","valueRequired":true,"valueName":"search_term_string"}}],"inLanguage":"de"},{"@type":"Organization","@id":"https:\/\/www.paradine.at\/de\/#organization","name":"Paradine GmbH","url":"https:\/\/www.paradine.at\/de\/","logo":{"@type":"ImageObject","inLanguage":"de","@id":"https:\/\/www.paradine.at\/de\/#\/schema\/logo\/image\/","url":"https:\/\/www.paradine.at\/wp-content\/uploads\/2019\/04\/Paradine-Logo-RGB-png-3200px.png","contentUrl":"https:\/\/www.paradine.at\/wp-content\/uploads\/2019\/04\/Paradine-Logo-RGB-png-3200px.png","width":1920,"height":317,"caption":"Paradine GmbH"},"image":{"@id":"https:\/\/www.paradine.at\/de\/#\/schema\/logo\/image\/"},"sameAs":["https:\/\/www.facebook.com\/paradinegmbh\/","https:\/\/x.com\/ParadineGmbH","https:\/\/www.instagram.com\/paradinegmbh\/","https:\/\/www.linkedin.com\/company\/paradinegmbh\/","http:\/\/wiki.eclass.eu\/wiki\/PARADINE_GmbH"]}]}},"_links":{"self":[{"href":"https:\/\/www.paradine.at\/de\/wp-json\/wp\/v2\/pages\/6099"}],"collection":[{"href":"https:\/\/www.paradine.at\/de\/wp-json\/wp\/v2\/pages"}],"about":[{"href":"https:\/\/www.paradine.at\/de\/wp-json\/wp\/v2\/types\/page"}],"author":[{"embeddable":true,"href":"https:\/\/www.paradine.at\/de\/wp-json\/wp\/v2\/users\/68"}],"replies":[{"embeddable":true,"href":"https:\/\/www.paradine.at\/de\/wp-json\/wp\/v2\/comments?post=6099"}],"version-history":[{"count":10,"href":"https:\/\/www.paradine.at\/de\/wp-json\/wp\/v2\/pages\/6099\/revisions"}],"predecessor-version":[{"id":6877,"href":"https:\/\/www.paradine.at\/de\/wp-json\/wp\/v2\/pages\/6099\/revisions\/6877"}],"up":[{"embeddable":true,"href":"https:\/\/www.paradine.at\/de\/wp-json\/wp\/v2\/pages\/7033"}],"wp:featuredmedia":[{"embeddable":true,"href":"https:\/\/www.paradine.at\/de\/wp-json\/wp\/v2\/media\/7893"}],"wp:attachment":[{"href":"https:\/\/www.paradine.at\/de\/wp-json\/wp\/v2\/media?parent=6099"}],"curies":[{"name":"wp","href":"https:\/\/api.w.org\/{rel}","templated":true}]}}