{"id":6059,"date":"2022-08-03T04:09:08","date_gmt":"2022-08-03T02:09:08","guid":{"rendered":"https:\/\/www.paradine.at\/?page_id=6059"},"modified":"2023-04-04T12:13:50","modified_gmt":"2023-04-04T10:13:50","slug":"java-developer","status":"publish","type":"page","link":"https:\/\/www.paradine.at\/de\/company\/career\/java-developer\/","title":{"rendered":"Java Developer"},"content":{"rendered":"<h4><span style=\"color: #006ab3; font-size: 14pt;\">Java Developer (w\/m\/d) <\/span><\/h4>\n<p>Internationales Gesch\u00e4ft erfordert eine internationale Unternehmensphilosophie. Wir von Paradine freuen uns, f\u00fcr Weltkonzerne wie AT &amp; S, BASF, Carl Zeiss, Siemens und Volkswagen zu arbeiten. Mit unserer eptos&#x2122; Master Data Management-L\u00f6sung unterst\u00fctzen wir das unternehmensweite, system\u00fcbergreifende, mehrsprachige Master Data Management f\u00fcr Branchenf\u00fchrer. Unsere Master Data Services sind die erste Wahl f\u00fcr die Bereinigung, Anreicherung und Konsolidierung einer gro\u00dfen Anzahl mehrsprachiger Materialstammdaten. Und unsere Reise geht weiter &#8211; wir versuchen stets, auf die \u00e4ndernden Bed\u00fcrfnisse unserer Partner und KundInnen einzugehen. Sind Sie offen f\u00fcr neue Herausforderungen und sch\u00e4tzen Sie kulturelle Vielfalt? Setzen Sie sich mit uns in Verbindung. Wir suchen SIE!<\/p>\n<p>Zur Verst\u00e4rkung unseres Teams suchen wir ab sofort eine\/n Frontend-Entwickler\/in!<\/p>\n<p><strong>IHR ZUK\u00dcNFTIGER ARBEITSBEREICH <\/strong><\/p>\n<ul>\n<li>Entwicklung neuer Komponenten, Funktionen und Erweiterung bestehender Funktionen<\/li>\n<li>Refactoring von bestehendem Code<\/li>\n<li>Optimierung der Anwendungsleistung<\/li>\n<li>Testabdeckung<\/li>\n<li>Code-\u00dcberpr\u00fcfung<\/li>\n<li>Selbstst\u00e4ndiges Arbeiten, \u00dcbernahme von Verantwortung und proaktives Arbeiten als Eigenleistung<\/li>\n<li>Proaktive Zusammenarbeit mit Teammitgliedern und Kommunikation mit Remote-Teams<\/li>\n<li>Aktive Mitgliedschaft in einem agilen Team<\/li>\n<\/ul>\n<p><strong>IHRE ERFAHRUNG<\/strong><\/p>\n<ul>\n<li>Erfahrung im Bereich der Softwareentwicklung<\/li>\n<li>Gute Kommunikationsf\u00e4higkeiten in Englisch (m\u00fcndlich und schriftlich)<\/li>\n<li>Ci\/CD (Bamboo ist w\u00fcnschenswert, aber nicht erforderlich)<\/li>\n<li>Gute Kenntnisse in Java Core \/ Java EE (11 ist w\u00fcnschenswert, aber nicht erforderlich)<\/li>\n<li>Erfahrung im Umgang mit RDBMS (Oracle ist w\u00fcnschenswert, aber nicht erforderlich)<\/li>\n<li>Verst\u00e4ndnis von Multithreading und Gleichzeitigkeit<\/li>\n<li>Spring-Framework (Boot, Core, Web, Daten, AOP, Sicherheit)<\/li>\n<li>Webdienste (HTTP, SOAP, REST, usw.)<\/li>\n<li>Verst\u00e4ndnis von Docker\/Kubernetes-Konzepten<\/li>\n<li>Unit-Tests mit JUnit und Mockito<\/li>\n<li>Gradle (Ant) Kenntnisse<\/li>\n<li>Verst\u00e4ndnis der Microservices-Architektur<\/li>\n<\/ul>\n<p><strong>UNSER ANGEBOT<\/strong><\/p>\n<ul>\n<li>Sie arbeiten in einem hoch motivierten und kompetenten Team mit einer aufgeschlossenen Arbeitskultur<\/li>\n<li>Sie k\u00f6nnen Ihre Work-Life-Balance selbst bestimmen, indem Sie Ihre eigenen flexiblen Arbeitsregelungen mit Home-Office-M\u00f6glichkeiten w\u00e4hlen<\/li>\n<li>Sie arbeiten mit den modernsten Tools f\u00fcr agile Zusammenarbeit von Atlassian (Jira, Confluence usw.)<\/li>\n<li>Sie haben die M\u00f6glichkeit, sich in zus\u00e4tzlichen Kursen weiterzubilden und wir unterst\u00fctzen Sie bei Ihren Projekten und Aktivit\u00e4ten<\/li>\n<\/ul>\n<p><strong>Wenn Sie unser Team verst\u00e4rken m\u00f6chten, senden Sie bitte Ihre vollst\u00e4ndigen Bewerbungsunterlagen an career@paradine.at<\/strong><\/p>\n","protected":false},"excerpt":{"rendered":"<p>Java Developer (w\/m\/d) Internationales Gesch\u00e4ft erfordert eine internationale Unternehmensphilosophie. Wir von Paradine freuen uns, f\u00fcr Weltkonzerne wie AT &amp; S, BASF, Carl Zeiss, Siemens und Volkswagen zu arbeiten. Mit unserer eptos&#x2122; Master Data Management-L\u00f6sung unterst\u00fctzen wir das unternehmensweite, system\u00fcbergreifende, mehrsprachige Master Data Management f\u00fcr Branchenf\u00fchrer. Unsere Master Data Services sind die erste Wahl f\u00fcr die&#8230;<\/p>\n","protected":false},"author":147,"featured_media":7873,"parent":2500,"menu_order":0,"comment_status":"closed","ping_status":"closed","template":"","meta":{"_acf_changed":false,"footnotes":""},"class_list":["post-6059","page","type-page","status-publish","has-post-thumbnail","hentry"],"acf":[],"yoast_head":"<!-- This site is optimized with the Yoast SEO plugin v23.4 - https:\/\/yoast.com\/wordpress\/plugins\/seo\/ -->\n<title>Java Developer &#8226; Paradine<\/title>\n<meta name=\"robots\" content=\"index, follow, max-snippet:-1, max-image-preview:large, max-video-preview:-1\" \/>\n<link rel=\"canonical\" href=\"https:\/\/www.paradine.at\/de\/company\/career\/java-developer\/\" \/>\n<meta property=\"og:locale\" content=\"de_DE\" \/>\n<meta property=\"og:type\" content=\"article\" \/>\n<meta property=\"og:title\" content=\"Java Developer &#8226; Paradine\" \/>\n<meta property=\"og:description\" content=\"Java Developer (w\/m\/d) Internationales Gesch\u00e4ft erfordert eine internationale Unternehmensphilosophie. Wir von Paradine freuen uns, f\u00fcr Weltkonzerne wie AT &amp; S, BASF, Carl Zeiss, Siemens und Volkswagen zu arbeiten. Mit unserer eptos&#x2122; Master Data Management-L\u00f6sung unterst\u00fctzen wir das unternehmensweite, system\u00fcbergreifende, mehrsprachige Master Data Management f\u00fcr Branchenf\u00fchrer. Unsere Master Data Services sind die erste Wahl f\u00fcr die...\" \/>\n<meta property=\"og:url\" content=\"https:\/\/www.paradine.at\/de\/company\/career\/java-developer\/\" \/>\n<meta property=\"og:site_name\" content=\"Paradine\" \/>\n<meta property=\"article:publisher\" content=\"https:\/\/www.facebook.com\/paradinegmbh\/\" \/>\n<meta property=\"article:modified_time\" content=\"2023-04-04T10:13:50+00:00\" \/>\n<meta property=\"og:image\" content=\"https:\/\/www.paradine.at\/wp-content\/uploads\/2019\/01\/shutterstock_378771547.jpg\" \/>\n\t<meta property=\"og:image:width\" content=\"1024\" \/>\n\t<meta property=\"og:image:height\" content=\"620\" \/>\n\t<meta property=\"og:image:type\" content=\"image\/jpeg\" \/>\n<meta name=\"twitter:card\" content=\"summary_large_image\" \/>\n<meta name=\"twitter:site\" content=\"@ParadineGmbH\" \/>\n<meta name=\"twitter:label1\" content=\"Gesch\u00e4tzte Lesezeit\" \/>\n\t<meta name=\"twitter:data1\" content=\"2\u00a0Minuten\" \/>\n<script type=\"application\/ld+json\" class=\"yoast-schema-graph\">{\"@context\":\"https:\/\/schema.org\",\"@graph\":[{\"@type\":\"WebPage\",\"@id\":\"https:\/\/www.paradine.at\/de\/company\/career\/java-developer\/\",\"url\":\"https:\/\/www.paradine.at\/de\/company\/career\/java-developer\/\",\"name\":\"Java Developer &#8226; Paradine\",\"isPartOf\":{\"@id\":\"https:\/\/www.paradine.at\/de\/#website\"},\"primaryImageOfPage\":{\"@id\":\"https:\/\/www.paradine.at\/de\/company\/career\/java-developer\/#primaryimage\"},\"image\":{\"@id\":\"https:\/\/www.paradine.at\/de\/company\/career\/java-developer\/#primaryimage\"},\"thumbnailUrl\":\"https:\/\/www.paradine.at\/wp-content\/uploads\/2019\/01\/shutterstock_378771547.jpg\",\"datePublished\":\"2022-08-03T02:09:08+00:00\",\"dateModified\":\"2023-04-04T10:13:50+00:00\",\"breadcrumb\":{\"@id\":\"https:\/\/www.paradine.at\/de\/company\/career\/java-developer\/#breadcrumb\"},\"inLanguage\":\"de\",\"potentialAction\":[{\"@type\":\"ReadAction\",\"target\":[\"https:\/\/www.paradine.at\/de\/company\/career\/java-developer\/\"]}]},{\"@type\":\"ImageObject\",\"inLanguage\":\"de\",\"@id\":\"https:\/\/www.paradine.at\/de\/company\/career\/java-developer\/#primaryimage\",\"url\":\"https:\/\/www.paradine.at\/wp-content\/uploads\/2019\/01\/shutterstock_378771547.jpg\",\"contentUrl\":\"https:\/\/www.paradine.at\/wp-content\/uploads\/2019\/01\/shutterstock_378771547.jpg\",\"width\":4903,\"height\":2971},{\"@type\":\"BreadcrumbList\",\"@id\":\"https:\/\/www.paradine.at\/de\/company\/career\/java-developer\/#breadcrumb\",\"itemListElement\":[{\"@type\":\"ListItem\",\"position\":1,\"name\":\"Home\",\"item\":\"https:\/\/www.paradine.at\/de\/\"},{\"@type\":\"ListItem\",\"position\":2,\"name\":\"Unternehmen\",\"item\":\"https:\/\/www.paradine.at\/de\/company\/\"},{\"@type\":\"ListItem\",\"position\":3,\"name\":\"Karriere\",\"item\":\"https:\/\/www.paradine.at\/de\/company\/career\/\"},{\"@type\":\"ListItem\",\"position\":4,\"name\":\"Java Developer\"}]},{\"@type\":\"WebSite\",\"@id\":\"https:\/\/www.paradine.at\/de\/#website\",\"url\":\"https:\/\/www.paradine.at\/de\/\",\"name\":\"Paradine\",\"description\":\"Master Data Management\",\"publisher\":{\"@id\":\"https:\/\/www.paradine.at\/de\/#organization\"},\"potentialAction\":[{\"@type\":\"SearchAction\",\"target\":{\"@type\":\"EntryPoint\",\"urlTemplate\":\"https:\/\/www.paradine.at\/de\/?s={search_term_string}\"},\"query-input\":{\"@type\":\"PropertyValueSpecification\",\"valueRequired\":true,\"valueName\":\"search_term_string\"}}],\"inLanguage\":\"de\"},{\"@type\":\"Organization\",\"@id\":\"https:\/\/www.paradine.at\/de\/#organization\",\"name\":\"Paradine GmbH\",\"url\":\"https:\/\/www.paradine.at\/de\/\",\"logo\":{\"@type\":\"ImageObject\",\"inLanguage\":\"de\",\"@id\":\"https:\/\/www.paradine.at\/de\/#\/schema\/logo\/image\/\",\"url\":\"https:\/\/www.paradine.at\/wp-content\/uploads\/2019\/04\/Paradine-Logo-RGB-png-3200px.png\",\"contentUrl\":\"https:\/\/www.paradine.at\/wp-content\/uploads\/2019\/04\/Paradine-Logo-RGB-png-3200px.png\",\"width\":1920,\"height\":317,\"caption\":\"Paradine GmbH\"},\"image\":{\"@id\":\"https:\/\/www.paradine.at\/de\/#\/schema\/logo\/image\/\"},\"sameAs\":[\"https:\/\/www.facebook.com\/paradinegmbh\/\",\"https:\/\/x.com\/ParadineGmbH\",\"https:\/\/www.instagram.com\/paradinegmbh\/\",\"https:\/\/www.linkedin.com\/company\/paradinegmbh\/\",\"http:\/\/wiki.eclass.eu\/wiki\/PARADINE_GmbH\"]}]}<\/script>\n<!-- \/ Yoast SEO plugin. -->","yoast_head_json":{"title":"Java Developer &#8226; Paradine","robots":{"index":"index","follow":"follow","max-snippet":"max-snippet:-1","max-image-preview":"max-image-preview:large","max-video-preview":"max-video-preview:-1"},"canonical":"https:\/\/www.paradine.at\/de\/company\/career\/java-developer\/","og_locale":"de_DE","og_type":"article","og_title":"Java Developer &#8226; Paradine","og_description":"Java Developer (w\/m\/d) Internationales Gesch\u00e4ft erfordert eine internationale Unternehmensphilosophie. Wir von Paradine freuen uns, f\u00fcr Weltkonzerne wie AT &amp; S, BASF, Carl Zeiss, Siemens und Volkswagen zu arbeiten. Mit unserer eptos&#x2122; Master Data Management-L\u00f6sung unterst\u00fctzen wir das unternehmensweite, system\u00fcbergreifende, mehrsprachige Master Data Management f\u00fcr Branchenf\u00fchrer. Unsere Master Data Services sind die erste Wahl f\u00fcr die...","og_url":"https:\/\/www.paradine.at\/de\/company\/career\/java-developer\/","og_site_name":"Paradine","article_publisher":"https:\/\/www.facebook.com\/paradinegmbh\/","article_modified_time":"2023-04-04T10:13:50+00:00","og_image":[{"url":"https:\/\/www.paradine.at\/wp-content\/uploads\/2019\/01\/shutterstock_378771547.jpg","width":1024,"height":620,"type":"image\/jpeg"}],"twitter_card":"summary_large_image","twitter_site":"@ParadineGmbH","twitter_misc":{"Gesch\u00e4tzte Lesezeit":"2\u00a0Minuten"},"schema":{"@context":"https:\/\/schema.org","@graph":[{"@type":"WebPage","@id":"https:\/\/www.paradine.at\/de\/company\/career\/java-developer\/","url":"https:\/\/www.paradine.at\/de\/company\/career\/java-developer\/","name":"Java Developer &#8226; Paradine","isPartOf":{"@id":"https:\/\/www.paradine.at\/de\/#website"},"primaryImageOfPage":{"@id":"https:\/\/www.paradine.at\/de\/company\/career\/java-developer\/#primaryimage"},"image":{"@id":"https:\/\/www.paradine.at\/de\/company\/career\/java-developer\/#primaryimage"},"thumbnailUrl":"https:\/\/www.paradine.at\/wp-content\/uploads\/2019\/01\/shutterstock_378771547.jpg","datePublished":"2022-08-03T02:09:08+00:00","dateModified":"2023-04-04T10:13:50+00:00","breadcrumb":{"@id":"https:\/\/www.paradine.at\/de\/company\/career\/java-developer\/#breadcrumb"},"inLanguage":"de","potentialAction":[{"@type":"ReadAction","target":["https:\/\/www.paradine.at\/de\/company\/career\/java-developer\/"]}]},{"@type":"ImageObject","inLanguage":"de","@id":"https:\/\/www.paradine.at\/de\/company\/career\/java-developer\/#primaryimage","url":"https:\/\/www.paradine.at\/wp-content\/uploads\/2019\/01\/shutterstock_378771547.jpg","contentUrl":"https:\/\/www.paradine.at\/wp-content\/uploads\/2019\/01\/shutterstock_378771547.jpg","width":4903,"height":2971},{"@type":"BreadcrumbList","@id":"https:\/\/www.paradine.at\/de\/company\/career\/java-developer\/#breadcrumb","itemListElement":[{"@type":"ListItem","position":1,"name":"Home","item":"https:\/\/www.paradine.at\/de\/"},{"@type":"ListItem","position":2,"name":"Unternehmen","item":"https:\/\/www.paradine.at\/de\/company\/"},{"@type":"ListItem","position":3,"name":"Karriere","item":"https:\/\/www.paradine.at\/de\/company\/career\/"},{"@type":"ListItem","position":4,"name":"Java Developer"}]},{"@type":"WebSite","@id":"https:\/\/www.paradine.at\/de\/#website","url":"https:\/\/www.paradine.at\/de\/","name":"Paradine","description":"Master Data Management","publisher":{"@id":"https:\/\/www.paradine.at\/de\/#organization"},"potentialAction":[{"@type":"SearchAction","target":{"@type":"EntryPoint","urlTemplate":"https:\/\/www.paradine.at\/de\/?s={search_term_string}"},"query-input":{"@type":"PropertyValueSpecification","valueRequired":true,"valueName":"search_term_string"}}],"inLanguage":"de"},{"@type":"Organization","@id":"https:\/\/www.paradine.at\/de\/#organization","name":"Paradine GmbH","url":"https:\/\/www.paradine.at\/de\/","logo":{"@type":"ImageObject","inLanguage":"de","@id":"https:\/\/www.paradine.at\/de\/#\/schema\/logo\/image\/","url":"https:\/\/www.paradine.at\/wp-content\/uploads\/2019\/04\/Paradine-Logo-RGB-png-3200px.png","contentUrl":"https:\/\/www.paradine.at\/wp-content\/uploads\/2019\/04\/Paradine-Logo-RGB-png-3200px.png","width":1920,"height":317,"caption":"Paradine GmbH"},"image":{"@id":"https:\/\/www.paradine.at\/de\/#\/schema\/logo\/image\/"},"sameAs":["https:\/\/www.facebook.com\/paradinegmbh\/","https:\/\/x.com\/ParadineGmbH","https:\/\/www.instagram.com\/paradinegmbh\/","https:\/\/www.linkedin.com\/company\/paradinegmbh\/","http:\/\/wiki.eclass.eu\/wiki\/PARADINE_GmbH"]}]}},"_links":{"self":[{"href":"https:\/\/www.paradine.at\/de\/wp-json\/wp\/v2\/pages\/6059"}],"collection":[{"href":"https:\/\/www.paradine.at\/de\/wp-json\/wp\/v2\/pages"}],"about":[{"href":"https:\/\/www.paradine.at\/de\/wp-json\/wp\/v2\/types\/page"}],"author":[{"embeddable":true,"href":"https:\/\/www.paradine.at\/de\/wp-json\/wp\/v2\/users\/147"}],"replies":[{"embeddable":true,"href":"https:\/\/www.paradine.at\/de\/wp-json\/wp\/v2\/comments?post=6059"}],"version-history":[{"count":4,"href":"https:\/\/www.paradine.at\/de\/wp-json\/wp\/v2\/pages\/6059\/revisions"}],"predecessor-version":[{"id":6908,"href":"https:\/\/www.paradine.at\/de\/wp-json\/wp\/v2\/pages\/6059\/revisions\/6908"}],"up":[{"embeddable":true,"href":"https:\/\/www.paradine.at\/de\/wp-json\/wp\/v2\/pages\/2500"}],"wp:featuredmedia":[{"embeddable":true,"href":"https:\/\/www.paradine.at\/de\/wp-json\/wp\/v2\/media\/7873"}],"wp:attachment":[{"href":"https:\/\/www.paradine.at\/de\/wp-json\/wp\/v2\/media?parent=6059"}],"curies":[{"name":"wp","href":"https:\/\/api.w.org\/{rel}","templated":true}]}}