{"id":6051,"date":"2022-08-03T04:04:12","date_gmt":"2022-08-03T02:04:12","guid":{"rendered":"https:\/\/www.paradine.at\/?page_id=6051"},"modified":"2022-09-14T14:20:33","modified_gmt":"2022-09-14T12:20:33","slug":"agb-webshop","status":"publish","type":"page","link":"https:\/\/www.paradine.at\/de\/agb-webshop\/","title":{"rendered":"AGB &#8211; Webshop"},"content":{"rendered":"<p><strong>AGB<\/strong><\/p>\n<p><strong>Allgemeine Gesch\u00e4ftsbedingungen &#8211; Webshop (Fernabsatz)<\/strong><\/p>\n<p>Paradine GmbH<br \/>\nStand: Juli 2020<br \/>\nUID-Nr.: ATU51550307<br \/>\nFirmenbuchgericht: HG Wien<br \/>\nFirmenbuchnummer: FN 204574w<br \/>\nFirmensitz: Wien<br \/>\nFirmenbuchgericht: HG Wien<br \/>\n\u00d6sterreich, Firmensitz:<br \/>\nTechnologiestrasse 5, 1120 Wien, \u00d6sterreich<\/p>\n<p>T: +43-1-236 66 68 &#8211; 0<br \/>\nF: +43-1-236 66 68 &#8211; 334<br \/>\nE: info (at) paradine.at<br \/>\nW: <a href=\"http:\/\/www.paradine.at\">http:\/\/www.paradine.at<\/a><\/p>\n<ul>\n<li><strong>1. Geltungsbereich<\/strong><\/li>\n<\/ul>\n<p>(1) Die nachstehenden &#8220;Allgemeinen Gesch\u00e4fts-bedingungen&#8221; (AGB) gelten in der am Tag der Bestellung g\u00fcltigen Fassung f\u00fcr s\u00e4mtliche Kaufvertr\u00e4ge \u00fcber Produkte, Dienstleistungen, Wartungs-\/Supportleistungen sowie Seminare und Webinare. Abweichende Vereinbarungen bed\u00fcrfen der Schriftform. Mit der Abgabe seiner Bestellung erkl\u00e4rt sich der Kunde mit diesen AGB einverstanden und an sie gebunden.<\/p>\n<p>(2) Sollten einzelne Bestimmungen dieser AGB aufgrund zwingender gesetzlicher Vorschriften (insbesondere den Bestimmungen des KSchG) ganz oder teilweise unwirksam sein, so bleiben die \u00fcbrigen Bestimmungen dieser AGB unver\u00e4ndert wirksam.<\/p>\n<ul>\n<li><strong>2. Vertragsabschluss<\/strong><\/li>\n<\/ul>\n<p>Die Paradine GmbH beh\u00e4lt sich das Recht vor, das jeweilige Leistungsangebot inhaltlich jederzeit zu ver\u00e4ndern. Alle Angebote der Paradine GmbH (Produkte, Webinare&#8230;) sind freibleibend und als Aufforderung an den Kunden zu verstehen, selbst ein Angebot zu legen. Der Vertrag kommt durch Annahme der Bestellung durch die Paradine GmbH zustande, und zwar entweder durch Absendung einer Auftrags-best\u00e4tigung mittels Post, Telefax oder E-Mail oder unmittelbar durch Absendung der bestellten Ware.<\/p>\n<ul>\n<li><strong>3. Vertragssprache<\/strong><\/li>\n<\/ul>\n<p>Der Vertragsinhalt, alle sonstigen Informationen werden durchg\u00e4ngig in deutscher oder englischer Sprache angeboten.<\/p>\n<ul>\n<li><strong>4. R\u00fccktrittsrecht im Fernabsatz<\/strong><\/li>\n<\/ul>\n<p>(1) Kunden, die Verbraucher im Sinne des Konsumentenschutzgesetzes sind, k\u00f6nnen 14 Tage ab Waren\u00fcbernahme vom Kauf ohne Angabe von Gr\u00fcnden zur\u00fccktreten.<\/p>\n<p>Es gen\u00fcgt, wenn die R\u00fccktrittserkl\u00e4rung innerhalb der Frist ohne Angabe von Gr\u00fcnden abgesendet wird (zu richten an info@paradine.at).<\/p>\n<p>(2) Im Falle des R\u00fccktritts findet eine R\u00fcckerstattung des Kaufpreises nur Zug um Zug gegen Zur\u00fcckstellung der vom Kunden erhaltenen Waren statt. Sowohl die R\u00fccksendung der Ware und R\u00fcckerstattung des Kaufpreises haben binnen 14 Tagen ab Erkl\u00e4rung des R\u00fccktritts zu erfolgen. Die Kosten der R\u00fccksendung tr\u00e4gt der Kunde.<\/p>\n<p>(3) Bei Artikeln, die durch Gebrauchsspuren beeintr\u00e4chtigt oder besch\u00e4digt sind, wird von der Paradine GmbH ein angemessenes Entgelt f\u00fcr die Wertminderung erhoben. Gleiches gilt, wenn bei R\u00fcckgabe der Ware Zubeh\u00f6r (etwa Handb\u00fccher, Software, etc.) fehlt.<\/p>\n<p>(4) Ein R\u00fccktrittsrecht besteht nicht bei Software, die vom Besteller entsiegelt worden sind, ferner nicht bei Leistungen, die online (z.B. Webinare, Software und Publikationen zum Download) konsumiert oder \u00fcbermittelt worden sind.<\/p>\n<p>(5) Anfragen, Infos, Datenausk\u00fcnfte und Beschwerden richten Sie in der Zeit Mo bis Fr, zwischen 9 und 16 Uhr an die Paradine GmbH. T: +43-1-236 66 68 &#8211; 0<\/p>\n<ul>\n<li><strong>5. Preise<\/strong><\/li>\n<\/ul>\n<p>(1) Grunds\u00e4tzlich gilt jener Kaufpreis f\u00fcr die bestellten Waren als vereinbart, der sich aus den aktuellen Produktbeschreibung, Preislisten sowie Kursbeschreibungen der Paradine GmbH ergibt.<\/p>\n<ul>\n<li><strong>6. Zahlungsbedingungen<\/strong><\/li>\n<\/ul>\n<p>(1) Rechnungen sind, sofern nicht anders vereinbart, sofort ab Rechnungseingang abzugs- und spesenfrei f\u00e4llig.<\/p>\n<p>(2) Die Verrechnung erfolgt in Euro.<\/p>\n<p>(3) Die gesetzlichen (Verzugs)Zinsen nach \u00a7 1333 Abs 1 ABGB betragen f\u00fcr Nicht-Kaufleute gem\u00e4\u00df \u00a7 1000 Abs 1 ABGB j\u00e4hrlich 4%. &#8211; Nach \u00a7 1333 Abs 2 ABGB betragen die gesetzlichen Verzugszinsen &#8220;zwischen Unternehmern aus unternehmerischen Gesch\u00e4ften&#8221; (= zweiseitige Handelsgesch\u00e4fte) 8% &#8220;\u00fcber dem Basiszinssatz&#8221; (d.s. dzt insgesamt: 10,2 %).<\/p>\n<p>Der Kunde ist bei Zahlungsverzug verpflichtet alle der Paradine GmbH durch diesen Zahlungsverzug entstehenden zur zweckentsprechenden Rechtsverfolgung notwendigen Mahn- und Inkassospesen zu ersetzen. Die Geltendmachung eines h\u00f6heren Verzugsschadens beh\u00e4lt sich die Paradine GmbH vor.<\/p>\n<p>(4) Reaktionszeit bei Reklamationen: Anfragen werden innerhalb von 5 Werktagen beantwortet.<\/p>\n<ul>\n<li><strong>7. Gew\u00e4hrleistung<\/strong><\/li>\n<\/ul>\n<p>Die Gew\u00e4hrleistung erfolgt nach den gesetzl. Bestimmungen (24 Monate ab Warenerhalt). Kommt ein Austausch oder eine Verbesserung nicht in Betracht (nicht m\u00f6glich, zu hoher Aufwand, unzumutbar, Fristverzug), dann hat der K\u00e4ufer Anspruch auf Preisminderung bzw., wenn der Mangel nicht geringf\u00fcgig ist, Aufhebung des Vertrages (Wandlung). Der Ersatz von (Mangel-) Folgesch\u00e4den, sowie sonstigen Sachsch\u00e4den, Verm\u00f6genssch\u00e4den und Sch\u00e4den Dritter gegen den Kunden, sofern es sich nicht um ein Verbrauchergesch\u00e4ft handelt, ist ausgeschlossen.<\/p>\n<p><strong>Allgemeine Gesch\u00e4ftsbedingungen<\/strong><\/p>\n<p><strong>Veranstaltungen<\/strong><\/p>\n<p>Paradine GmbH<br \/>\nStand: Juli 2020<br \/>\nUID-Nr.: ATU51550307<br \/>\nFirmenbuchgericht: HG Wien<br \/>\nFirmenbuchnummer: FN 204574w<br \/>\nFirmensitz: Wien<br \/>\nFirmenbuchgericht: HG Wien<br \/>\n\u00d6sterreich, Firmensitz:<br \/>\nTechnologiestra\u00dfe 5, 1120 Wien, \u00d6sterreich<\/p>\n<p>T: +43-1-236 66 68 &#8211; 0<br \/>\nF: +43-1-236 66 68 &#8211; 334<br \/>\nE: info (at) paradine.at<br \/>\nW: <a href=\"http:\/\/www.paradine.at\">http:\/\/www.paradine.at<\/a><\/p>\n<p>&nbsp;<\/p>\n<ul>\n<li><strong>1. Geltungsbereich<\/strong><\/li>\n<\/ul>\n<p>(1) Die nachstehenden &#8220;Allgemeinen Gesch\u00e4ftsbedingungen&#8221; gelten f\u00fcr den Besuch von Veranstaltungen (Seminare, Webinare, Workshops, Events&#8230;) der Paradine GmbH. Abweichende Vereinbarungen bed\u00fcrfen der Schriftform.<br \/>\nMit seiner Anmeldung zu einer Veranstaltung erkl\u00e4rt sich der Kunde mit diesen Allgemeinen Gesch\u00e4ftsbedingungen einverstanden und an sie gebunden.<\/p>\n<p>(2) Sollten einzelne Bestimmungen dieser AGB zwingenden gesetzlichen Vorschriften (insbesondere den Bestimmungen des KSchG) widersprechen, so behalten die \u00fcbrigen Bestimmungen dieser AGB dennoch ihre G\u00fcltigkeit.<\/p>\n<ul>\n<li><strong>2. Anmeldung<\/strong><\/li>\n<\/ul>\n<p>(1) Die Paradine GmbH beh\u00e4lt sich das Recht vor, das jeweilige Leistungsangebot inhaltlich jederzeit zu ver\u00e4ndern. Alle Angebote der Paradine GmbH (Preislisten der Seminare, Webinare, Webshop&#8230;) sind freibleibend. Der Vertrag kommt durch Annahme der Anmeldung durch die Paradine GmbH zustande. Wenn eine Anmeldung nicht angenommen werden kann, wird der Kunde unverz\u00fcglich davon verst\u00e4ndigt.<br \/>\n(2) Anmeldungen werden in der Reihenfolge ihres Eintreffens nach verf\u00fcgbarer Teilnehmerzahl ber\u00fccksichtigt, Anmeldungen werden schriftlich (auch per Fax, E-Mail) oder Telefon entgegengenommen. Jede Anmeldung ist verbindlich.<\/p>\n<ul>\n<li><strong>3. Vertragssprache<\/strong><br \/>\nDer Vertragsinhalt, alle sonstigen Informationen, werden durchg\u00e4ngig in deutscher und englischer Sprache angeboten.<\/li>\n<\/ul>\n<p>&nbsp;<\/p>\n<ul>\n<li><strong>4. Stornierungen<\/strong><\/li>\n<\/ul>\n<p>(1) Stornierungen k\u00f6nnen nur schriftlich entgegengenommen werden.<br \/>\n(2) Eine Stornierung kann bis 14 Tage vor Veranstaltungsbeginn kostenfrei erfolgen. Bei Abmeldungen, die sp\u00e4ter als 14 Tage vor Veranstaltungsbeginn einlangen, wird eine Stornogeb\u00fchr von 50 % des Teilnahmebeitrages verrechnet. Ab Veranstaltungsbeginn wird bei Nichtbesuch der komplette Teilnahmebeitrag f\u00e4llig.<br \/>\n(3) Die Namhaftmachung eines Ersatzteilnehmers ist jederzeit kostenfrei m\u00f6glich.<\/p>\n<ul>\n<li><strong>5. Preise<\/strong><br \/>\n(1) Grunds\u00e4tzlich gilt jener Teilnahmebeitrag als vereinbart, der sich aus den aktuellen Preislisten der Seminare und Webinare der Paradine GmbH ergibt.<br \/>\n(2) Soweit nicht anders angegeben, verstehen sich s\u00e4mtliche Preisangaben als Bruttopreise einschlie\u00dflich der gesetzlichen Umsatzsteuer.<\/li>\n<\/ul>\n<ul>\n<li><strong>6. Zahlungsbedingungen<\/strong><\/li>\n<\/ul>\n<p>(1) Der Teilnahmebeitrag ist vor Veranstaltungsbeginn mittels der Anmeldebest\u00e4tigung abzugs- und spesenfrei zu entrichten.<br \/>\n(2) Die Verrechnung erfolgt in Euro.<br \/>\n(3) Bei einem sp\u00e4teren Einstieg in eine Veranstaltung ist eine Erm\u00e4\u00dfigung des Teilnahmebeitrags nicht vorgesehen, dasselbe gilt bei einem vorzeitigen Ausstieg.<\/p>\n<ul>\n<li><strong>7. Programm\u00e4nderungen\/Absagen<\/strong><strong><br \/>\n<\/strong>(1) Aufgrund der langfristigen Planung von Veranstaltungen beh\u00e4lt sich die Paradine GmbH organisatorisch bedingte Programm\u00e4nderungen wie \u00c4nderung von Terminen, Beginnzeiten, Ort oder Vortragenden sowie Veranstaltungsabsagen vor. Die Teilnehmer werden davon rechtzeitig und in geeigneter Weise verst\u00e4ndigt.<br \/>\n(2) Ersatz f\u00fcr entstandene Aufwendungen und sonstige Anspr\u00fcche gegen\u00fcber der Paradine GmbH sind daher nicht abzuleiten. Dasselbe gilt f\u00fcr kurzfristig notwendige Terminverschiebungen.<br \/>\n(3) Muss eine Veranstaltung abgesagt werden, erfolgt eine abzugsfreie R\u00fcckerstattung von bereits eingezahlten Teilnahmebeitr\u00e4gen.<\/li>\n<\/ul>\n<ul>\n<li><strong>8. Gew\u00e4hrleistung<\/strong><strong><br \/>\n<\/strong>Die Gew\u00e4hrleistung erfolgt nach den gesetzl. Bestimmungen nur f\u00fcr Events.<\/li>\n<\/ul>\n<p>&nbsp;<\/p>\n<p><strong>Die folgenden Paragrafen gelten gleicherma\u00dfen f\u00fcr Publikationen und Veranstaltungen<\/strong><\/p>\n<ul>\n<li><strong>9. Vertragsdaten<\/strong><\/li>\n<\/ul>\n<p>Die Vertragsdaten werden f\u00fcr Abrechnungszwecke gespeichert und k\u00f6nnen jederzeit abgerufen werden.<\/p>\n<ul>\n<li><strong>10. Zahlung<\/strong><\/li>\n<\/ul>\n<p>Haben Sie ein Produkt ausgew\u00e4hlt, k\u00f6nnen Sie die gew\u00fcnschte Zahlungsart festlegen:<\/p>\n<p>Gerne k\u00f6nnen Sie bei der Wahl der Zahlungsart Rechnung w\u00e4hlen.<\/p>\n<p>Alle anderen Zahlungsarten werden \u00fcber den Zahlungsprovider Global Procurement abgewickelt. Wenn Sie diese Zahlungsart w\u00e4hlen, erhalten Sie nach Absenden der Bestellung einen Link f\u00fcr die Zahlung zugesandt.<\/p>\n<p>Zahlungsart:<\/p>\n<ol>\n<li>Rechnung<\/li>\n<li>Kreditkarte: VISA\/Verified by VISA, Master Card\/Secure Code, Masterpass, GooglePay, Apple Pay<\/li>\n<\/ol>\n<p>Ihre Kreditkartendaten werden nicht von der Paradine GmbH gespeichert, sondern \u00fcber einen externen Zahlungsdienstleister verschl\u00fcsselt \u00fcbermittelt.<\/p>\n<p>Bei Zahlung per Kreditkarte erfolgt die Belastung innerhalb einer Kalenderwoche. Bei der Kreditkartenzahlung gibt der Kunde folgende Daten an: Karteninhaber, Kartennummer, Kreditkartenunternehmen, G\u00fcltigkeitsdatum, CVV-Code. Die Daten werden per SSLVerschl\u00fcsselung mit mindestens 128 Bit Schl\u00fcssel \u00fcbertragen und sind somit f\u00fcr Unbefugte nicht einsehbar.<\/p>\n<ul>\n<li><strong>11. Schadenersatz<\/strong><\/li>\n<\/ul>\n<p>(1) Die Paradine GmbH haftet nur f\u00fcr Sch\u00e4den bei Vorsatz und grober Fahrl\u00e4ssigkeit, mit Ausnahme von Sch\u00e4den an Personen. Das Vorliegen von leichter bzw.. grobe Fahrl\u00e4ssigkeit hat, sofern es sich nicht um ein Verbrauchergesch\u00e4ft handelt, der Gesch\u00e4digte zu beweisen.<\/p>\n<p>(2) Der Ersatz von (Mangel-) Folgesch\u00e4den und reinen Verm\u00f6genssch\u00e4den ist gegen\u00fcber Unternehmern ausgeschlossen.<\/p>\n<p>(3) F\u00fcr die formelle oder inhaltliche Richtigkeit der Angaben in Veranstaltungsunterlagen kann eine Haftung der Paradine GmbH keinesfalls \u00fcbernommen werden.<\/p>\n<ul>\n<li><strong>12. Datenschutz<\/strong><\/li>\n<\/ul>\n<p>(1) Die Mitarbeiter der Paradine GmbH unterliegen den Geheimhaltungsverpflichtungen des Datenschutzgesetzes.<\/p>\n<p>(2) Der Kunde erkennt an, dass die Verwendung der im Vertrag angef\u00fchrten Daten \u00fcber den Kunden f\u00fcr Zwecke unserer Buchhaltung und der Kundenevidenz gespeichert und verarbeitet werden. Die Daten werden zur Erf\u00fcllung von gesetzlichen Vorschriften und zur Abwicklung des Zahlungsverkehrs verwendet. Kundendaten werden nicht an Dritte weitergegeben, au\u00dfer dies ist f\u00fcr die Vertragsabwicklung unbedingt erforderlich. Vertragspartner der Paradine GmbH sind \u00fcber diese Datenschutzbestimmungen instruiert und entsprechend verpflichtet.<\/p>\n<p>(3) Im Falle von Zusendungen \u00fcber Leistungen und Produkte der Paradine GmbH (Veranstaltungen, Publikationen&#8230;) jeglicher Art kommt \u00a7 107 TKG (Telekommunikationsgesetz) zur Anwendung.<\/p>\n<ul>\n<li><strong>13. Datenspeicherung<\/strong><\/li>\n<\/ul>\n<p>Wir weisen darauf hin, dass zum Zweck des einfacheren Einkaufsvorganges und zur sp\u00e4teren Vertragsabwicklung vom Webshop-Betreiber im Rahmen von Cookies die IP-Daten des Anschlussinhabers gespeichert werden k\u00f6nnen, ebenso wie Name, Anschrift, UID-Nummer, Telefonnummer und E-Mailadresse des K\u00e4ufers.<\/p>\n<p>Die von Ihnen bereit gestellten Daten sind zur Vertragserf\u00fcllung bzw.. zur Durchf\u00fchrung vorvertraglicher Ma\u00dfnahmen erforderlich. Ohne diese Daten k\u00f6nnen wir den Vertrag mit Ihnen nicht abschlie\u00dfen. Eine Daten\u00fcbermittlung an Dritte erfolgt nicht, mit Ausnahme der \u00dcbermittlung der Kreditkartendaten an die abwickelnden Bankinstitute \/ Zahlungsdienstleister zum Zwecke der Abbuchung des Einkaufspreises, an das von uns beauftragte Transportunternehmen\/Versandunternehmen zur Zustellung der Ware sowie an unseren Steuerberater zur Erf\u00fcllung unserer steuerrechtlichen Verpflichtungen.<\/p>\n<p>Nach Abbruch des Einkaufsvorganges werden die bei uns gespeicherten Daten gel\u00f6scht. Im Falle eines Vertragsabschlusses werden s\u00e4mtliche Daten aus dem Vertragsverh\u00e4ltnis bis zum Ablauf der steuerrechtlichen Aufbewahrungsfrist (7 Jahre) gespeichert.<\/p>\n<p>Die Daten Name, Anschrift, gekaufte Waren und Kaufdatum werden dar\u00fcber hinaus gehend bis zum Ablauf der Produkthaftung (10 Jahre) gespeichert. Die Datenverarbeitung erfolgt auf Basis der gesetzlichen Bestimmungen des \u00a7 96 Abs 3 TKG sowie des Art 6 Abs 1 lit a (Einwilligung) und\/oder lit b (notwendig zur Vertragserf\u00fcllung) der DSGVO<\/p>\n<p>Rechte als Betroffener<br \/>\nSie haben das Recht auf Auskunft \u00fcber ihre personenbezogenen Daten, sowie das Recht auf Berichtigung oder L\u00f6schung oder Einschr\u00e4nkung der Verarbeitung. Ebenso k\u00f6nnen sie der Verarbeitung widersprechen und haben das Recht auf \u00dcbertragung ihrer personenbezogenen Daten in strukturierter, maschinenlesbarer Form. F\u00fcr alle genannten Rechte wenden Sie sich bitte an die Kontaktdaten des Verantwortlichen.<\/p>\n<p>Beschwerderecht<br \/>\nSie haben weiters das Recht, eine Beschwerde bei einer Aufsichtsbeh\u00f6rde einzureichen.<\/p>\n<p>F\u00fcr \u00d6sterreich ist dies die \u00f6sterreichische Datenschutzbeh\u00f6rde, Barichgasse 40-42, 1030 Wien, Telefon: +43 1 52 152-0, E-Mail: dsb@dsb.gv.at, Web: https:\/\/www.dsb.gv.at\/.<\/p>\n<p><a href=\"https:\/\/www.wko.at\/service\/datenschutzerklaerung.html\">Datenschutzerkl\u00e4rung<\/a><\/p>\n<ul>\n<li><strong>14. Gerichtsstand und anwendbares Recht<\/strong><\/li>\n<\/ul>\n<p>(1) Auf diesen Vertrag ist \u00f6sterreichisches materielles Recht unter Ausschluss des UN-Kaufrechts anzuwenden. Ist der Vertragspartner Verbraucher, so sind auch die zwingenden Bestimmungen des Rechts des Staates, in dem er seinen gew\u00f6hnlichen Aufenthalt hat, auf diesen Vertrag anzuwenden.<\/p>\n<p>(2) F\u00fcr Streitigkeiten ist das am Sitz der Paradine GmbH sachlich zust\u00e4ndige Gericht ausschlie\u00dflich zust\u00e4ndig. Wenn der Kunde Verbraucher im Sinne des KSchG ist, gilt die Zust\u00e4ndigkeit jenes Gerichtes als begr\u00fcndet, in dessen Sprengel der Wohnsitz, der gew\u00f6hnliche Aufenthalt oder der Ort der Besch\u00e4ftigung des Kunden liegt.<\/p>\n<p>(3) Gerichtsstand und Erf\u00fcllungsort des Vertrages ist der Sitz der Paradine GmbH.<\/p>\n","protected":false},"excerpt":{"rendered":"<p>AGB Allgemeine Gesch\u00e4ftsbedingungen &#8211; Webshop (Fernabsatz) Paradine GmbH Stand: Juli 2020 UID-Nr.: ATU51550307 Firmenbuchgericht: HG Wien Firmenbuchnummer: FN 204574w Firmensitz: Wien Firmenbuchgericht: HG Wien \u00d6sterreich, Firmensitz: Technologiestrasse 5, 1120 Wien, \u00d6sterreich T: +43-1-236 66 68 &#8211; 0 F: +43-1-236 66 68 &#8211; 334 E: info (at) paradine.at W: http:\/\/www.paradine.at 1. Geltungsbereich (1) Die nachstehenden &#8220;Allgemeinen&#8230;<\/p>\n","protected":false},"author":68,"featured_media":0,"parent":0,"menu_order":0,"comment_status":"closed","ping_status":"closed","template":"","meta":{"_acf_changed":false,"footnotes":""},"class_list":["post-6051","page","type-page","status-publish","hentry"],"acf":[],"yoast_head":"<!-- This site is optimized with the Yoast SEO plugin v23.4 - https:\/\/yoast.com\/wordpress\/plugins\/seo\/ -->\n<title>AGB - Webshop &#8226; Paradine<\/title>\n<meta name=\"robots\" content=\"index, follow, max-snippet:-1, max-image-preview:large, max-video-preview:-1\" \/>\n<link rel=\"canonical\" href=\"https:\/\/www.paradine.at\/de\/agb-webshop\/\" \/>\n<meta property=\"og:locale\" content=\"de_DE\" \/>\n<meta property=\"og:type\" content=\"article\" \/>\n<meta property=\"og:title\" content=\"AGB - Webshop &#8226; Paradine\" \/>\n<meta property=\"og:description\" content=\"AGB Allgemeine Gesch\u00e4ftsbedingungen &#8211; Webshop (Fernabsatz) Paradine GmbH Stand: Juli 2020 UID-Nr.: ATU51550307 Firmenbuchgericht: HG Wien Firmenbuchnummer: FN 204574w Firmensitz: Wien Firmenbuchgericht: HG Wien \u00d6sterreich, Firmensitz: Technologiestrasse 5, 1120 Wien, \u00d6sterreich T: +43-1-236 66 68 &#8211; 0 F: +43-1-236 66 68 &#8211; 334 E: info (at) paradine.at W: http:\/\/www.paradine.at 1. Geltungsbereich (1) Die nachstehenden &#8220;Allgemeinen...\" \/>\n<meta property=\"og:url\" content=\"https:\/\/www.paradine.at\/de\/agb-webshop\/\" \/>\n<meta property=\"og:site_name\" content=\"Paradine\" \/>\n<meta property=\"article:publisher\" content=\"https:\/\/www.facebook.com\/paradinegmbh\/\" \/>\n<meta property=\"article:modified_time\" content=\"2022-09-14T12:20:33+00:00\" \/>\n<meta name=\"twitter:card\" content=\"summary_large_image\" \/>\n<meta name=\"twitter:site\" content=\"@ParadineGmbH\" \/>\n<script type=\"application\/ld+json\" class=\"yoast-schema-graph\">{\"@context\":\"https:\/\/schema.org\",\"@graph\":[{\"@type\":\"WebPage\",\"@id\":\"https:\/\/www.paradine.at\/de\/agb-webshop\/\",\"url\":\"https:\/\/www.paradine.at\/de\/agb-webshop\/\",\"name\":\"AGB - Webshop &#8226; Paradine\",\"isPartOf\":{\"@id\":\"https:\/\/www.paradine.at\/de\/#website\"},\"datePublished\":\"2022-08-03T02:04:12+00:00\",\"dateModified\":\"2022-09-14T12:20:33+00:00\",\"breadcrumb\":{\"@id\":\"https:\/\/www.paradine.at\/de\/agb-webshop\/#breadcrumb\"},\"inLanguage\":\"de\",\"potentialAction\":[{\"@type\":\"ReadAction\",\"target\":[\"https:\/\/www.paradine.at\/de\/agb-webshop\/\"]}]},{\"@type\":\"BreadcrumbList\",\"@id\":\"https:\/\/www.paradine.at\/de\/agb-webshop\/#breadcrumb\",\"itemListElement\":[{\"@type\":\"ListItem\",\"position\":1,\"name\":\"Home\",\"item\":\"https:\/\/www.paradine.at\/de\/\"},{\"@type\":\"ListItem\",\"position\":2,\"name\":\"AGB &#8211; Webshop\"}]},{\"@type\":\"WebSite\",\"@id\":\"https:\/\/www.paradine.at\/de\/#website\",\"url\":\"https:\/\/www.paradine.at\/de\/\",\"name\":\"Paradine\",\"description\":\"Master Data Management\",\"publisher\":{\"@id\":\"https:\/\/www.paradine.at\/de\/#organization\"},\"potentialAction\":[{\"@type\":\"SearchAction\",\"target\":{\"@type\":\"EntryPoint\",\"urlTemplate\":\"https:\/\/www.paradine.at\/de\/?s={search_term_string}\"},\"query-input\":{\"@type\":\"PropertyValueSpecification\",\"valueRequired\":true,\"valueName\":\"search_term_string\"}}],\"inLanguage\":\"de\"},{\"@type\":\"Organization\",\"@id\":\"https:\/\/www.paradine.at\/de\/#organization\",\"name\":\"Paradine GmbH\",\"url\":\"https:\/\/www.paradine.at\/de\/\",\"logo\":{\"@type\":\"ImageObject\",\"inLanguage\":\"de\",\"@id\":\"https:\/\/www.paradine.at\/de\/#\/schema\/logo\/image\/\",\"url\":\"https:\/\/www.paradine.at\/wp-content\/uploads\/2019\/04\/Paradine-Logo-RGB-png-3200px.png\",\"contentUrl\":\"https:\/\/www.paradine.at\/wp-content\/uploads\/2019\/04\/Paradine-Logo-RGB-png-3200px.png\",\"width\":1920,\"height\":317,\"caption\":\"Paradine GmbH\"},\"image\":{\"@id\":\"https:\/\/www.paradine.at\/de\/#\/schema\/logo\/image\/\"},\"sameAs\":[\"https:\/\/www.facebook.com\/paradinegmbh\/\",\"https:\/\/x.com\/ParadineGmbH\",\"https:\/\/www.instagram.com\/paradinegmbh\/\",\"https:\/\/www.linkedin.com\/company\/paradinegmbh\/\",\"http:\/\/wiki.eclass.eu\/wiki\/PARADINE_GmbH\"]}]}<\/script>\n<!-- \/ Yoast SEO plugin. -->","yoast_head_json":{"title":"AGB - Webshop &#8226; Paradine","robots":{"index":"index","follow":"follow","max-snippet":"max-snippet:-1","max-image-preview":"max-image-preview:large","max-video-preview":"max-video-preview:-1"},"canonical":"https:\/\/www.paradine.at\/de\/agb-webshop\/","og_locale":"de_DE","og_type":"article","og_title":"AGB - Webshop &#8226; Paradine","og_description":"AGB Allgemeine Gesch\u00e4ftsbedingungen &#8211; Webshop (Fernabsatz) Paradine GmbH Stand: Juli 2020 UID-Nr.: ATU51550307 Firmenbuchgericht: HG Wien Firmenbuchnummer: FN 204574w Firmensitz: Wien Firmenbuchgericht: HG Wien \u00d6sterreich, Firmensitz: Technologiestrasse 5, 1120 Wien, \u00d6sterreich T: +43-1-236 66 68 &#8211; 0 F: +43-1-236 66 68 &#8211; 334 E: info (at) paradine.at W: http:\/\/www.paradine.at 1. Geltungsbereich (1) Die nachstehenden &#8220;Allgemeinen...","og_url":"https:\/\/www.paradine.at\/de\/agb-webshop\/","og_site_name":"Paradine","article_publisher":"https:\/\/www.facebook.com\/paradinegmbh\/","article_modified_time":"2022-09-14T12:20:33+00:00","twitter_card":"summary_large_image","twitter_site":"@ParadineGmbH","schema":{"@context":"https:\/\/schema.org","@graph":[{"@type":"WebPage","@id":"https:\/\/www.paradine.at\/de\/agb-webshop\/","url":"https:\/\/www.paradine.at\/de\/agb-webshop\/","name":"AGB - Webshop &#8226; Paradine","isPartOf":{"@id":"https:\/\/www.paradine.at\/de\/#website"},"datePublished":"2022-08-03T02:04:12+00:00","dateModified":"2022-09-14T12:20:33+00:00","breadcrumb":{"@id":"https:\/\/www.paradine.at\/de\/agb-webshop\/#breadcrumb"},"inLanguage":"de","potentialAction":[{"@type":"ReadAction","target":["https:\/\/www.paradine.at\/de\/agb-webshop\/"]}]},{"@type":"BreadcrumbList","@id":"https:\/\/www.paradine.at\/de\/agb-webshop\/#breadcrumb","itemListElement":[{"@type":"ListItem","position":1,"name":"Home","item":"https:\/\/www.paradine.at\/de\/"},{"@type":"ListItem","position":2,"name":"AGB &#8211; Webshop"}]},{"@type":"WebSite","@id":"https:\/\/www.paradine.at\/de\/#website","url":"https:\/\/www.paradine.at\/de\/","name":"Paradine","description":"Master Data Management","publisher":{"@id":"https:\/\/www.paradine.at\/de\/#organization"},"potentialAction":[{"@type":"SearchAction","target":{"@type":"EntryPoint","urlTemplate":"https:\/\/www.paradine.at\/de\/?s={search_term_string}"},"query-input":{"@type":"PropertyValueSpecification","valueRequired":true,"valueName":"search_term_string"}}],"inLanguage":"de"},{"@type":"Organization","@id":"https:\/\/www.paradine.at\/de\/#organization","name":"Paradine GmbH","url":"https:\/\/www.paradine.at\/de\/","logo":{"@type":"ImageObject","inLanguage":"de","@id":"https:\/\/www.paradine.at\/de\/#\/schema\/logo\/image\/","url":"https:\/\/www.paradine.at\/wp-content\/uploads\/2019\/04\/Paradine-Logo-RGB-png-3200px.png","contentUrl":"https:\/\/www.paradine.at\/wp-content\/uploads\/2019\/04\/Paradine-Logo-RGB-png-3200px.png","width":1920,"height":317,"caption":"Paradine GmbH"},"image":{"@id":"https:\/\/www.paradine.at\/de\/#\/schema\/logo\/image\/"},"sameAs":["https:\/\/www.facebook.com\/paradinegmbh\/","https:\/\/x.com\/ParadineGmbH","https:\/\/www.instagram.com\/paradinegmbh\/","https:\/\/www.linkedin.com\/company\/paradinegmbh\/","http:\/\/wiki.eclass.eu\/wiki\/PARADINE_GmbH"]}]}},"_links":{"self":[{"href":"https:\/\/www.paradine.at\/de\/wp-json\/wp\/v2\/pages\/6051"}],"collection":[{"href":"https:\/\/www.paradine.at\/de\/wp-json\/wp\/v2\/pages"}],"about":[{"href":"https:\/\/www.paradine.at\/de\/wp-json\/wp\/v2\/types\/page"}],"author":[{"embeddable":true,"href":"https:\/\/www.paradine.at\/de\/wp-json\/wp\/v2\/users\/68"}],"replies":[{"embeddable":true,"href":"https:\/\/www.paradine.at\/de\/wp-json\/wp\/v2\/comments?post=6051"}],"version-history":[{"count":2,"href":"https:\/\/www.paradine.at\/de\/wp-json\/wp\/v2\/pages\/6051\/revisions"}],"predecessor-version":[{"id":6595,"href":"https:\/\/www.paradine.at\/de\/wp-json\/wp\/v2\/pages\/6051\/revisions\/6595"}],"wp:attachment":[{"href":"https:\/\/www.paradine.at\/de\/wp-json\/wp\/v2\/media?parent=6051"}],"curies":[{"name":"wp","href":"https:\/\/api.w.org\/{rel}","templated":true}]}}