{"id":2663,"date":"2019-03-27T13:17:03","date_gmt":"2019-03-27T13:17:03","guid":{"rendered":"http:\/\/www2.paradine.at\/eclss-reference-application\/"},"modified":"2023-04-04T10:57:14","modified_gmt":"2023-04-04T08:57:14","slug":"eclss-reference-application","status":"publish","type":"page","link":"https:\/\/www.paradine.at\/de\/eclss-reference-application\/","title":{"rendered":"ECLASS Reference-Application"},"content":{"rendered":"<p>[vc_row][vc_column width=&#8221;1\/6&#8243;][\/vc_column][vc_column width=&#8221;2\/3&#8243;][vc_column_text]Die <strong>ECLASS Reference-Application<\/strong> unterst\u00fctzt Sie dabei, <strong>Ihre ECLASS Implementierung zu beschleunigen<\/strong> und <strong>die Qualit\u00e4t der Implementierung<\/strong> durch eine einfache \u00dcberpr\u00fcfung gegen &#8220;den Standard&#8221; zu erh\u00f6hen!<\/p>\n<p><strong>Zur Zielgruppe geh\u00f6ren<\/strong> Softwareanbieter, Kataloganbieter und ECLASS-Anwender, die sicherstellen wollen, dass ihre ECLASS-Implementierung und Kataloge korrekt und dem Standard entsprechend sind.<\/p>\n<p>Die ECLASS Reference-Application ist eine <strong>PC-basierte Anwendung<\/strong> f\u00fcr Unternehmen, um ECLASS-bezogene technische Konzepte oder ECLASS-basierte elektronische Produktdaten zu verifizieren.<\/p>\n<p>Es ist eine <strong>Software<\/strong>, die <strong>ECLASS implementiert<\/strong> und die Referenz f\u00fcr alle anderen Implementierungen von ECLASS ist. Die <strong>Hauptfunktion<\/strong> besteht darin, der ECLASS-Gemeinschaft die M\u00f6glichkeit zu geben, ihre theoretischen Konzepte und die Umsetzung des ECLASS-Standards praktisch <strong>zu \u00fcberpr\u00fcfen<\/strong>.<\/p>\n<p>Die ECLASS Reference-Application wird optional mit einem <strong>Wartungs- und Supportvertrag<\/strong> geliefert und wird f\u00fcr jede neue Version aktualisiert, um neu eingef\u00fchrte Datenformate oder Inhaltselemente zu unterst\u00fctzen, z.B. ECLASS XML 3.0, BMEcat2005.1, ISO29002-10, etc.<\/p>\n<p>Die ECLASS Reference-Application ist eine Kooperation zwischen ECLASS e.V. und Paradine. Paradine ist auch f\u00fcr den Support und die Wartung der Software verantwortlich.<\/p>\n<p><em>Um ein Angebot f\u00fcr den Kauf von ECLASS Reference Application zu erhalten, senden Sie bitte eine E-Mail an <u><a tabindex=\"-1\" title=\"mailto:sales@paradine.at\" href=\"mailto:sales@paradine.at\" target=\"_blank\" rel=\"noreferrer noopener\">sales@paradine.at<\/a><\/u>. F\u00fcr Unternehmen in der Europ\u00e4ischen Union pls. Vergessen Sie nicht, die Tax-ID hinzuzuf\u00fcgen.<\/em><\/p>\n<p style=\"text-align: left;\"><span style=\"color: #006ab3;\"><strong><span style=\"font-size: 14pt;\">Download:<\/span><br \/>\n<\/strong><\/span><\/p>\n<p><i class=\"fa fa-file-pdf-o \" ><\/i> <strong><a  data-e-Disable-Page-Transition=\"true\" class=\"download-link\" title=\"\" href=\"https:\/\/www.paradine.at\/download\/5038\/?tmstv=1776511676\" rel=\"nofollow\" id=\"download-link-5038\" data-redirect=\"false\" >\n\t2011-ECLASS-Reference-Application-Datasheet-EN.pdf<\/a>\n<\/strong><\/p>\n<p><i class=\"fa fa-file-pdf-o \" ><\/i> <strong><a  data-e-Disable-Page-Transition=\"true\" class=\"download-link\" title=\"\" href=\"https:\/\/www.paradine.at\/download\/5041\/?tmstv=1776511676\" rel=\"nofollow\" id=\"download-link-5041\" data-redirect=\"false\" >\n\t2011-ECLASS-Reference-Application-Datasheet-DE.pdf<\/a>\n<\/strong><\/p>\n<p style=\"text-align: left;\"><i class=\"fa fa-file-pdf-o \" ><\/i> <strong><a  data-e-Disable-Page-Transition=\"true\" class=\"download-link\" title=\"\" href=\"https:\/\/www.paradine.at\/download\/3447\/?tmstv=1776511676\" rel=\"nofollow\" id=\"download-link-3447\" data-redirect=\"false\" >\n\tParadine-Software-License-Request-EN<\/a>\n<\/strong><\/p>\n<p><i class=\"fa fa-file-pdf-o \" ><\/i> <strong><a  data-e-Disable-Page-Transition=\"true\" class=\"download-link\" title=\"\" href=\"https:\/\/www.paradine.at\/download\/5184\/?tmstv=1776511677\" rel=\"nofollow\" id=\"download-link-5184\" data-redirect=\"false\" >\n\t220224-ECLASS-Ref-App-Order-form-EN.pdf<\/a>\n<\/strong><\/p>\n<p><i class=\"fa fa-file-pdf-o \" ><\/i> <strong><a  data-e-Disable-Page-Transition=\"true\" class=\"download-link\" title=\"\" href=\"https:\/\/www.paradine.at\/download\/5187\/?tmstv=1776511677\" rel=\"nofollow\" id=\"download-link-5187\" data-redirect=\"false\" >\n\t220224-ECLASS-Ref-App-Bestellformular-DE.pdf<\/a>\n<\/strong>[\/vc_column_text][\/vc_column][vc_column width=&#8221;1\/6&#8243;][\/vc_column][\/vc_row][vc_row][vc_column width=&#8221;1\/3&#8243;][\/vc_column][vc_column width=&#8221;1\/3&#8243;]<a class=\"pioneer_vc_button\" data-title-color-hover=\"#ffffff\" data-bg-color-hover=\"#3366ff\" data-border-c-hover=\"#3366ff\"  href=\"https:\/\/www.paradine.at\/support\/downloads\/\" target=\"_self\" style=\"display:block; font-size:14px; line-heigth:14px; color:#000000; background-color:#ffffff; padding:5px 5px; margin:-2px 0px 30px 0px; border-width:1px; border-style:solid; border-color:#000000; border-radius:4px\"><i class=\"fa \"><\/i> Software Download<\/a>[\/vc_column][vc_column width=&#8221;1\/3&#8243;][\/vc_column][\/vc_row][vc_row][vc_column width=&#8221;1\/6&#8243;][\/vc_column][vc_column width=&#8221;2\/3&#8243;][vc_column_text]<\/p>\n<p style=\"text-align: center;\"><strong>Mehr Informationen:<br \/>\n<\/strong><span style=\"font-size: 10pt;\">Tel.: +43-1-236 66 68 &#8211; 0<\/span><br \/>\n<span style=\"font-size: 10pt;\">E-Mail: info@paradine.at<\/span><\/p>\n<p>[\/vc_column_text][\/vc_column][vc_column width=&#8221;1\/6&#8243;][\/vc_column][\/vc_row]<\/p>\n","protected":false},"excerpt":{"rendered":"<p>[vc_row][vc_column width=&#8221;1\/6&#8243;][\/vc_column][vc_column width=&#8221;2\/3&#8243;][vc_column_text]Die ECLASS Reference-Application unterst\u00fctzt Sie dabei, Ihre ECLASS Implementierung zu beschleunigen und die Qualit\u00e4t der Implementierung durch eine einfache \u00dcberpr\u00fcfung gegen &#8220;den Standard&#8221; zu erh\u00f6hen! Zur Zielgruppe geh\u00f6ren Softwareanbieter, Kataloganbieter und ECLASS-Anwender, die sicherstellen wollen, dass ihre ECLASS-Implementierung und Kataloge korrekt und dem Standard entsprechend sind. Die ECLASS Reference-Application ist eine PC-basierte Anwendung&#8230;<\/p>\n","protected":false},"author":68,"featured_media":2342,"parent":0,"menu_order":0,"comment_status":"closed","ping_status":"closed","template":"","meta":{"_acf_changed":false,"footnotes":""},"class_list":["post-2663","page","type-page","status-publish","has-post-thumbnail","hentry"],"acf":[],"yoast_head":"<!-- This site is optimized with the Yoast SEO plugin v23.4 - https:\/\/yoast.com\/wordpress\/plugins\/seo\/ -->\n<title>ECLASS Reference-Application &#8226; Paradine<\/title>\n<meta name=\"robots\" content=\"index, follow, max-snippet:-1, max-image-preview:large, max-video-preview:-1\" \/>\n<link rel=\"canonical\" href=\"https:\/\/www.paradine.at\/de\/eclss-reference-application\/\" \/>\n<meta property=\"og:locale\" content=\"de_DE\" \/>\n<meta property=\"og:type\" content=\"article\" \/>\n<meta property=\"og:title\" content=\"ECLASS Reference-Application &#8226; Paradine\" \/>\n<meta property=\"og:description\" content=\"[vc_row][vc_column width=&#8221;1\/6&#8243;][\/vc_column][vc_column width=&#8221;2\/3&#8243;][vc_column_text]Die ECLASS Reference-Application unterst\u00fctzt Sie dabei, Ihre ECLASS Implementierung zu beschleunigen und die Qualit\u00e4t der Implementierung durch eine einfache \u00dcberpr\u00fcfung gegen &#8220;den Standard&#8221; zu erh\u00f6hen! Zur Zielgruppe geh\u00f6ren Softwareanbieter, Kataloganbieter und ECLASS-Anwender, die sicherstellen wollen, dass ihre ECLASS-Implementierung und Kataloge korrekt und dem Standard entsprechend sind. Die ECLASS Reference-Application ist eine PC-basierte Anwendung...\" \/>\n<meta property=\"og:url\" content=\"https:\/\/www.paradine.at\/de\/eclss-reference-application\/\" \/>\n<meta property=\"og:site_name\" content=\"Paradine\" \/>\n<meta property=\"article:publisher\" content=\"https:\/\/www.facebook.com\/paradinegmbh\/\" \/>\n<meta property=\"article:modified_time\" content=\"2023-04-04T08:57:14+00:00\" \/>\n<meta property=\"og:image\" content=\"https:\/\/www.paradine.at\/wp-content\/uploads\/2019\/03\/shutterstock_1247659948.jpg\" \/>\n\t<meta property=\"og:image:width\" content=\"1920\" \/>\n\t<meta property=\"og:image:height\" content=\"1282\" \/>\n\t<meta property=\"og:image:type\" content=\"image\/jpeg\" \/>\n<meta name=\"twitter:card\" content=\"summary_large_image\" \/>\n<meta name=\"twitter:site\" content=\"@ParadineGmbH\" \/>\n<meta name=\"twitter:label1\" content=\"Gesch\u00e4tzte Lesezeit\" \/>\n\t<meta name=\"twitter:data1\" content=\"2\u00a0Minuten\" \/>\n<script type=\"application\/ld+json\" class=\"yoast-schema-graph\">{\"@context\":\"https:\/\/schema.org\",\"@graph\":[{\"@type\":\"WebPage\",\"@id\":\"https:\/\/www.paradine.at\/de\/eclss-reference-application\/\",\"url\":\"https:\/\/www.paradine.at\/de\/eclss-reference-application\/\",\"name\":\"ECLASS Reference-Application &#8226; Paradine\",\"isPartOf\":{\"@id\":\"https:\/\/www.paradine.at\/de\/#website\"},\"primaryImageOfPage\":{\"@id\":\"https:\/\/www.paradine.at\/de\/eclss-reference-application\/#primaryimage\"},\"image\":{\"@id\":\"https:\/\/www.paradine.at\/de\/eclss-reference-application\/#primaryimage\"},\"thumbnailUrl\":\"https:\/\/www.paradine.at\/wp-content\/uploads\/2019\/03\/shutterstock_1247659948.jpg\",\"datePublished\":\"2019-03-27T13:17:03+00:00\",\"dateModified\":\"2023-04-04T08:57:14+00:00\",\"breadcrumb\":{\"@id\":\"https:\/\/www.paradine.at\/de\/eclss-reference-application\/#breadcrumb\"},\"inLanguage\":\"de\",\"potentialAction\":[{\"@type\":\"ReadAction\",\"target\":[\"https:\/\/www.paradine.at\/de\/eclss-reference-application\/\"]}]},{\"@type\":\"ImageObject\",\"inLanguage\":\"de\",\"@id\":\"https:\/\/www.paradine.at\/de\/eclss-reference-application\/#primaryimage\",\"url\":\"https:\/\/www.paradine.at\/wp-content\/uploads\/2019\/03\/shutterstock_1247659948.jpg\",\"contentUrl\":\"https:\/\/www.paradine.at\/wp-content\/uploads\/2019\/03\/shutterstock_1247659948.jpg\",\"width\":1920,\"height\":1282},{\"@type\":\"BreadcrumbList\",\"@id\":\"https:\/\/www.paradine.at\/de\/eclss-reference-application\/#breadcrumb\",\"itemListElement\":[{\"@type\":\"ListItem\",\"position\":1,\"name\":\"Home\",\"item\":\"https:\/\/www.paradine.at\/de\/\"},{\"@type\":\"ListItem\",\"position\":2,\"name\":\"ECLASS Reference-Application\"}]},{\"@type\":\"WebSite\",\"@id\":\"https:\/\/www.paradine.at\/de\/#website\",\"url\":\"https:\/\/www.paradine.at\/de\/\",\"name\":\"Paradine\",\"description\":\"Master Data Management\",\"publisher\":{\"@id\":\"https:\/\/www.paradine.at\/de\/#organization\"},\"potentialAction\":[{\"@type\":\"SearchAction\",\"target\":{\"@type\":\"EntryPoint\",\"urlTemplate\":\"https:\/\/www.paradine.at\/de\/?s={search_term_string}\"},\"query-input\":{\"@type\":\"PropertyValueSpecification\",\"valueRequired\":true,\"valueName\":\"search_term_string\"}}],\"inLanguage\":\"de\"},{\"@type\":\"Organization\",\"@id\":\"https:\/\/www.paradine.at\/de\/#organization\",\"name\":\"Paradine GmbH\",\"url\":\"https:\/\/www.paradine.at\/de\/\",\"logo\":{\"@type\":\"ImageObject\",\"inLanguage\":\"de\",\"@id\":\"https:\/\/www.paradine.at\/de\/#\/schema\/logo\/image\/\",\"url\":\"https:\/\/www.paradine.at\/wp-content\/uploads\/2019\/04\/Paradine-Logo-RGB-png-3200px.png\",\"contentUrl\":\"https:\/\/www.paradine.at\/wp-content\/uploads\/2019\/04\/Paradine-Logo-RGB-png-3200px.png\",\"width\":1920,\"height\":317,\"caption\":\"Paradine GmbH\"},\"image\":{\"@id\":\"https:\/\/www.paradine.at\/de\/#\/schema\/logo\/image\/\"},\"sameAs\":[\"https:\/\/www.facebook.com\/paradinegmbh\/\",\"https:\/\/x.com\/ParadineGmbH\",\"https:\/\/www.instagram.com\/paradinegmbh\/\",\"https:\/\/www.linkedin.com\/company\/paradinegmbh\/\",\"http:\/\/wiki.eclass.eu\/wiki\/PARADINE_GmbH\"]}]}<\/script>\n<!-- \/ Yoast SEO plugin. -->","yoast_head_json":{"title":"ECLASS Reference-Application &#8226; Paradine","robots":{"index":"index","follow":"follow","max-snippet":"max-snippet:-1","max-image-preview":"max-image-preview:large","max-video-preview":"max-video-preview:-1"},"canonical":"https:\/\/www.paradine.at\/de\/eclss-reference-application\/","og_locale":"de_DE","og_type":"article","og_title":"ECLASS Reference-Application &#8226; Paradine","og_description":"[vc_row][vc_column width=&#8221;1\/6&#8243;][\/vc_column][vc_column width=&#8221;2\/3&#8243;][vc_column_text]Die ECLASS Reference-Application unterst\u00fctzt Sie dabei, Ihre ECLASS Implementierung zu beschleunigen und die Qualit\u00e4t der Implementierung durch eine einfache \u00dcberpr\u00fcfung gegen &#8220;den Standard&#8221; zu erh\u00f6hen! Zur Zielgruppe geh\u00f6ren Softwareanbieter, Kataloganbieter und ECLASS-Anwender, die sicherstellen wollen, dass ihre ECLASS-Implementierung und Kataloge korrekt und dem Standard entsprechend sind. Die ECLASS Reference-Application ist eine PC-basierte Anwendung...","og_url":"https:\/\/www.paradine.at\/de\/eclss-reference-application\/","og_site_name":"Paradine","article_publisher":"https:\/\/www.facebook.com\/paradinegmbh\/","article_modified_time":"2023-04-04T08:57:14+00:00","og_image":[{"width":1920,"height":1282,"url":"https:\/\/www.paradine.at\/wp-content\/uploads\/2019\/03\/shutterstock_1247659948.jpg","type":"image\/jpeg"}],"twitter_card":"summary_large_image","twitter_site":"@ParadineGmbH","twitter_misc":{"Gesch\u00e4tzte Lesezeit":"2\u00a0Minuten"},"schema":{"@context":"https:\/\/schema.org","@graph":[{"@type":"WebPage","@id":"https:\/\/www.paradine.at\/de\/eclss-reference-application\/","url":"https:\/\/www.paradine.at\/de\/eclss-reference-application\/","name":"ECLASS Reference-Application &#8226; Paradine","isPartOf":{"@id":"https:\/\/www.paradine.at\/de\/#website"},"primaryImageOfPage":{"@id":"https:\/\/www.paradine.at\/de\/eclss-reference-application\/#primaryimage"},"image":{"@id":"https:\/\/www.paradine.at\/de\/eclss-reference-application\/#primaryimage"},"thumbnailUrl":"https:\/\/www.paradine.at\/wp-content\/uploads\/2019\/03\/shutterstock_1247659948.jpg","datePublished":"2019-03-27T13:17:03+00:00","dateModified":"2023-04-04T08:57:14+00:00","breadcrumb":{"@id":"https:\/\/www.paradine.at\/de\/eclss-reference-application\/#breadcrumb"},"inLanguage":"de","potentialAction":[{"@type":"ReadAction","target":["https:\/\/www.paradine.at\/de\/eclss-reference-application\/"]}]},{"@type":"ImageObject","inLanguage":"de","@id":"https:\/\/www.paradine.at\/de\/eclss-reference-application\/#primaryimage","url":"https:\/\/www.paradine.at\/wp-content\/uploads\/2019\/03\/shutterstock_1247659948.jpg","contentUrl":"https:\/\/www.paradine.at\/wp-content\/uploads\/2019\/03\/shutterstock_1247659948.jpg","width":1920,"height":1282},{"@type":"BreadcrumbList","@id":"https:\/\/www.paradine.at\/de\/eclss-reference-application\/#breadcrumb","itemListElement":[{"@type":"ListItem","position":1,"name":"Home","item":"https:\/\/www.paradine.at\/de\/"},{"@type":"ListItem","position":2,"name":"ECLASS Reference-Application"}]},{"@type":"WebSite","@id":"https:\/\/www.paradine.at\/de\/#website","url":"https:\/\/www.paradine.at\/de\/","name":"Paradine","description":"Master Data Management","publisher":{"@id":"https:\/\/www.paradine.at\/de\/#organization"},"potentialAction":[{"@type":"SearchAction","target":{"@type":"EntryPoint","urlTemplate":"https:\/\/www.paradine.at\/de\/?s={search_term_string}"},"query-input":{"@type":"PropertyValueSpecification","valueRequired":true,"valueName":"search_term_string"}}],"inLanguage":"de"},{"@type":"Organization","@id":"https:\/\/www.paradine.at\/de\/#organization","name":"Paradine GmbH","url":"https:\/\/www.paradine.at\/de\/","logo":{"@type":"ImageObject","inLanguage":"de","@id":"https:\/\/www.paradine.at\/de\/#\/schema\/logo\/image\/","url":"https:\/\/www.paradine.at\/wp-content\/uploads\/2019\/04\/Paradine-Logo-RGB-png-3200px.png","contentUrl":"https:\/\/www.paradine.at\/wp-content\/uploads\/2019\/04\/Paradine-Logo-RGB-png-3200px.png","width":1920,"height":317,"caption":"Paradine GmbH"},"image":{"@id":"https:\/\/www.paradine.at\/de\/#\/schema\/logo\/image\/"},"sameAs":["https:\/\/www.facebook.com\/paradinegmbh\/","https:\/\/x.com\/ParadineGmbH","https:\/\/www.instagram.com\/paradinegmbh\/","https:\/\/www.linkedin.com\/company\/paradinegmbh\/","http:\/\/wiki.eclass.eu\/wiki\/PARADINE_GmbH"]}]}},"_links":{"self":[{"href":"https:\/\/www.paradine.at\/de\/wp-json\/wp\/v2\/pages\/2663"}],"collection":[{"href":"https:\/\/www.paradine.at\/de\/wp-json\/wp\/v2\/pages"}],"about":[{"href":"https:\/\/www.paradine.at\/de\/wp-json\/wp\/v2\/types\/page"}],"author":[{"embeddable":true,"href":"https:\/\/www.paradine.at\/de\/wp-json\/wp\/v2\/users\/68"}],"replies":[{"embeddable":true,"href":"https:\/\/www.paradine.at\/de\/wp-json\/wp\/v2\/comments?post=2663"}],"version-history":[{"count":4,"href":"https:\/\/www.paradine.at\/de\/wp-json\/wp\/v2\/pages\/2663\/revisions"}],"predecessor-version":[{"id":6813,"href":"https:\/\/www.paradine.at\/de\/wp-json\/wp\/v2\/pages\/2663\/revisions\/6813"}],"wp:featuredmedia":[{"embeddable":true,"href":"https:\/\/www.paradine.at\/de\/wp-json\/wp\/v2\/media\/2342"}],"wp:attachment":[{"href":"https:\/\/www.paradine.at\/de\/wp-json\/wp\/v2\/media?parent=2663"}],"curies":[{"name":"wp","href":"https:\/\/api.w.org\/{rel}","templated":true}]}}