{"id":2568,"date":"2018-11-25T17:44:13","date_gmt":"2018-11-25T17:44:13","guid":{"rendered":"http:\/\/www2.paradine.at\/eptos\/report-writer\/"},"modified":"2023-04-04T12:37:38","modified_gmt":"2023-04-04T10:37:38","slug":"report-writer","status":"publish","type":"page","link":"https:\/\/www.paradine.at\/de\/eptos\/report-writer\/","title":{"rendered":"eptos&#x2122; Report Writer"},"content":{"rendered":"<p>[vc_row][vc_column][vc_column_text]eptos&#x2122; unterst\u00fctzt Unternehmen und Organisationen dabei, unternehmensweit mit konsistenten Stammdaten zu arbeiten.<\/p>\n<p><strong>eptos&#x2122; Report Writer <\/strong>bietet Funktionalit\u00e4ten f\u00fcr die Entwicklung, Pflege und Ausf\u00fchrung von Berichten und Analysen zu Produktstammdaten, W\u00f6rterbuchdaten und Klassifizierungsdaten.<\/p>\n<p class=\"DB-Standard\">Voraussetzungen:<\/p>\n<ul>\n<li>eptos&#x2122; Base Module<\/li>\n<\/ul>\n<p>Features:<\/p>\n<ul>\n<li>Entwicklung, Pflege und Ausf\u00fchrung von Berichten<\/li>\n<li>Modulspezifische Entwicklung, Pflege und Bereitstellung von Berichten<\/li>\n<li>Ausf\u00fchrung von Berichten durch Standardbenutzer<\/li>\n<li>Rollenbasierter Zugang zur Entwicklung, Pflege und Ausf\u00fchrung von Berichten<\/li>\n<li>Bereitstellung von Standardberichten in eptos&#x2122;-Modulen<\/li>\n<li>E-Mail-Versand von Berichten<\/li>\n<\/ul>\n<p><span style=\"font-size: 12pt;\"><span style=\"color: #006ab3;\"><strong>Download:<\/strong><\/span><em><span style=\"color: #006ab3;\"><strong><br \/>\n<\/strong><\/span><\/em><i class=\"fa fa-file-pdf-o \" ><\/i> <a  data-e-Disable-Page-Transition=\"true\" class=\"download-link\" title=\"\" href=\"https:\/\/www.paradine.at\/download\/1889\/?tmstv=1777804933\" rel=\"nofollow\" id=\"download-link-1889\" data-redirect=\"false\" >\n\teptos-Report-Writer-Datasheet-EN<\/a>\n<\/span>[\/vc_column_text][\/vc_column][\/vc_row][vc_row][vc_column width=&#8221;1\/6&#8243;]<a class=\"pioneer_vc_button\" data-title-color-hover=\"#ffffff\" data-bg-color-hover=\"#3366ff\" data-border-c-hover=\"#3366ff\"  href=\"https:\/\/www.paradine.at\/eptos\/\" target=\"_self\" style=\"display:block; font-size:12px; line-heigth:12px; color:#000000; background-color:#ffffff; padding:5px 5px; margin:-2px 0px 30px 0px; border-width:1px; border-style:solid; border-color:#000000; border-radius:4px\"><i class=\"fa \"><\/i> Read more about eptos&#x2122;<\/a>[\/vc_column][vc_column width=&#8221;1\/6&#8243;][\/vc_column][vc_column width=&#8221;1\/6&#8243;][\/vc_column][vc_column width=&#8221;1\/6&#8243;][\/vc_column][vc_column width=&#8221;1\/6&#8243;][\/vc_column][vc_column width=&#8221;1\/6&#8243;][\/vc_column][\/vc_row]<\/p>\n","protected":false},"excerpt":{"rendered":"<p>[vc_row][vc_column][vc_column_text]eptos&#x2122; unterst\u00fctzt Unternehmen und Organisationen dabei, unternehmensweit mit konsistenten Stammdaten zu arbeiten. eptos&#x2122; Report Writer bietet Funktionalit\u00e4ten f\u00fcr die Entwicklung, Pflege und Ausf\u00fchrung von Berichten und Analysen zu Produktstammdaten, W\u00f6rterbuchdaten und Klassifizierungsdaten. Voraussetzungen: eptos&#x2122; Base Module Features: Entwicklung, Pflege und Ausf\u00fchrung von Berichten Modulspezifische Entwicklung, Pflege und Bereitstellung von Berichten Ausf\u00fchrung von Berichten durch Standardbenutzer&#8230;<\/p>\n","protected":false},"author":68,"featured_media":2342,"parent":7001,"menu_order":0,"comment_status":"closed","ping_status":"closed","template":"","meta":{"_acf_changed":false,"footnotes":""},"class_list":["post-2568","page","type-page","status-publish","has-post-thumbnail","hentry"],"acf":[],"yoast_head":"<!-- This site is optimized with the Yoast SEO plugin v23.4 - https:\/\/yoast.com\/wordpress\/plugins\/seo\/ -->\n<title>eptos&#x2122; Report Writer &#8226; Paradine<\/title>\n<meta name=\"robots\" content=\"index, follow, max-snippet:-1, max-image-preview:large, max-video-preview:-1\" \/>\n<link rel=\"canonical\" href=\"https:\/\/www.paradine.at\/de\/eptos\/report-writer\/\" \/>\n<meta property=\"og:locale\" content=\"de_DE\" \/>\n<meta property=\"og:type\" content=\"article\" \/>\n<meta property=\"og:title\" content=\"eptos&#x2122; Report Writer &#8226; Paradine\" \/>\n<meta property=\"og:description\" content=\"[vc_row][vc_column][vc_column_text]eptos&#x2122; unterst\u00fctzt Unternehmen und Organisationen dabei, unternehmensweit mit konsistenten Stammdaten zu arbeiten. eptos&#x2122; Report Writer bietet Funktionalit\u00e4ten f\u00fcr die Entwicklung, Pflege und Ausf\u00fchrung von Berichten und Analysen zu Produktstammdaten, W\u00f6rterbuchdaten und Klassifizierungsdaten. Voraussetzungen: eptos&#x2122; Base Module Features: Entwicklung, Pflege und Ausf\u00fchrung von Berichten Modulspezifische Entwicklung, Pflege und Bereitstellung von Berichten Ausf\u00fchrung von Berichten durch Standardbenutzer...\" \/>\n<meta property=\"og:url\" content=\"https:\/\/www.paradine.at\/de\/eptos\/report-writer\/\" \/>\n<meta property=\"og:site_name\" content=\"Paradine\" \/>\n<meta property=\"article:publisher\" content=\"https:\/\/www.facebook.com\/paradinegmbh\/\" \/>\n<meta property=\"article:modified_time\" content=\"2023-04-04T10:37:38+00:00\" \/>\n<meta property=\"og:image\" content=\"https:\/\/www.paradine.at\/wp-content\/uploads\/2019\/03\/shutterstock_1247659948.jpg\" \/>\n\t<meta property=\"og:image:width\" content=\"1920\" \/>\n\t<meta property=\"og:image:height\" content=\"1282\" \/>\n\t<meta property=\"og:image:type\" content=\"image\/jpeg\" \/>\n<meta name=\"twitter:card\" content=\"summary_large_image\" \/>\n<meta name=\"twitter:site\" content=\"@ParadineGmbH\" \/>\n<meta name=\"twitter:label1\" content=\"Gesch\u00e4tzte Lesezeit\" \/>\n\t<meta name=\"twitter:data1\" content=\"1\u00a0Minute\" \/>\n<script type=\"application\/ld+json\" class=\"yoast-schema-graph\">{\"@context\":\"https:\/\/schema.org\",\"@graph\":[{\"@type\":\"WebPage\",\"@id\":\"https:\/\/www.paradine.at\/de\/eptos\/report-writer\/\",\"url\":\"https:\/\/www.paradine.at\/de\/eptos\/report-writer\/\",\"name\":\"eptos&#x2122; Report Writer &#8226; Paradine\",\"isPartOf\":{\"@id\":\"https:\/\/www.paradine.at\/de\/#website\"},\"primaryImageOfPage\":{\"@id\":\"https:\/\/www.paradine.at\/de\/eptos\/report-writer\/#primaryimage\"},\"image\":{\"@id\":\"https:\/\/www.paradine.at\/de\/eptos\/report-writer\/#primaryimage\"},\"thumbnailUrl\":\"https:\/\/www.paradine.at\/wp-content\/uploads\/2019\/03\/shutterstock_1247659948.jpg\",\"datePublished\":\"2018-11-25T17:44:13+00:00\",\"dateModified\":\"2023-04-04T10:37:38+00:00\",\"breadcrumb\":{\"@id\":\"https:\/\/www.paradine.at\/de\/eptos\/report-writer\/#breadcrumb\"},\"inLanguage\":\"de\",\"potentialAction\":[{\"@type\":\"ReadAction\",\"target\":[\"https:\/\/www.paradine.at\/de\/eptos\/report-writer\/\"]}]},{\"@type\":\"ImageObject\",\"inLanguage\":\"de\",\"@id\":\"https:\/\/www.paradine.at\/de\/eptos\/report-writer\/#primaryimage\",\"url\":\"https:\/\/www.paradine.at\/wp-content\/uploads\/2019\/03\/shutterstock_1247659948.jpg\",\"contentUrl\":\"https:\/\/www.paradine.at\/wp-content\/uploads\/2019\/03\/shutterstock_1247659948.jpg\",\"width\":1920,\"height\":1282},{\"@type\":\"BreadcrumbList\",\"@id\":\"https:\/\/www.paradine.at\/de\/eptos\/report-writer\/#breadcrumb\",\"itemListElement\":[{\"@type\":\"ListItem\",\"position\":1,\"name\":\"Home\",\"item\":\"https:\/\/www.paradine.at\/de\/\"},{\"@type\":\"ListItem\",\"position\":2,\"name\":\"eptos&#x2122;\",\"item\":\"https:\/\/www.paradine.at\/de\/eptos\/\"},{\"@type\":\"ListItem\",\"position\":3,\"name\":\"eptos&#x2122; Report Writer\"}]},{\"@type\":\"WebSite\",\"@id\":\"https:\/\/www.paradine.at\/de\/#website\",\"url\":\"https:\/\/www.paradine.at\/de\/\",\"name\":\"Paradine\",\"description\":\"Master Data Management\",\"publisher\":{\"@id\":\"https:\/\/www.paradine.at\/de\/#organization\"},\"potentialAction\":[{\"@type\":\"SearchAction\",\"target\":{\"@type\":\"EntryPoint\",\"urlTemplate\":\"https:\/\/www.paradine.at\/de\/?s={search_term_string}\"},\"query-input\":{\"@type\":\"PropertyValueSpecification\",\"valueRequired\":true,\"valueName\":\"search_term_string\"}}],\"inLanguage\":\"de\"},{\"@type\":\"Organization\",\"@id\":\"https:\/\/www.paradine.at\/de\/#organization\",\"name\":\"Paradine GmbH\",\"url\":\"https:\/\/www.paradine.at\/de\/\",\"logo\":{\"@type\":\"ImageObject\",\"inLanguage\":\"de\",\"@id\":\"https:\/\/www.paradine.at\/de\/#\/schema\/logo\/image\/\",\"url\":\"https:\/\/www.paradine.at\/wp-content\/uploads\/2019\/04\/Paradine-Logo-RGB-png-3200px.png\",\"contentUrl\":\"https:\/\/www.paradine.at\/wp-content\/uploads\/2019\/04\/Paradine-Logo-RGB-png-3200px.png\",\"width\":1920,\"height\":317,\"caption\":\"Paradine GmbH\"},\"image\":{\"@id\":\"https:\/\/www.paradine.at\/de\/#\/schema\/logo\/image\/\"},\"sameAs\":[\"https:\/\/www.facebook.com\/paradinegmbh\/\",\"https:\/\/x.com\/ParadineGmbH\",\"https:\/\/www.instagram.com\/paradinegmbh\/\",\"https:\/\/www.linkedin.com\/company\/paradinegmbh\/\",\"http:\/\/wiki.eclass.eu\/wiki\/PARADINE_GmbH\"]}]}<\/script>\n<!-- \/ Yoast SEO plugin. -->","yoast_head_json":{"title":"eptos&#x2122; Report Writer &#8226; Paradine","robots":{"index":"index","follow":"follow","max-snippet":"max-snippet:-1","max-image-preview":"max-image-preview:large","max-video-preview":"max-video-preview:-1"},"canonical":"https:\/\/www.paradine.at\/de\/eptos\/report-writer\/","og_locale":"de_DE","og_type":"article","og_title":"eptos&#x2122; Report Writer &#8226; Paradine","og_description":"[vc_row][vc_column][vc_column_text]eptos&#x2122; unterst\u00fctzt Unternehmen und Organisationen dabei, unternehmensweit mit konsistenten Stammdaten zu arbeiten. eptos&#x2122; Report Writer bietet Funktionalit\u00e4ten f\u00fcr die Entwicklung, Pflege und Ausf\u00fchrung von Berichten und Analysen zu Produktstammdaten, W\u00f6rterbuchdaten und Klassifizierungsdaten. Voraussetzungen: eptos&#x2122; Base Module Features: Entwicklung, Pflege und Ausf\u00fchrung von Berichten Modulspezifische Entwicklung, Pflege und Bereitstellung von Berichten Ausf\u00fchrung von Berichten durch Standardbenutzer...","og_url":"https:\/\/www.paradine.at\/de\/eptos\/report-writer\/","og_site_name":"Paradine","article_publisher":"https:\/\/www.facebook.com\/paradinegmbh\/","article_modified_time":"2023-04-04T10:37:38+00:00","og_image":[{"width":1920,"height":1282,"url":"https:\/\/www.paradine.at\/wp-content\/uploads\/2019\/03\/shutterstock_1247659948.jpg","type":"image\/jpeg"}],"twitter_card":"summary_large_image","twitter_site":"@ParadineGmbH","twitter_misc":{"Gesch\u00e4tzte Lesezeit":"1\u00a0Minute"},"schema":{"@context":"https:\/\/schema.org","@graph":[{"@type":"WebPage","@id":"https:\/\/www.paradine.at\/de\/eptos\/report-writer\/","url":"https:\/\/www.paradine.at\/de\/eptos\/report-writer\/","name":"eptos&#x2122; Report Writer &#8226; Paradine","isPartOf":{"@id":"https:\/\/www.paradine.at\/de\/#website"},"primaryImageOfPage":{"@id":"https:\/\/www.paradine.at\/de\/eptos\/report-writer\/#primaryimage"},"image":{"@id":"https:\/\/www.paradine.at\/de\/eptos\/report-writer\/#primaryimage"},"thumbnailUrl":"https:\/\/www.paradine.at\/wp-content\/uploads\/2019\/03\/shutterstock_1247659948.jpg","datePublished":"2018-11-25T17:44:13+00:00","dateModified":"2023-04-04T10:37:38+00:00","breadcrumb":{"@id":"https:\/\/www.paradine.at\/de\/eptos\/report-writer\/#breadcrumb"},"inLanguage":"de","potentialAction":[{"@type":"ReadAction","target":["https:\/\/www.paradine.at\/de\/eptos\/report-writer\/"]}]},{"@type":"ImageObject","inLanguage":"de","@id":"https:\/\/www.paradine.at\/de\/eptos\/report-writer\/#primaryimage","url":"https:\/\/www.paradine.at\/wp-content\/uploads\/2019\/03\/shutterstock_1247659948.jpg","contentUrl":"https:\/\/www.paradine.at\/wp-content\/uploads\/2019\/03\/shutterstock_1247659948.jpg","width":1920,"height":1282},{"@type":"BreadcrumbList","@id":"https:\/\/www.paradine.at\/de\/eptos\/report-writer\/#breadcrumb","itemListElement":[{"@type":"ListItem","position":1,"name":"Home","item":"https:\/\/www.paradine.at\/de\/"},{"@type":"ListItem","position":2,"name":"eptos&#x2122;","item":"https:\/\/www.paradine.at\/de\/eptos\/"},{"@type":"ListItem","position":3,"name":"eptos&#x2122; Report Writer"}]},{"@type":"WebSite","@id":"https:\/\/www.paradine.at\/de\/#website","url":"https:\/\/www.paradine.at\/de\/","name":"Paradine","description":"Master Data Management","publisher":{"@id":"https:\/\/www.paradine.at\/de\/#organization"},"potentialAction":[{"@type":"SearchAction","target":{"@type":"EntryPoint","urlTemplate":"https:\/\/www.paradine.at\/de\/?s={search_term_string}"},"query-input":{"@type":"PropertyValueSpecification","valueRequired":true,"valueName":"search_term_string"}}],"inLanguage":"de"},{"@type":"Organization","@id":"https:\/\/www.paradine.at\/de\/#organization","name":"Paradine GmbH","url":"https:\/\/www.paradine.at\/de\/","logo":{"@type":"ImageObject","inLanguage":"de","@id":"https:\/\/www.paradine.at\/de\/#\/schema\/logo\/image\/","url":"https:\/\/www.paradine.at\/wp-content\/uploads\/2019\/04\/Paradine-Logo-RGB-png-3200px.png","contentUrl":"https:\/\/www.paradine.at\/wp-content\/uploads\/2019\/04\/Paradine-Logo-RGB-png-3200px.png","width":1920,"height":317,"caption":"Paradine GmbH"},"image":{"@id":"https:\/\/www.paradine.at\/de\/#\/schema\/logo\/image\/"},"sameAs":["https:\/\/www.facebook.com\/paradinegmbh\/","https:\/\/x.com\/ParadineGmbH","https:\/\/www.instagram.com\/paradinegmbh\/","https:\/\/www.linkedin.com\/company\/paradinegmbh\/","http:\/\/wiki.eclass.eu\/wiki\/PARADINE_GmbH"]}]}},"_links":{"self":[{"href":"https:\/\/www.paradine.at\/de\/wp-json\/wp\/v2\/pages\/2568"}],"collection":[{"href":"https:\/\/www.paradine.at\/de\/wp-json\/wp\/v2\/pages"}],"about":[{"href":"https:\/\/www.paradine.at\/de\/wp-json\/wp\/v2\/types\/page"}],"author":[{"embeddable":true,"href":"https:\/\/www.paradine.at\/de\/wp-json\/wp\/v2\/users\/68"}],"replies":[{"embeddable":true,"href":"https:\/\/www.paradine.at\/de\/wp-json\/wp\/v2\/comments?post=2568"}],"version-history":[{"count":5,"href":"https:\/\/www.paradine.at\/de\/wp-json\/wp\/v2\/pages\/2568\/revisions"}],"predecessor-version":[{"id":7983,"href":"https:\/\/www.paradine.at\/de\/wp-json\/wp\/v2\/pages\/2568\/revisions\/7983"}],"up":[{"embeddable":true,"href":"https:\/\/www.paradine.at\/de\/wp-json\/wp\/v2\/pages\/7001"}],"wp:featuredmedia":[{"embeddable":true,"href":"https:\/\/www.paradine.at\/de\/wp-json\/wp\/v2\/media\/2342"}],"wp:attachment":[{"href":"https:\/\/www.paradine.at\/de\/wp-json\/wp\/v2\/media?parent=2568"}],"curies":[{"name":"wp","href":"https:\/\/api.w.org\/{rel}","templated":true}]}}