{"id":2543,"date":"2018-11-25T17:42:23","date_gmt":"2018-11-25T17:42:23","guid":{"rendered":"http:\/\/www2.paradine.at\/eptos\/change-request-manager\/"},"modified":"2023-04-04T12:34:38","modified_gmt":"2023-04-04T10:34:38","slug":"change-request-manager","status":"publish","type":"page","link":"https:\/\/www.paradine.at\/de\/eptos\/change-request-manager\/","title":{"rendered":"eptos&#x2122; Change Request Manager"},"content":{"rendered":"<p>[vc_row][vc_column][vc_column_text]eptos&#x2122; unterst\u00fctzt Unternehmen und Organisationen dabei, unternehmensweit mit konsistenten Stammdaten zu arbeiten.<\/p>\n<p>Der <strong>eptos&#x2122; &#8211; Change Request Manager<\/strong> bietet Funktionen zur Erstellung von \u00c4nderungsantr\u00e4gen und zur Implementierung elektronischer Workflows f\u00fcr die Entwicklung und Pflege von W\u00f6rterbuchelementen und Stammdaten. Es k\u00f6nnen sowohl neue Arbeitsabl\u00e4ufe erstellt als auch bestehende genutzt werden.<\/p>\n<p>Voraussetzungen:<\/p>\n<ul>\n<li>eptos&#x2122; Base Module<\/li>\n<\/ul>\n<p>Features:<\/p>\n<ul>\n<li>Erstellung und Verwaltung von \u00c4nderungsantr\u00e4gen<\/li>\n<li>Rollenbasierte Konsensbildung<\/li>\n<li>Diskussionsforum f\u00fcr \u00c4nderungsantr\u00e4ge<\/li>\n<li>Abstimmungsfunktionalit\u00e4t<\/li>\n<li>Import von \u00c4nderungsauftr\u00e4gen (optional)<\/li>\n<li>Export von \u00c4nderungsauftr\u00e4gen (optional)<\/li>\n<li>Verwendung von Pr\u00fcfungen der Gesch\u00e4ftsregeln<\/li>\n<\/ul>\n<p><span style=\"font-size: 12pt;\"><span style=\"color: #006ab3;\"><strong>Download:<\/strong><\/span><em><span style=\"color: #006ab3;\"><strong><br \/>\n<\/strong><\/span><\/em><i class=\"fa fa-file-pdf-o \" ><\/i> <a  data-e-Disable-Page-Transition=\"true\" class=\"download-link\" title=\"\" href=\"https:\/\/www.paradine.at\/download\/3328\/?tmstv=1777802361\" rel=\"nofollow\" id=\"download-link-3328\" data-redirect=\"false\" >\n\t2208-eptos&#x2122; -Change-Request-Manager-EN<\/a>\n<\/span>[\/vc_column_text][\/vc_column][\/vc_row][vc_row][vc_column width=&#8221;1\/6&#8243;]<a class=\"pioneer_vc_button\" data-title-color-hover=\"#ffffff\" data-bg-color-hover=\"#3366ff\" data-border-c-hover=\"#3366ff\"  href=\"https:\/\/www.paradine.at\/eptos\/\" target=\"_self\" style=\"display:block; font-size:12px; line-heigth:12px; color:#000000; background-color:#ffffff; padding:5px 5px; margin:-2px 0px 30px 0px; border-width:1px; border-style:solid; border-color:#000000; border-radius:4px\"><i class=\"fa \"><\/i> Read more about eptos&#x2122;<\/a>[\/vc_column][vc_column width=&#8221;1\/6&#8243;][\/vc_column][vc_column width=&#8221;1\/6&#8243;][\/vc_column][vc_column width=&#8221;1\/6&#8243;][\/vc_column][vc_column width=&#8221;1\/6&#8243;][\/vc_column][vc_column width=&#8221;1\/6&#8243;][\/vc_column][\/vc_row]<\/p>\n","protected":false},"excerpt":{"rendered":"<p>[vc_row][vc_column][vc_column_text]eptos&#x2122; unterst\u00fctzt Unternehmen und Organisationen dabei, unternehmensweit mit konsistenten Stammdaten zu arbeiten. Der eptos&#x2122; &#8211; Change Request Manager bietet Funktionen zur Erstellung von \u00c4nderungsantr\u00e4gen und zur Implementierung elektronischer Workflows f\u00fcr die Entwicklung und Pflege von W\u00f6rterbuchelementen und Stammdaten. Es k\u00f6nnen sowohl neue Arbeitsabl\u00e4ufe erstellt als auch bestehende genutzt werden. Voraussetzungen: eptos&#x2122; Base Module Features: Erstellung&#8230;<\/p>\n","protected":false},"author":68,"featured_media":2342,"parent":7001,"menu_order":0,"comment_status":"closed","ping_status":"closed","template":"","meta":{"_acf_changed":false,"footnotes":""},"class_list":["post-2543","page","type-page","status-publish","has-post-thumbnail","hentry"],"acf":[],"yoast_head":"<!-- This site is optimized with the Yoast SEO plugin v23.4 - https:\/\/yoast.com\/wordpress\/plugins\/seo\/ -->\n<title>eptos&#x2122; Change Request Manager &#8226; Paradine<\/title>\n<meta name=\"robots\" content=\"index, follow, max-snippet:-1, max-image-preview:large, max-video-preview:-1\" \/>\n<link rel=\"canonical\" href=\"https:\/\/www.paradine.at\/de\/eptos\/change-request-manager\/\" \/>\n<meta property=\"og:locale\" content=\"de_DE\" \/>\n<meta property=\"og:type\" content=\"article\" \/>\n<meta property=\"og:title\" content=\"eptos&#x2122; Change Request Manager &#8226; Paradine\" \/>\n<meta property=\"og:description\" content=\"[vc_row][vc_column][vc_column_text]eptos&#x2122; unterst\u00fctzt Unternehmen und Organisationen dabei, unternehmensweit mit konsistenten Stammdaten zu arbeiten. Der eptos&#x2122; &#8211; Change Request Manager bietet Funktionen zur Erstellung von \u00c4nderungsantr\u00e4gen und zur Implementierung elektronischer Workflows f\u00fcr die Entwicklung und Pflege von W\u00f6rterbuchelementen und Stammdaten. Es k\u00f6nnen sowohl neue Arbeitsabl\u00e4ufe erstellt als auch bestehende genutzt werden. Voraussetzungen: eptos&#x2122; Base Module Features: Erstellung...\" \/>\n<meta property=\"og:url\" content=\"https:\/\/www.paradine.at\/de\/eptos\/change-request-manager\/\" \/>\n<meta property=\"og:site_name\" content=\"Paradine\" \/>\n<meta property=\"article:publisher\" content=\"https:\/\/www.facebook.com\/paradinegmbh\/\" \/>\n<meta property=\"article:modified_time\" content=\"2023-04-04T10:34:38+00:00\" \/>\n<meta property=\"og:image\" content=\"https:\/\/www.paradine.at\/wp-content\/uploads\/2019\/03\/shutterstock_1247659948.jpg\" \/>\n\t<meta property=\"og:image:width\" content=\"1920\" \/>\n\t<meta property=\"og:image:height\" content=\"1282\" \/>\n\t<meta property=\"og:image:type\" content=\"image\/jpeg\" \/>\n<meta name=\"twitter:card\" content=\"summary_large_image\" \/>\n<meta name=\"twitter:site\" content=\"@ParadineGmbH\" \/>\n<meta name=\"twitter:label1\" content=\"Gesch\u00e4tzte Lesezeit\" \/>\n\t<meta name=\"twitter:data1\" content=\"1\u00a0Minute\" \/>\n<script type=\"application\/ld+json\" class=\"yoast-schema-graph\">{\"@context\":\"https:\/\/schema.org\",\"@graph\":[{\"@type\":\"WebPage\",\"@id\":\"https:\/\/www.paradine.at\/de\/eptos\/change-request-manager\/\",\"url\":\"https:\/\/www.paradine.at\/de\/eptos\/change-request-manager\/\",\"name\":\"eptos&#x2122; Change Request Manager &#8226; Paradine\",\"isPartOf\":{\"@id\":\"https:\/\/www.paradine.at\/de\/#website\"},\"primaryImageOfPage\":{\"@id\":\"https:\/\/www.paradine.at\/de\/eptos\/change-request-manager\/#primaryimage\"},\"image\":{\"@id\":\"https:\/\/www.paradine.at\/de\/eptos\/change-request-manager\/#primaryimage\"},\"thumbnailUrl\":\"https:\/\/www.paradine.at\/wp-content\/uploads\/2019\/03\/shutterstock_1247659948.jpg\",\"datePublished\":\"2018-11-25T17:42:23+00:00\",\"dateModified\":\"2023-04-04T10:34:38+00:00\",\"breadcrumb\":{\"@id\":\"https:\/\/www.paradine.at\/de\/eptos\/change-request-manager\/#breadcrumb\"},\"inLanguage\":\"de\",\"potentialAction\":[{\"@type\":\"ReadAction\",\"target\":[\"https:\/\/www.paradine.at\/de\/eptos\/change-request-manager\/\"]}]},{\"@type\":\"ImageObject\",\"inLanguage\":\"de\",\"@id\":\"https:\/\/www.paradine.at\/de\/eptos\/change-request-manager\/#primaryimage\",\"url\":\"https:\/\/www.paradine.at\/wp-content\/uploads\/2019\/03\/shutterstock_1247659948.jpg\",\"contentUrl\":\"https:\/\/www.paradine.at\/wp-content\/uploads\/2019\/03\/shutterstock_1247659948.jpg\",\"width\":1920,\"height\":1282},{\"@type\":\"BreadcrumbList\",\"@id\":\"https:\/\/www.paradine.at\/de\/eptos\/change-request-manager\/#breadcrumb\",\"itemListElement\":[{\"@type\":\"ListItem\",\"position\":1,\"name\":\"Home\",\"item\":\"https:\/\/www.paradine.at\/de\/\"},{\"@type\":\"ListItem\",\"position\":2,\"name\":\"eptos&#x2122;\",\"item\":\"https:\/\/www.paradine.at\/de\/eptos\/\"},{\"@type\":\"ListItem\",\"position\":3,\"name\":\"eptos&#x2122; Change Request Manager\"}]},{\"@type\":\"WebSite\",\"@id\":\"https:\/\/www.paradine.at\/de\/#website\",\"url\":\"https:\/\/www.paradine.at\/de\/\",\"name\":\"Paradine\",\"description\":\"Master Data Management\",\"publisher\":{\"@id\":\"https:\/\/www.paradine.at\/de\/#organization\"},\"potentialAction\":[{\"@type\":\"SearchAction\",\"target\":{\"@type\":\"EntryPoint\",\"urlTemplate\":\"https:\/\/www.paradine.at\/de\/?s={search_term_string}\"},\"query-input\":{\"@type\":\"PropertyValueSpecification\",\"valueRequired\":true,\"valueName\":\"search_term_string\"}}],\"inLanguage\":\"de\"},{\"@type\":\"Organization\",\"@id\":\"https:\/\/www.paradine.at\/de\/#organization\",\"name\":\"Paradine GmbH\",\"url\":\"https:\/\/www.paradine.at\/de\/\",\"logo\":{\"@type\":\"ImageObject\",\"inLanguage\":\"de\",\"@id\":\"https:\/\/www.paradine.at\/de\/#\/schema\/logo\/image\/\",\"url\":\"https:\/\/www.paradine.at\/wp-content\/uploads\/2019\/04\/Paradine-Logo-RGB-png-3200px.png\",\"contentUrl\":\"https:\/\/www.paradine.at\/wp-content\/uploads\/2019\/04\/Paradine-Logo-RGB-png-3200px.png\",\"width\":1920,\"height\":317,\"caption\":\"Paradine GmbH\"},\"image\":{\"@id\":\"https:\/\/www.paradine.at\/de\/#\/schema\/logo\/image\/\"},\"sameAs\":[\"https:\/\/www.facebook.com\/paradinegmbh\/\",\"https:\/\/x.com\/ParadineGmbH\",\"https:\/\/www.instagram.com\/paradinegmbh\/\",\"https:\/\/www.linkedin.com\/company\/paradinegmbh\/\",\"http:\/\/wiki.eclass.eu\/wiki\/PARADINE_GmbH\"]}]}<\/script>\n<!-- \/ Yoast SEO plugin. -->","yoast_head_json":{"title":"eptos&#x2122; Change Request Manager &#8226; Paradine","robots":{"index":"index","follow":"follow","max-snippet":"max-snippet:-1","max-image-preview":"max-image-preview:large","max-video-preview":"max-video-preview:-1"},"canonical":"https:\/\/www.paradine.at\/de\/eptos\/change-request-manager\/","og_locale":"de_DE","og_type":"article","og_title":"eptos&#x2122; Change Request Manager &#8226; Paradine","og_description":"[vc_row][vc_column][vc_column_text]eptos&#x2122; unterst\u00fctzt Unternehmen und Organisationen dabei, unternehmensweit mit konsistenten Stammdaten zu arbeiten. Der eptos&#x2122; &#8211; Change Request Manager bietet Funktionen zur Erstellung von \u00c4nderungsantr\u00e4gen und zur Implementierung elektronischer Workflows f\u00fcr die Entwicklung und Pflege von W\u00f6rterbuchelementen und Stammdaten. Es k\u00f6nnen sowohl neue Arbeitsabl\u00e4ufe erstellt als auch bestehende genutzt werden. Voraussetzungen: eptos&#x2122; Base Module Features: Erstellung...","og_url":"https:\/\/www.paradine.at\/de\/eptos\/change-request-manager\/","og_site_name":"Paradine","article_publisher":"https:\/\/www.facebook.com\/paradinegmbh\/","article_modified_time":"2023-04-04T10:34:38+00:00","og_image":[{"width":1920,"height":1282,"url":"https:\/\/www.paradine.at\/wp-content\/uploads\/2019\/03\/shutterstock_1247659948.jpg","type":"image\/jpeg"}],"twitter_card":"summary_large_image","twitter_site":"@ParadineGmbH","twitter_misc":{"Gesch\u00e4tzte Lesezeit":"1\u00a0Minute"},"schema":{"@context":"https:\/\/schema.org","@graph":[{"@type":"WebPage","@id":"https:\/\/www.paradine.at\/de\/eptos\/change-request-manager\/","url":"https:\/\/www.paradine.at\/de\/eptos\/change-request-manager\/","name":"eptos&#x2122; Change Request Manager &#8226; Paradine","isPartOf":{"@id":"https:\/\/www.paradine.at\/de\/#website"},"primaryImageOfPage":{"@id":"https:\/\/www.paradine.at\/de\/eptos\/change-request-manager\/#primaryimage"},"image":{"@id":"https:\/\/www.paradine.at\/de\/eptos\/change-request-manager\/#primaryimage"},"thumbnailUrl":"https:\/\/www.paradine.at\/wp-content\/uploads\/2019\/03\/shutterstock_1247659948.jpg","datePublished":"2018-11-25T17:42:23+00:00","dateModified":"2023-04-04T10:34:38+00:00","breadcrumb":{"@id":"https:\/\/www.paradine.at\/de\/eptos\/change-request-manager\/#breadcrumb"},"inLanguage":"de","potentialAction":[{"@type":"ReadAction","target":["https:\/\/www.paradine.at\/de\/eptos\/change-request-manager\/"]}]},{"@type":"ImageObject","inLanguage":"de","@id":"https:\/\/www.paradine.at\/de\/eptos\/change-request-manager\/#primaryimage","url":"https:\/\/www.paradine.at\/wp-content\/uploads\/2019\/03\/shutterstock_1247659948.jpg","contentUrl":"https:\/\/www.paradine.at\/wp-content\/uploads\/2019\/03\/shutterstock_1247659948.jpg","width":1920,"height":1282},{"@type":"BreadcrumbList","@id":"https:\/\/www.paradine.at\/de\/eptos\/change-request-manager\/#breadcrumb","itemListElement":[{"@type":"ListItem","position":1,"name":"Home","item":"https:\/\/www.paradine.at\/de\/"},{"@type":"ListItem","position":2,"name":"eptos&#x2122;","item":"https:\/\/www.paradine.at\/de\/eptos\/"},{"@type":"ListItem","position":3,"name":"eptos&#x2122; Change Request Manager"}]},{"@type":"WebSite","@id":"https:\/\/www.paradine.at\/de\/#website","url":"https:\/\/www.paradine.at\/de\/","name":"Paradine","description":"Master Data Management","publisher":{"@id":"https:\/\/www.paradine.at\/de\/#organization"},"potentialAction":[{"@type":"SearchAction","target":{"@type":"EntryPoint","urlTemplate":"https:\/\/www.paradine.at\/de\/?s={search_term_string}"},"query-input":{"@type":"PropertyValueSpecification","valueRequired":true,"valueName":"search_term_string"}}],"inLanguage":"de"},{"@type":"Organization","@id":"https:\/\/www.paradine.at\/de\/#organization","name":"Paradine GmbH","url":"https:\/\/www.paradine.at\/de\/","logo":{"@type":"ImageObject","inLanguage":"de","@id":"https:\/\/www.paradine.at\/de\/#\/schema\/logo\/image\/","url":"https:\/\/www.paradine.at\/wp-content\/uploads\/2019\/04\/Paradine-Logo-RGB-png-3200px.png","contentUrl":"https:\/\/www.paradine.at\/wp-content\/uploads\/2019\/04\/Paradine-Logo-RGB-png-3200px.png","width":1920,"height":317,"caption":"Paradine GmbH"},"image":{"@id":"https:\/\/www.paradine.at\/de\/#\/schema\/logo\/image\/"},"sameAs":["https:\/\/www.facebook.com\/paradinegmbh\/","https:\/\/x.com\/ParadineGmbH","https:\/\/www.instagram.com\/paradinegmbh\/","https:\/\/www.linkedin.com\/company\/paradinegmbh\/","http:\/\/wiki.eclass.eu\/wiki\/PARADINE_GmbH"]}]}},"_links":{"self":[{"href":"https:\/\/www.paradine.at\/de\/wp-json\/wp\/v2\/pages\/2543"}],"collection":[{"href":"https:\/\/www.paradine.at\/de\/wp-json\/wp\/v2\/pages"}],"about":[{"href":"https:\/\/www.paradine.at\/de\/wp-json\/wp\/v2\/types\/page"}],"author":[{"embeddable":true,"href":"https:\/\/www.paradine.at\/de\/wp-json\/wp\/v2\/users\/68"}],"replies":[{"embeddable":true,"href":"https:\/\/www.paradine.at\/de\/wp-json\/wp\/v2\/comments?post=2543"}],"version-history":[{"count":5,"href":"https:\/\/www.paradine.at\/de\/wp-json\/wp\/v2\/pages\/2543\/revisions"}],"predecessor-version":[{"id":6835,"href":"https:\/\/www.paradine.at\/de\/wp-json\/wp\/v2\/pages\/2543\/revisions\/6835"}],"up":[{"embeddable":true,"href":"https:\/\/www.paradine.at\/de\/wp-json\/wp\/v2\/pages\/7001"}],"wp:featuredmedia":[{"embeddable":true,"href":"https:\/\/www.paradine.at\/de\/wp-json\/wp\/v2\/media\/2342"}],"wp:attachment":[{"href":"https:\/\/www.paradine.at\/de\/wp-json\/wp\/v2\/media?parent=2543"}],"curies":[{"name":"wp","href":"https:\/\/api.w.org\/{rel}","templated":true}]}}