{"id":2534,"date":"2018-11-25T17:48:00","date_gmt":"2018-11-25T17:48:00","guid":{"rendered":"http:\/\/www2.paradine.at\/eclss-api\/"},"modified":"2023-04-04T10:57:10","modified_gmt":"2023-04-04T08:57:10","slug":"eclss-api","status":"publish","type":"page","link":"https:\/\/www.paradine.at\/de\/eclss-api\/","title":{"rendered":"ECLASS-API"},"content":{"rendered":"<p>[vc_row][vc_column width=&#8221;1\/6&#8243;][\/vc_column][vc_column width=&#8221;2\/3&#8243;][vc_column_text]Paradine stellt mit der ECLASS-API eine Software-Bibliothek zur Verf\u00fcgung, die es erleichtert, den ECLASS-Standard in Anwendungssysteme zu integrieren und Systeme zum Lesen und Schreiben ECLASS-konformer Daten aufzubauen. Im Rahmen der Integration der ECLASS API werden Mappings der ECLASS-Strukturelemente f\u00fcr Ihre nativen Strukturelemente erstellt.<\/p>\n<p>Der ECLASS e.V. bietet den ECLASS-Klassifikationsstandard an, um einen internationalen, branchen\u00fcbergreifenden, mehrsprachigen Klassifikations- und Produktbeschreibungsstandard zu etablieren.<\/p>\n<p>Produkte und Dienstleistungen k\u00f6nnen klassifiziert und mit bestimmten Eigenschaften beschrieben werden. Der Standard wird in Form von so genannten Dictionaries im ECLASS-XML-Format bereitgestellt.<\/p>\n<p>Mit der Ver\u00f6ffentlichung von ECLASS 7.0 ist neben der bisher angebotenen BASIC-Version (flache Attribute) nun auch die ADVANCED-Version verf\u00fcgbar. Die ADVANCED Version von ECLASS verwendet neue Strukturelemente wie Bl\u00f6cke, Kardinalit\u00e4t oder Polymorphismus zur Abbildung komplexer Produkte. Immer mehr Softwarehersteller implementieren ECLASS, um ihren Kunden die M\u00f6glichkeit zu bieten, am strukturierten elektronischen Austausch von Produktdaten nach dem ECLASS-Standard teilzunehmen.[\/vc_column_text][\/vc_column][vc_column width=&#8221;1\/6&#8243;][\/vc_column][\/vc_row][vc_row][vc_column width=&#8221;1\/6&#8243;][\/vc_column][vc_column width=&#8221;2\/3&#8243;][vc_column_text]<strong>Eigenschaften<\/strong><\/p>\n<p>Zielgruppe<\/p>\n<ul>\n<li>Software-Anbieter und -Entwickler, die ihre Systeme f\u00fcr die Verarbeitung von ECLASS-W\u00f6rterb\u00fcchern und ECLASS-konformen Produktdaten fit machen wollen (CAx, PLM, ERP, eCatalog-Systeme, Produktkonfiguratoren und Datenbanken,&#8230;)<\/li>\n<\/ul>\n<p>Anwendungsszenarien<\/p>\n<ul>\n<li>Erstellung und Pflege eines elektronischen Produktkatalogs f\u00fcr ECLASS Release 7.0 ADVANCED BMEcat 2005.1<\/li>\n<li>Erstellung und Bereitstellung von Katalogvorlagen gem\u00e4\u00df ECLASS Release 7.0 BASIC f\u00fcr Lieferanten<\/li>\n<\/ul>\n<p>Umfang der Dienstleistungen<\/p>\n<ul>\n<li>Import von ECLASS-W\u00f6rterb\u00fcchern in ECLASS-XML-Forma und Mapping von W\u00f6rterb\u00fcchern<\/li>\n<li>Verarbeitung von ECLASS BASIC und ADVANCED Daten<\/li>\n<li>Bereitstellung aller ECLASS-Klassen und der in ECLASS enthaltenen Strukturelemente (Attribute, Liste der Eigenschaften, Einheiten usw.) im ECLASS-XML-Schema<\/li>\n<li>Unterst\u00fctzung f\u00fcr Suche und Liste von Objekten<\/li>\n<li>ECLASS-Katalogvorlagen lesen, bearbeiten und erstellen<\/li>\n<li>BMEcat2005.1-Katalogdateien lesen, schreiben und bearbeiten<\/li>\n<li>Unterst\u00fctzung von verschiedenen ECLASS Releases<\/li>\n<\/ul>\n<p>Umfang der Lieferung<\/p>\n<ul>\n<li>Software-Bibliothek (DLL)<\/li>\n<li>Demo-Programm<\/li>\n<li>Dokumentation<\/li>\n<\/ul>\n<p>Unser Angebot<\/p>\n<ul>\n<li>Software-Lizenz<\/li>\n<li>Wartung und Unterst\u00fctzung<\/li>\n<li>Unterst\u00fctzung bei der Umsetzung (optional)<\/li>\n<\/ul>\n<p>Technische Anforderungen<\/p>\n<ul>\n<li>Microsoft .NET Framework<\/li>\n<li>Microsoft Windows XP\u00ae, Vista\u00ae, Windows7\u00ae, 32 und 64bit Systeme<\/li>\n<\/ul>\n<p>&nbsp;<\/p>\n<p style=\"text-align: center;\"><span style=\"color: #006ab3;\"><strong><span style=\"font-size: 14pt;\">Download:<\/span><br \/>\n<\/strong><\/span><i class=\"fa fa-file-pdf-o \" ><\/i> <a  data-e-Disable-Page-Transition=\"true\" class=\"download-link\" title=\"\" href=\"https:\/\/www.paradine.at\/download\/5044\/?tmstv=1777804933\" rel=\"nofollow\" id=\"download-link-5044\" data-redirect=\"false\" >\n\t2011-ECLASS-API-EN.pdf<\/a>\n<br \/>\n<i class=\"fa fa-file-pdf-o \" ><\/i> <a  data-e-Disable-Page-Transition=\"true\" class=\"download-link\" title=\"\" href=\"https:\/\/www.paradine.at\/download\/5047\/?tmstv=1777804933\" rel=\"nofollow\" id=\"download-link-5047\" data-redirect=\"false\" >\n\t2011-ECLASS-API-DE.pdf<\/a>\n<\/p>\n<p>[\/vc_column_text][\/vc_column][vc_column width=&#8221;1\/6&#8243;][\/vc_column][\/vc_row][vc_row][vc_column width=&#8221;1\/3&#8243;][\/vc_column][vc_column width=&#8221;1\/3&#8243;]<a class=\"pioneer_vc_button\" data-title-color-hover=\"#ffffff\" data-bg-color-hover=\"#3366ff\" data-border-c-hover=\"#3366ff\"  href=\"https:\/\/www.paradine.at\/support\/downloads\/\" target=\"_self\" style=\"display:block; font-size:14px; line-heigth:14px; color:#000000; background-color:#ffffff; padding:5px 5px; margin:-2px 0px 30px 0px; border-width:1px; border-style:solid; border-color:#000000; border-radius:4px\"><i class=\"fa \"><\/i> Software Download<\/a>[\/vc_column][vc_column width=&#8221;1\/3&#8243;][\/vc_column][\/vc_row][vc_row][vc_column width=&#8221;1\/4&#8243;][\/vc_column][vc_column width=&#8221;1\/2&#8243;][vc_column_text]<\/p>\n<p style=\"text-align: center;\"><strong>Mehr Informationen<\/strong><strong>:<br \/>\n<\/strong>Tel.: +43-1-236 66 68 &#8211; 0<br \/>\nE-Mail: info@paradine.at<\/p>\n<p>[\/vc_column_text][\/vc_column][vc_column width=&#8221;1\/4&#8243;][\/vc_column][\/vc_row]<\/p>\n","protected":false},"excerpt":{"rendered":"<p>[vc_row][vc_column width=&#8221;1\/6&#8243;][\/vc_column][vc_column width=&#8221;2\/3&#8243;][vc_column_text]Paradine stellt mit der ECLASS-API eine Software-Bibliothek zur Verf\u00fcgung, die es erleichtert, den ECLASS-Standard in Anwendungssysteme zu integrieren und Systeme zum Lesen und Schreiben ECLASS-konformer Daten aufzubauen. Im Rahmen der Integration der ECLASS API werden Mappings der ECLASS-Strukturelemente f\u00fcr Ihre nativen Strukturelemente erstellt. Der ECLASS e.V. bietet den ECLASS-Klassifikationsstandard an, um einen internationalen,&#8230;<\/p>\n","protected":false},"author":68,"featured_media":2342,"parent":0,"menu_order":0,"comment_status":"closed","ping_status":"closed","template":"","meta":{"_acf_changed":false,"footnotes":""},"class_list":["post-2534","page","type-page","status-publish","has-post-thumbnail","hentry"],"acf":[],"yoast_head":"<!-- This site is optimized with the Yoast SEO plugin v23.4 - https:\/\/yoast.com\/wordpress\/plugins\/seo\/ -->\n<title>ECLASS-API &#8226; Paradine<\/title>\n<meta name=\"robots\" content=\"index, follow, max-snippet:-1, max-image-preview:large, max-video-preview:-1\" \/>\n<link rel=\"canonical\" href=\"https:\/\/www.paradine.at\/de\/eclss-api\/\" \/>\n<meta property=\"og:locale\" content=\"de_DE\" \/>\n<meta property=\"og:type\" content=\"article\" \/>\n<meta property=\"og:title\" content=\"ECLASS-API &#8226; Paradine\" \/>\n<meta property=\"og:description\" content=\"[vc_row][vc_column width=&#8221;1\/6&#8243;][\/vc_column][vc_column width=&#8221;2\/3&#8243;][vc_column_text]Paradine stellt mit der ECLASS-API eine Software-Bibliothek zur Verf\u00fcgung, die es erleichtert, den ECLASS-Standard in Anwendungssysteme zu integrieren und Systeme zum Lesen und Schreiben ECLASS-konformer Daten aufzubauen. Im Rahmen der Integration der ECLASS API werden Mappings der ECLASS-Strukturelemente f\u00fcr Ihre nativen Strukturelemente erstellt. Der ECLASS e.V. bietet den ECLASS-Klassifikationsstandard an, um einen internationalen,...\" \/>\n<meta property=\"og:url\" content=\"https:\/\/www.paradine.at\/de\/eclss-api\/\" \/>\n<meta property=\"og:site_name\" content=\"Paradine\" \/>\n<meta property=\"article:publisher\" content=\"https:\/\/www.facebook.com\/paradinegmbh\/\" \/>\n<meta property=\"article:modified_time\" content=\"2023-04-04T08:57:10+00:00\" \/>\n<meta property=\"og:image\" content=\"https:\/\/www.paradine.at\/wp-content\/uploads\/2019\/03\/shutterstock_1247659948.jpg\" \/>\n\t<meta property=\"og:image:width\" content=\"1920\" \/>\n\t<meta property=\"og:image:height\" content=\"1282\" \/>\n\t<meta property=\"og:image:type\" content=\"image\/jpeg\" \/>\n<meta name=\"twitter:card\" content=\"summary_large_image\" \/>\n<meta name=\"twitter:site\" content=\"@ParadineGmbH\" \/>\n<meta name=\"twitter:label1\" content=\"Gesch\u00e4tzte Lesezeit\" \/>\n\t<meta name=\"twitter:data1\" content=\"2\u00a0Minuten\" \/>\n<script type=\"application\/ld+json\" class=\"yoast-schema-graph\">{\"@context\":\"https:\/\/schema.org\",\"@graph\":[{\"@type\":\"WebPage\",\"@id\":\"https:\/\/www.paradine.at\/de\/eclss-api\/\",\"url\":\"https:\/\/www.paradine.at\/de\/eclss-api\/\",\"name\":\"ECLASS-API &#8226; Paradine\",\"isPartOf\":{\"@id\":\"https:\/\/www.paradine.at\/de\/#website\"},\"primaryImageOfPage\":{\"@id\":\"https:\/\/www.paradine.at\/de\/eclss-api\/#primaryimage\"},\"image\":{\"@id\":\"https:\/\/www.paradine.at\/de\/eclss-api\/#primaryimage\"},\"thumbnailUrl\":\"https:\/\/www.paradine.at\/wp-content\/uploads\/2019\/03\/shutterstock_1247659948.jpg\",\"datePublished\":\"2018-11-25T17:48:00+00:00\",\"dateModified\":\"2023-04-04T08:57:10+00:00\",\"breadcrumb\":{\"@id\":\"https:\/\/www.paradine.at\/de\/eclss-api\/#breadcrumb\"},\"inLanguage\":\"de\",\"potentialAction\":[{\"@type\":\"ReadAction\",\"target\":[\"https:\/\/www.paradine.at\/de\/eclss-api\/\"]}]},{\"@type\":\"ImageObject\",\"inLanguage\":\"de\",\"@id\":\"https:\/\/www.paradine.at\/de\/eclss-api\/#primaryimage\",\"url\":\"https:\/\/www.paradine.at\/wp-content\/uploads\/2019\/03\/shutterstock_1247659948.jpg\",\"contentUrl\":\"https:\/\/www.paradine.at\/wp-content\/uploads\/2019\/03\/shutterstock_1247659948.jpg\",\"width\":1920,\"height\":1282},{\"@type\":\"BreadcrumbList\",\"@id\":\"https:\/\/www.paradine.at\/de\/eclss-api\/#breadcrumb\",\"itemListElement\":[{\"@type\":\"ListItem\",\"position\":1,\"name\":\"Home\",\"item\":\"https:\/\/www.paradine.at\/de\/\"},{\"@type\":\"ListItem\",\"position\":2,\"name\":\"ECLASS-API\"}]},{\"@type\":\"WebSite\",\"@id\":\"https:\/\/www.paradine.at\/de\/#website\",\"url\":\"https:\/\/www.paradine.at\/de\/\",\"name\":\"Paradine\",\"description\":\"Master Data Management\",\"publisher\":{\"@id\":\"https:\/\/www.paradine.at\/de\/#organization\"},\"potentialAction\":[{\"@type\":\"SearchAction\",\"target\":{\"@type\":\"EntryPoint\",\"urlTemplate\":\"https:\/\/www.paradine.at\/de\/?s={search_term_string}\"},\"query-input\":{\"@type\":\"PropertyValueSpecification\",\"valueRequired\":true,\"valueName\":\"search_term_string\"}}],\"inLanguage\":\"de\"},{\"@type\":\"Organization\",\"@id\":\"https:\/\/www.paradine.at\/de\/#organization\",\"name\":\"Paradine GmbH\",\"url\":\"https:\/\/www.paradine.at\/de\/\",\"logo\":{\"@type\":\"ImageObject\",\"inLanguage\":\"de\",\"@id\":\"https:\/\/www.paradine.at\/de\/#\/schema\/logo\/image\/\",\"url\":\"https:\/\/www.paradine.at\/wp-content\/uploads\/2019\/04\/Paradine-Logo-RGB-png-3200px.png\",\"contentUrl\":\"https:\/\/www.paradine.at\/wp-content\/uploads\/2019\/04\/Paradine-Logo-RGB-png-3200px.png\",\"width\":1920,\"height\":317,\"caption\":\"Paradine GmbH\"},\"image\":{\"@id\":\"https:\/\/www.paradine.at\/de\/#\/schema\/logo\/image\/\"},\"sameAs\":[\"https:\/\/www.facebook.com\/paradinegmbh\/\",\"https:\/\/x.com\/ParadineGmbH\",\"https:\/\/www.instagram.com\/paradinegmbh\/\",\"https:\/\/www.linkedin.com\/company\/paradinegmbh\/\",\"http:\/\/wiki.eclass.eu\/wiki\/PARADINE_GmbH\"]}]}<\/script>\n<!-- \/ Yoast SEO plugin. -->","yoast_head_json":{"title":"ECLASS-API &#8226; Paradine","robots":{"index":"index","follow":"follow","max-snippet":"max-snippet:-1","max-image-preview":"max-image-preview:large","max-video-preview":"max-video-preview:-1"},"canonical":"https:\/\/www.paradine.at\/de\/eclss-api\/","og_locale":"de_DE","og_type":"article","og_title":"ECLASS-API &#8226; Paradine","og_description":"[vc_row][vc_column width=&#8221;1\/6&#8243;][\/vc_column][vc_column width=&#8221;2\/3&#8243;][vc_column_text]Paradine stellt mit der ECLASS-API eine Software-Bibliothek zur Verf\u00fcgung, die es erleichtert, den ECLASS-Standard in Anwendungssysteme zu integrieren und Systeme zum Lesen und Schreiben ECLASS-konformer Daten aufzubauen. Im Rahmen der Integration der ECLASS API werden Mappings der ECLASS-Strukturelemente f\u00fcr Ihre nativen Strukturelemente erstellt. Der ECLASS e.V. bietet den ECLASS-Klassifikationsstandard an, um einen internationalen,...","og_url":"https:\/\/www.paradine.at\/de\/eclss-api\/","og_site_name":"Paradine","article_publisher":"https:\/\/www.facebook.com\/paradinegmbh\/","article_modified_time":"2023-04-04T08:57:10+00:00","og_image":[{"width":1920,"height":1282,"url":"https:\/\/www.paradine.at\/wp-content\/uploads\/2019\/03\/shutterstock_1247659948.jpg","type":"image\/jpeg"}],"twitter_card":"summary_large_image","twitter_site":"@ParadineGmbH","twitter_misc":{"Gesch\u00e4tzte Lesezeit":"2\u00a0Minuten"},"schema":{"@context":"https:\/\/schema.org","@graph":[{"@type":"WebPage","@id":"https:\/\/www.paradine.at\/de\/eclss-api\/","url":"https:\/\/www.paradine.at\/de\/eclss-api\/","name":"ECLASS-API &#8226; Paradine","isPartOf":{"@id":"https:\/\/www.paradine.at\/de\/#website"},"primaryImageOfPage":{"@id":"https:\/\/www.paradine.at\/de\/eclss-api\/#primaryimage"},"image":{"@id":"https:\/\/www.paradine.at\/de\/eclss-api\/#primaryimage"},"thumbnailUrl":"https:\/\/www.paradine.at\/wp-content\/uploads\/2019\/03\/shutterstock_1247659948.jpg","datePublished":"2018-11-25T17:48:00+00:00","dateModified":"2023-04-04T08:57:10+00:00","breadcrumb":{"@id":"https:\/\/www.paradine.at\/de\/eclss-api\/#breadcrumb"},"inLanguage":"de","potentialAction":[{"@type":"ReadAction","target":["https:\/\/www.paradine.at\/de\/eclss-api\/"]}]},{"@type":"ImageObject","inLanguage":"de","@id":"https:\/\/www.paradine.at\/de\/eclss-api\/#primaryimage","url":"https:\/\/www.paradine.at\/wp-content\/uploads\/2019\/03\/shutterstock_1247659948.jpg","contentUrl":"https:\/\/www.paradine.at\/wp-content\/uploads\/2019\/03\/shutterstock_1247659948.jpg","width":1920,"height":1282},{"@type":"BreadcrumbList","@id":"https:\/\/www.paradine.at\/de\/eclss-api\/#breadcrumb","itemListElement":[{"@type":"ListItem","position":1,"name":"Home","item":"https:\/\/www.paradine.at\/de\/"},{"@type":"ListItem","position":2,"name":"ECLASS-API"}]},{"@type":"WebSite","@id":"https:\/\/www.paradine.at\/de\/#website","url":"https:\/\/www.paradine.at\/de\/","name":"Paradine","description":"Master Data Management","publisher":{"@id":"https:\/\/www.paradine.at\/de\/#organization"},"potentialAction":[{"@type":"SearchAction","target":{"@type":"EntryPoint","urlTemplate":"https:\/\/www.paradine.at\/de\/?s={search_term_string}"},"query-input":{"@type":"PropertyValueSpecification","valueRequired":true,"valueName":"search_term_string"}}],"inLanguage":"de"},{"@type":"Organization","@id":"https:\/\/www.paradine.at\/de\/#organization","name":"Paradine GmbH","url":"https:\/\/www.paradine.at\/de\/","logo":{"@type":"ImageObject","inLanguage":"de","@id":"https:\/\/www.paradine.at\/de\/#\/schema\/logo\/image\/","url":"https:\/\/www.paradine.at\/wp-content\/uploads\/2019\/04\/Paradine-Logo-RGB-png-3200px.png","contentUrl":"https:\/\/www.paradine.at\/wp-content\/uploads\/2019\/04\/Paradine-Logo-RGB-png-3200px.png","width":1920,"height":317,"caption":"Paradine GmbH"},"image":{"@id":"https:\/\/www.paradine.at\/de\/#\/schema\/logo\/image\/"},"sameAs":["https:\/\/www.facebook.com\/paradinegmbh\/","https:\/\/x.com\/ParadineGmbH","https:\/\/www.instagram.com\/paradinegmbh\/","https:\/\/www.linkedin.com\/company\/paradinegmbh\/","http:\/\/wiki.eclass.eu\/wiki\/PARADINE_GmbH"]}]}},"_links":{"self":[{"href":"https:\/\/www.paradine.at\/de\/wp-json\/wp\/v2\/pages\/2534"}],"collection":[{"href":"https:\/\/www.paradine.at\/de\/wp-json\/wp\/v2\/pages"}],"about":[{"href":"https:\/\/www.paradine.at\/de\/wp-json\/wp\/v2\/types\/page"}],"author":[{"embeddable":true,"href":"https:\/\/www.paradine.at\/de\/wp-json\/wp\/v2\/users\/68"}],"replies":[{"embeddable":true,"href":"https:\/\/www.paradine.at\/de\/wp-json\/wp\/v2\/comments?post=2534"}],"version-history":[{"count":5,"href":"https:\/\/www.paradine.at\/de\/wp-json\/wp\/v2\/pages\/2534\/revisions"}],"predecessor-version":[{"id":6817,"href":"https:\/\/www.paradine.at\/de\/wp-json\/wp\/v2\/pages\/2534\/revisions\/6817"}],"wp:featuredmedia":[{"embeddable":true,"href":"https:\/\/www.paradine.at\/de\/wp-json\/wp\/v2\/media\/2342"}],"wp:attachment":[{"href":"https:\/\/www.paradine.at\/de\/wp-json\/wp\/v2\/media?parent=2534"}],"curies":[{"name":"wp","href":"https:\/\/api.w.org\/{rel}","templated":true}]}}