{"id":2500,"date":"2018-11-25T18:03:25","date_gmt":"2018-11-25T18:03:25","guid":{"rendered":"http:\/\/www2.paradine.at\/company\/career\/"},"modified":"2024-08-12T10:10:54","modified_gmt":"2024-08-12T08:10:54","slug":"career","status":"publish","type":"page","link":"https:\/\/www.paradine.at\/de\/company\/career\/","title":{"rendered":"Karriere"},"content":{"rendered":"<p>[vc_row][vc_column width=&#8221;1\/2&#8243;][vc_custom_heading text=&#8221;Karriere bei Paradine&#8221; font_container=&#8221;tag:h2|text_align:left|color:%230b6ab3&#8243;][vc_column_text]Wir helfen Unternehmen bei der Bew\u00e4ltigung komplexer Gesch\u00e4fts- und IT-Herausforderungen, indem wir Datentransparenz durch Stammdatenmanagement erm\u00f6glichen.<\/p>\n<p>Dank unserer Teammitglieder aus Wien, Sibiu und Kiew k\u00f6nnen wir als global agierendes Unternehmen Softwarel\u00f6sungen liefern, die es den weltweit gr\u00f6\u00dften und erfolgreichsten Unternehmen erm\u00f6glichen, Digitalisierung und Wachstum voranzutreiben.<\/p>\n<p>Wir sind laufend auf der Suche nach Talenten und ExpertInnen, die Zusammenarbeit und Teamwork sch\u00e4tzen und die gerne Verantwortung \u00fcbernehmen. Lesen Sie weiter und \u00fcberzeugen Sie sich selbst. Vielleicht sind Sie ja schon bald eines unserer Teammitglieder![\/vc_column_text][\/vc_column][vc_column width=&#8221;1\/2&#8243;][vc_single_image image=&#8221;6208&#8243; img_size=&#8221;full&#8221;][\/vc_column][\/vc_row][vc_section][vc_row][vc_column width=&#8221;1\/2&#8243;][vc_custom_heading text=&#8221;&#8221; font_container=&#8221;tag:h2|text_align:center|color:%231e73be&#8221;][vc_single_image image=&#8221;6209&#8243; img_size=&#8221;full&#8221;][\/vc_column][vc_column width=&#8221;1\/2&#8243;][vc_custom_heading text=&#8221;Offene Stellen&#8221; font_container=&#8221;tag:h2|text_align:center|color:%230B6AB3&#8243;][vc_column_text]<\/p>\n<div id=\"BambooHR\" data-domain=\"paradine.bamboohr.com\" data-version=\"1.0.0\" data-departmentid=\"\"><\/div>\n<p><script src=\"https:\/\/paradine.bamboohr.com\/js\/embed.js\" type=\"text\/javascript\" async defer><\/script>[\/vc_column_text][\/vc_column][\/vc_row][\/vc_section][vc_row][vc_column][vc_custom_heading text=&#8221;Genie\u00dfen Sie viele Vorteile als Paradine MitarbeiterIn!&#8221; font_container=&#8221;tag:h2|text_align:center|color:%230b6ab3&#8243;][vc_tta_pageable no_fill_content_area=&#8221;true&#8221; autoplay=&#8221;3&#8243; active_section=&#8221;1&#8243; pagination_style=&#8221;flat-round&#8221; css_animation=&#8221;left-to-right&#8221; css=&#8221;.vc_custom_1661255859972{background-color: rgba(191,191,191,0.49) !important;background-position: 0 0 !important;background-repeat: repeat !important;*background-color: rgb(191,191,191) !important;}&#8221;][vc_tta_section title=&#8221;Abschnitt 1&#8243; tab_id=&#8221;1661244260396-bcc586c1-543a&#8221;][vc_icon icon_fontawesome=&#8221;fas fa-graduation-cap&#8221; color=&#8221;grey&#8221; size=&#8221;lg&#8221; align=&#8221;center&#8221;][vc_column_text]<\/p>\n<p style=\"text-align: center;\"><span style=\"font-size: 16px;\"><strong>Aus- und Weiterbildung<\/strong><\/span><\/p>\n<p style=\"text-align: center;\"><span style=\"font-size: 16px;\">Unsere Mitarbeiter haben die M\u00f6glichkeit, ihre fachlichen und pers\u00f6nlichen Kompetenzen durch zus\u00e4tzliche Kurse zu erweitern.<\/span><\/p>\n<p>[\/vc_column_text][\/vc_tta_section][vc_tta_section title=&#8221;Abschnitt 2&#8243; tab_id=&#8221;1661244260396-949c5241-d48c&#8221;][vc_icon icon_fontawesome=&#8221;fas fa-coffee&#8221; color=&#8221;grey&#8221; size=&#8221;lg&#8221; align=&#8221;center&#8221;][vc_column_text]<\/p>\n<p style=\"text-align: center;\"><span style=\"font-size: 16px;\"><strong>B\u00fcro-Caf\u00e9<\/strong><\/span><\/p>\n<p style=\"text-align: center;\"><span style=\"font-size: 16px;\">Ein ausgewogener Arbeitsalltag ist f\u00fcr uns wichtig. Deshalb stellen wir unseren Mitarbeitern kostenlose Getr\u00e4nke und Snacks zur Verf\u00fcgung.<\/span><\/p>\n<p>[\/vc_column_text][\/vc_tta_section][vc_tta_section title=&#8221;Abschnitt&#8221; tab_id=&#8221;1661246731181-6cd561e3-ad4b&#8221;][vc_icon icon_fontawesome=&#8221;fas fa-subway&#8221; color=&#8221;grey&#8221; size=&#8221;lg&#8221; align=&#8221;center&#8221;][vc_column_text]<\/p>\n<p style=\"text-align: center;\"><strong>Unser Standort: Wien Meidling<\/strong><\/p>\n<p style=\"text-align: center;\">Unser Firmensitz ist mit 16 verschiedenen \u00f6ffentlichen Verkehrsmitteln erreichbar. Der Bahnhof Meidling ist nur wenige Gehminuten entfernt.<\/p>\n<p>[\/vc_column_text][\/vc_tta_section][vc_tta_section title=&#8221;Abschnitt&#8221; tab_id=&#8221;1661247983661-d2af7386-7453&#8243;][vc_icon icon_fontawesome=&#8221;fas fa-running&#8221; color=&#8221;grey&#8221; size=&#8221;lg&#8221; align=&#8221;center&#8221;][vc_column_text]<\/p>\n<p style=\"text-align: center;\"><strong>Sportgemeinschaft<\/strong><\/p>\n<p style=\"text-align: center;\">Wir halten ein gutes Arbeitsklima, Sportveranstaltungen f\u00fcr die Mitarbeiter und eine gute Work-Life-Balance f\u00fcr wichtig. Wir organisieren daher regelm\u00e4\u00dfig die Teilnahme an verschiedenen Sportveranstaltungen (Business Run, Vienna Night Run, X-Cross-Run, etc.).<\/p>\n<p>[\/vc_column_text][\/vc_tta_section][vc_tta_section title=&#8221;Abschnitt&#8221; tab_id=&#8221;1661247989603-070b0059-85db&#8221;][vc_icon icon_fontawesome=&#8221;fas fa-laptop&#8221; color=&#8221;grey&#8221; size=&#8221;lg&#8221; align=&#8221;center&#8221;][vc_column_text]<\/p>\n<p style=\"text-align: center;\"><strong>Flexible Arbeitszeiten<\/strong><\/p>\n<p style=\"text-align: center;\">Eine ausgewogene Work-Life-Balance erachten wir als sehr wichtig. Deshalb ist es f\u00fcr uns wichtig, dass unsere Mitarbeiter ihre Arbeitszeit im Rahmen der Betriebsvereinbarung flexibel gestalten k\u00f6nnen. Gleitzeit und individuelle Home-Office-Regelungen sind in unserem Unternehmen seit Jahren \u00fcblich.<\/p>\n<p>[\/vc_column_text][\/vc_tta_section][vc_tta_section title=&#8221;Abschnitt&#8221; tab_id=&#8221;1661248188343-f6121b43-8fdc&#8221;][vc_icon icon_fontawesome=&#8221;fas fa-utensils&#8221; color=&#8221;grey&#8221; size=&#8221;lg&#8221; align=&#8221;center&#8221;][vc_column_text]<\/p>\n<p style=\"text-align: center;\"><strong>Essen am Campus<\/strong><\/p>\n<p style=\"text-align: center;\">Zum Mittagessen gibt es eine gro\u00dfe Auswahl an Gesch\u00e4ften und Restaurants: Plaza Eurest, dean&amp;David, Gourmet Business, Tuk Tuk, Billa, Billa Plus und vieles mehr.<\/p>\n<p>[\/vc_column_text][\/vc_tta_section][vc_tta_section title=&#8221;Abschnitt&#8221; tab_id=&#8221;1661248245893-4c2affdb-00d9&#8243;][vc_icon icon_fontawesome=&#8221;fas fa-calendar-check&#8221; color=&#8221;grey&#8221; size=&#8221;lg&#8221; align=&#8221;center&#8221;][vc_column_text]<\/p>\n<p style=\"text-align: center;\"><strong>Veranstaltungen <\/strong><\/p>\n<p style=\"text-align: center;\">Unsere Mitarbeiterveranstaltungen sorgen daf\u00fcr, dass sich unsere Mitarbeiter auch au\u00dferhalb des Arbeitsplatzes in einer entspannten Atmosph\u00e4re kennenlernen k\u00f6nnen. Der pers\u00f6nliche Austausch untereinander ist uns wichtig, weshalb sich im Laufe der Jahre Weihnachtsfeiern, Sportveranstaltungen und gemeinsame Ausfl\u00fcge etabliert haben.<\/p>\n<p>[\/vc_column_text][\/vc_tta_section][vc_tta_section title=&#8221;Abschnitt&#8221; tab_id=&#8221;1661248304542-725e2074-178a&#8221;][vc_icon icon_fontawesome=&#8221;far fa-credit-card&#8221; color=&#8221;grey&#8221; size=&#8221;lg&#8221; align=&#8221;center&#8221;][vc_column_text]<\/p>\n<p style=\"text-align: center;\"><strong>Erm\u00e4\u00dfigungen<\/strong><\/p>\n<p style=\"text-align: center;\">Unsere Mitarbeiter haben Zugang zu einer breiten Palette von Erm\u00e4\u00dfigungen. Als ArbeitnehmerIn erhalten Sie dauerhaft Rabatte auf Produkte und Dienstleistungen namhafter Anbieter.<\/p>\n<p>[\/vc_column_text][\/vc_tta_section][\/vc_tta_pageable][\/vc_column][\/vc_row]<\/p>\n","protected":false},"excerpt":{"rendered":"<p>[vc_row][vc_column width=&#8221;1\/2&#8243;][vc_custom_heading text=&#8221;Karriere bei Paradine&#8221; font_container=&#8221;tag:h2|text_align:left|color:%230b6ab3&#8243;][vc_column_text]Wir helfen Unternehmen bei der Bew\u00e4ltigung komplexer Gesch\u00e4fts- und IT-Herausforderungen, indem wir Datentransparenz durch Stammdatenmanagement erm\u00f6glichen. Dank unserer Teammitglieder aus Wien, Sibiu und Kiew k\u00f6nnen wir als global agierendes Unternehmen Softwarel\u00f6sungen liefern, die es den weltweit gr\u00f6\u00dften und erfolgreichsten Unternehmen erm\u00f6glichen, Digitalisierung und Wachstum voranzutreiben. Wir sind laufend auf der&#8230;<\/p>\n","protected":false},"author":68,"featured_media":2027,"parent":2299,"menu_order":0,"comment_status":"closed","ping_status":"closed","template":"","meta":{"_acf_changed":false,"footnotes":""},"class_list":["post-2500","page","type-page","status-publish","has-post-thumbnail","hentry"],"acf":[],"yoast_head":"<!-- This site is optimized with the Yoast SEO plugin v23.4 - https:\/\/yoast.com\/wordpress\/plugins\/seo\/ -->\n<title>Karriere &#8226; Paradine<\/title>\n<meta name=\"robots\" content=\"index, follow, max-snippet:-1, max-image-preview:large, max-video-preview:-1\" \/>\n<link rel=\"canonical\" href=\"https:\/\/www.paradine.at\/de\/company\/career\/\" \/>\n<meta property=\"og:locale\" content=\"de_DE\" \/>\n<meta property=\"og:type\" content=\"article\" \/>\n<meta property=\"og:title\" content=\"Karriere &#8226; Paradine\" \/>\n<meta property=\"og:description\" content=\"[vc_row][vc_column width=&#8221;1\/2&#8243;][vc_custom_heading text=&#8221;Karriere bei Paradine&#8221; font_container=&#8221;tag:h2|text_align:left|color:%230b6ab3&#8243;][vc_column_text]Wir helfen Unternehmen bei der Bew\u00e4ltigung komplexer Gesch\u00e4fts- und IT-Herausforderungen, indem wir Datentransparenz durch Stammdatenmanagement erm\u00f6glichen. Dank unserer Teammitglieder aus Wien, Sibiu und Kiew k\u00f6nnen wir als global agierendes Unternehmen Softwarel\u00f6sungen liefern, die es den weltweit gr\u00f6\u00dften und erfolgreichsten Unternehmen erm\u00f6glichen, Digitalisierung und Wachstum voranzutreiben. Wir sind laufend auf der...\" \/>\n<meta property=\"og:url\" content=\"https:\/\/www.paradine.at\/de\/company\/career\/\" \/>\n<meta property=\"og:site_name\" content=\"Paradine\" \/>\n<meta property=\"article:publisher\" content=\"https:\/\/www.facebook.com\/paradinegmbh\/\" \/>\n<meta property=\"article:modified_time\" content=\"2024-08-12T08:10:54+00:00\" \/>\n<meta property=\"og:image\" content=\"https:\/\/www.paradine.at\/wp-content\/uploads\/2019\/01\/shutterstock_378771547.jpg\" \/>\n\t<meta property=\"og:image:width\" content=\"1024\" \/>\n\t<meta property=\"og:image:height\" content=\"620\" \/>\n\t<meta property=\"og:image:type\" content=\"image\/jpeg\" \/>\n<meta name=\"twitter:card\" content=\"summary_large_image\" \/>\n<meta name=\"twitter:site\" content=\"@ParadineGmbH\" \/>\n<meta name=\"twitter:label1\" content=\"Gesch\u00e4tzte Lesezeit\" \/>\n\t<meta name=\"twitter:data1\" content=\"2\u00a0Minuten\" \/>\n<script type=\"application\/ld+json\" class=\"yoast-schema-graph\">{\"@context\":\"https:\/\/schema.org\",\"@graph\":[{\"@type\":\"WebPage\",\"@id\":\"https:\/\/www.paradine.at\/de\/company\/career\/\",\"url\":\"https:\/\/www.paradine.at\/de\/company\/career\/\",\"name\":\"Karriere &#8226; Paradine\",\"isPartOf\":{\"@id\":\"https:\/\/www.paradine.at\/de\/#website\"},\"primaryImageOfPage\":{\"@id\":\"https:\/\/www.paradine.at\/de\/company\/career\/#primaryimage\"},\"image\":{\"@id\":\"https:\/\/www.paradine.at\/de\/company\/career\/#primaryimage\"},\"thumbnailUrl\":\"https:\/\/www.paradine.at\/wp-content\/uploads\/2019\/01\/shutterstock_378771547.jpg\",\"datePublished\":\"2018-11-25T18:03:25+00:00\",\"dateModified\":\"2024-08-12T08:10:54+00:00\",\"breadcrumb\":{\"@id\":\"https:\/\/www.paradine.at\/de\/company\/career\/#breadcrumb\"},\"inLanguage\":\"de\",\"potentialAction\":[{\"@type\":\"ReadAction\",\"target\":[\"https:\/\/www.paradine.at\/de\/company\/career\/\"]}]},{\"@type\":\"ImageObject\",\"inLanguage\":\"de\",\"@id\":\"https:\/\/www.paradine.at\/de\/company\/career\/#primaryimage\",\"url\":\"https:\/\/www.paradine.at\/wp-content\/uploads\/2019\/01\/shutterstock_378771547.jpg\",\"contentUrl\":\"https:\/\/www.paradine.at\/wp-content\/uploads\/2019\/01\/shutterstock_378771547.jpg\",\"width\":4903,\"height\":2971},{\"@type\":\"BreadcrumbList\",\"@id\":\"https:\/\/www.paradine.at\/de\/company\/career\/#breadcrumb\",\"itemListElement\":[{\"@type\":\"ListItem\",\"position\":1,\"name\":\"Home\",\"item\":\"https:\/\/www.paradine.at\/de\/\"},{\"@type\":\"ListItem\",\"position\":2,\"name\":\"Unternehmen\",\"item\":\"https:\/\/www.paradine.at\/de\/company\/\"},{\"@type\":\"ListItem\",\"position\":3,\"name\":\"Karriere\"}]},{\"@type\":\"WebSite\",\"@id\":\"https:\/\/www.paradine.at\/de\/#website\",\"url\":\"https:\/\/www.paradine.at\/de\/\",\"name\":\"Paradine\",\"description\":\"Master Data Management\",\"publisher\":{\"@id\":\"https:\/\/www.paradine.at\/de\/#organization\"},\"potentialAction\":[{\"@type\":\"SearchAction\",\"target\":{\"@type\":\"EntryPoint\",\"urlTemplate\":\"https:\/\/www.paradine.at\/de\/?s={search_term_string}\"},\"query-input\":{\"@type\":\"PropertyValueSpecification\",\"valueRequired\":true,\"valueName\":\"search_term_string\"}}],\"inLanguage\":\"de\"},{\"@type\":\"Organization\",\"@id\":\"https:\/\/www.paradine.at\/de\/#organization\",\"name\":\"Paradine GmbH\",\"url\":\"https:\/\/www.paradine.at\/de\/\",\"logo\":{\"@type\":\"ImageObject\",\"inLanguage\":\"de\",\"@id\":\"https:\/\/www.paradine.at\/de\/#\/schema\/logo\/image\/\",\"url\":\"https:\/\/www.paradine.at\/wp-content\/uploads\/2019\/04\/Paradine-Logo-RGB-png-3200px.png\",\"contentUrl\":\"https:\/\/www.paradine.at\/wp-content\/uploads\/2019\/04\/Paradine-Logo-RGB-png-3200px.png\",\"width\":1920,\"height\":317,\"caption\":\"Paradine GmbH\"},\"image\":{\"@id\":\"https:\/\/www.paradine.at\/de\/#\/schema\/logo\/image\/\"},\"sameAs\":[\"https:\/\/www.facebook.com\/paradinegmbh\/\",\"https:\/\/x.com\/ParadineGmbH\",\"https:\/\/www.instagram.com\/paradinegmbh\/\",\"https:\/\/www.linkedin.com\/company\/paradinegmbh\/\",\"http:\/\/wiki.eclass.eu\/wiki\/PARADINE_GmbH\"]}]}<\/script>\n<!-- \/ Yoast SEO plugin. -->","yoast_head_json":{"title":"Karriere &#8226; Paradine","robots":{"index":"index","follow":"follow","max-snippet":"max-snippet:-1","max-image-preview":"max-image-preview:large","max-video-preview":"max-video-preview:-1"},"canonical":"https:\/\/www.paradine.at\/de\/company\/career\/","og_locale":"de_DE","og_type":"article","og_title":"Karriere &#8226; Paradine","og_description":"[vc_row][vc_column width=&#8221;1\/2&#8243;][vc_custom_heading text=&#8221;Karriere bei Paradine&#8221; font_container=&#8221;tag:h2|text_align:left|color:%230b6ab3&#8243;][vc_column_text]Wir helfen Unternehmen bei der Bew\u00e4ltigung komplexer Gesch\u00e4fts- und IT-Herausforderungen, indem wir Datentransparenz durch Stammdatenmanagement erm\u00f6glichen. Dank unserer Teammitglieder aus Wien, Sibiu und Kiew k\u00f6nnen wir als global agierendes Unternehmen Softwarel\u00f6sungen liefern, die es den weltweit gr\u00f6\u00dften und erfolgreichsten Unternehmen erm\u00f6glichen, Digitalisierung und Wachstum voranzutreiben. Wir sind laufend auf der...","og_url":"https:\/\/www.paradine.at\/de\/company\/career\/","og_site_name":"Paradine","article_publisher":"https:\/\/www.facebook.com\/paradinegmbh\/","article_modified_time":"2024-08-12T08:10:54+00:00","og_image":[{"url":"https:\/\/www.paradine.at\/wp-content\/uploads\/2019\/01\/shutterstock_378771547.jpg","width":1024,"height":620,"type":"image\/jpeg"}],"twitter_card":"summary_large_image","twitter_site":"@ParadineGmbH","twitter_misc":{"Gesch\u00e4tzte Lesezeit":"2\u00a0Minuten"},"schema":{"@context":"https:\/\/schema.org","@graph":[{"@type":"WebPage","@id":"https:\/\/www.paradine.at\/de\/company\/career\/","url":"https:\/\/www.paradine.at\/de\/company\/career\/","name":"Karriere &#8226; Paradine","isPartOf":{"@id":"https:\/\/www.paradine.at\/de\/#website"},"primaryImageOfPage":{"@id":"https:\/\/www.paradine.at\/de\/company\/career\/#primaryimage"},"image":{"@id":"https:\/\/www.paradine.at\/de\/company\/career\/#primaryimage"},"thumbnailUrl":"https:\/\/www.paradine.at\/wp-content\/uploads\/2019\/01\/shutterstock_378771547.jpg","datePublished":"2018-11-25T18:03:25+00:00","dateModified":"2024-08-12T08:10:54+00:00","breadcrumb":{"@id":"https:\/\/www.paradine.at\/de\/company\/career\/#breadcrumb"},"inLanguage":"de","potentialAction":[{"@type":"ReadAction","target":["https:\/\/www.paradine.at\/de\/company\/career\/"]}]},{"@type":"ImageObject","inLanguage":"de","@id":"https:\/\/www.paradine.at\/de\/company\/career\/#primaryimage","url":"https:\/\/www.paradine.at\/wp-content\/uploads\/2019\/01\/shutterstock_378771547.jpg","contentUrl":"https:\/\/www.paradine.at\/wp-content\/uploads\/2019\/01\/shutterstock_378771547.jpg","width":4903,"height":2971},{"@type":"BreadcrumbList","@id":"https:\/\/www.paradine.at\/de\/company\/career\/#breadcrumb","itemListElement":[{"@type":"ListItem","position":1,"name":"Home","item":"https:\/\/www.paradine.at\/de\/"},{"@type":"ListItem","position":2,"name":"Unternehmen","item":"https:\/\/www.paradine.at\/de\/company\/"},{"@type":"ListItem","position":3,"name":"Karriere"}]},{"@type":"WebSite","@id":"https:\/\/www.paradine.at\/de\/#website","url":"https:\/\/www.paradine.at\/de\/","name":"Paradine","description":"Master Data Management","publisher":{"@id":"https:\/\/www.paradine.at\/de\/#organization"},"potentialAction":[{"@type":"SearchAction","target":{"@type":"EntryPoint","urlTemplate":"https:\/\/www.paradine.at\/de\/?s={search_term_string}"},"query-input":{"@type":"PropertyValueSpecification","valueRequired":true,"valueName":"search_term_string"}}],"inLanguage":"de"},{"@type":"Organization","@id":"https:\/\/www.paradine.at\/de\/#organization","name":"Paradine GmbH","url":"https:\/\/www.paradine.at\/de\/","logo":{"@type":"ImageObject","inLanguage":"de","@id":"https:\/\/www.paradine.at\/de\/#\/schema\/logo\/image\/","url":"https:\/\/www.paradine.at\/wp-content\/uploads\/2019\/04\/Paradine-Logo-RGB-png-3200px.png","contentUrl":"https:\/\/www.paradine.at\/wp-content\/uploads\/2019\/04\/Paradine-Logo-RGB-png-3200px.png","width":1920,"height":317,"caption":"Paradine GmbH"},"image":{"@id":"https:\/\/www.paradine.at\/de\/#\/schema\/logo\/image\/"},"sameAs":["https:\/\/www.facebook.com\/paradinegmbh\/","https:\/\/x.com\/ParadineGmbH","https:\/\/www.instagram.com\/paradinegmbh\/","https:\/\/www.linkedin.com\/company\/paradinegmbh\/","http:\/\/wiki.eclass.eu\/wiki\/PARADINE_GmbH"]}]}},"_links":{"self":[{"href":"https:\/\/www.paradine.at\/de\/wp-json\/wp\/v2\/pages\/2500"}],"collection":[{"href":"https:\/\/www.paradine.at\/de\/wp-json\/wp\/v2\/pages"}],"about":[{"href":"https:\/\/www.paradine.at\/de\/wp-json\/wp\/v2\/types\/page"}],"author":[{"embeddable":true,"href":"https:\/\/www.paradine.at\/de\/wp-json\/wp\/v2\/users\/68"}],"replies":[{"embeddable":true,"href":"https:\/\/www.paradine.at\/de\/wp-json\/wp\/v2\/comments?post=2500"}],"version-history":[{"count":16,"href":"https:\/\/www.paradine.at\/de\/wp-json\/wp\/v2\/pages\/2500\/revisions"}],"predecessor-version":[{"id":8602,"href":"https:\/\/www.paradine.at\/de\/wp-json\/wp\/v2\/pages\/2500\/revisions\/8602"}],"up":[{"embeddable":true,"href":"https:\/\/www.paradine.at\/de\/wp-json\/wp\/v2\/pages\/2299"}],"wp:featuredmedia":[{"embeddable":true,"href":"https:\/\/www.paradine.at\/de\/wp-json\/wp\/v2\/media\/2027"}],"wp:attachment":[{"href":"https:\/\/www.paradine.at\/de\/wp-json\/wp\/v2\/media?parent=2500"}],"curies":[{"name":"wp","href":"https:\/\/api.w.org\/{rel}","templated":true}]}}