{"id":2473,"date":"2018-11-25T17:51:51","date_gmt":"2018-11-25T17:51:51","guid":{"rendered":"http:\/\/www2.paradine.at\/training\/eclss-implementation\/"},"modified":"2026-01-14T15:25:41","modified_gmt":"2026-01-14T14:25:41","slug":"eclss-implementation","status":"publish","type":"page","link":"https:\/\/www.paradine.at\/de\/training\/eclss-implementation\/","title":{"rendered":"ECLASS Webinare"},"content":{"rendered":"<p>[vc_row][vc_column][vc_column_text]<\/p>\n<div>\n<p style=\"text-align: center;\">Wir freuen uns, Ihnen mit 2025 eine neue ECLASS-Webinarreihe anbieten zu k\u00f6nnen.<\/p>\n<p>&nbsp;<\/p>\n<\/div>\n<div>\n<div style=\"text-align: center;\">Zielgruppe:<\/div>\n<div style=\"text-align: center;\">Materialstammdatenmanagement \/ Beschaffung \/ Controlling \/ Standardisierung \/ Katalogdatenmanagement \/ Engineering \/ Instandhaltung \/ Ersatzteilmanagement<\/div>\n<\/div>\n<p>[\/vc_column_text][vc_column_text]<\/p>\n<p style=\"text-align: center;\"><strong><span class=\"TextRun SCXP100732530 BCX0\" lang=\"EN-US\" xml:lang=\"EN-US\" data-contrast=\"none\" data-usefontface=\"false\"><span class=\"NormalTextRun SCXP100732530 BCX0\">Paradies &#8211; ECLASS<\/span> <span class=\"NormalTextRun SCXP100732530 BCX0\"> Kompetenz PLATINUM<\/span><\/span><span class=\"EOP SCXP100732530 BCX0\"><br \/>\n<\/span><\/strong><span class=\"TextRun SCXP208662805 BCX0\" lang=\"EN-US\" xml:lang=\"EN-US\" data-contrast=\"none\" data-usefontface=\"false\"><span class=\"NormalTextRun SCXP208662805 BCX0\">Seit 2003 ist Paradine beratend t\u00e4tig <\/span><span class=\"SpellingError SCXP208662805 BCX0\">ECLASS<\/span> <\/span><span class=\"TextRun SCXP208662805 BCX0\" lang=\"EN-US\" xml:lang=\"EN-US\" data-contrast=\"none\" data-usefontface=\"false\"><span class=\"SpellingError SCXP208662805 BCX0\">e.V<\/span><\/span><span class=\"TextRun SCXP208662805 BCX0\" lang=\"EN-US\" xml:lang=\"EN-US\" data-contrast=\"none\" data-usefontface=\"false\"><span class=\"SpellingError SCXP208662805 BCX0\">.<\/span><\/span><span class=\"LineBreakBlob BlobObject SCXP208662805 BCX0\"><span class=\"TextRun SCXP208662805 BCX0\" lang=\"EN-US\" xml:lang=\"EN-US\" data-contrast=\"none\" data-usefontface=\"false\"><span class=\"NormalTextRun SCXP208662805 BCX0\">in den Bereichen Datenmodellierung, Content-Entwicklung<\/span><\/span><span class=\"LineBreakBlob BlobObject SCXP208662805 BCX0\"><span class=\"TextRun SCXP208662805 BCX0\" lang=\"EN-US\" xml:lang=\"EN-US\" data-contrast=\"none\" data-usefontface=\"false\"><span class=\"NormalTextRun SCXP208662805 BCX0\">und Pflegeprozessen<\/span><\/span><span class=\"EOP SCXP208662805 BCX0\">.<br \/>\n<\/span><\/span><\/span><span class=\"TextRun BCX0 SCXP164897299\" lang=\"EN-US\" xml:lang=\"EN-US\" data-contrast=\"none\" data-usefontface=\"false\"><span class=\"NormalTextRun BCX0 SCXP164897299\">Paradine ist Entwickler und Betreiber des<\/span><\/span><span class=\"LineBreakBlob BlobObject BCX0 SCXP164897299\"><span class=\"BCX0 SCXP164897299\">\u200b <\/span><\/span><span class=\"TextRun BCX0 SCXP164897299\" lang=\"EN-US\" xml:lang=\"EN-US\" data-contrast=\"none\" data-usefontface=\"false\"><span class=\"SpellingError BCX0 SCXP164897299\">ECLASS<\/span><span class=\"NormalTextRun BCX0 SCXP164897299\">Plattform f\u00fcr die Entwicklung von Inhalten.<br \/>\n<\/span><\/span><span class=\"TextRun BCX0 SCXP214675296\" lang=\"EN-US\" xml:lang=\"EN-US\" data-contrast=\"none\" data-usefontface=\"false\"><span class=\"NormalTextRun BCX0 SCXP214675296\">Paradine ist offiziell <\/span><span class=\"SpellingError BCX0 SCXP214675296\">ECLASS<\/span><span class=\"NormalTextRun BCX0 SCXP214675296\"> Repr\u00e4sentationsb\u00fcro<\/span><\/span><span class=\"LineBreakBlob BlobObject BCX0 SCXP214675296\"><span class=\"BCX0 SCXP214675296\">\u200b <\/span><\/span><span class=\"TextRun BCX0 SCXP214675296\" lang=\"EN-US\" xml:lang=\"EN-US\" data-contrast=\"none\" data-usefontface=\"false\"><span class=\"NormalTextRun BCX0 SCXP214675296\">f\u00fcr \u00d6sterreich, S\u00fcd- und Ost-Europa.<br \/>\n<\/span><\/span><span class=\"TextRun BCX0 SCXP195319204\" lang=\"EN-US\" xml:lang=\"EN-US\" data-contrast=\"none\" data-usefontface=\"false\"><span class=\"NormalTextRun BCX0 SCXP195319204\">Paradine<\/span><\/span><span class=\"TextRun BCX0 SCXP195319204\" lang=\"EN-US\" xml:lang=\"EN-US\" data-contrast=\"none\" data-usefontface=\"false\"><span class=\"NormalTextRun BCX0 SCXP195319204\"> ist zertifiziert, weltweit t\u00e4tiger<\/span><\/span><span class=\"LineBreakBlob BlobObject BCX0 SCXP195319204\"><span class=\"BCX0 SCXP195319204\">\u200b <\/span><\/span><span class=\"TextRun BCX0 SCXP195319204\" lang=\"EN-US\" xml:lang=\"EN-US\" data-contrast=\"none\" data-usefontface=\"false\"><span class=\"NormalTextRun BCX0 SCXP195319204\">ECLASS Preferred Partner PLATINUM <\/span><\/span>und bietet ein umfangreiches Angebot an ECLASS-Webinaren.<\/p>\n<p style=\"text-align: center;\"><img loading=\"lazy\" decoding=\"async\" class=\"alignnone size-medium wp-image-4922\" src=\"https:\/\/www.paradine.at\/wp-content\/uploads\/2020\/11\/200929eclass_preferred_partner_platinum_CMYK_RZ-300x130.jpg\" alt=\"\" width=\"300\" height=\"130\" srcset=\"https:\/\/www.paradine.at\/wp-content\/uploads\/2020\/11\/200929eclass_preferred_partner_platinum_CMYK_RZ-300x130.jpg 300w, https:\/\/www.paradine.at\/wp-content\/uploads\/2020\/11\/200929eclass_preferred_partner_platinum_CMYK_RZ-1024x444.jpg 1024w, https:\/\/www.paradine.at\/wp-content\/uploads\/2020\/11\/200929eclass_preferred_partner_platinum_CMYK_RZ-768x333.jpg 768w, https:\/\/www.paradine.at\/wp-content\/uploads\/2020\/11\/200929eclass_preferred_partner_platinum_CMYK_RZ-680x295.jpg 680w, https:\/\/www.paradine.at\/wp-content\/uploads\/2020\/11\/200929eclass_preferred_partner_platinum_CMYK_RZ.jpg 1341w\" sizes=\"(max-width: 300px) 100vw, 300px\" \/><\/p>\n<p>[\/vc_column_text][\/vc_column][\/vc_row][vc_row][vc_column width=&#8221;1\/3&#8243;][\/vc_column][vc_column width=&#8221;1\/3&#8243;][vc_column_text]<\/p>\n<h4 style=\"text-align: center;\"><span style=\"color: #3366ff;\"><strong>Termin\u00fcbersicht<\/strong><\/span><\/h4>\n<h4 style=\"text-align: center;\"><a class=\"download-link\" title=\"\" href=\"https:\/\/www.paradine.at\/download\/8635\/?tmstv=1738949479\" rel=\"nofollow\" data-e-disable-page-transition=\"true\" data-redirect=\"false\"><img loading=\"lazy\" decoding=\"async\" class=\"wp-image-8649 alignnone\" src=\"https:\/\/www.paradine.at\/wp-content\/uploads\/2025\/02\/unnamed.png\" alt=\"\" width=\"36\" height=\"36\" \/> <\/a><a href=\"https:\/\/www.paradine.at\/download\/146\/webinar-seminar-registration\/8777\/2026-q1-q2-eclass-webinar-en-260101\">2026-Q1-Q2-ECLASS-Seminar-Webinar-Registration-EN<\/a><a id=\"download-link-8635\" class=\"download-link\" title=\"\" href=\"https:\/\/www.paradine.at\/download\/8635\/?tmstv=1738949479\" rel=\"nofollow\" data-e-disable-page-transition=\"true\" data-redirect=\"false\"><\/a><\/h4>\n<h4 style=\"text-align: center;\"><span style=\"color: #3366ff;\"><strong>Kontakt &amp; Anmeldung<\/strong><\/span><\/h4>\n<p style=\"text-align: center;\">seminare(at)paradine.at<br \/>\n+43 (1) 236 66 68 &#8211; 0<\/p>\n<p>[\/vc_column_text][\/vc_column][vc_column width=&#8221;1\/3&#8243;][\/vc_column][\/vc_row]<\/p>\n","protected":false},"excerpt":{"rendered":"<p>[vc_row][vc_column][vc_column_text] Wir freuen uns, Ihnen mit 2025 eine neue ECLASS-Webinarreihe anbieten zu k\u00f6nnen. &nbsp; Zielgruppe: Materialstammdatenmanagement \/ Beschaffung \/ Controlling \/ Standardisierung \/ Katalogdatenmanagement \/ Engineering \/ Instandhaltung \/ Ersatzteilmanagement [\/vc_column_text][vc_column_text] Paradies &#8211; ECLASS Kompetenz PLATINUM Seit 2003 ist Paradine beratend t\u00e4tig ECLASS e.V.in den Bereichen Datenmodellierung, Content-Entwicklungund Pflegeprozessen. Paradine ist Entwickler und Betreiber des\u200b&#8230;<\/p>\n","protected":false},"author":68,"featured_media":7877,"parent":2468,"menu_order":0,"comment_status":"closed","ping_status":"closed","template":"","meta":{"_acf_changed":false,"footnotes":""},"class_list":["post-2473","page","type-page","status-publish","has-post-thumbnail","hentry"],"acf":[],"yoast_head":"<!-- This site is optimized with the Yoast SEO plugin v23.4 - https:\/\/yoast.com\/wordpress\/plugins\/seo\/ -->\n<title>ECLASS Webinare &#8226; Paradine<\/title>\n<meta name=\"robots\" content=\"index, follow, max-snippet:-1, max-image-preview:large, max-video-preview:-1\" \/>\n<link rel=\"canonical\" href=\"https:\/\/www.paradine.at\/de\/training\/eclss-implementation\/\" \/>\n<meta property=\"og:locale\" content=\"de_DE\" \/>\n<meta property=\"og:type\" content=\"article\" \/>\n<meta property=\"og:title\" content=\"ECLASS Webinare &#8226; Paradine\" \/>\n<meta property=\"og:description\" content=\"[vc_row][vc_column][vc_column_text] Wir freuen uns, Ihnen mit 2025 eine neue ECLASS-Webinarreihe anbieten zu k\u00f6nnen. &nbsp; Zielgruppe: Materialstammdatenmanagement \/ Beschaffung \/ Controlling \/ Standardisierung \/ Katalogdatenmanagement \/ Engineering \/ Instandhaltung \/ Ersatzteilmanagement [\/vc_column_text][vc_column_text] Paradies &#8211; ECLASS Kompetenz PLATINUM Seit 2003 ist Paradine beratend t\u00e4tig ECLASS e.V.in den Bereichen Datenmodellierung, Content-Entwicklungund Pflegeprozessen. Paradine ist Entwickler und Betreiber des\u200b...\" \/>\n<meta property=\"og:url\" content=\"https:\/\/www.paradine.at\/de\/training\/eclss-implementation\/\" \/>\n<meta property=\"og:site_name\" content=\"Paradine\" \/>\n<meta property=\"article:publisher\" content=\"https:\/\/www.facebook.com\/paradinegmbh\/\" \/>\n<meta property=\"article:modified_time\" content=\"2026-01-14T14:25:41+00:00\" \/>\n<meta property=\"og:image\" content=\"https:\/\/www.paradine.at\/wp-content\/uploads\/2019\/03\/shutterstock_561776362.jpg\" \/>\n\t<meta property=\"og:image:width\" content=\"1920\" \/>\n\t<meta property=\"og:image:height\" content=\"1071\" \/>\n\t<meta property=\"og:image:type\" content=\"image\/jpeg\" \/>\n<meta name=\"twitter:card\" content=\"summary_large_image\" \/>\n<meta name=\"twitter:site\" content=\"@ParadineGmbH\" \/>\n<meta name=\"twitter:label1\" content=\"Gesch\u00e4tzte Lesezeit\" \/>\n\t<meta name=\"twitter:data1\" content=\"2\u00a0Minuten\" \/>\n<script type=\"application\/ld+json\" class=\"yoast-schema-graph\">{\"@context\":\"https:\/\/schema.org\",\"@graph\":[{\"@type\":\"WebPage\",\"@id\":\"https:\/\/www.paradine.at\/de\/training\/eclss-implementation\/\",\"url\":\"https:\/\/www.paradine.at\/de\/training\/eclss-implementation\/\",\"name\":\"ECLASS Webinare &#8226; Paradine\",\"isPartOf\":{\"@id\":\"https:\/\/www.paradine.at\/de\/#website\"},\"primaryImageOfPage\":{\"@id\":\"https:\/\/www.paradine.at\/de\/training\/eclss-implementation\/#primaryimage\"},\"image\":{\"@id\":\"https:\/\/www.paradine.at\/de\/training\/eclss-implementation\/#primaryimage\"},\"thumbnailUrl\":\"https:\/\/www.paradine.at\/wp-content\/uploads\/2019\/03\/shutterstock_561776362.jpg\",\"datePublished\":\"2018-11-25T17:51:51+00:00\",\"dateModified\":\"2026-01-14T14:25:41+00:00\",\"breadcrumb\":{\"@id\":\"https:\/\/www.paradine.at\/de\/training\/eclss-implementation\/#breadcrumb\"},\"inLanguage\":\"de\",\"potentialAction\":[{\"@type\":\"ReadAction\",\"target\":[\"https:\/\/www.paradine.at\/de\/training\/eclss-implementation\/\"]}]},{\"@type\":\"ImageObject\",\"inLanguage\":\"de\",\"@id\":\"https:\/\/www.paradine.at\/de\/training\/eclss-implementation\/#primaryimage\",\"url\":\"https:\/\/www.paradine.at\/wp-content\/uploads\/2019\/03\/shutterstock_561776362.jpg\",\"contentUrl\":\"https:\/\/www.paradine.at\/wp-content\/uploads\/2019\/03\/shutterstock_561776362.jpg\",\"width\":1920,\"height\":1071},{\"@type\":\"BreadcrumbList\",\"@id\":\"https:\/\/www.paradine.at\/de\/training\/eclss-implementation\/#breadcrumb\",\"itemListElement\":[{\"@type\":\"ListItem\",\"position\":1,\"name\":\"Home\",\"item\":\"https:\/\/www.paradine.at\/de\/\"},{\"@type\":\"ListItem\",\"position\":2,\"name\":\"Paradine Academy\",\"item\":\"https:\/\/www.paradine.at\/de\/training\/\"},{\"@type\":\"ListItem\",\"position\":3,\"name\":\"ECLASS Webinare\"}]},{\"@type\":\"WebSite\",\"@id\":\"https:\/\/www.paradine.at\/de\/#website\",\"url\":\"https:\/\/www.paradine.at\/de\/\",\"name\":\"Paradine\",\"description\":\"Master Data Management\",\"publisher\":{\"@id\":\"https:\/\/www.paradine.at\/de\/#organization\"},\"potentialAction\":[{\"@type\":\"SearchAction\",\"target\":{\"@type\":\"EntryPoint\",\"urlTemplate\":\"https:\/\/www.paradine.at\/de\/?s={search_term_string}\"},\"query-input\":{\"@type\":\"PropertyValueSpecification\",\"valueRequired\":true,\"valueName\":\"search_term_string\"}}],\"inLanguage\":\"de\"},{\"@type\":\"Organization\",\"@id\":\"https:\/\/www.paradine.at\/de\/#organization\",\"name\":\"Paradine GmbH\",\"url\":\"https:\/\/www.paradine.at\/de\/\",\"logo\":{\"@type\":\"ImageObject\",\"inLanguage\":\"de\",\"@id\":\"https:\/\/www.paradine.at\/de\/#\/schema\/logo\/image\/\",\"url\":\"https:\/\/www.paradine.at\/wp-content\/uploads\/2019\/04\/Paradine-Logo-RGB-png-3200px.png\",\"contentUrl\":\"https:\/\/www.paradine.at\/wp-content\/uploads\/2019\/04\/Paradine-Logo-RGB-png-3200px.png\",\"width\":1920,\"height\":317,\"caption\":\"Paradine GmbH\"},\"image\":{\"@id\":\"https:\/\/www.paradine.at\/de\/#\/schema\/logo\/image\/\"},\"sameAs\":[\"https:\/\/www.facebook.com\/paradinegmbh\/\",\"https:\/\/x.com\/ParadineGmbH\",\"https:\/\/www.instagram.com\/paradinegmbh\/\",\"https:\/\/www.linkedin.com\/company\/paradinegmbh\/\",\"http:\/\/wiki.eclass.eu\/wiki\/PARADINE_GmbH\"]}]}<\/script>\n<!-- \/ Yoast SEO plugin. -->","yoast_head_json":{"title":"ECLASS Webinare &#8226; Paradine","robots":{"index":"index","follow":"follow","max-snippet":"max-snippet:-1","max-image-preview":"max-image-preview:large","max-video-preview":"max-video-preview:-1"},"canonical":"https:\/\/www.paradine.at\/de\/training\/eclss-implementation\/","og_locale":"de_DE","og_type":"article","og_title":"ECLASS Webinare &#8226; Paradine","og_description":"[vc_row][vc_column][vc_column_text] Wir freuen uns, Ihnen mit 2025 eine neue ECLASS-Webinarreihe anbieten zu k\u00f6nnen. &nbsp; Zielgruppe: Materialstammdatenmanagement \/ Beschaffung \/ Controlling \/ Standardisierung \/ Katalogdatenmanagement \/ Engineering \/ Instandhaltung \/ Ersatzteilmanagement [\/vc_column_text][vc_column_text] Paradies &#8211; ECLASS Kompetenz PLATINUM Seit 2003 ist Paradine beratend t\u00e4tig ECLASS e.V.in den Bereichen Datenmodellierung, Content-Entwicklungund Pflegeprozessen. Paradine ist Entwickler und Betreiber des\u200b...","og_url":"https:\/\/www.paradine.at\/de\/training\/eclss-implementation\/","og_site_name":"Paradine","article_publisher":"https:\/\/www.facebook.com\/paradinegmbh\/","article_modified_time":"2026-01-14T14:25:41+00:00","og_image":[{"width":1920,"height":1071,"url":"https:\/\/www.paradine.at\/wp-content\/uploads\/2019\/03\/shutterstock_561776362.jpg","type":"image\/jpeg"}],"twitter_card":"summary_large_image","twitter_site":"@ParadineGmbH","twitter_misc":{"Gesch\u00e4tzte Lesezeit":"2\u00a0Minuten"},"schema":{"@context":"https:\/\/schema.org","@graph":[{"@type":"WebPage","@id":"https:\/\/www.paradine.at\/de\/training\/eclss-implementation\/","url":"https:\/\/www.paradine.at\/de\/training\/eclss-implementation\/","name":"ECLASS Webinare &#8226; Paradine","isPartOf":{"@id":"https:\/\/www.paradine.at\/de\/#website"},"primaryImageOfPage":{"@id":"https:\/\/www.paradine.at\/de\/training\/eclss-implementation\/#primaryimage"},"image":{"@id":"https:\/\/www.paradine.at\/de\/training\/eclss-implementation\/#primaryimage"},"thumbnailUrl":"https:\/\/www.paradine.at\/wp-content\/uploads\/2019\/03\/shutterstock_561776362.jpg","datePublished":"2018-11-25T17:51:51+00:00","dateModified":"2026-01-14T14:25:41+00:00","breadcrumb":{"@id":"https:\/\/www.paradine.at\/de\/training\/eclss-implementation\/#breadcrumb"},"inLanguage":"de","potentialAction":[{"@type":"ReadAction","target":["https:\/\/www.paradine.at\/de\/training\/eclss-implementation\/"]}]},{"@type":"ImageObject","inLanguage":"de","@id":"https:\/\/www.paradine.at\/de\/training\/eclss-implementation\/#primaryimage","url":"https:\/\/www.paradine.at\/wp-content\/uploads\/2019\/03\/shutterstock_561776362.jpg","contentUrl":"https:\/\/www.paradine.at\/wp-content\/uploads\/2019\/03\/shutterstock_561776362.jpg","width":1920,"height":1071},{"@type":"BreadcrumbList","@id":"https:\/\/www.paradine.at\/de\/training\/eclss-implementation\/#breadcrumb","itemListElement":[{"@type":"ListItem","position":1,"name":"Home","item":"https:\/\/www.paradine.at\/de\/"},{"@type":"ListItem","position":2,"name":"Paradine Academy","item":"https:\/\/www.paradine.at\/de\/training\/"},{"@type":"ListItem","position":3,"name":"ECLASS Webinare"}]},{"@type":"WebSite","@id":"https:\/\/www.paradine.at\/de\/#website","url":"https:\/\/www.paradine.at\/de\/","name":"Paradine","description":"Master Data Management","publisher":{"@id":"https:\/\/www.paradine.at\/de\/#organization"},"potentialAction":[{"@type":"SearchAction","target":{"@type":"EntryPoint","urlTemplate":"https:\/\/www.paradine.at\/de\/?s={search_term_string}"},"query-input":{"@type":"PropertyValueSpecification","valueRequired":true,"valueName":"search_term_string"}}],"inLanguage":"de"},{"@type":"Organization","@id":"https:\/\/www.paradine.at\/de\/#organization","name":"Paradine GmbH","url":"https:\/\/www.paradine.at\/de\/","logo":{"@type":"ImageObject","inLanguage":"de","@id":"https:\/\/www.paradine.at\/de\/#\/schema\/logo\/image\/","url":"https:\/\/www.paradine.at\/wp-content\/uploads\/2019\/04\/Paradine-Logo-RGB-png-3200px.png","contentUrl":"https:\/\/www.paradine.at\/wp-content\/uploads\/2019\/04\/Paradine-Logo-RGB-png-3200px.png","width":1920,"height":317,"caption":"Paradine GmbH"},"image":{"@id":"https:\/\/www.paradine.at\/de\/#\/schema\/logo\/image\/"},"sameAs":["https:\/\/www.facebook.com\/paradinegmbh\/","https:\/\/x.com\/ParadineGmbH","https:\/\/www.instagram.com\/paradinegmbh\/","https:\/\/www.linkedin.com\/company\/paradinegmbh\/","http:\/\/wiki.eclass.eu\/wiki\/PARADINE_GmbH"]}]}},"_links":{"self":[{"href":"https:\/\/www.paradine.at\/de\/wp-json\/wp\/v2\/pages\/2473"}],"collection":[{"href":"https:\/\/www.paradine.at\/de\/wp-json\/wp\/v2\/pages"}],"about":[{"href":"https:\/\/www.paradine.at\/de\/wp-json\/wp\/v2\/types\/page"}],"author":[{"embeddable":true,"href":"https:\/\/www.paradine.at\/de\/wp-json\/wp\/v2\/users\/68"}],"replies":[{"embeddable":true,"href":"https:\/\/www.paradine.at\/de\/wp-json\/wp\/v2\/comments?post=2473"}],"version-history":[{"count":16,"href":"https:\/\/www.paradine.at\/de\/wp-json\/wp\/v2\/pages\/2473\/revisions"}],"predecessor-version":[{"id":8786,"href":"https:\/\/www.paradine.at\/de\/wp-json\/wp\/v2\/pages\/2473\/revisions\/8786"}],"up":[{"embeddable":true,"href":"https:\/\/www.paradine.at\/de\/wp-json\/wp\/v2\/pages\/2468"}],"wp:featuredmedia":[{"embeddable":true,"href":"https:\/\/www.paradine.at\/de\/wp-json\/wp\/v2\/media\/7877"}],"wp:attachment":[{"href":"https:\/\/www.paradine.at\/de\/wp-json\/wp\/v2\/media?parent=2473"}],"curies":[{"name":"wp","href":"https:\/\/api.w.org\/{rel}","templated":true}]}}