{"id":2468,"date":"2018-11-25T17:51:27","date_gmt":"2018-11-25T17:51:27","guid":{"rendered":"http:\/\/www2.paradine.at\/training\/"},"modified":"2023-04-17T12:14:20","modified_gmt":"2023-04-17T10:14:20","slug":"training","status":"publish","type":"page","link":"https:\/\/www.paradine.at\/de\/training\/","title":{"rendered":"Paradine Academy"},"content":{"rendered":"<p>[vc_row][vc_column][vc_custom_heading text=&#8221;Willkommen in der Paradine Academy!&#8221; font_container=&#8221;tag:h2|font_size:50|text_align:center&#8221;][\/vc_column][\/vc_row][vc_row][vc_column][vc_column_text]<\/p>\n<blockquote>\n<p style=\"text-align: center;\"><span style=\"font-size: 24px;\">Die Paradine Academy zielt darauf ab, Unternehmen zu unterst\u00fctzen, die ihr <strong>Wissen \u00fcber Stammdaten<\/strong> vertiefen wollen oder weitere Informationen zu bestimmten <strong>Stammdatenl\u00f6sungen<\/strong> ben\u00f6tigen. Unser Ziel ist es, Ihnen einen Einblick in den branchen\u00fcbergreifenden, mehrsprachigen Klassifizierungs- und Produktbeschreibungsstandard <strong>ECLASS<\/strong> zu geben und zu zeigen, wie Sie den Standard nutzen k\u00f6nnen, um einen klaren Wettbewerbsvorteil zu erlangen und Ihren <strong>Gesch\u00e4ftserfolg<\/strong> langfristig zu unterst\u00fctzen.<\/span><\/p>\n<\/blockquote>\n<p>[\/vc_column_text][\/vc_column][\/vc_row][vc_row content_placement=&#8221;middle&#8221; css=&#8221;.vc_custom_1475580422852{background-position: center !important;background-repeat: no-repeat !important;background-size: cover !important;}&#8221;][vc_column width=&#8221;1\/3&#8243; css=&#8221;.vc_custom_1678090220673{padding-top: 200px !important;padding-bottom: 200px !important;background-image: url(https:\/\/www.paradine.at\/wp-content\/uploads\/2019\/03\/shutterstock_561776362-e1678090184921.jpg?id=7069) !important;background-position: center !important;background-repeat: no-repeat !important;background-size: cover !important;}&#8221;][vc_custom_heading text=&#8221;ECLASS Seminare&#8221; font_container=&#8221;tag:h2|font_size:30|text_align:center|color:%23ffffff&#8221; use_theme_fonts=&#8221;yes&#8221; css=&#8221;.vc_custom_1678091314996{background-color: #000000 !important;}&#8221;]<a class=\"pioneer_vc_button\" data-title-color-hover=\"#ffffff\" data-bg-color-hover=\"#3366ff\" data-border-c-hover=\"#3366ff\"  href=\"https:\/\/www.paradine.at\/training\/eclass-seminars\/\" target=\"_self\" style=\"display:inline-block; font-size:12px; line-heigth:12px; color:#000000; background-color:#ffffff; padding:5px 5px; margin:-2px 0px 30px 0px; border-width:1px; border-style:solid; border-color:#000000; border-radius:4px\"><i class=\"fa \"><\/i> Zu unseren Seminaren<\/a>[\/vc_column][vc_column width=&#8221;1\/3&#8243; css=&#8221;.vc_custom_1678090685780{padding-top: 200px !important;padding-bottom: 200px !important;background-image: url(https:\/\/www.paradine.at\/wp-content\/uploads\/2023\/03\/webinar-gb17cb7219_1920.jpg?id=7408) !important;background-position: center !important;background-repeat: no-repeat !important;background-size: cover !important;}&#8221;][vc_custom_heading text=&#8221;ECLASS Webinare&#8221; font_container=&#8221;tag:h2|text_align:center|color:%23ffffff&#8221; use_theme_fonts=&#8221;yes&#8221; css=&#8221;.vc_custom_1678091324685{background-color: #000000 !important;}&#8221;]<a class=\"pioneer_vc_button\" data-title-color-hover=\"#ffffff\" data-bg-color-hover=\"#3366ff\" data-border-c-hover=\"#3366ff\"  href=\"https:\/\/www.paradine.at\/training\/eclass-webinars\/\" target=\"_self\" style=\"display:inline-block; font-size:12px; line-heigth:12px; color:#000000; background-color:#ffffff; padding:5px 5px; margin:-2px 0px 30px 0px; border-width:1px; border-style:solid; border-color:#000000; border-radius:4px\"><i class=\"fa \"><\/i> Zu unseren Webinaren<\/a>[\/vc_column][vc_column width=&#8221;1\/3&#8243; css=&#8221;.vc_custom_1678091208641{padding-top: 200px !important;padding-bottom: 200px !important;background-image: url(https:\/\/www.paradine.at\/wp-content\/uploads\/2023\/03\/seminar-594125__480-e1678091188602.jpg?id=7413) !important;background-position: center !important;background-repeat: no-repeat !important;background-size: cover !important;}&#8221;][vc_custom_heading text=&#8221;eCatCreator Webinare&#8221; font_container=&#8221;tag:h2|text_align:center|color:%23ffffff&#8221; use_theme_fonts=&#8221;yes&#8221; css=&#8221;.vc_custom_1678091334054{background-color: #000000 !important;}&#8221;]<a class=\"pioneer_vc_button\" data-title-color-hover=\"#ffffff\" data-bg-color-hover=\"#3366ff\" data-border-c-hover=\"#3366ff\"  href=\"https:\/\/www.paradine.at\/training\/ecatcreator-user\/\" target=\"_self\" style=\"display:inline-block; font-size:12px; line-heigth:12px; color:#000000; background-color:#ffffff; padding:5px 5px; margin:-2px 0px 30px 0px; border-width:1px; border-style:solid; border-color:#000000; border-radius:4px\"><i class=\"fa \"><\/i> Zu unseren Webinaren<\/a>[\/vc_column][\/vc_row]<\/p>\n","protected":false},"excerpt":{"rendered":"<p>[vc_row][vc_column][vc_custom_heading text=&#8221;Willkommen in der Paradine Academy!&#8221; font_container=&#8221;tag:h2|font_size:50|text_align:center&#8221;][\/vc_column][\/vc_row][vc_row][vc_column][vc_column_text] Die Paradine Academy zielt darauf ab, Unternehmen zu unterst\u00fctzen, die ihr Wissen \u00fcber Stammdaten vertiefen wollen oder weitere Informationen zu bestimmten Stammdatenl\u00f6sungen ben\u00f6tigen. Unser Ziel ist es, Ihnen einen Einblick in den branchen\u00fcbergreifenden, mehrsprachigen Klassifizierungs- und Produktbeschreibungsstandard ECLASS zu geben und zu zeigen, wie Sie den Standard nutzen&#8230;<\/p>\n","protected":false},"author":68,"featured_media":7877,"parent":0,"menu_order":0,"comment_status":"closed","ping_status":"closed","template":"","meta":{"_acf_changed":false,"footnotes":""},"class_list":["post-2468","page","type-page","status-publish","has-post-thumbnail","hentry"],"acf":[],"yoast_head":"<!-- This site is optimized with the Yoast SEO plugin v23.4 - https:\/\/yoast.com\/wordpress\/plugins\/seo\/ -->\n<title>Paradine Academy &#8226; Paradine<\/title>\n<meta name=\"robots\" content=\"index, follow, max-snippet:-1, max-image-preview:large, max-video-preview:-1\" \/>\n<link rel=\"canonical\" href=\"https:\/\/www.paradine.at\/de\/training\/\" \/>\n<meta property=\"og:locale\" content=\"de_DE\" \/>\n<meta property=\"og:type\" content=\"article\" \/>\n<meta property=\"og:title\" content=\"Paradine Academy &#8226; Paradine\" \/>\n<meta property=\"og:description\" content=\"[vc_row][vc_column][vc_custom_heading text=&#8221;Willkommen in der Paradine Academy!&#8221; font_container=&#8221;tag:h2|font_size:50|text_align:center&#8221;][\/vc_column][\/vc_row][vc_row][vc_column][vc_column_text] Die Paradine Academy zielt darauf ab, Unternehmen zu unterst\u00fctzen, die ihr Wissen \u00fcber Stammdaten vertiefen wollen oder weitere Informationen zu bestimmten Stammdatenl\u00f6sungen ben\u00f6tigen. Unser Ziel ist es, Ihnen einen Einblick in den branchen\u00fcbergreifenden, mehrsprachigen Klassifizierungs- und Produktbeschreibungsstandard ECLASS zu geben und zu zeigen, wie Sie den Standard nutzen...\" \/>\n<meta property=\"og:url\" content=\"https:\/\/www.paradine.at\/de\/training\/\" \/>\n<meta property=\"og:site_name\" content=\"Paradine\" \/>\n<meta property=\"article:publisher\" content=\"https:\/\/www.facebook.com\/paradinegmbh\/\" \/>\n<meta property=\"article:modified_time\" content=\"2023-04-17T10:14:20+00:00\" \/>\n<meta property=\"og:image\" content=\"https:\/\/www.paradine.at\/wp-content\/uploads\/2019\/03\/shutterstock_561776362.jpg\" \/>\n\t<meta property=\"og:image:width\" content=\"1920\" \/>\n\t<meta property=\"og:image:height\" content=\"1071\" \/>\n\t<meta property=\"og:image:type\" content=\"image\/jpeg\" \/>\n<meta name=\"twitter:card\" content=\"summary_large_image\" \/>\n<meta name=\"twitter:site\" content=\"@ParadineGmbH\" \/>\n<meta name=\"twitter:label1\" content=\"Gesch\u00e4tzte Lesezeit\" \/>\n\t<meta name=\"twitter:data1\" content=\"1\u00a0Minute\" \/>\n<script type=\"application\/ld+json\" class=\"yoast-schema-graph\">{\"@context\":\"https:\/\/schema.org\",\"@graph\":[{\"@type\":\"WebPage\",\"@id\":\"https:\/\/www.paradine.at\/de\/training\/\",\"url\":\"https:\/\/www.paradine.at\/de\/training\/\",\"name\":\"Paradine Academy &#8226; Paradine\",\"isPartOf\":{\"@id\":\"https:\/\/www.paradine.at\/de\/#website\"},\"primaryImageOfPage\":{\"@id\":\"https:\/\/www.paradine.at\/de\/training\/#primaryimage\"},\"image\":{\"@id\":\"https:\/\/www.paradine.at\/de\/training\/#primaryimage\"},\"thumbnailUrl\":\"https:\/\/www.paradine.at\/wp-content\/uploads\/2019\/03\/shutterstock_561776362.jpg\",\"datePublished\":\"2018-11-25T17:51:27+00:00\",\"dateModified\":\"2023-04-17T10:14:20+00:00\",\"breadcrumb\":{\"@id\":\"https:\/\/www.paradine.at\/de\/training\/#breadcrumb\"},\"inLanguage\":\"de\",\"potentialAction\":[{\"@type\":\"ReadAction\",\"target\":[\"https:\/\/www.paradine.at\/de\/training\/\"]}]},{\"@type\":\"ImageObject\",\"inLanguage\":\"de\",\"@id\":\"https:\/\/www.paradine.at\/de\/training\/#primaryimage\",\"url\":\"https:\/\/www.paradine.at\/wp-content\/uploads\/2019\/03\/shutterstock_561776362.jpg\",\"contentUrl\":\"https:\/\/www.paradine.at\/wp-content\/uploads\/2019\/03\/shutterstock_561776362.jpg\",\"width\":1920,\"height\":1071},{\"@type\":\"BreadcrumbList\",\"@id\":\"https:\/\/www.paradine.at\/de\/training\/#breadcrumb\",\"itemListElement\":[{\"@type\":\"ListItem\",\"position\":1,\"name\":\"Home\",\"item\":\"https:\/\/www.paradine.at\/de\/\"},{\"@type\":\"ListItem\",\"position\":2,\"name\":\"Paradine Academy\"}]},{\"@type\":\"WebSite\",\"@id\":\"https:\/\/www.paradine.at\/de\/#website\",\"url\":\"https:\/\/www.paradine.at\/de\/\",\"name\":\"Paradine\",\"description\":\"Master Data Management\",\"publisher\":{\"@id\":\"https:\/\/www.paradine.at\/de\/#organization\"},\"potentialAction\":[{\"@type\":\"SearchAction\",\"target\":{\"@type\":\"EntryPoint\",\"urlTemplate\":\"https:\/\/www.paradine.at\/de\/?s={search_term_string}\"},\"query-input\":{\"@type\":\"PropertyValueSpecification\",\"valueRequired\":true,\"valueName\":\"search_term_string\"}}],\"inLanguage\":\"de\"},{\"@type\":\"Organization\",\"@id\":\"https:\/\/www.paradine.at\/de\/#organization\",\"name\":\"Paradine GmbH\",\"url\":\"https:\/\/www.paradine.at\/de\/\",\"logo\":{\"@type\":\"ImageObject\",\"inLanguage\":\"de\",\"@id\":\"https:\/\/www.paradine.at\/de\/#\/schema\/logo\/image\/\",\"url\":\"https:\/\/www.paradine.at\/wp-content\/uploads\/2019\/04\/Paradine-Logo-RGB-png-3200px.png\",\"contentUrl\":\"https:\/\/www.paradine.at\/wp-content\/uploads\/2019\/04\/Paradine-Logo-RGB-png-3200px.png\",\"width\":1920,\"height\":317,\"caption\":\"Paradine GmbH\"},\"image\":{\"@id\":\"https:\/\/www.paradine.at\/de\/#\/schema\/logo\/image\/\"},\"sameAs\":[\"https:\/\/www.facebook.com\/paradinegmbh\/\",\"https:\/\/x.com\/ParadineGmbH\",\"https:\/\/www.instagram.com\/paradinegmbh\/\",\"https:\/\/www.linkedin.com\/company\/paradinegmbh\/\",\"http:\/\/wiki.eclass.eu\/wiki\/PARADINE_GmbH\"]}]}<\/script>\n<!-- \/ Yoast SEO plugin. -->","yoast_head_json":{"title":"Paradine Academy &#8226; Paradine","robots":{"index":"index","follow":"follow","max-snippet":"max-snippet:-1","max-image-preview":"max-image-preview:large","max-video-preview":"max-video-preview:-1"},"canonical":"https:\/\/www.paradine.at\/de\/training\/","og_locale":"de_DE","og_type":"article","og_title":"Paradine Academy &#8226; Paradine","og_description":"[vc_row][vc_column][vc_custom_heading text=&#8221;Willkommen in der Paradine Academy!&#8221; font_container=&#8221;tag:h2|font_size:50|text_align:center&#8221;][\/vc_column][\/vc_row][vc_row][vc_column][vc_column_text] Die Paradine Academy zielt darauf ab, Unternehmen zu unterst\u00fctzen, die ihr Wissen \u00fcber Stammdaten vertiefen wollen oder weitere Informationen zu bestimmten Stammdatenl\u00f6sungen ben\u00f6tigen. Unser Ziel ist es, Ihnen einen Einblick in den branchen\u00fcbergreifenden, mehrsprachigen Klassifizierungs- und Produktbeschreibungsstandard ECLASS zu geben und zu zeigen, wie Sie den Standard nutzen...","og_url":"https:\/\/www.paradine.at\/de\/training\/","og_site_name":"Paradine","article_publisher":"https:\/\/www.facebook.com\/paradinegmbh\/","article_modified_time":"2023-04-17T10:14:20+00:00","og_image":[{"width":1920,"height":1071,"url":"https:\/\/www.paradine.at\/wp-content\/uploads\/2019\/03\/shutterstock_561776362.jpg","type":"image\/jpeg"}],"twitter_card":"summary_large_image","twitter_site":"@ParadineGmbH","twitter_misc":{"Gesch\u00e4tzte Lesezeit":"1\u00a0Minute"},"schema":{"@context":"https:\/\/schema.org","@graph":[{"@type":"WebPage","@id":"https:\/\/www.paradine.at\/de\/training\/","url":"https:\/\/www.paradine.at\/de\/training\/","name":"Paradine Academy &#8226; Paradine","isPartOf":{"@id":"https:\/\/www.paradine.at\/de\/#website"},"primaryImageOfPage":{"@id":"https:\/\/www.paradine.at\/de\/training\/#primaryimage"},"image":{"@id":"https:\/\/www.paradine.at\/de\/training\/#primaryimage"},"thumbnailUrl":"https:\/\/www.paradine.at\/wp-content\/uploads\/2019\/03\/shutterstock_561776362.jpg","datePublished":"2018-11-25T17:51:27+00:00","dateModified":"2023-04-17T10:14:20+00:00","breadcrumb":{"@id":"https:\/\/www.paradine.at\/de\/training\/#breadcrumb"},"inLanguage":"de","potentialAction":[{"@type":"ReadAction","target":["https:\/\/www.paradine.at\/de\/training\/"]}]},{"@type":"ImageObject","inLanguage":"de","@id":"https:\/\/www.paradine.at\/de\/training\/#primaryimage","url":"https:\/\/www.paradine.at\/wp-content\/uploads\/2019\/03\/shutterstock_561776362.jpg","contentUrl":"https:\/\/www.paradine.at\/wp-content\/uploads\/2019\/03\/shutterstock_561776362.jpg","width":1920,"height":1071},{"@type":"BreadcrumbList","@id":"https:\/\/www.paradine.at\/de\/training\/#breadcrumb","itemListElement":[{"@type":"ListItem","position":1,"name":"Home","item":"https:\/\/www.paradine.at\/de\/"},{"@type":"ListItem","position":2,"name":"Paradine Academy"}]},{"@type":"WebSite","@id":"https:\/\/www.paradine.at\/de\/#website","url":"https:\/\/www.paradine.at\/de\/","name":"Paradine","description":"Master Data Management","publisher":{"@id":"https:\/\/www.paradine.at\/de\/#organization"},"potentialAction":[{"@type":"SearchAction","target":{"@type":"EntryPoint","urlTemplate":"https:\/\/www.paradine.at\/de\/?s={search_term_string}"},"query-input":{"@type":"PropertyValueSpecification","valueRequired":true,"valueName":"search_term_string"}}],"inLanguage":"de"},{"@type":"Organization","@id":"https:\/\/www.paradine.at\/de\/#organization","name":"Paradine GmbH","url":"https:\/\/www.paradine.at\/de\/","logo":{"@type":"ImageObject","inLanguage":"de","@id":"https:\/\/www.paradine.at\/de\/#\/schema\/logo\/image\/","url":"https:\/\/www.paradine.at\/wp-content\/uploads\/2019\/04\/Paradine-Logo-RGB-png-3200px.png","contentUrl":"https:\/\/www.paradine.at\/wp-content\/uploads\/2019\/04\/Paradine-Logo-RGB-png-3200px.png","width":1920,"height":317,"caption":"Paradine GmbH"},"image":{"@id":"https:\/\/www.paradine.at\/de\/#\/schema\/logo\/image\/"},"sameAs":["https:\/\/www.facebook.com\/paradinegmbh\/","https:\/\/x.com\/ParadineGmbH","https:\/\/www.instagram.com\/paradinegmbh\/","https:\/\/www.linkedin.com\/company\/paradinegmbh\/","http:\/\/wiki.eclass.eu\/wiki\/PARADINE_GmbH"]}]}},"_links":{"self":[{"href":"https:\/\/www.paradine.at\/de\/wp-json\/wp\/v2\/pages\/2468"}],"collection":[{"href":"https:\/\/www.paradine.at\/de\/wp-json\/wp\/v2\/pages"}],"about":[{"href":"https:\/\/www.paradine.at\/de\/wp-json\/wp\/v2\/types\/page"}],"author":[{"embeddable":true,"href":"https:\/\/www.paradine.at\/de\/wp-json\/wp\/v2\/users\/68"}],"replies":[{"embeddable":true,"href":"https:\/\/www.paradine.at\/de\/wp-json\/wp\/v2\/comments?post=2468"}],"version-history":[{"count":31,"href":"https:\/\/www.paradine.at\/de\/wp-json\/wp\/v2\/pages\/2468\/revisions"}],"predecessor-version":[{"id":8092,"href":"https:\/\/www.paradine.at\/de\/wp-json\/wp\/v2\/pages\/2468\/revisions\/8092"}],"wp:featuredmedia":[{"embeddable":true,"href":"https:\/\/www.paradine.at\/de\/wp-json\/wp\/v2\/media\/7877"}],"wp:attachment":[{"href":"https:\/\/www.paradine.at\/de\/wp-json\/wp\/v2\/media?parent=2468"}],"curies":[{"name":"wp","href":"https:\/\/api.w.org\/{rel}","templated":true}]}}