{"id":2302,"date":"2017-04-27T15:29:54","date_gmt":"2017-04-27T15:29:54","guid":{"rendered":"http:\/\/www2.paradine.at\/home-2\/"},"modified":"2026-04-27T17:07:30","modified_gmt":"2026-04-27T15:07:30","slug":"home-2","status":"publish","type":"page","link":"https:\/\/www.paradine.at\/de\/","title":{"rendered":"Startseite"},"content":{"rendered":"<p>[vc_row full_width=&#8221;stretch_row&#8221; gap=&#8221;25&#8243; equal_height=&#8221;yes&#8221; content_placement=&#8221;middle&#8221; css=&#8221;.vc_custom_1680608230171{padding-top: 100px !important;padding-bottom: 100px !important;background-image: url(https:\/\/www.paradine.at\/wp-content\/uploads\/2023\/03\/iStock-1344733823-1-scaled.jpg?id=7914) !important;background-position: center !important;background-repeat: no-repeat !important;background-size: cover !important;}&#8221;][vc_column width=&#8221;1\/6&#8243;][\/vc_column][vc_column width=&#8221;2\/3&#8243; css=&#8221;.vc_custom_1476107690140{border: 3px solid #ffffff !important;}&#8221;][vc_custom_heading text=&#8221;Willkommen bei Paradine&#8221; font_container=&#8221;tag:h1|font_size:60|text_align:center|color:%23ffffff|line_height:1&#8243; use_theme_fonts=&#8221;yes&#8221;][vc_column_text]<\/p>\n<p style=\"text-align: center;\"><strong><span style=\"font-size: 24px; color: #ffffff;\"> Ihr Experte f\u00fcr umfassendes Stammdatenmanagement<\/span><\/strong><\/p>\n<p style=\"text-align: center;\"><span style=\"font-size: 20px; color: #ffffff;\">Unser erfahrenes Team bietet Ihnen ma\u00dfgeschneiderte L\u00f6sungen f\u00fcr alle Ihre Stammdatenbed\u00fcrfnisse. Beratung, Services, und Software &#8211; Alles unter einem Dach.<\/span><\/p>\n<p>[\/vc_column_text][vc_btn title=&#8221;Kontaktieren Sie uns&#8221; style=&#8221;flat&#8221; color=&#8221;danger&#8221; align=&#8221;center&#8221; link=&#8221;url:https%3A%2F%2Fwww.paradine.at%2Fsupport%2Fcontact%2F&#8221;][\/vc_column][vc_column width=&#8221;1\/6&#8243;][\/vc_column][\/vc_row][vc_row][vc_column][\/vc_column][\/vc_row][vc_row][vc_column width=&#8221;1\/3&#8243;][vc_single_image image=&#8221;7999&#8243; img_size=&#8221;300&#215;250&#8243; alignment=&#8221;center&#8221; style=&#8221;vc_box_rounded&#8221;][vc_column_text]<\/p>\n<p style=\"text-align: center;\"><strong>MDM Services<\/strong><\/p>\n<p style=\"text-align: center;\">Lagern Sie Ihr Stammdatenmanagement aus. Mit unseren Master Data Services k\u00fcmmern wir uns um die Konsolidierung, Verifizierung, Anreicherung und Deduplizierung Ihrer Stammdaten.<\/p>\n<p>[\/vc_column_text][\/vc_column][vc_column width=&#8221;1\/3&#8243;][vc_single_image image=&#8221;6475&#8243; img_size=&#8221;300&#215;250&#8243; alignment=&#8221;center&#8221; style=&#8221;vc_box_rounded&#8221;][vc_column_text]<\/p>\n<p style=\"text-align: center;\"><strong>Beratung<\/strong><\/p>\n<p style=\"text-align: center;\">Unsere ExpertInnen beraten Sie gerne rund um die Themen Warengruppensystemen, Produktklassifikationen und Materialstammdatenmanagement<\/p>\n<p>[\/vc_column_text][\/vc_column][vc_column width=&#8221;1\/3&#8243;][vc_single_image image=&#8221;6267&#8243; img_size=&#8221;300&#215;250&#8243; alignment=&#8221;center&#8221; style=&#8221;vc_box_rounded&#8221;][vc_column_text]<\/p>\n<p style=\"text-align: center;\"><strong>eptos<\/strong><strong>&#x2122; &#8211; Unsere 360\u00b0 L\u00f6sung<\/strong><\/p>\n<p style=\"text-align: center;\">Ihr Single Point of Truth f\u00fcr unternehmensweites, konsolidiertes und mehrsprachiges Material- und Produktstammdatenmanagement<\/p>\n<p>[\/vc_column_text][\/vc_column][\/vc_row][vc_row][vc_column width=&#8221;1\/3&#8243;][vc_btn title=&#8221;Erfahren Sie mehr&#8221; align=&#8221;center&#8221; link=&#8221;url:https%3A%2F%2Fwww.paradine.at%2Fservices%2F|title:Services&#8221;][\/vc_column][vc_column width=&#8221;1\/3&#8243;][vc_btn title=&#8221;Erfahren Sie mehr&#8221; align=&#8221;center&#8221; link=&#8221;url:https%3A%2F%2Fwww.paradine.at%2Fservices%2F&#8221;][vc_empty_space][\/vc_column][vc_column width=&#8221;1\/3&#8243;][vc_btn title=&#8221;Erfahren Sie mehr&#8221; align=&#8221;center&#8221; link=&#8221;url:https%3A%2F%2Fwww.paradine.at%2Feptos%2F&#8221;][\/vc_column][\/vc_row][vc_row full_width=&#8221;stretch_row&#8221; parallax=&#8221;content-moving&#8221; css=&#8221;.vc_custom_1687962853959{padding-top: 100px !important;padding-bottom: 50px !important;background-color: #000033 !important;}&#8221;][vc_column width=&#8221;1\/2&#8243;][vc_single_image image=&#8221;8416&#8243; img_size=&#8221;full&#8221; alignment=&#8221;center&#8221; style=&#8221;vc_box_rounded&#8221;][\/vc_column][vc_column width=&#8221;1\/2&#8243;][vc_custom_heading text=&#8221;25 Jahre Paradine&#8221; font_container=&#8221;tag:h1|font_size:40|text_align:center|color:%23ffffff&#8221; use_theme_fonts=&#8221;yes&#8221; css=&#8221;.vc_custom_1687963080879{padding-bottom: 10px !important;}&#8221;][vc_column_text]<\/p>\n<p style=\"text-align: justify;\"><span style=\"color: #ffffff;\">Wir feiern unser 25-j\u00e4hriges Jubil\u00e4um und sind stolz darauf, einer der f\u00fchrenden Anbieter innovativer L\u00f6sungen f\u00fcr die effiziente Verwaltung Ihrer Materialstammdaten zu sein. Unsere Mission ist es, die betriebliche Effizienz zu steigern, Kosten zu senken und fundierte Entscheidungen zu erm\u00f6glichen. Durch Integration, Zentralisierung und den Fokus auf Datenqualit\u00e4t helfen unsere L\u00f6sungen, Ihre Gesch\u00e4ftsprozesse zu optimieren und Ihre Wettbewerbsf\u00e4higkeit zu st\u00e4rken.<\/span><\/p>\n<p style=\"text-align: justify;\"><span style=\"color: #ffffff;\">Wir bedanken uns bei unseren KundInnen, PartnerInnen und MitarbeiterInnen f\u00fcr 25 Jahre erfolgreiche Zusammenarbeit und hoffen auf viele weitere Jahre, gepr\u00e4gt von Innovation!<\/span><\/p>\n<p>[\/vc_column_text][\/vc_column][\/vc_row][vc_row][vc_column][vc_custom_heading text=&#8221;Bevorstehende Veranstaltungen&#8221; font_container=&#8221;tag:h2|text_align:center&#8221;][\/vc_column][\/vc_row][vc_row][vc_column width=&#8221;1\/2&#8243;][vc_single_image image=&#8221;8753&#8243; img_size=&#8221;300&#215;250&#8243; alignment=&#8221;center&#8221; style=&#8221;vc_box_rounded&#8221; onclick=&#8221;custom_link&#8221; link=&#8221;https:\/\/www.paradine.at\/de\/training\/eclass-seminare\/&#8221;][vc_column_text]<\/p>\n<p style=\"text-align: center;\"><strong>ECLASS Seminare (DE)<\/strong><\/p>\n<p style=\"text-align: center;\">Wien:\u00a0 \u00a0 \u00a0 \u00a0 \u00a0 \u00a018.03.2026 (09:30-17:00)<br \/>\nWien:\u00a0 \u00a0 \u00a0 \u00a0 \u00a0 06.05.2026 (09:30-17:00)<br \/>\nFrankfurt:\u00a0 \u00a0 \u00a0 \u00a007.05.2026 (09:30-17:00)[\/vc_column_text][vc_btn title=&#8221;Mehr Informationen&#8221; align=&#8221;center&#8221; link=&#8221;url:https%3A%2F%2Fwww.paradine.at%2Fde%2Ftraining%2Feclass-seminare%2F&#8221;][\/vc_column][vc_column width=&#8221;1\/2&#8243;][vc_single_image image=&#8221;8266&#8243; img_size=&#8221;300&#215;250&#8243; alignment=&#8221;center&#8221; style=&#8221;vc_box_rounded&#8221; onclick=&#8221;custom_link&#8221; link=&#8221;https:\/\/www.paradine.at\/de\/training\/eclass-webinare\/&#8221;][vc_column_text]<\/p>\n<p style=\"text-align: center;\"><strong>ECLASS Webinare<\/strong><\/p>\n<p style=\"text-align: center;\">Deutsch:\u00a0\u00a0 09.06.2026 (9:00-10:30)<br \/>\nEnglisch:\u00a0 \u00a0 \u00a0 11.06.2026 (9:00-10:30)<br \/>\nChinesisch:\u00a0 \u00a0 \u00a0 12.06.2026 (8:00-9:30)[\/vc_column_text][vc_btn title=&#8221;Mehr Informationen&#8221; align=&#8221;center&#8221; link=&#8221;url:https%3A%2F%2Fwww.paradine.at%2Fde%2Ftraining%2Feclass-webinare%2F&#8221;][\/vc_column][\/vc_row][vc_row css=&#8221;.vc_custom_1572256932432{margin-top: -25px !important;}&#8221; el_class=&#8221;height-normal&#8221;][vc_column][vc_empty_space height=&#8221;100px&#8221;][vc_custom_heading text=&#8221;Unsere Kunden&#8221; font_container=&#8221;tag:h2|text_align:center&#8221;]<div class=\"owl-carousel \" data-dots=\"false\"  class=\"pioneer_owl_slider\" id=\"customers\"><img loading=\"lazy\" decoding=\"async\" width=\"250\" height=\"136\" src=\"https:\/\/www.paradine.at\/wp-content\/uploads\/2019\/04\/nxp-semiconductors-logo-1-e1554367320421.png\" class=\"attachment-img-responsive logos size-img-responsive logos\" alt=\"\" \/><img loading=\"lazy\" decoding=\"async\" width=\"360\" height=\"180\" src=\"https:\/\/www.paradine.at\/wp-content\/uploads\/2019\/06\/siemens.jpg\" class=\"attachment-img-responsive logos size-img-responsive logos\" alt=\"\" srcset=\"https:\/\/www.paradine.at\/wp-content\/uploads\/2019\/06\/siemens.jpg 360w, https:\/\/www.paradine.at\/wp-content\/uploads\/2019\/06\/siemens-300x150.jpg 300w\" sizes=\"(max-width: 360px) 100vw, 360px\" \/><img loading=\"lazy\" decoding=\"async\" width=\"1772\" height=\"759\" src=\"https:\/\/www.paradine.at\/wp-content\/uploads\/2023\/02\/AVL_Logo.jpg\" class=\"attachment-img-responsive logos size-img-responsive logos\" alt=\"\" srcset=\"https:\/\/www.paradine.at\/wp-content\/uploads\/2023\/02\/AVL_Logo.jpg 1772w, https:\/\/www.paradine.at\/wp-content\/uploads\/2023\/02\/AVL_Logo-300x128.jpg 300w, https:\/\/www.paradine.at\/wp-content\/uploads\/2023\/02\/AVL_Logo-1024x439.jpg 1024w, https:\/\/www.paradine.at\/wp-content\/uploads\/2023\/02\/AVL_Logo-768x329.jpg 768w, https:\/\/www.paradine.at\/wp-content\/uploads\/2023\/02\/AVL_Logo-1536x658.jpg 1536w, https:\/\/www.paradine.at\/wp-content\/uploads\/2023\/02\/AVL_Logo-680x291.jpg 680w\" sizes=\"(max-width: 1772px) 100vw, 1772px\" \/><img loading=\"lazy\" decoding=\"async\" width=\"3840\" height=\"2160\" src=\"https:\/\/www.paradine.at\/wp-content\/uploads\/2023\/02\/Audi-Logo.png\" class=\"attachment-img-responsive logos size-img-responsive logos\" alt=\"\" srcset=\"https:\/\/www.paradine.at\/wp-content\/uploads\/2023\/02\/Audi-Logo.png 3840w, https:\/\/www.paradine.at\/wp-content\/uploads\/2023\/02\/Audi-Logo-300x169.png 300w, https:\/\/www.paradine.at\/wp-content\/uploads\/2023\/02\/Audi-Logo-1024x576.png 1024w, https:\/\/www.paradine.at\/wp-content\/uploads\/2023\/02\/Audi-Logo-768x432.png 768w, https:\/\/www.paradine.at\/wp-content\/uploads\/2023\/02\/Audi-Logo-1536x864.png 1536w, https:\/\/www.paradine.at\/wp-content\/uploads\/2023\/02\/Audi-Logo-2048x1152.png 2048w, https:\/\/www.paradine.at\/wp-content\/uploads\/2023\/02\/Audi-Logo-680x383.png 680w\" sizes=\"(max-width: 3840px) 100vw, 3840px\" \/><img loading=\"lazy\" decoding=\"async\" width=\"1000\" height=\"253\" src=\"https:\/\/www.paradine.at\/wp-content\/uploads\/2020\/11\/200921_eclass_newlogo_RGB_RZ.jpg\" class=\"attachment-img-responsive logos size-img-responsive logos\" alt=\"\" srcset=\"https:\/\/www.paradine.at\/wp-content\/uploads\/2020\/11\/200921_eclass_newlogo_RGB_RZ.jpg 1000w, https:\/\/www.paradine.at\/wp-content\/uploads\/2020\/11\/200921_eclass_newlogo_RGB_RZ-300x76.jpg 300w, https:\/\/www.paradine.at\/wp-content\/uploads\/2020\/11\/200921_eclass_newlogo_RGB_RZ-768x194.jpg 768w, https:\/\/www.paradine.at\/wp-content\/uploads\/2020\/11\/200921_eclass_newlogo_RGB_RZ-680x172.jpg 680w\" sizes=\"(max-width: 1000px) 100vw, 1000px\" \/><\/div><script>\njQuery(window).load(function(){\n\t\tjQuery(\"#customers\").owlCarousel({\n\t\t\tloop:true,\n\t\t\tautoplay:true,\n\t\t\tmargin:0,\n\t\t\tdots:false,\n\t\t\tautoHeight: true,\n\t\t\tanimateIn: \"fadeIn\",\n\t\t\tanimateOut: \"fadeOut\",\n\t\t\tautoplayTimeout:2500,\n\t\t\tnavText:[,],\n\t\t\tresponsive: {\n\t\t\t\t0: {\n\t\t\t\t\tmargin: 0,\n\t\t\t\t\titems: 1\n\t\t\t\t},\n\t\t\t\t600: {\n\t\t\t\t\tmargin: 0,\n\t\t\t\t\titems: 2\n\t\t\t\t},\n\t\t\t\t800: {\n\t\t\t\t\tmargin: 0,\n\t\t\t\t\titems: 3\n\t\t\t\t},\n\t\t\t\t1200: {\n\t\t\t\t\tmargin: 0,\n\t\t\t\t\titems: 4\n\t\t\t\t},\n\t\t\t\t1400: {\n\t\t\t\t\tmargin: 0,\n\t\t\t\t\titems: 5\n\t\t\t\t}\n\t\t\t}\n\t\t});\n\t\t});\n\t<\/script>[\/vc_column][\/vc_row]<\/p>\n","protected":false},"excerpt":{"rendered":"<p>[vc_row full_width=&#8221;stretch_row&#8221; gap=&#8221;25&#8243; equal_height=&#8221;yes&#8221; content_placement=&#8221;middle&#8221; css=&#8221;.vc_custom_1680608230171{padding-top: 100px !important;padding-bottom: 100px !important;background-image: url(https:\/\/www.paradine.at\/wp-content\/uploads\/2023\/03\/iStock-1344733823-1-scaled.jpg?id=7914) !important;background-position: center !important;background-repeat: no-repeat !important;background-size: cover !important;}&#8221;][vc_column width=&#8221;1\/6&#8243;][\/vc_column][vc_column width=&#8221;2\/3&#8243; css=&#8221;.vc_custom_1476107690140{border: 3px solid #ffffff !important;}&#8221;][vc_custom_heading text=&#8221;Willkommen bei Paradine&#8221; font_container=&#8221;tag:h1|font_size:60|text_align:center|color:%23ffffff|line_height:1&#8243; use_theme_fonts=&#8221;yes&#8221;][vc_column_text] Ihr Experte f\u00fcr umfassendes Stammdatenmanagement Unser erfahrenes Team bietet Ihnen ma\u00dfgeschneiderte L\u00f6sungen f\u00fcr alle Ihre Stammdatenbed\u00fcrfnisse. Beratung, Services, und Software &#8211; Alles unter einem Dach&#8230;.<\/p>\n","protected":false},"author":68,"featured_media":0,"parent":0,"menu_order":0,"comment_status":"closed","ping_status":"closed","template":"homepage.php","meta":{"_acf_changed":false,"footnotes":""},"class_list":["post-2302","page","type-page","status-publish","hentry"],"acf":[],"yoast_head":"<!-- This site is optimized with the Yoast SEO plugin v23.4 - https:\/\/yoast.com\/wordpress\/plugins\/seo\/ -->\n<title>Paradine &#8226; Master Data Management<\/title>\n<meta name=\"description\" content=\"Wir unterst\u00fctzen Unternehmen und Organisationen dabei, durch konsistente Stammdaten nachhaltig Kosten zu senken.\" \/>\n<meta name=\"robots\" content=\"index, follow, max-snippet:-1, max-image-preview:large, max-video-preview:-1\" \/>\n<link rel=\"canonical\" href=\"https:\/\/www.paradine.at\/de\/\" \/>\n<meta property=\"og:locale\" content=\"de_DE\" \/>\n<meta property=\"og:type\" content=\"article\" \/>\n<meta property=\"og:title\" content=\"Paradine &#8226; Master Data Management\" \/>\n<meta property=\"og:description\" content=\"Wir unterst\u00fctzen Unternehmen und Organisationen dabei, durch konsistente Stammdaten nachhaltig Kosten zu senken.\" \/>\n<meta property=\"og:url\" content=\"https:\/\/www.paradine.at\/de\/\" \/>\n<meta property=\"og:site_name\" content=\"Paradine\" \/>\n<meta property=\"article:publisher\" content=\"https:\/\/www.facebook.com\/paradinegmbh\/\" \/>\n<meta property=\"article:modified_time\" content=\"2026-04-27T15:07:30+00:00\" \/>\n<meta name=\"twitter:card\" content=\"summary_large_image\" \/>\n<meta name=\"twitter:site\" content=\"@ParadineGmbH\" \/>\n<meta name=\"twitter:label1\" content=\"Gesch\u00e4tzte Lesezeit\" \/>\n\t<meta name=\"twitter:data1\" content=\"2\u00a0Minuten\" \/>\n<script type=\"application\/ld+json\" class=\"yoast-schema-graph\">{\"@context\":\"https:\/\/schema.org\",\"@graph\":[{\"@type\":\"WebPage\",\"@id\":\"https:\/\/www.paradine.at\/de\/\",\"url\":\"https:\/\/www.paradine.at\/de\/\",\"name\":\"Paradine &#8226; Master Data Management\",\"isPartOf\":{\"@id\":\"https:\/\/www.paradine.at\/de\/#website\"},\"datePublished\":\"2017-04-27T15:29:54+00:00\",\"dateModified\":\"2026-04-27T15:07:30+00:00\",\"description\":\"Wir unterst\u00fctzen Unternehmen und Organisationen dabei, durch konsistente Stammdaten nachhaltig Kosten zu senken.\",\"breadcrumb\":{\"@id\":\"https:\/\/www.paradine.at\/de\/#breadcrumb\"},\"inLanguage\":\"de\",\"potentialAction\":[{\"@type\":\"ReadAction\",\"target\":[\"https:\/\/www.paradine.at\/de\/\"]}]},{\"@type\":\"BreadcrumbList\",\"@id\":\"https:\/\/www.paradine.at\/de\/#breadcrumb\",\"itemListElement\":[{\"@type\":\"ListItem\",\"position\":1,\"name\":\"Home\",\"item\":\"https:\/\/www.paradine.at\/de\/\"},{\"@type\":\"ListItem\",\"position\":2,\"name\":\"Startseite\"}]},{\"@type\":\"WebSite\",\"@id\":\"https:\/\/www.paradine.at\/de\/#website\",\"url\":\"https:\/\/www.paradine.at\/de\/\",\"name\":\"Paradine\",\"description\":\"Master Data Management\",\"publisher\":{\"@id\":\"https:\/\/www.paradine.at\/de\/#organization\"},\"potentialAction\":[{\"@type\":\"SearchAction\",\"target\":{\"@type\":\"EntryPoint\",\"urlTemplate\":\"https:\/\/www.paradine.at\/de\/?s={search_term_string}\"},\"query-input\":{\"@type\":\"PropertyValueSpecification\",\"valueRequired\":true,\"valueName\":\"search_term_string\"}}],\"inLanguage\":\"de\"},{\"@type\":\"Organization\",\"@id\":\"https:\/\/www.paradine.at\/de\/#organization\",\"name\":\"Paradine GmbH\",\"url\":\"https:\/\/www.paradine.at\/de\/\",\"logo\":{\"@type\":\"ImageObject\",\"inLanguage\":\"de\",\"@id\":\"https:\/\/www.paradine.at\/de\/#\/schema\/logo\/image\/\",\"url\":\"https:\/\/www.paradine.at\/wp-content\/uploads\/2019\/04\/Paradine-Logo-RGB-png-3200px.png\",\"contentUrl\":\"https:\/\/www.paradine.at\/wp-content\/uploads\/2019\/04\/Paradine-Logo-RGB-png-3200px.png\",\"width\":1920,\"height\":317,\"caption\":\"Paradine GmbH\"},\"image\":{\"@id\":\"https:\/\/www.paradine.at\/de\/#\/schema\/logo\/image\/\"},\"sameAs\":[\"https:\/\/www.facebook.com\/paradinegmbh\/\",\"https:\/\/x.com\/ParadineGmbH\",\"https:\/\/www.instagram.com\/paradinegmbh\/\",\"https:\/\/www.linkedin.com\/company\/paradinegmbh\/\",\"http:\/\/wiki.eclass.eu\/wiki\/PARADINE_GmbH\"]}]}<\/script>\n<!-- \/ Yoast SEO plugin. -->","yoast_head_json":{"title":"Paradine &#8226; Master Data Management","description":"Wir unterst\u00fctzen Unternehmen und Organisationen dabei, durch konsistente Stammdaten nachhaltig Kosten zu senken.","robots":{"index":"index","follow":"follow","max-snippet":"max-snippet:-1","max-image-preview":"max-image-preview:large","max-video-preview":"max-video-preview:-1"},"canonical":"https:\/\/www.paradine.at\/de\/","og_locale":"de_DE","og_type":"article","og_title":"Paradine &#8226; Master Data Management","og_description":"Wir unterst\u00fctzen Unternehmen und Organisationen dabei, durch konsistente Stammdaten nachhaltig Kosten zu senken.","og_url":"https:\/\/www.paradine.at\/de\/","og_site_name":"Paradine","article_publisher":"https:\/\/www.facebook.com\/paradinegmbh\/","article_modified_time":"2026-04-27T15:07:30+00:00","twitter_card":"summary_large_image","twitter_site":"@ParadineGmbH","twitter_misc":{"Gesch\u00e4tzte Lesezeit":"2\u00a0Minuten"},"schema":{"@context":"https:\/\/schema.org","@graph":[{"@type":"WebPage","@id":"https:\/\/www.paradine.at\/de\/","url":"https:\/\/www.paradine.at\/de\/","name":"Paradine &#8226; Master Data Management","isPartOf":{"@id":"https:\/\/www.paradine.at\/de\/#website"},"datePublished":"2017-04-27T15:29:54+00:00","dateModified":"2026-04-27T15:07:30+00:00","description":"Wir unterst\u00fctzen Unternehmen und Organisationen dabei, durch konsistente Stammdaten nachhaltig Kosten zu senken.","breadcrumb":{"@id":"https:\/\/www.paradine.at\/de\/#breadcrumb"},"inLanguage":"de","potentialAction":[{"@type":"ReadAction","target":["https:\/\/www.paradine.at\/de\/"]}]},{"@type":"BreadcrumbList","@id":"https:\/\/www.paradine.at\/de\/#breadcrumb","itemListElement":[{"@type":"ListItem","position":1,"name":"Home","item":"https:\/\/www.paradine.at\/de\/"},{"@type":"ListItem","position":2,"name":"Startseite"}]},{"@type":"WebSite","@id":"https:\/\/www.paradine.at\/de\/#website","url":"https:\/\/www.paradine.at\/de\/","name":"Paradine","description":"Master Data Management","publisher":{"@id":"https:\/\/www.paradine.at\/de\/#organization"},"potentialAction":[{"@type":"SearchAction","target":{"@type":"EntryPoint","urlTemplate":"https:\/\/www.paradine.at\/de\/?s={search_term_string}"},"query-input":{"@type":"PropertyValueSpecification","valueRequired":true,"valueName":"search_term_string"}}],"inLanguage":"de"},{"@type":"Organization","@id":"https:\/\/www.paradine.at\/de\/#organization","name":"Paradine GmbH","url":"https:\/\/www.paradine.at\/de\/","logo":{"@type":"ImageObject","inLanguage":"de","@id":"https:\/\/www.paradine.at\/de\/#\/schema\/logo\/image\/","url":"https:\/\/www.paradine.at\/wp-content\/uploads\/2019\/04\/Paradine-Logo-RGB-png-3200px.png","contentUrl":"https:\/\/www.paradine.at\/wp-content\/uploads\/2019\/04\/Paradine-Logo-RGB-png-3200px.png","width":1920,"height":317,"caption":"Paradine GmbH"},"image":{"@id":"https:\/\/www.paradine.at\/de\/#\/schema\/logo\/image\/"},"sameAs":["https:\/\/www.facebook.com\/paradinegmbh\/","https:\/\/x.com\/ParadineGmbH","https:\/\/www.instagram.com\/paradinegmbh\/","https:\/\/www.linkedin.com\/company\/paradinegmbh\/","http:\/\/wiki.eclass.eu\/wiki\/PARADINE_GmbH"]}]}},"_links":{"self":[{"href":"https:\/\/www.paradine.at\/de\/wp-json\/wp\/v2\/pages\/2302"}],"collection":[{"href":"https:\/\/www.paradine.at\/de\/wp-json\/wp\/v2\/pages"}],"about":[{"href":"https:\/\/www.paradine.at\/de\/wp-json\/wp\/v2\/types\/page"}],"author":[{"embeddable":true,"href":"https:\/\/www.paradine.at\/de\/wp-json\/wp\/v2\/users\/68"}],"replies":[{"embeddable":true,"href":"https:\/\/www.paradine.at\/de\/wp-json\/wp\/v2\/comments?post=2302"}],"version-history":[{"count":83,"href":"https:\/\/www.paradine.at\/de\/wp-json\/wp\/v2\/pages\/2302\/revisions"}],"predecessor-version":[{"id":8956,"href":"https:\/\/www.paradine.at\/de\/wp-json\/wp\/v2\/pages\/2302\/revisions\/8956"}],"wp:attachment":[{"href":"https:\/\/www.paradine.at\/de\/wp-json\/wp\/v2\/media?parent=2302"}],"curies":[{"name":"wp","href":"https:\/\/api.w.org\/{rel}","templated":true}]}}