{"id":1543,"date":"2018-11-25T17:51:59","date_gmt":"2018-11-25T17:51:59","guid":{"rendered":"http:\/\/www2.paradine.at\/\/ecatcreator-user\/"},"modified":"2023-04-04T11:04:31","modified_gmt":"2023-04-04T09:04:31","slug":"ecatcreator-webinars","status":"publish","type":"page","link":"https:\/\/www.paradine.at\/de\/training\/ecatcreator-webinars\/","title":{"rendered":"eCatCreator&#x2122;-Webinare"},"content":{"rendered":"<p>[vc_row][vc_column width=&#8221;1\/6&#8243;][\/vc_column][vc_column width=&#8221;2\/3&#8243;][vc_column_text]Der eCatCreator&#x2122; unterst\u00fctzt den zuverl\u00e4ssigen elektronischen Produktdatenaustausch, indem er es den Nutzern erm\u00f6glicht, einfach und schnell ECLASS-basierte elektronische Produktbeschreibungen zu erstellen und den ECLASS-Workflow zu unterst\u00fctzen.<\/p>\n<p>Wir bieten auch <strong>eCatCreator&#x2122;-Anwender-Webinare<\/strong> an. In dem Webinar erhalten Sie einen \u00dcberblick \u00fcber die Funktionalit\u00e4ten des eCatCreators einschlie\u00dflich des ECLASS-Workflows. Im <strong>Hands-on-Webinar<\/strong> k\u00f6nnen die Teilnehmer mit ihren eigenen Laptops praktische \u00dcbungen zum ECLASS-Workflow selbst durchf\u00fchren.[\/vc_column_text][\/vc_column][vc_column width=&#8221;1\/6&#8243;][\/vc_column][\/vc_row][vc_row][vc_column][vc_column_text]<\/p>\n<p style=\"text-align: center;\"><strong><span style=\"color: #ff0000; font-size: 20px; text-decoration: underline;\">Termine und Registrierung<\/span><span style=\"color: #ff0000;\">:<\/span><\/strong><\/p>\n<p style=\"text-align: center;\"><script type=\"text\/x-handlebars-template\" id=\"wpfd-template-tree-box\">    {{#with file}}    <div class=\"dropblock\">        <a href=\"javascript:void(0)\" class=\"wpfd-close\"><\/a>        <div class=\"filecontent\">            {{#if file_custom_icon}}                    <div class=\"icon-custom\"><img src=\"{{file_custom_icon}}\" \/><\/div>                    {{else}}                    <div class=\"ext ext-{{ext}} wpfd-icon-set-svg\"><span class=\"txt\">{{ext}}<\/span><\/div>                    {{\/if}}<h3><a href=\"{{linkdownload}}\"   class=\"wpfd_downloadlink\" title=\"{{post_title}}\" target=\"{{#if remote_file}}_blank{{\/if}}\">{{{crop_title}}}<\/a><\/h3>            <div class=\"wpfd-extra\">                {{#if description}}<div class=\"file-desc\">{{{description}}}<\/div>{{\/if}}{{#if versionNumber}}<div class=\"file-version\"><span>Version:<\/span> {{versionNumber}}<\/div>{{\/if}}<div class=\"file-size\"><span>Size:<\/span> {{bytesToSize size}}<\/div><div class=\"file-hits\"><span>Hits:<\/span> {{hits}}<\/div><div class=\"file-dated\"><span>Date added:<\/span> {{created}}<\/div><div class=\"file-dated\"><span>Date modified:<\/span> {{modified}}<\/div>            <\/div>        <\/div>        <div class=\"extra-downloadlink\"><a class=\"downloadlink wpfd_downloadlink\"  href=\"{{linkdownload}}\"  style=\"background-color:#76bc58;color:#052fa3;\" target=\"{{#if remote_file}}_blank{{\/if}}\">Download<i class=\"zmdi zmdi-cloud-download wpfd-download\"><\/i><\/a>{{#if openpdflink}}<a class=\"openlink wpfdlightbox wpfd_previewlink\" href=\"{{openpdflink}}\"  target=\"\">Preview                            <i class=\"zmdi zmdi-filter-center-focus wpfd-preview\"><\/i>                        <\/a>{{else}}{{#if viewerlink}}<a                            href=\"{{viewerlink}}\"                                                        class=\"openlink wpfdlightbox wpfd_previewlink\"                            target=\"\"                            data-id=\"{{ID}}\"                            data-catid=\"{{catid}}\"                            data-file-type=\"{{ext}}\">Preview<i class=\"zmdi zmdi-filter-center-focus wpfd-preview\"><\/i>                        <\/a>{{\/if}}{{\/if}}<\/div>    {{\/with}}<\/script><script type=\"text\/x-handlebars-template\" id=\"wpfd-template-tree-files\">    {{#if files}}    {{#each files}}    <li class=\"ext {{ext}}\">                    {{#if file_custom_icon}}            <span class=\"wpfd-file ext icon-custom\"><img src=\"{{file_custom_icon}}\"><\/span>            {{else}}            <i class=\"wpfd-file ext ext-{{ext}} wpfd-icon-set-svg\"><\/i>            {{\/if}}                                {{#if openpdflink}}                        <a class=\"wpfd-file-link\" data-category_id=\"{{catid}}\" target=\"\" href=\"{{linkdownload}}\" data-id=\"{{ID}}\"               title=\"{{post_title}}\">{{{crop_title}}}<\/a>        {{else}}                        <a class=\"wpfd-file-link\" data-category_id=\"{{catid}}\" target=\"\" href=\"{{linkdownload}}\" data-id=\"{{ID}}\"               title=\"{{post_title}}\">{{{crop_title}}}<\/a>        {{\/if}}            <\/li>    {{\/each}}    <\/div>    {{\/if}}<\/script><div class=\"wpfd-content wpfd-content-tree wpfd-content-multi\" data-category=\"146\"             style=\"background-color: \"><input type=\"hidden\" id=\"current_category_146\" value=\"146\" \/>                    <input type=\"hidden\" id=\"current_category_slug_146\" value=\"webinar-seminar-registration\" \/>                    <input type=\"hidden\" id=\"current_ordering_146\" value=\"ordering\" \/>                    <input type=\"hidden\" id=\"current_ordering_direction_146\" value=\"asc\" \/>                    <input type=\"hidden\" id=\"page_limit_146\" value=\"10\" \/><input type=\"hidden\" id=\"wpfd_display_empty_category_message\" value=\"0\" \/><input type=\"hidden\" id=\"wpfd_empty_category_message_val\" value=\"This file category has no files to display\" \/><input type=\"hidden\" id=\"wpfd_display_empty_folder\" value=\"0\" \/><input type=\"hidden\" id=\"wpfd_is_empty_subcategories\" value=\"1\" \/><input type=\"hidden\" id=\"wpfd_is_empty_files\" value=\"1\" \/><input type=\"hidden\" id=\"wpfd_root_category_id\" class=\"wpfd_root_category_id\" value=\"146\" \/><input type=\"hidden\" id=\"wpfd_root_category_theme\" class=\"wpfd_root_category_theme\" value=\"tree\" \/><input type=\"hidden\" id=\"wpfd_root_category_clone_theme_type\" class=\"wpfd_root_category_clone_theme_type\" value=\"none\" \/><input type=\"hidden\" id=\"wpfd_root_category_type\" class=\"wpfd_root_category_type\" value=\"146\" \/><ul class=\"breadcrumbs wpfd-breadcrumbs-tree head-category-tree\">                            <li class=\"active\">Webinar-Seminar-Registration<\/li>                        <\/ul><ul class=\"wpfd-tree-categories-files\">                                <li class=\"ext docx\">                                    <i class=\"wpfd-file ext ext-docx wpfd-icon-set-svg\"><\/i>                                <a class=\"wpfd-file-link\" href=\"https:\/\/www.paradine.at\/download\/146\/webinar-seminar-registration\/8569\/2024-q3-q4-eclass-webinar-de-anmeldeformular.docx\" data-category_id=\"146\"                   data-id=\"8569\"                   title=\"2024-Q3-Q4-ECLASS-Webinar-DE-Anmeldeformular\" target=\"\">2024-Q3-Q4-ECLASS-Webinar-DE-Anmeldeformular<\/a>            <\/li>                                            <li class=\"ext docx\">                                    <i class=\"wpfd-file ext ext-docx wpfd-icon-set-svg\"><\/i>                                <a class=\"wpfd-file-link\" href=\"https:\/\/www.paradine.at\/download\/146\/webinar-seminar-registration\/8568\/2024-q3-q4-eclass-webinar-en-registration.docx\" data-category_id=\"146\"                   data-id=\"8568\"                   title=\"2024-Q3-Q4-ECLASS-Webinar-EN-Registration\" target=\"\">2024-Q3-Q4-ECLASS-Webinar-EN-Registration<\/a>            <\/li>                                            <li class=\"ext docx\">                                    <i class=\"wpfd-file ext ext-docx wpfd-icon-set-svg\"><\/i>                                <a class=\"wpfd-file-link\" href=\"https:\/\/www.paradine.at\/download\/146\/webinar-seminar-registration\/8777\/2026-q1-q2-eclass-webinar-en-260101.docx\" data-category_id=\"146\"                   data-id=\"8777\"                   title=\"2026-Q1-Q2-ECLASS-Webinar-EN-260101\" target=\"\">2026-Q1-Q2-ECLASS-Webinar-EN-260101<\/a>            <\/li>                        <\/ul><\/div><\/p>\n<p>[\/vc_column_text][\/vc_column][\/vc_row][vc_row][vc_column][vc_column_text]<\/p>\n<p style=\"text-align: center;\">Weitere Informationen \u00fcber den eCatCreator&#x2122; und Bestellungen finden Sie unter <em><a href=\"https:\/\/www.paradine.at\/de\/ecatcreator\/\" target=\"_blank\" rel=\"noopener noreferrer\">hier<\/a><\/em><br \/>\noder kontaktieren Sie uns unter: <strong>seminare@paradine.at<\/strong><\/p>\n<p>[\/vc_column_text][\/vc_column][\/vc_row]<\/p>\n","protected":false},"excerpt":{"rendered":"<p>[vc_row][vc_column width=&#8221;1\/6&#8243;][\/vc_column][vc_column width=&#8221;2\/3&#8243;][vc_column_text]Der eCatCreator&#x2122; unterst\u00fctzt den zuverl\u00e4ssigen elektronischen Produktdatenaustausch, indem er es den Nutzern erm\u00f6glicht, einfach und schnell ECLASS-basierte elektronische Produktbeschreibungen zu erstellen und den ECLASS-Workflow zu unterst\u00fctzen. Wir bieten auch eCatCreator&#x2122;-Anwender-Webinare an. In dem Webinar erhalten Sie einen \u00dcberblick \u00fcber die Funktionalit\u00e4ten des eCatCreators einschlie\u00dflich des ECLASS-Workflows. Im Hands-on-Webinar k\u00f6nnen die Teilnehmer mit ihren&#8230;<\/p>\n","protected":false},"author":68,"featured_media":7877,"parent":2468,"menu_order":0,"comment_status":"closed","ping_status":"closed","template":"","meta":{"_acf_changed":false,"footnotes":""},"class_list":["post-1543","page","type-page","status-publish","has-post-thumbnail","hentry"],"acf":[],"yoast_head":"<!-- This site is optimized with the Yoast SEO plugin v23.4 - https:\/\/yoast.com\/wordpress\/plugins\/seo\/ -->\n<title>eCatCreator&#x2122;-Webinare &#8226; Paradine<\/title>\n<meta name=\"robots\" content=\"index, follow, max-snippet:-1, max-image-preview:large, max-video-preview:-1\" \/>\n<link rel=\"canonical\" href=\"https:\/\/www.paradine.at\/de\/training\/ecatcreator-webinars\/\" \/>\n<meta property=\"og:locale\" content=\"de_DE\" \/>\n<meta property=\"og:type\" content=\"article\" \/>\n<meta property=\"og:title\" content=\"eCatCreator&#x2122;-Webinare &#8226; Paradine\" \/>\n<meta property=\"og:description\" content=\"[vc_row][vc_column width=&#8221;1\/6&#8243;][\/vc_column][vc_column width=&#8221;2\/3&#8243;][vc_column_text]Der eCatCreator&#x2122; unterst\u00fctzt den zuverl\u00e4ssigen elektronischen Produktdatenaustausch, indem er es den Nutzern erm\u00f6glicht, einfach und schnell ECLASS-basierte elektronische Produktbeschreibungen zu erstellen und den ECLASS-Workflow zu unterst\u00fctzen. Wir bieten auch eCatCreator&#x2122;-Anwender-Webinare an. In dem Webinar erhalten Sie einen \u00dcberblick \u00fcber die Funktionalit\u00e4ten des eCatCreators einschlie\u00dflich des ECLASS-Workflows. Im Hands-on-Webinar k\u00f6nnen die Teilnehmer mit ihren...\" \/>\n<meta property=\"og:url\" content=\"https:\/\/www.paradine.at\/de\/training\/ecatcreator-webinars\/\" \/>\n<meta property=\"og:site_name\" content=\"Paradine\" \/>\n<meta property=\"article:publisher\" content=\"https:\/\/www.facebook.com\/paradinegmbh\/\" \/>\n<meta property=\"article:modified_time\" content=\"2023-04-04T09:04:31+00:00\" \/>\n<meta property=\"og:image\" content=\"https:\/\/www.paradine.at\/wp-content\/uploads\/2019\/03\/shutterstock_561776362.jpg\" \/>\n\t<meta property=\"og:image:width\" content=\"1920\" \/>\n\t<meta property=\"og:image:height\" content=\"1071\" \/>\n\t<meta property=\"og:image:type\" content=\"image\/jpeg\" \/>\n<meta name=\"twitter:card\" content=\"summary_large_image\" \/>\n<meta name=\"twitter:site\" content=\"@ParadineGmbH\" \/>\n<meta name=\"twitter:label1\" content=\"Gesch\u00e4tzte Lesezeit\" \/>\n\t<meta name=\"twitter:data1\" content=\"1\u00a0Minute\" \/>\n<script type=\"application\/ld+json\" class=\"yoast-schema-graph\">{\"@context\":\"https:\/\/schema.org\",\"@graph\":[{\"@type\":\"WebPage\",\"@id\":\"https:\/\/www.paradine.at\/de\/training\/ecatcreator-webinars\/\",\"url\":\"https:\/\/www.paradine.at\/de\/training\/ecatcreator-webinars\/\",\"name\":\"eCatCreator&#x2122;-Webinare &#8226; Paradine\",\"isPartOf\":{\"@id\":\"https:\/\/www.paradine.at\/de\/#website\"},\"primaryImageOfPage\":{\"@id\":\"https:\/\/www.paradine.at\/de\/training\/ecatcreator-webinars\/#primaryimage\"},\"image\":{\"@id\":\"https:\/\/www.paradine.at\/de\/training\/ecatcreator-webinars\/#primaryimage\"},\"thumbnailUrl\":\"https:\/\/www.paradine.at\/wp-content\/uploads\/2019\/03\/shutterstock_561776362.jpg\",\"datePublished\":\"2018-11-25T17:51:59+00:00\",\"dateModified\":\"2023-04-04T09:04:31+00:00\",\"breadcrumb\":{\"@id\":\"https:\/\/www.paradine.at\/de\/training\/ecatcreator-webinars\/#breadcrumb\"},\"inLanguage\":\"de\",\"potentialAction\":[{\"@type\":\"ReadAction\",\"target\":[\"https:\/\/www.paradine.at\/de\/training\/ecatcreator-webinars\/\"]}]},{\"@type\":\"ImageObject\",\"inLanguage\":\"de\",\"@id\":\"https:\/\/www.paradine.at\/de\/training\/ecatcreator-webinars\/#primaryimage\",\"url\":\"https:\/\/www.paradine.at\/wp-content\/uploads\/2019\/03\/shutterstock_561776362.jpg\",\"contentUrl\":\"https:\/\/www.paradine.at\/wp-content\/uploads\/2019\/03\/shutterstock_561776362.jpg\",\"width\":1920,\"height\":1071},{\"@type\":\"BreadcrumbList\",\"@id\":\"https:\/\/www.paradine.at\/de\/training\/ecatcreator-webinars\/#breadcrumb\",\"itemListElement\":[{\"@type\":\"ListItem\",\"position\":1,\"name\":\"Home\",\"item\":\"https:\/\/www.paradine.at\/de\/\"},{\"@type\":\"ListItem\",\"position\":2,\"name\":\"Paradine Academy\",\"item\":\"https:\/\/www.paradine.at\/de\/training\/\"},{\"@type\":\"ListItem\",\"position\":3,\"name\":\"eCatCreator&#x2122;-Webinare\"}]},{\"@type\":\"WebSite\",\"@id\":\"https:\/\/www.paradine.at\/de\/#website\",\"url\":\"https:\/\/www.paradine.at\/de\/\",\"name\":\"Paradine\",\"description\":\"Master Data Management\",\"publisher\":{\"@id\":\"https:\/\/www.paradine.at\/de\/#organization\"},\"potentialAction\":[{\"@type\":\"SearchAction\",\"target\":{\"@type\":\"EntryPoint\",\"urlTemplate\":\"https:\/\/www.paradine.at\/de\/?s={search_term_string}\"},\"query-input\":{\"@type\":\"PropertyValueSpecification\",\"valueRequired\":true,\"valueName\":\"search_term_string\"}}],\"inLanguage\":\"de\"},{\"@type\":\"Organization\",\"@id\":\"https:\/\/www.paradine.at\/de\/#organization\",\"name\":\"Paradine GmbH\",\"url\":\"https:\/\/www.paradine.at\/de\/\",\"logo\":{\"@type\":\"ImageObject\",\"inLanguage\":\"de\",\"@id\":\"https:\/\/www.paradine.at\/de\/#\/schema\/logo\/image\/\",\"url\":\"https:\/\/www.paradine.at\/wp-content\/uploads\/2019\/04\/Paradine-Logo-RGB-png-3200px.png\",\"contentUrl\":\"https:\/\/www.paradine.at\/wp-content\/uploads\/2019\/04\/Paradine-Logo-RGB-png-3200px.png\",\"width\":1920,\"height\":317,\"caption\":\"Paradine GmbH\"},\"image\":{\"@id\":\"https:\/\/www.paradine.at\/de\/#\/schema\/logo\/image\/\"},\"sameAs\":[\"https:\/\/www.facebook.com\/paradinegmbh\/\",\"https:\/\/x.com\/ParadineGmbH\",\"https:\/\/www.instagram.com\/paradinegmbh\/\",\"https:\/\/www.linkedin.com\/company\/paradinegmbh\/\",\"http:\/\/wiki.eclass.eu\/wiki\/PARADINE_GmbH\"]}]}<\/script>\n<!-- \/ Yoast SEO plugin. -->","yoast_head_json":{"title":"eCatCreator&#x2122;-Webinare &#8226; Paradine","robots":{"index":"index","follow":"follow","max-snippet":"max-snippet:-1","max-image-preview":"max-image-preview:large","max-video-preview":"max-video-preview:-1"},"canonical":"https:\/\/www.paradine.at\/de\/training\/ecatcreator-webinars\/","og_locale":"de_DE","og_type":"article","og_title":"eCatCreator&#x2122;-Webinare &#8226; Paradine","og_description":"[vc_row][vc_column width=&#8221;1\/6&#8243;][\/vc_column][vc_column width=&#8221;2\/3&#8243;][vc_column_text]Der eCatCreator&#x2122; unterst\u00fctzt den zuverl\u00e4ssigen elektronischen Produktdatenaustausch, indem er es den Nutzern erm\u00f6glicht, einfach und schnell ECLASS-basierte elektronische Produktbeschreibungen zu erstellen und den ECLASS-Workflow zu unterst\u00fctzen. Wir bieten auch eCatCreator&#x2122;-Anwender-Webinare an. In dem Webinar erhalten Sie einen \u00dcberblick \u00fcber die Funktionalit\u00e4ten des eCatCreators einschlie\u00dflich des ECLASS-Workflows. Im Hands-on-Webinar k\u00f6nnen die Teilnehmer mit ihren...","og_url":"https:\/\/www.paradine.at\/de\/training\/ecatcreator-webinars\/","og_site_name":"Paradine","article_publisher":"https:\/\/www.facebook.com\/paradinegmbh\/","article_modified_time":"2023-04-04T09:04:31+00:00","og_image":[{"width":1920,"height":1071,"url":"https:\/\/www.paradine.at\/wp-content\/uploads\/2019\/03\/shutterstock_561776362.jpg","type":"image\/jpeg"}],"twitter_card":"summary_large_image","twitter_site":"@ParadineGmbH","twitter_misc":{"Gesch\u00e4tzte Lesezeit":"1\u00a0Minute"},"schema":{"@context":"https:\/\/schema.org","@graph":[{"@type":"WebPage","@id":"https:\/\/www.paradine.at\/de\/training\/ecatcreator-webinars\/","url":"https:\/\/www.paradine.at\/de\/training\/ecatcreator-webinars\/","name":"eCatCreator&#x2122;-Webinare &#8226; Paradine","isPartOf":{"@id":"https:\/\/www.paradine.at\/de\/#website"},"primaryImageOfPage":{"@id":"https:\/\/www.paradine.at\/de\/training\/ecatcreator-webinars\/#primaryimage"},"image":{"@id":"https:\/\/www.paradine.at\/de\/training\/ecatcreator-webinars\/#primaryimage"},"thumbnailUrl":"https:\/\/www.paradine.at\/wp-content\/uploads\/2019\/03\/shutterstock_561776362.jpg","datePublished":"2018-11-25T17:51:59+00:00","dateModified":"2023-04-04T09:04:31+00:00","breadcrumb":{"@id":"https:\/\/www.paradine.at\/de\/training\/ecatcreator-webinars\/#breadcrumb"},"inLanguage":"de","potentialAction":[{"@type":"ReadAction","target":["https:\/\/www.paradine.at\/de\/training\/ecatcreator-webinars\/"]}]},{"@type":"ImageObject","inLanguage":"de","@id":"https:\/\/www.paradine.at\/de\/training\/ecatcreator-webinars\/#primaryimage","url":"https:\/\/www.paradine.at\/wp-content\/uploads\/2019\/03\/shutterstock_561776362.jpg","contentUrl":"https:\/\/www.paradine.at\/wp-content\/uploads\/2019\/03\/shutterstock_561776362.jpg","width":1920,"height":1071},{"@type":"BreadcrumbList","@id":"https:\/\/www.paradine.at\/de\/training\/ecatcreator-webinars\/#breadcrumb","itemListElement":[{"@type":"ListItem","position":1,"name":"Home","item":"https:\/\/www.paradine.at\/de\/"},{"@type":"ListItem","position":2,"name":"Paradine Academy","item":"https:\/\/www.paradine.at\/de\/training\/"},{"@type":"ListItem","position":3,"name":"eCatCreator&#x2122;-Webinare"}]},{"@type":"WebSite","@id":"https:\/\/www.paradine.at\/de\/#website","url":"https:\/\/www.paradine.at\/de\/","name":"Paradine","description":"Master Data Management","publisher":{"@id":"https:\/\/www.paradine.at\/de\/#organization"},"potentialAction":[{"@type":"SearchAction","target":{"@type":"EntryPoint","urlTemplate":"https:\/\/www.paradine.at\/de\/?s={search_term_string}"},"query-input":{"@type":"PropertyValueSpecification","valueRequired":true,"valueName":"search_term_string"}}],"inLanguage":"de"},{"@type":"Organization","@id":"https:\/\/www.paradine.at\/de\/#organization","name":"Paradine GmbH","url":"https:\/\/www.paradine.at\/de\/","logo":{"@type":"ImageObject","inLanguage":"de","@id":"https:\/\/www.paradine.at\/de\/#\/schema\/logo\/image\/","url":"https:\/\/www.paradine.at\/wp-content\/uploads\/2019\/04\/Paradine-Logo-RGB-png-3200px.png","contentUrl":"https:\/\/www.paradine.at\/wp-content\/uploads\/2019\/04\/Paradine-Logo-RGB-png-3200px.png","width":1920,"height":317,"caption":"Paradine GmbH"},"image":{"@id":"https:\/\/www.paradine.at\/de\/#\/schema\/logo\/image\/"},"sameAs":["https:\/\/www.facebook.com\/paradinegmbh\/","https:\/\/x.com\/ParadineGmbH","https:\/\/www.instagram.com\/paradinegmbh\/","https:\/\/www.linkedin.com\/company\/paradinegmbh\/","http:\/\/wiki.eclass.eu\/wiki\/PARADINE_GmbH"]}]}},"_links":{"self":[{"href":"https:\/\/www.paradine.at\/de\/wp-json\/wp\/v2\/pages\/1543"}],"collection":[{"href":"https:\/\/www.paradine.at\/de\/wp-json\/wp\/v2\/pages"}],"about":[{"href":"https:\/\/www.paradine.at\/de\/wp-json\/wp\/v2\/types\/page"}],"author":[{"embeddable":true,"href":"https:\/\/www.paradine.at\/de\/wp-json\/wp\/v2\/users\/68"}],"replies":[{"embeddable":true,"href":"https:\/\/www.paradine.at\/de\/wp-json\/wp\/v2\/comments?post=1543"}],"version-history":[{"count":58,"href":"https:\/\/www.paradine.at\/de\/wp-json\/wp\/v2\/pages\/1543\/revisions"}],"predecessor-version":[{"id":7472,"href":"https:\/\/www.paradine.at\/de\/wp-json\/wp\/v2\/pages\/1543\/revisions\/7472"}],"up":[{"embeddable":true,"href":"https:\/\/www.paradine.at\/de\/wp-json\/wp\/v2\/pages\/2468"}],"wp:featuredmedia":[{"embeddable":true,"href":"https:\/\/www.paradine.at\/de\/wp-json\/wp\/v2\/media\/7877"}],"wp:attachment":[{"href":"https:\/\/www.paradine.at\/de\/wp-json\/wp\/v2\/media?parent=1543"}],"curies":[{"name":"wp","href":"https:\/\/api.w.org\/{rel}","templated":true}]}}